{"id":35748,"date":"2025-03-06T22:17:06","date_gmt":"2025-03-06T21:17:06","guid":{"rendered":"https:\/\/prim.cz\/darcekove-poukazy\/"},"modified":"2026-03-24T09:58:58","modified_gmt":"2026-03-24T08:58:58","slug":"darcekove-poukazy","status":"publish","type":"page","link":"https:\/\/prim.cz\/sk\/darcekove-poukazy\/","title":{"rendered":"Dar\u010dekov\u00e9 poukazy"},"content":{"rendered":"<section id=\"b-fnelzb_m7xuaklp\" class=\"brxe-div\"><img loading=\"lazy\" decoding=\"async\" width=\"1920\" height=\"1080\" src=\"https:\/\/prim.cz\/wp-content\/uploads\/2025\/02\/Darkove-poukazy-Hero_01.webp\" class=\"brxe-image css-filter size-full\" alt=\"\" id=\"b-kfobix_m7xuaklp\" srcset=\"https:\/\/prim.cz\/wp-content\/uploads\/2025\/02\/Darkove-poukazy-Hero_01.webp 1920w, https:\/\/prim.cz\/wp-content\/uploads\/2025\/02\/Darkove-poukazy-Hero_01-300x169.webp 300w, https:\/\/prim.cz\/wp-content\/uploads\/2025\/02\/Darkove-poukazy-Hero_01-1024x576.webp 1024w, https:\/\/prim.cz\/wp-content\/uploads\/2025\/02\/Darkove-poukazy-Hero_01-768x432.webp 768w, https:\/\/prim.cz\/wp-content\/uploads\/2025\/02\/Darkove-poukazy-Hero_01-1536x864.webp 1536w\" sizes=\"auto, (max-width: 1920px) 100vw, 1920px\" \/><div id=\"b-sugqub_m7xuaklp\" class=\"brxe-div mobile-view-section-width\"><h1 id=\"b-pgaefz_m7xuaklp\" class=\"brxe-heading h1 hero-sekce-heading-stylizace\">Dar\u010dekov\u00e9 poukazy<\/h1><\/div><div id=\"b-eixhqp_m7xuaklp\" class=\"brxe-div arrow-down hero-sekce-heading-stylizace\"><i id=\"b-wfisjw_m7xuaklp\" class=\"ion-md-arrow-round-down brxe-icon\"><\/i><\/div><\/section><div id=\"b-ickeyb_m7xubjcs\" class=\"brxe-div\"><div id=\"b-xsggmw_m7xubjcs\" class=\"brxe-div\"><\/div><h2 id=\"b-uzjhjf_m7xubjcs\" class=\"brxe-heading h2\">Darujte \u010das, ktor\u00fd zostane<\/h2><\/div><div id=\"b-tyagzm_m7xubx6r\" class=\"brxe-div\"><\/div>\n<div class=\"wp-block-group alignfull\"><div class=\"wp-block-group__inner-container is-layout-constrained wp-block-group-is-layout-constrained\"><div id=\"b-ekmfdl_m7xud8jn\" class=\"brxe-div\"><div id=\"b-dlqqzs_m7xud8jn\" class=\"brxe-text text\"><p class=\"has-text-align-center\">Radi by ste svojich najbli\u017e\u0161\u00edch, priatelia, firemn\u00fdch partnerov \u010di zamestnancov obdarovali hodinkami PRIM a neviete ak\u00fd model vybra\u0165? Pr\u00e1ve pre V\u00e1s sme pripravili \u0161peci\u00e1lne dar\u010dekov\u00e9 poukazy na tovar zna\u010dky PRIM. Vyberte si z dar\u010dekov\u00fdch poukazov v nomin\u00e1lnych hodnot\u00e1ch 500 \u2013 10 000 CZK na na\u0161om e-shope. Obdarovan\u00fd si m\u00f4\u017ee vybra\u0165 tovar PRIM, ktor\u00fd presne zodpoved\u00e1 jeho potreb\u00e1m.<\/p>\n<p class=\"has-text-align-center\">Pre svojich najbli\u017e\u0161\u00edch \u010di priatelia m\u00f4\u017eete darova\u0165 kr\u00e1sny dar\u010dek pre \u0161peci\u00e1lne pr\u00edle\u017eitosti ako narodeniny, po\u010fakovanie alebo gratul\u00e1cia. Pre firmy sa m\u00f4\u017ee jedna o zauj\u00edmav\u00fd dar\u010dek pred koncom roka pre obchodn\u00fdch partnerov alebo oceni\u0165 svojich dlhoro\u010dn\u00fdch zamestnancov.<\/p>\n<p class=\"has-text-align-center\">Dar\u010dekov\u00fd poukaz je mo\u017en\u00e9 zak\u00fapi\u0165 prostredn\u00edctvom internetu &#8211; poukaz potom bude zaslan\u00fd e-mailom. Druh\u00fdm variantom je zak\u00fapenie poukazu priamo v niektorej z podnikov\u00fdch predajn\u00ed PRIM &#8211; vo <b>Fr\u00fddku-M\u00edstku<\/b> (P\u0159\u00edborsk\u00e1 1473), v <b>Prahe<\/b> (Nek\u00e1zanka 858\/3, Praha 1) alebo v <b>Nov\u00e9m M\u011bste nad Metuj\u00ed<\/b> (N\u00e1chodsk\u00e1 2105). V pr\u00edpade z\u00e1ujmu o in\u00fa \u010diastku alebo poukaz s firemn\u00fdm logom n\u00e1s kontakujte na e-maile <b><a href=\"mailto:individualizace@prim.cz\">individualiz\u00e1cie@prim.cz<\/a><\/b>.<\/p>\n<\/div><\/div><\/div><\/div>\n<div class=\"wp-block-image\">\n<figure class=\"aligncenter size-large\"><img loading=\"lazy\" decoding=\"async\" width=\"1024\" height=\"722\" src=\"https:\/\/prim.cz\/wp-content\/uploads\/2025\/09\/PRIM-VOUCHER-WEB-1024x722.webp\" alt=\"\" class=\"wp-image-35727\" srcset=\"https:\/\/prim.cz\/wp-content\/uploads\/2025\/09\/PRIM-VOUCHER-WEB-1024x722.webp 1024w, https:\/\/prim.cz\/wp-content\/uploads\/2025\/09\/PRIM-VOUCHER-WEB-300x212.webp 300w, https:\/\/prim.cz\/wp-content\/uploads\/2025\/09\/PRIM-VOUCHER-WEB-768x542.webp 768w, https:\/\/prim.cz\/wp-content\/uploads\/2025\/09\/PRIM-VOUCHER-WEB-1536x1083.webp 1536w, https:\/\/prim.cz\/wp-content\/uploads\/2025\/09\/PRIM-VOUCHER-WEB-2048x1444.webp 2048w\" sizes=\"auto, (max-width: 1024px) 100vw, 1024px\" \/><\/figure>\n<\/div><div id=\"b-ickeyb_m7xulmqu\" class=\"brxe-div\"><div id=\"b-xsggmw_m7xulmqu\" class=\"brxe-div\"><\/div><h3 id=\"b-zyysyn_m7xulmqu\" class=\"brxe-heading h3\">Pravidl\u00e1 pre vyu\u017eitie dar\u010dekov\u00e9ho poukazu:<\/h3><\/div><div id=\"b-tyagzm_m7xum7eq\" class=\"brxe-div\"><\/div><div id=\"b-ekmfdl_m7xulzio\" class=\"brxe-div\"><div id=\"b-dlqqzs_m7xulzio\" class=\"brxe-text text\"><div id=\"brxe-mqrbxx\" class=\"brxe-text text\">\n<ol>\n<li>Objednanie dar\u010dekov\u00e9ho poukazu na e-shope.<\/li>\n<li>Po obdr\u017ean\u00ed platby bude dar\u010dekov\u00fd poukaz zaslan\u00fd na e-mailov\u00fa adresu.<\/li>\n<li>Mo\u017enos\u0165 vytla\u010denia dar\u010dekov\u00e9ho poukazu a zaslanie na adresu (+4 \u20ac), t\u00fato slu\u017ebu je mo\u017en\u00e9 vybra\u0165 v e-shope.<\/li>\n<li>\n<div>Obdarovan\u00fd m\u00f4\u017ee vyu\u017ei\u0165 dar\u010dekov\u00fd poukaz:<\/div>\n<ul>\n<li>V niektorej z podnikov\u00fdch predajn\u00ed PRIM, kedy je potrebn\u00e9 dar\u010dekov\u00fd poukaz vytla\u010di\u0165<\/li>\n<ul>\n<li>Fr\u00fddek-M\u00edstek \u2013 P\u0159\u00edborsk\u00e1 1473, 738 01<\/li>\n<li>Praha \u2013 Nek\u00e1zanka 858\/3, Praha 1<\/li>\n<li>Nov\u00e9 M\u011bsto nad Metuj\u00ed \u2013 N\u00e1chodsk\u00e1 2105)<\/li>\n<\/ul>\n<li>Na e-shope (eshop.prim-hodinky.cz) za pou\u017eitia unik\u00e1tneho jednorazov\u00e9ho k\u00f3du, ktor\u00fd je s\u00fa\u010das\u0165ou poukazu. Pre uplatnenie pouk\u00e1\u017eky pri n\u00e1kupe cez internet zadajte k\u00f3d poukazu do pol\u00ed\u010dka \u201ez\u013eavov\u00fd kup\u00f3n\u201c v objedn\u00e1vke. Cena objedn\u00e1vky bude odpo\u010d\u00edtan\u00e1 o sumu poukazu.<\/li>\n<\/ul>\n<\/li>\n<li>\n<div>Platnos\u0165 dar\u010dekov\u00e9ho poukazu je obmedzen\u00e1 na 12 mesiacov od d\u00e1tumu vystavenia.<\/div>\n<div>Po uplynut\u00ed platnosti uvedenej na dar\u010dekovom poukaze nie je mo\u017en\u00e9<\/div>\n<div>pou\u017ei\u0165 dar\u010dekov\u00fd poukaz.<\/div>\n<\/li>\n<li>\n<div>Ak cena tovaru presiahne hodnotu dar\u010dekov\u00e9ho poukazu, je mo\u017en\u00e9<\/div>\n<div>zaplati\u0165 rozdiel \u0161tandardn\u00fdm sp\u00f4sobom, t. j. v podnikovej predajni,<\/div>\n<div>alebo v e-shope.<\/div>\n<\/li>\n<li>Dar\u010dekov\u00fd poukaz je platn\u00fd iba raz. Poukaz nemo\u017eno vymeni\u0165 za peniaze. Nevy\u010derpan\u00e1 \u010das\u0165 hodnoty dar\u010dekov\u00e9ho poukazu sa nevracia.<\/li>\n<\/ol>\n<\/div>\n<\/div><\/div><div id=\"b-tyagzm_m7xunphm\" class=\"brxe-div\"><\/div><div id=\"b-glotuz_m7xumyww\" class=\"brxe-div\"><div id=\"b-nalbps_m7xumyww\" class=\"brxe-div\"><\/div><a id=\"b-xzpkec_m7xumyww\" class=\"brxe-button bricks-button xl bricks-background-primary\" href=\"https:\/\/eshop.prim-hodinky.cz\/sk\/kategorie\/darcekove-poukazy-prim\" rel target=\"_blank\" title aria-label><span data-gbrx-id=\"gb-xzpkec\" data-gbrx-subfield=\"text\" >K\u00fapi\u0165 poukaz<\/span><\/a><div id=\"b-yyhgud_m7xumyww\" class=\"brxe-div\"><\/div><\/div><div id=\"b-tyagzm_m7xunve9\" class=\"brxe-div\"><\/div>","protected":false},"excerpt":{"rendered":"","protected":false},"author":1,"featured_media":0,"parent":0,"menu_order":0,"comment_status":"closed","ping_status":"closed","template":"templates\/gutenbricks-dynamic-template-default.php","meta":{"_acf_changed":false,"_link_to_original":"","footnotes":""},"class_list":["post-35748","page","type-page","status-publish","hentry"],"acf":[],"yoast_head":"<!-- This site is optimized with the Yoast SEO plugin v26.9 - https:\/\/yoast.com\/product\/yoast-seo-wordpress\/ -->\n<title>Dar\u010dekov\u00e9 poukazy - PRIM - origin\u00e1ln\u00ed \u010desk\u00e9 p\u00e1nsk\u00e9, d\u00e1msk\u00e9, d\u011btsk\u00e9 hodinky a hodiny<\/title>\n<meta name=\"robots\" content=\"index, follow, max-snippet:-1, max-image-preview:large, max-video-preview:-1\" \/>\n<link rel=\"canonical\" href=\"https:\/\/prim.cz\/sk\/darcekove-poukazy\/\" \/>\n<meta property=\"og:locale\" content=\"sk_SK\" \/>\n<meta property=\"og:type\" content=\"article\" \/>\n<meta property=\"og:title\" content=\"Dar\u010dekov\u00e9 poukazy - PRIM - origin\u00e1ln\u00ed \u010desk\u00e9 p\u00e1nsk\u00e9, d\u00e1msk\u00e9, d\u011btsk\u00e9 hodinky a hodiny\" \/>\n<meta property=\"og:url\" content=\"https:\/\/prim.cz\/sk\/darcekove-poukazy\/\" \/>\n<meta property=\"og:site_name\" content=\"PRIM - origin\u00e1ln\u00ed \u010desk\u00e9 p\u00e1nsk\u00e9, d\u00e1msk\u00e9, d\u011btsk\u00e9 hodinky a hodiny\" \/>\n<meta property=\"article:modified_time\" content=\"2026-03-24T08:58:58+00:00\" \/>\n<meta property=\"og:image\" content=\"https:\/\/prim.cz\/wp-content\/uploads\/2025\/02\/Darkove-poukazy-Hero_01.webp\" \/>\n<meta name=\"twitter:card\" content=\"summary_large_image\" \/>\n<meta name=\"twitter:label1\" content=\"Predpokladan\u00fd \u010das \u010d\u00edtania\" \/>\n\t<meta name=\"twitter:data1\" content=\"3 min\u00faty\" \/>\n<script type=\"application\/ld+json\" class=\"yoast-schema-graph\">{\"@context\":\"https:\/\/schema.org\",\"@graph\":[{\"@type\":\"WebPage\",\"@id\":\"https:\/\/prim.cz\/sk\/darcekove-poukazy\/\",\"url\":\"https:\/\/prim.cz\/sk\/darcekove-poukazy\/\",\"name\":\"Dar\u010dekov\u00e9 poukazy - PRIM - origin\u00e1ln\u00ed \u010desk\u00e9 p\u00e1nsk\u00e9, d\u00e1msk\u00e9, d\u011btsk\u00e9 hodinky a hodiny\",\"isPartOf\":{\"@id\":\"https:\/\/prim.cz\/en\/#website\"},\"primaryImageOfPage\":{\"@id\":\"https:\/\/prim.cz\/sk\/darcekove-poukazy\/#primaryimage\"},\"image\":{\"@id\":\"https:\/\/prim.cz\/sk\/darcekove-poukazy\/#primaryimage\"},\"thumbnailUrl\":\"https:\/\/prim.cz\/wp-content\/uploads\/2025\/02\/Darkove-poukazy-Hero_01.webp\",\"datePublished\":\"2025-03-06T21:17:06+00:00\",\"dateModified\":\"2026-03-24T08:58:58+00:00\",\"breadcrumb\":{\"@id\":\"https:\/\/prim.cz\/sk\/darcekove-poukazy\/#breadcrumb\"},\"inLanguage\":\"sk-SK\",\"potentialAction\":[{\"@type\":\"ReadAction\",\"target\":[\"https:\/\/prim.cz\/sk\/darcekove-poukazy\/\"]}]},{\"@type\":\"ImageObject\",\"inLanguage\":\"sk-SK\",\"@id\":\"https:\/\/prim.cz\/sk\/darcekove-poukazy\/#primaryimage\",\"url\":\"https:\/\/prim.cz\/wp-content\/uploads\/2025\/02\/Darkove-poukazy-Hero_01.webp\",\"contentUrl\":\"https:\/\/prim.cz\/wp-content\/uploads\/2025\/02\/Darkove-poukazy-Hero_01.webp\"},{\"@type\":\"BreadcrumbList\",\"@id\":\"https:\/\/prim.cz\/sk\/darcekove-poukazy\/#breadcrumb\",\"itemListElement\":[{\"@type\":\"ListItem\",\"position\":1,\"name\":\"Dom\u016f\",\"item\":\"https:\/\/prim.cz\/sk\/\"},{\"@type\":\"ListItem\",\"position\":2,\"name\":\"Dar\u010dekov\u00e9 poukazy\"}]},{\"@type\":\"WebSite\",\"@id\":\"https:\/\/prim.cz\/en\/#website\",\"url\":\"https:\/\/prim.cz\/en\/\",\"name\":\"PRIM - origin\u00e1ln\u00ed \u010desk\u00e9 p\u00e1nsk\u00e9, d\u00e1msk\u00e9, d\u011btsk\u00e9 hodinky a hodiny\",\"description\":\"Nakupujte p\u0159\u00edmo u v\u00fdrobce! Origin\u00e1ln\u00ed eshop s kompletn\u00edm sortimentem \u010desk\u00fdch hodinek PRIM.\",\"alternateName\":\"prim.cz\",\"potentialAction\":[{\"@type\":\"SearchAction\",\"target\":{\"@type\":\"EntryPoint\",\"urlTemplate\":\"https:\/\/prim.cz\/en\/?s={search_term_string}\"},\"query-input\":{\"@type\":\"PropertyValueSpecification\",\"valueRequired\":true,\"valueName\":\"search_term_string\"}}],\"inLanguage\":\"sk-SK\"}]}<\/script>\n<!-- \/ Yoast SEO plugin. -->","yoast_head_json":{"title":"Dar\u010dekov\u00e9 poukazy - PRIM - origin\u00e1ln\u00ed \u010desk\u00e9 p\u00e1nsk\u00e9, d\u00e1msk\u00e9, d\u011btsk\u00e9 hodinky a hodiny","robots":{"index":"index","follow":"follow","max-snippet":"max-snippet:-1","max-image-preview":"max-image-preview:large","max-video-preview":"max-video-preview:-1"},"canonical":"https:\/\/prim.cz\/sk\/darcekove-poukazy\/","og_locale":"sk_SK","og_type":"article","og_title":"Dar\u010dekov\u00e9 poukazy - PRIM - origin\u00e1ln\u00ed \u010desk\u00e9 p\u00e1nsk\u00e9, d\u00e1msk\u00e9, d\u011btsk\u00e9 hodinky a hodiny","og_url":"https:\/\/prim.cz\/sk\/darcekove-poukazy\/","og_site_name":"PRIM - origin\u00e1ln\u00ed \u010desk\u00e9 p\u00e1nsk\u00e9, d\u00e1msk\u00e9, d\u011btsk\u00e9 hodinky a hodiny","article_modified_time":"2026-03-24T08:58:58+00:00","og_image":[{"url":"https:\/\/prim.cz\/wp-content\/uploads\/2025\/02\/Darkove-poukazy-Hero_01.webp","type":"","width":"","height":""}],"twitter_card":"summary_large_image","twitter_misc":{"Predpokladan\u00fd \u010das \u010d\u00edtania":"3 min\u00faty"},"schema":{"@context":"https:\/\/schema.org","@graph":[{"@type":"WebPage","@id":"https:\/\/prim.cz\/sk\/darcekove-poukazy\/","url":"https:\/\/prim.cz\/sk\/darcekove-poukazy\/","name":"Dar\u010dekov\u00e9 poukazy - PRIM - origin\u00e1ln\u00ed \u010desk\u00e9 p\u00e1nsk\u00e9, d\u00e1msk\u00e9, d\u011btsk\u00e9 hodinky a hodiny","isPartOf":{"@id":"https:\/\/prim.cz\/en\/#website"},"primaryImageOfPage":{"@id":"https:\/\/prim.cz\/sk\/darcekove-poukazy\/#primaryimage"},"image":{"@id":"https:\/\/prim.cz\/sk\/darcekove-poukazy\/#primaryimage"},"thumbnailUrl":"https:\/\/prim.cz\/wp-content\/uploads\/2025\/02\/Darkove-poukazy-Hero_01.webp","datePublished":"2025-03-06T21:17:06+00:00","dateModified":"2026-03-24T08:58:58+00:00","breadcrumb":{"@id":"https:\/\/prim.cz\/sk\/darcekove-poukazy\/#breadcrumb"},"inLanguage":"sk-SK","potentialAction":[{"@type":"ReadAction","target":["https:\/\/prim.cz\/sk\/darcekove-poukazy\/"]}]},{"@type":"ImageObject","inLanguage":"sk-SK","@id":"https:\/\/prim.cz\/sk\/darcekove-poukazy\/#primaryimage","url":"https:\/\/prim.cz\/wp-content\/uploads\/2025\/02\/Darkove-poukazy-Hero_01.webp","contentUrl":"https:\/\/prim.cz\/wp-content\/uploads\/2025\/02\/Darkove-poukazy-Hero_01.webp"},{"@type":"BreadcrumbList","@id":"https:\/\/prim.cz\/sk\/darcekove-poukazy\/#breadcrumb","itemListElement":[{"@type":"ListItem","position":1,"name":"Dom\u016f","item":"https:\/\/prim.cz\/sk\/"},{"@type":"ListItem","position":2,"name":"Dar\u010dekov\u00e9 poukazy"}]},{"@type":"WebSite","@id":"https:\/\/prim.cz\/en\/#website","url":"https:\/\/prim.cz\/en\/","name":"PRIM - origin\u00e1ln\u00ed \u010desk\u00e9 p\u00e1nsk\u00e9, d\u00e1msk\u00e9, d\u011btsk\u00e9 hodinky a hodiny","description":"Nakupujte p\u0159\u00edmo u v\u00fdrobce! Origin\u00e1ln\u00ed eshop s kompletn\u00edm sortimentem \u010desk\u00fdch hodinek PRIM.","alternateName":"prim.cz","potentialAction":[{"@type":"SearchAction","target":{"@type":"EntryPoint","urlTemplate":"https:\/\/prim.cz\/en\/?s={search_term_string}"},"query-input":{"@type":"PropertyValueSpecification","valueRequired":true,"valueName":"search_term_string"}}],"inLanguage":"sk-SK"}]}},"wpml_current_locale":"sk_SK","wpml_translations":{"cs_CZ":{"locale":"cs_CZ","id":29315,"slug":"darkove-poukazy","post_title":"D\u00e1rkov\u00e9 poukazy","href":"https:\/\/prim.cz\/darkove-poukazy\/"},"sk_SK":{"locale":"sk_SK","translation":"current"},"pl_PL":{"locale":"pl_PL","id":33726,"slug":"kupony-podarunkowe","post_title":"Kupony podarunkowe","href":"https:\/\/prim.cz\/pl\/kupony-podarunkowe\/"},"en_US":{"locale":"en_US","id":31594,"slug":"gift-vouchers","post_title":"Gift vouchers","href":"https:\/\/prim.cz\/en\/gift-vouchers\/"}},"_links":{"self":[{"href":"https:\/\/prim.cz\/sk\/wp-json\/wp\/v2\/pages\/35748","targetHints":{"allow":["GET"]}}],"collection":[{"href":"https:\/\/prim.cz\/sk\/wp-json\/wp\/v2\/pages"}],"about":[{"href":"https:\/\/prim.cz\/sk\/wp-json\/wp\/v2\/types\/page"}],"author":[{"embeddable":true,"href":"https:\/\/prim.cz\/sk\/wp-json\/wp\/v2\/users\/1"}],"replies":[{"embeddable":true,"href":"https:\/\/prim.cz\/sk\/wp-json\/wp\/v2\/comments?post=35748"}],"version-history":[{"count":12,"href":"https:\/\/prim.cz\/sk\/wp-json\/wp\/v2\/pages\/35748\/revisions"}],"predecessor-version":[{"id":45581,"href":"https:\/\/prim.cz\/sk\/wp-json\/wp\/v2\/pages\/35748\/revisions\/45581"}],"wp:attachment":[{"href":"https:\/\/prim.cz\/sk\/wp-json\/wp\/v2\/media?parent=35748"}],"curies":[{"name":"wp","href":"https:\/\/api.w.org\/{rel}","templated":true}]}}