{"id":29196,"date":"2025-03-06T19:07:34","date_gmt":"2025-03-06T18:07:34","guid":{"rendered":"https:\/\/new.prim-hodinky.cz\/prim-dnes-nove\/"},"modified":"2026-03-24T11:35:52","modified_gmt":"2026-03-24T10:35:52","slug":"prim-dnes","status":"publish","type":"page","link":"https:\/\/prim.cz\/sk\/prim-dnes\/","title":{"rendered":"PRIM dnes"},"content":{"rendered":"<section id=\"b-fnelzb_m7xnc65l\" class=\"brxe-div\"><img loading=\"lazy\" decoding=\"async\" width=\"1920\" height=\"1080\" src=\"https:\/\/prim.cz\/wp-content\/uploads\/2025\/02\/PRIM-DNES-Hero-03.webp\" class=\"brxe-image css-filter size-full\" alt=\"\" id=\"b-kfobix_m7xnc65l\" srcset=\"https:\/\/prim.cz\/wp-content\/uploads\/2025\/02\/PRIM-DNES-Hero-03.webp 1920w, https:\/\/prim.cz\/wp-content\/uploads\/2025\/02\/PRIM-DNES-Hero-03-300x169.webp 300w, https:\/\/prim.cz\/wp-content\/uploads\/2025\/02\/PRIM-DNES-Hero-03-1024x576.webp 1024w, https:\/\/prim.cz\/wp-content\/uploads\/2025\/02\/PRIM-DNES-Hero-03-768x432.webp 768w, https:\/\/prim.cz\/wp-content\/uploads\/2025\/02\/PRIM-DNES-Hero-03-1536x864.webp 1536w\" sizes=\"auto, (max-width: 1920px) 100vw, 1920px\" \/><div id=\"b-sugqub_m7xnc65l\" class=\"brxe-div mobile-view-section-width\"><h1 id=\"b-pgaefz_m7xnc65l\" class=\"brxe-heading h1 hero-sekce-heading-stylizace\">PRIM dnes<\/h1><\/div><div id=\"b-eixhqp_m7xnc65l\" class=\"brxe-div arrow-down hero-sekce-heading-stylizace\"><i id=\"b-wfisjw_m7xnc65l\" class=\"ion-md-arrow-round-down brxe-icon\"><\/i><\/div><\/section>\n\n<div id=\"b-ickeyb_mkxqadtl\" class=\"brxe-div\"><div id=\"b-xsggmw_mkxqadtl\" class=\"brxe-div\"><\/div><h2 id=\"b-uzjhjf_mkxqadtl\" class=\"brxe-heading h2\">Slovo rodiny majite\u013eov<\/h2><\/div>\n\n<div id=\"b-tyagzm_mkxqattj\" class=\"brxe-div\"><\/div>\n\n<div id=\"b-ekmfdl_mkxqam7z\" class=\"brxe-div\"><div id=\"b-dlqqzs_mkxqam7z\" class=\"brxe-text text\"><p>V\u00edtajte vo svete PRIM. S hrdo\u0165ou a ve\u013ekou rados\u0165ou je tento svet u\u017e len jeden. V roku 2025 sa kone\u010dne spojili obe firmy, ktor\u00e9 dr\u017eali pr\u00e1va ku zna\u010dke PRIM a cel\u00fd t\u00edm sa tak m\u00f4\u017ee plne s\u00fastredi\u0165 na rozvoj zna\u010dky a \u010desk\u00fa hodin\u00e1rsku trad\u00edciu. N\u00e1\u0161 cie\u013e je jasn\u00fd \u2013 vyr\u00e1ba\u0165 najlep\u0161ie \u010desk\u00e9 hodinky a nies\u0165 \u010falej odkaz na\u0161ich predchodcov. Chceme, aby bol PRIM zna\u010dkou, na ktor\u00fa s\u00fa \u010cesi hrd\u00ed a ktor\u00e1 je re\u0161pektovan\u00e1 vo svete. \u010eakujeme za va\u0161u d\u00f4veru a podporu. Rodina Plevovcov<\/p>\n<\/div><\/div>\n\n<div id=\"b-ickeyb_m7xne7p3\" class=\"brxe-div\"><div id=\"b-xsggmw_m7xne7p3\" class=\"brxe-div\"><\/div><h2 id=\"b-uzjhjf_m7xne7p3\" class=\"brxe-heading h2\">30 rokov rodinnej firmy<\/h2><\/div>\n\n\n<figure class=\"wp-block-embed is-type-video is-provider-youtube wp-block-embed-youtube wp-embed-aspect-16-9 wp-has-aspect-ratio\"><div class=\"wp-block-embed__wrapper\">\n<iframe loading=\"lazy\" title=\"Vyroci firmy MPM 30let\" width=\"500\" height=\"281\" src=\"https:\/\/www.youtube.com\/embed\/pkLoNbtVcsE?feature=oembed\" frameborder=\"0\" allow=\"accelerometer; autoplay; clipboard-write; encrypted-media; gyroscope; picture-in-picture; web-share\" referrerpolicy=\"strict-origin-when-cross-origin\" allowfullscreen><\/iframe>\n<\/div><\/figure>\n\n\n<div id=\"b-ickeyb_m85wq11z\" class=\"brxe-div\"><div id=\"b-xsggmw_m85wq11z\" class=\"brxe-div\"><\/div><h2 id=\"b-uzjhjf_m85wq11z\" class=\"brxe-heading h2\">Czech Made<\/h2><\/div>\n\n<div id=\"b-tyagzm_m7xnflkq\" class=\"brxe-div\"><\/div>\n\n<div id=\"b-ekmfdl_m7xng4zs\" class=\"brxe-div\"><div id=\"b-dlqqzs_m7xng4zs\" class=\"brxe-text text\"><p>Vyu\u017e\u00edvame z\u00e1zemie silnej firmy s 25 rokmi sk\u00fasen\u00edost\u00ed v odbore hodin\u00e1rstva. Sme ako jedin\u00ed v hodin\u00e1rskom segmente dr\u017eite\u013emi certifik\u00e1tu CZECH MADE a ka\u017edoro\u010dne certifikujeme nov\u00e9 hodinky PRIM. \u010cesko\u0165, trad\u00edcia a kvalita s\u00fa piliere, na ktor\u00fdch stoj\u00ed zna\u010dka PRIM.<\/p>\n<\/div><\/div>\n\n<div id=\"b-ickeyb_mkxq902y\" class=\"brxe-div\"><div id=\"b-xsggmw_mkxq902y\" class=\"brxe-div\"><\/div><h2 id=\"b-uzjhjf_mkxq902y\" class=\"brxe-heading h2\">Technol\u00f3gia a komplet\u00e1cia<\/h2><\/div>\n\n<div id=\"b-tyagzm_mkxq9eqq\" class=\"brxe-div\"><\/div>\n\n<div id=\"b-ekmfdl_mkxq971z\" class=\"brxe-div\"><div id=\"b-dlqqzs_mkxq971z\" class=\"brxe-text text\"><p>Na\u0161a firma vyu\u017e\u00edva dlh\u00fa trad\u00edciu siahaj\u00facu do roku 1949, kedy boli polo\u017een\u00e9 z\u00e1klady zna\u010dky PRIM. V\u010faka na\u0161im skvel\u00fdm zamestnancom a hodin\u00e1rom sme schopn\u00ed nielen skompletova\u0165 hodinky, ale tie\u017e navrhn\u00fa\u0165 a vyvin\u00fa\u0165 vlastn\u00e9 stroj\u010deky, \u010d\u00edseln\u00edky, puzdra a \u010fal\u0161ie komponenty. Neust\u00e1le investujeme do nov\u00fdch technol\u00f3gi\u00ed a zariaden\u00ed, aby sme zabezpe\u010dili najvy\u0161\u0161iu kvalitu na\u0161ich produktov.<\/p>\n<\/div><\/div>\n\n<section id=\"b-jnfdts_m7xnnjyp\" class=\"brxe-div\"><img loading=\"lazy\" decoding=\"async\" width=\"2560\" height=\"1707\" src=\"https:\/\/prim.cz\/wp-content\/uploads\/2026\/01\/prim-IMG_0249-Edit-scaled.webp\" class=\"brxe-image css-filter size-full\" alt=\"\" id=\"b-cluygv_m7xnnjyp\" srcset=\"https:\/\/prim.cz\/wp-content\/uploads\/2026\/01\/prim-IMG_0249-Edit-scaled.webp 2560w, https:\/\/prim.cz\/wp-content\/uploads\/2026\/01\/prim-IMG_0249-Edit-300x200.webp 300w, https:\/\/prim.cz\/wp-content\/uploads\/2026\/01\/prim-IMG_0249-Edit-1024x683.webp 1024w, https:\/\/prim.cz\/wp-content\/uploads\/2026\/01\/prim-IMG_0249-Edit-768x512.webp 768w, https:\/\/prim.cz\/wp-content\/uploads\/2026\/01\/prim-IMG_0249-Edit-1536x1024.webp 1536w, https:\/\/prim.cz\/wp-content\/uploads\/2026\/01\/prim-IMG_0249-Edit-2048x1365.webp 2048w\" sizes=\"auto, (max-width: 2560px) 100vw, 2560px\" \/><\/section>\n\n<div id=\"b-qdovdx_mkxq75kf\" class=\"brxe-div\"><\/div>\n\n<div id=\"b-ekmfdl_mkxq3qes\" class=\"brxe-div\"><div id=\"b-dlqqzs_mkxq3qes\" class=\"brxe-text text\"><p>Nov\u00fd kaliber, na ktorom intenz\u00edvne vo vlastnom v\u00fdvojovom a kon\u0161truk\u010dnom oddelen\u00ed pracujeme, budeme postupne ve\u013emi d\u00f4kladne testova\u0165 a vystavova\u0165 n\u00e1ro\u010dn\u00fdm sk\u00fa\u0161kam. Akon\u00e1hle budeme ma\u0165 100% overen\u00e9, \u017ee sp\u013a\u0148a na\u0161e pr\u00edsne kvalitatat\u00edvne \u0161tandardy, hrdo ho predstav\u00edme svetu. Toto je n\u00e1\u0161 z\u00e1v\u00e4zok ku kvalite a odkazu \u010desk\u00e9ho hodin\u00e1rstva.<\/p>\n<\/div><\/div>\n\n<div id=\"b-glotuz_mkxq83c7\" class=\"brxe-div\"><div id=\"b-nalbps_mkxq83c7\" class=\"brxe-div\"><\/div><a id=\"b-xzpkec_mkxq83c7\" class=\"brxe-button bricks-button xl bricks-background-primary\" href=\"\/certifikaty\/\"><span data-gbrx-id=\"gb-xzpkec\" data-gbrx-subfield=\"text\" >Pozrite si log\u00e1 a certifik\u00e1ty, ak\u00fdmi PRIM disponuje<\/span><\/a><\/div>\n\n<div id=\"b-tyagzm_m7xnx0ze\" class=\"brxe-div\"><\/div>\n\n\n<p><\/p>\n","protected":false},"excerpt":{"rendered":"","protected":false},"author":1,"featured_media":0,"parent":0,"menu_order":0,"comment_status":"closed","ping_status":"closed","template":"templates\/gutenbricks-dynamic-template-default.php","meta":{"_acf_changed":false,"_link_to_original":"","footnotes":""},"class_list":["post-29196","page","type-page","status-publish","hentry"],"acf":[],"yoast_head":"<!-- This site is optimized with the Yoast SEO plugin v26.9 - https:\/\/yoast.com\/product\/yoast-seo-wordpress\/ -->\n<title>PRIM dnes - PRIM - origin\u00e1ln\u00ed \u010desk\u00e9 p\u00e1nsk\u00e9, d\u00e1msk\u00e9, d\u011btsk\u00e9 hodinky a hodiny<\/title>\n<meta name=\"robots\" content=\"index, follow, max-snippet:-1, max-image-preview:large, max-video-preview:-1\" \/>\n<link rel=\"canonical\" href=\"https:\/\/prim.cz\/sk\/prim-dnes\/\" \/>\n<meta property=\"og:locale\" content=\"sk_SK\" \/>\n<meta property=\"og:type\" content=\"article\" \/>\n<meta property=\"og:title\" content=\"PRIM dnes - PRIM - origin\u00e1ln\u00ed \u010desk\u00e9 p\u00e1nsk\u00e9, d\u00e1msk\u00e9, d\u011btsk\u00e9 hodinky a hodiny\" \/>\n<meta property=\"og:url\" content=\"https:\/\/prim.cz\/sk\/prim-dnes\/\" \/>\n<meta property=\"og:site_name\" content=\"PRIM - origin\u00e1ln\u00ed \u010desk\u00e9 p\u00e1nsk\u00e9, d\u00e1msk\u00e9, d\u011btsk\u00e9 hodinky a hodiny\" \/>\n<meta property=\"article:modified_time\" content=\"2026-03-24T10:35:52+00:00\" \/>\n<meta property=\"og:image\" content=\"https:\/\/prim.cz\/wp-content\/uploads\/2025\/02\/PRIM-DNES-Hero-03.webp\" \/>\n<meta name=\"twitter:card\" content=\"summary_large_image\" \/>\n<meta name=\"twitter:label1\" content=\"Predpokladan\u00fd \u010das \u010d\u00edtania\" \/>\n\t<meta name=\"twitter:data1\" content=\"5 min\u00fat\" \/>\n<script type=\"application\/ld+json\" class=\"yoast-schema-graph\">{\"@context\":\"https:\/\/schema.org\",\"@graph\":[{\"@type\":\"WebPage\",\"@id\":\"https:\/\/prim.cz\/sk\/prim-dnes\/\",\"url\":\"https:\/\/prim.cz\/sk\/prim-dnes\/\",\"name\":\"PRIM dnes - PRIM - origin\u00e1ln\u00ed \u010desk\u00e9 p\u00e1nsk\u00e9, d\u00e1msk\u00e9, d\u011btsk\u00e9 hodinky a hodiny\",\"isPartOf\":{\"@id\":\"https:\/\/prim.cz\/en\/#website\"},\"primaryImageOfPage\":{\"@id\":\"https:\/\/prim.cz\/sk\/prim-dnes\/#primaryimage\"},\"image\":{\"@id\":\"https:\/\/prim.cz\/sk\/prim-dnes\/#primaryimage\"},\"thumbnailUrl\":\"https:\/\/prim.cz\/wp-content\/uploads\/2025\/02\/PRIM-DNES-Hero-03.webp\",\"datePublished\":\"2025-03-06T18:07:34+00:00\",\"dateModified\":\"2026-03-24T10:35:52+00:00\",\"breadcrumb\":{\"@id\":\"https:\/\/prim.cz\/sk\/prim-dnes\/#breadcrumb\"},\"inLanguage\":\"sk-SK\",\"potentialAction\":[{\"@type\":\"ReadAction\",\"target\":[\"https:\/\/prim.cz\/sk\/prim-dnes\/\"]}]},{\"@type\":\"ImageObject\",\"inLanguage\":\"sk-SK\",\"@id\":\"https:\/\/prim.cz\/sk\/prim-dnes\/#primaryimage\",\"url\":\"https:\/\/prim.cz\/wp-content\/uploads\/2025\/02\/PRIM-DNES-Hero-03.webp\",\"contentUrl\":\"https:\/\/prim.cz\/wp-content\/uploads\/2025\/02\/PRIM-DNES-Hero-03.webp\"},{\"@type\":\"BreadcrumbList\",\"@id\":\"https:\/\/prim.cz\/sk\/prim-dnes\/#breadcrumb\",\"itemListElement\":[{\"@type\":\"ListItem\",\"position\":1,\"name\":\"Dom\u016f\",\"item\":\"https:\/\/prim.cz\/sk\/\"},{\"@type\":\"ListItem\",\"position\":2,\"name\":\"PRIM dnes\"}]},{\"@type\":\"WebSite\",\"@id\":\"https:\/\/prim.cz\/en\/#website\",\"url\":\"https:\/\/prim.cz\/en\/\",\"name\":\"PRIM - origin\u00e1ln\u00ed \u010desk\u00e9 p\u00e1nsk\u00e9, d\u00e1msk\u00e9, d\u011btsk\u00e9 hodinky a hodiny\",\"description\":\"Nakupujte p\u0159\u00edmo u v\u00fdrobce! Origin\u00e1ln\u00ed eshop s kompletn\u00edm sortimentem \u010desk\u00fdch hodinek PRIM.\",\"alternateName\":\"prim.cz\",\"potentialAction\":[{\"@type\":\"SearchAction\",\"target\":{\"@type\":\"EntryPoint\",\"urlTemplate\":\"https:\/\/prim.cz\/en\/?s={search_term_string}\"},\"query-input\":{\"@type\":\"PropertyValueSpecification\",\"valueRequired\":true,\"valueName\":\"search_term_string\"}}],\"inLanguage\":\"sk-SK\"}]}<\/script>\n<!-- \/ Yoast SEO plugin. -->","yoast_head_json":{"title":"PRIM dnes - PRIM - origin\u00e1ln\u00ed \u010desk\u00e9 p\u00e1nsk\u00e9, d\u00e1msk\u00e9, d\u011btsk\u00e9 hodinky a hodiny","robots":{"index":"index","follow":"follow","max-snippet":"max-snippet:-1","max-image-preview":"max-image-preview:large","max-video-preview":"max-video-preview:-1"},"canonical":"https:\/\/prim.cz\/sk\/prim-dnes\/","og_locale":"sk_SK","og_type":"article","og_title":"PRIM dnes - PRIM - origin\u00e1ln\u00ed \u010desk\u00e9 p\u00e1nsk\u00e9, d\u00e1msk\u00e9, d\u011btsk\u00e9 hodinky a hodiny","og_url":"https:\/\/prim.cz\/sk\/prim-dnes\/","og_site_name":"PRIM - origin\u00e1ln\u00ed \u010desk\u00e9 p\u00e1nsk\u00e9, d\u00e1msk\u00e9, d\u011btsk\u00e9 hodinky a hodiny","article_modified_time":"2026-03-24T10:35:52+00:00","og_image":[{"url":"https:\/\/prim.cz\/wp-content\/uploads\/2025\/02\/PRIM-DNES-Hero-03.webp","type":"","width":"","height":""}],"twitter_card":"summary_large_image","twitter_misc":{"Predpokladan\u00fd \u010das \u010d\u00edtania":"5 min\u00fat"},"schema":{"@context":"https:\/\/schema.org","@graph":[{"@type":"WebPage","@id":"https:\/\/prim.cz\/sk\/prim-dnes\/","url":"https:\/\/prim.cz\/sk\/prim-dnes\/","name":"PRIM dnes - PRIM - origin\u00e1ln\u00ed \u010desk\u00e9 p\u00e1nsk\u00e9, d\u00e1msk\u00e9, d\u011btsk\u00e9 hodinky a hodiny","isPartOf":{"@id":"https:\/\/prim.cz\/en\/#website"},"primaryImageOfPage":{"@id":"https:\/\/prim.cz\/sk\/prim-dnes\/#primaryimage"},"image":{"@id":"https:\/\/prim.cz\/sk\/prim-dnes\/#primaryimage"},"thumbnailUrl":"https:\/\/prim.cz\/wp-content\/uploads\/2025\/02\/PRIM-DNES-Hero-03.webp","datePublished":"2025-03-06T18:07:34+00:00","dateModified":"2026-03-24T10:35:52+00:00","breadcrumb":{"@id":"https:\/\/prim.cz\/sk\/prim-dnes\/#breadcrumb"},"inLanguage":"sk-SK","potentialAction":[{"@type":"ReadAction","target":["https:\/\/prim.cz\/sk\/prim-dnes\/"]}]},{"@type":"ImageObject","inLanguage":"sk-SK","@id":"https:\/\/prim.cz\/sk\/prim-dnes\/#primaryimage","url":"https:\/\/prim.cz\/wp-content\/uploads\/2025\/02\/PRIM-DNES-Hero-03.webp","contentUrl":"https:\/\/prim.cz\/wp-content\/uploads\/2025\/02\/PRIM-DNES-Hero-03.webp"},{"@type":"BreadcrumbList","@id":"https:\/\/prim.cz\/sk\/prim-dnes\/#breadcrumb","itemListElement":[{"@type":"ListItem","position":1,"name":"Dom\u016f","item":"https:\/\/prim.cz\/sk\/"},{"@type":"ListItem","position":2,"name":"PRIM dnes"}]},{"@type":"WebSite","@id":"https:\/\/prim.cz\/en\/#website","url":"https:\/\/prim.cz\/en\/","name":"PRIM - origin\u00e1ln\u00ed \u010desk\u00e9 p\u00e1nsk\u00e9, d\u00e1msk\u00e9, d\u011btsk\u00e9 hodinky a hodiny","description":"Nakupujte p\u0159\u00edmo u v\u00fdrobce! Origin\u00e1ln\u00ed eshop s kompletn\u00edm sortimentem \u010desk\u00fdch hodinek PRIM.","alternateName":"prim.cz","potentialAction":[{"@type":"SearchAction","target":{"@type":"EntryPoint","urlTemplate":"https:\/\/prim.cz\/en\/?s={search_term_string}"},"query-input":{"@type":"PropertyValueSpecification","valueRequired":true,"valueName":"search_term_string"}}],"inLanguage":"sk-SK"}]}},"wpml_current_locale":"sk_SK","wpml_translations":{"cs_CZ":{"locale":"cs_CZ","id":29177,"slug":"prim-dnes","post_title":"PRIM dnes","href":"https:\/\/prim.cz\/prim-dnes\/"},"sk_SK":{"locale":"sk_SK","translation":"current"},"pl_PL":{"locale":"pl_PL","id":29192,"slug":"prim-dzisiaj","post_title":"PRIM dzisiaj","href":"https:\/\/prim.cz\/pl\/prim-dzisiaj\/"},"en_US":{"locale":"en_US","id":29188,"slug":"prim-today","post_title":"PRIM today","href":"https:\/\/prim.cz\/en\/prim-today\/"}},"_links":{"self":[{"href":"https:\/\/prim.cz\/sk\/wp-json\/wp\/v2\/pages\/29196","targetHints":{"allow":["GET"]}}],"collection":[{"href":"https:\/\/prim.cz\/sk\/wp-json\/wp\/v2\/pages"}],"about":[{"href":"https:\/\/prim.cz\/sk\/wp-json\/wp\/v2\/types\/page"}],"author":[{"embeddable":true,"href":"https:\/\/prim.cz\/sk\/wp-json\/wp\/v2\/users\/1"}],"replies":[{"embeddable":true,"href":"https:\/\/prim.cz\/sk\/wp-json\/wp\/v2\/comments?post=29196"}],"version-history":[{"count":13,"href":"https:\/\/prim.cz\/sk\/wp-json\/wp\/v2\/pages\/29196\/revisions"}],"predecessor-version":[{"id":45628,"href":"https:\/\/prim.cz\/sk\/wp-json\/wp\/v2\/pages\/29196\/revisions\/45628"}],"wp:attachment":[{"href":"https:\/\/prim.cz\/sk\/wp-json\/wp\/v2\/media?parent=29196"}],"curies":[{"name":"wp","href":"https:\/\/api.w.org\/{rel}","templated":true}]}}