{"id":29172,"date":"2025-03-06T10:53:20","date_gmt":"2025-03-06T09:53:20","guid":{"rendered":"https:\/\/new.prim-hodinky.cz\/historie-nova\/"},"modified":"2026-03-24T11:18:11","modified_gmt":"2026-03-24T10:18:11","slug":"historia-prim","status":"publish","type":"page","link":"https:\/\/prim.cz\/sk\/historia-prim\/","title":{"rendered":"Hist\u00f3ria"},"content":{"rendered":"<section id=\"b-fnelzb_m7wedvtb\" class=\"brxe-div\"><img loading=\"lazy\" decoding=\"async\" width=\"2560\" height=\"2263\" src=\"https:\/\/prim.cz\/wp-content\/uploads\/2026\/01\/821910458-1_1_montaz_nh-scaled.webp\" class=\"brxe-image css-filter size-full\" alt=\"\" id=\"b-kfobix_m7wedvtb\" srcset=\"https:\/\/prim.cz\/wp-content\/uploads\/2026\/01\/821910458-1_1_montaz_nh-scaled.webp 2560w, https:\/\/prim.cz\/wp-content\/uploads\/2026\/01\/821910458-1_1_montaz_nh-300x265.webp 300w, https:\/\/prim.cz\/wp-content\/uploads\/2026\/01\/821910458-1_1_montaz_nh-1024x905.webp 1024w, https:\/\/prim.cz\/wp-content\/uploads\/2026\/01\/821910458-1_1_montaz_nh-768x679.webp 768w, https:\/\/prim.cz\/wp-content\/uploads\/2026\/01\/821910458-1_1_montaz_nh-1536x1358.webp 1536w, https:\/\/prim.cz\/wp-content\/uploads\/2026\/01\/821910458-1_1_montaz_nh-2048x1810.webp 2048w\" sizes=\"auto, (max-width: 2560px) 100vw, 2560px\" \/><div id=\"b-sugqub_m7wedvtb\" class=\"brxe-div mobile-view-section-width\"><h1 id=\"b-pgaefz_m7wedvtb\" class=\"brxe-heading h1 hero-sekce-heading-stylizace\">Hist\u00f3ria PRIM<\/h1><\/div><div id=\"b-eixhqp_m7wedvtb\" class=\"brxe-div arrow-down hero-sekce-heading-stylizace\"><i id=\"b-wfisjw_m7wedvtb\" class=\"ion-md-arrow-round-down brxe-icon\"><\/i><\/div><\/section>\n\n<div id=\"b-ickeyb_mkxqyr7w\" class=\"brxe-div\"><div id=\"b-xsggmw_mkxqyr7w\" class=\"brxe-div\"><\/div><h2 id=\"b-uzjhjf_mkxqyr7w\" class=\"brxe-heading h2\">Za\u010diatky hodin\u00e1rskej v\u00fdroby<\/h2><\/div>\n\n<div id=\"b-tyagzm_mkxqz4jp\" class=\"brxe-div\"><\/div>\n\n<div id=\"b-ekmfdl_mkxqam7z\" class=\"brxe-div\"><div id=\"b-dlqqzs_mkxqam7z\" class=\"brxe-text text\"><p>Hist\u00f3ria priemyselnej hodin\u00e1rskej v\u00fdroby u n\u00e1s sa za\u010d\u00edna v roku 1946, ke\u010f bol v Liberci zalo\u017een\u00fd podnik Chronotechna. O dva roky nesk\u00f4r vznikol n\u00e1rodn\u00fd podnik Chronotechna so s\u00eddlom v \u0160ternberku. Pl\u00e1n na v\u00fdrobu n\u00e1ramkov\u00fdch hodiniek sa zrodil u\u017e v roku 1948, ale jeho realiz\u00e1cia za\u010dala a\u017e v 50. rokoch. V roku 1954 boli v z\u00e1vode v Novom Meste nad Metuj\u00ed vyroben\u00e9 prv\u00e9 prototypy hodiniek, in\u0161pirovan\u00e9 franc\u00fazskym stroj\u010dekom LIP R 25. Tieto hodinky mali 15 rub\u00ednov\u00fdch kame\u0148ov, kotvov\u00fd krok a samokompenza\u010dn\u00fd vl\u00e1sok. S\u00e9riov\u00e1 v\u00fdroba bola zah\u00e1jen\u00e1 v roku 1957. Prv\u00e9 \u010deskoslovensk\u00e9 n\u00e1ramkov\u00e9 hodinky vtedy e\u0161te neniesli ozna\u010denie PRIM. Vo verejnej s\u00fa\u0165a\u017ei vtedy zv\u00ed\u0165azilo ozna\u010denie SPARTAK. Postupne sa v\u0161ak n\u00e1zov PRIM objavil nielen na bud\u00edkoch a n\u00e1stenn\u00fdch hodin\u00e1ch, ale aj na n\u00e1ramkov\u00fdch hodink\u00e1ch. S n\u00e1stupom elektroniz\u00e1cie za\u010dal z\u00e1vod TESLA Ro\u017enov vyv\u00edja\u0165 a vyr\u00e1ba\u0165 quartzov\u00e9 stroj\u010deky pre Chronotechnu.<\/p>\n<\/div><\/div>\n\n<section id=\"b-jnfdts_m7x5to5b\" class=\"brxe-div\"><img loading=\"lazy\" decoding=\"async\" width=\"2560\" height=\"1869\" src=\"https:\/\/prim.cz\/wp-content\/uploads\/2026\/01\/821910560-snimek-obrazovky-2026-01-08-v-12-12-29-scaled.webp\" class=\"brxe-image css-filter size-full\" alt=\"\" id=\"b-cluygv_m7x5to5b\" srcset=\"https:\/\/prim.cz\/wp-content\/uploads\/2026\/01\/821910560-snimek-obrazovky-2026-01-08-v-12-12-29-scaled.webp 2560w, https:\/\/prim.cz\/wp-content\/uploads\/2026\/01\/821910560-snimek-obrazovky-2026-01-08-v-12-12-29-300x219.webp 300w, https:\/\/prim.cz\/wp-content\/uploads\/2026\/01\/821910560-snimek-obrazovky-2026-01-08-v-12-12-29-1024x748.webp 1024w, https:\/\/prim.cz\/wp-content\/uploads\/2026\/01\/821910560-snimek-obrazovky-2026-01-08-v-12-12-29-768x561.webp 768w, https:\/\/prim.cz\/wp-content\/uploads\/2026\/01\/821910560-snimek-obrazovky-2026-01-08-v-12-12-29-1536x1122.webp 1536w, https:\/\/prim.cz\/wp-content\/uploads\/2026\/01\/821910560-snimek-obrazovky-2026-01-08-v-12-12-29-2048x1495.webp 2048w\" sizes=\"auto, (max-width: 2560px) 100vw, 2560px\" \/><\/section>\n\n<div id=\"b-ickeyb_mkxr29vm\" class=\"brxe-div\"><div id=\"b-xsggmw_mkxr29vm\" class=\"brxe-div\"><\/div><h2 id=\"b-uzjhjf_mkxr29vm\" class=\"brxe-heading h2\">Trad\u00edcia a kvalita<\/h2><\/div>\n\n<div id=\"b-tyagzm_mkxr2fn1\" class=\"brxe-div\"><\/div>\n\n<div id=\"b-ekmfdl_mkxr2m7m\" class=\"brxe-div\"><div id=\"b-dlqqzs_mkxr2m7m\" class=\"brxe-text text\"><p>Odborn\u00edci venovali ve\u013ea \u010dasu testovaniu a kontrole, \u010d\u00edm vznikli hodinky, ktor\u00e9 boli presn\u00e9, spo\u013eahliv\u00e9 a odoln\u00e9. Aj dnes v\u0161etky na\u0161e hodinky prech\u00e1dzaj\u00fa d\u00f4kladn\u00fdmi ka\u017edodenn\u00fdmi testami. Najlep\u0161\u00edm potvrden\u00edm ich kvality s\u00fa na\u0161i spokojn\u00ed z\u00e1kazn\u00edci, ktor\u00ed ka\u017ed\u00fd de\u0148 nosia hodinky PRIM. Ich spokojnos\u0165 n\u00e1s motivuje a na\u0161i hodin\u00e1ri neust\u00e1le pracuj\u00fa na zlep\u0161en\u00ed chodu, dizajnu a odolnosti hodiniek.<\/p>\n<\/div><\/div>\n\n<section id=\"b-jnfdts_m8o92v03\" class=\"brxe-div\"><img loading=\"lazy\" decoding=\"async\" width=\"2560\" height=\"1920\" src=\"https:\/\/prim.cz\/wp-content\/uploads\/2026\/01\/821910358-img_1046-scaled.webp\" class=\"brxe-image css-filter size-full\" alt=\"\" id=\"b-cluygv_m8o92v03\" srcset=\"https:\/\/prim.cz\/wp-content\/uploads\/2026\/01\/821910358-img_1046-scaled.webp 2560w, https:\/\/prim.cz\/wp-content\/uploads\/2026\/01\/821910358-img_1046-300x225.webp 300w, https:\/\/prim.cz\/wp-content\/uploads\/2026\/01\/821910358-img_1046-1024x768.webp 1024w, https:\/\/prim.cz\/wp-content\/uploads\/2026\/01\/821910358-img_1046-768x576.webp 768w, https:\/\/prim.cz\/wp-content\/uploads\/2026\/01\/821910358-img_1046-1536x1152.webp 1536w, https:\/\/prim.cz\/wp-content\/uploads\/2026\/01\/821910358-img_1046-2048x1536.webp 2048w\" sizes=\"auto, (max-width: 2560px) 100vw, 2560px\" \/><\/section>\n\n<div id=\"b-ickeyb_mkxr3lfm\" class=\"brxe-div\"><div id=\"b-xsggmw_mkxr3lfm\" class=\"brxe-div\"><\/div><h2 id=\"b-uzjhjf_mkxr3lfm\" class=\"brxe-heading h2\">Po roku 1989 a obnova zna\u010dky PRIM<\/h2><\/div>\n\n<div id=\"b-tyagzm_mkxr3q0x\" class=\"brxe-div\"><\/div>\n\n<div id=\"b-ekmfdl_mkxr3uj5\" class=\"brxe-div\"><div id=\"b-dlqqzs_mkxr3uj5\" class=\"brxe-text text\"><p>Po roku 1989 bol n\u00e1rodn\u00fd podnik Chronotechna sprivatizovan\u00fd. Po Ne\u017enej revol\u00facii v\u0161ak nastali z\u00e1sadn\u00e9 zmeny, ktor\u00e9 nakoniec sp\u00f4sobili ve\u013ek\u00e9 a dlhotrvaj\u00face nepr\u00edjemnosti ako pre zna\u010dku, tak samotn\u00e9 hodinky a ich v\u00fdrobu. Ve\u013ek\u00fdm probl\u00e9mom bolo zdvojenie zna\u010dky, kedy sa meno PRIM objavovalo v produkcii dvoch u\u017e nez\u00e1visl\u00fdch z\u00e1vodov. V\u00fdroba hodiniek prebiehala ako vo Fr\u00fddku-M\u00edstku, tak v Novom Meste nad Metuj\u00ed. Obe spolo\u010dnosti sa tak podie\u013eali na pokra\u010dovan\u00ed zna\u010dky a pr\u00edbehu \u010desk\u00fdch hodiniek, ka\u017ed\u00e1 v\u0161ak in\u00fdm smerom.\u00a0N\u00e1sledky \u017eiveln\u00fdch rozhodnut\u00ed v tom \u010dase znamenali mnoho rokov nepr\u00edjemn\u00fdch s\u00fadnych sporov a ve\u013ek\u00fd zm\u00e4tok na trhu s hodinkami.<\/p>\n<\/div><\/div>\n\n<div id=\"b-ickeyb_mkxr4p1f\" class=\"brxe-div\"><div id=\"b-xsggmw_mkxr4p1f\" class=\"brxe-div\"><\/div><h2 id=\"b-uzjhjf_mkxr4p1f\" class=\"brxe-heading h2\">Rok jedn\u00e9ho Primu, koniec nejasnost\u00ed<\/h2><\/div>\n\n<div id=\"b-tyagzm_mkxr4sya\" class=\"brxe-div\"><\/div>\n\n<div id=\"b-ekmfdl_mkxr4wt4\" class=\"brxe-div\"><div id=\"b-dlqqzs_mkxr4wt4\" class=\"brxe-text text\"><p>Na jar roku 2025 sa podarilo spoji\u0165 obe spolo\u010dnosti, ktor\u00e9 dr\u017eali pr\u00e1va ku zna\u010dke Prim. Spojen\u00edm firiem MPM Quality a Elton hodin\u00e1\u0159sk\u00e1 sa za\u010dala p\u00edsa\u0165 nov\u00e1 kapitola zjednoten\u00e9ho Primu. Tento krok je \u00faplne z\u00e1sadn\u00fd pre udr\u017eanie hodin\u00e1rskej trad\u00edcie a predov\u0161etk\u00fdm jej rozvoj a rast zna\u010dky Prim.<\/p>\n<\/div><\/div>\n\n<section id=\"b-jnfdts_m7x61ua6\" class=\"brxe-div\"><img loading=\"lazy\" decoding=\"async\" width=\"2560\" height=\"1440\" src=\"https:\/\/prim.cz\/wp-content\/uploads\/2026\/01\/PRIM-web-logo-Kreslici-platno-1-kopie@2x-100-scaled.webp\" class=\"brxe-image css-filter size-full\" alt=\"\" id=\"b-cluygv_m7x61ua6\" srcset=\"https:\/\/prim.cz\/wp-content\/uploads\/2026\/01\/PRIM-web-logo-Kreslici-platno-1-kopie@2x-100-scaled.webp 2560w, https:\/\/prim.cz\/wp-content\/uploads\/2026\/01\/PRIM-web-logo-Kreslici-platno-1-kopie@2x-100-300x169.webp 300w, https:\/\/prim.cz\/wp-content\/uploads\/2026\/01\/PRIM-web-logo-Kreslici-platno-1-kopie@2x-100-1024x576.webp 1024w, https:\/\/prim.cz\/wp-content\/uploads\/2026\/01\/PRIM-web-logo-Kreslici-platno-1-kopie@2x-100-768x432.webp 768w, https:\/\/prim.cz\/wp-content\/uploads\/2026\/01\/PRIM-web-logo-Kreslici-platno-1-kopie@2x-100-1536x864.webp 1536w, https:\/\/prim.cz\/wp-content\/uploads\/2026\/01\/PRIM-web-logo-Kreslici-platno-1-kopie@2x-100-2048x1152.webp 2048w\" sizes=\"auto, (max-width: 2560px) 100vw, 2560px\" \/><\/section>\n\n<div id=\"b-ickeyb_mkxr5yao\" class=\"brxe-div\"><div id=\"b-xsggmw_mkxr5yao\" class=\"brxe-div\"><\/div><h2 id=\"b-uzjhjf_mkxr5yao\" class=\"brxe-heading h2\">Z\u00e1klad \u00faspechu a obnova zna\u010dky PRIM<\/h2><\/div>\n\n<div id=\"b-tyagzm_mkxr65b8\" class=\"brxe-div\"><\/div>\n\n<div id=\"b-ekmfdl_mkxr69sb\" class=\"brxe-div\"><div id=\"b-dlqqzs_mkxr69sb\" class=\"brxe-text text\"><p>\u00daspech a obnova zna\u010dky PRIM s\u00fa v\u00fdsledkom dlhoro\u010dnej spolupr\u00e1ce s obchodn\u00edkmi, ktor\u00ed na\u0161ej zna\u010dke veria a akt\u00edvne komunikuj\u00fa so z\u00e1kazn\u00edkmi. V\u010faka nim sme o\u017eivili z\u00e1ujem o kvalitn\u00e9 mechanick\u00e9 hodinky. Rast n\u00e1ro\u010dnosti a odli\u0161nosti z\u00e1kazn\u00edkov n\u00e1s neust\u00e1le podnecuje k v\u00fdvoju a rozvoju.<\/p>\n<\/div><\/div>\n\n<div id=\"b-ickeyb_mkxr73dj\" class=\"brxe-div\"><div id=\"b-xsggmw_mkxr73dj\" class=\"brxe-div\"><\/div><h2 id=\"b-uzjhjf_mkxr73dj\" class=\"brxe-heading h2\">Detail a nekompromisn\u00e1 kvalita v hlavnej \u00falohe<\/h2><\/div>\n\n<div id=\"b-tyagzm_mkxr76zu\" class=\"brxe-div\"><\/div>\n\n<div id=\"b-ekmfdl_mkxr7ai8\" class=\"brxe-div\"><div id=\"b-dlqqzs_mkxr7ai8\" class=\"brxe-text text\"><p>Hodinky PRIM z na\u0161ej produkcie s\u00fa neust\u00e1le testovan\u00e9 a vylep\u0161ovan\u00e9, \u010do n\u00e1m umo\u017e\u0148uje ur\u010dova\u0165 trendy v odbore. Na\u0161ou klientelou s\u00fa v\u00fdznamn\u00e9 osobnosti, \u0161portovci, celebrity, ale predov\u0161etk\u00fdm vy, na\u0161i n\u00e1ro\u010dn\u00ed z\u00e1kazn\u00edci, ktor\u00ed oce\u0148uj\u00fa ka\u017edodenn\u00fa v\u00fddr\u017e a kvalitu hodiniek PRIM. Na\u0161i dizajn\u00e9ri a hodin\u00e1ri pravidelne vytv\u00e1raj\u00fa nov\u00e9 kolekcie a vyu\u017e\u00edvaj\u00fa najnov\u0161ie technol\u00f3gie a materi\u00e1ly. PRIM s\u00fa poctiv\u00e9 hodinky vyroben\u00e9 s l\u00e1skou, trad\u00edciou a sk\u00fasenos\u0165ou. V novom mil\u00e9niu sme hodink\u00e1m PRIM vd\u00fdchli nov\u00fd \u017eivot v modernom kab\u00e1te a obnovili to, \u010do bolo po p\u00e1de socializmu zabudnut\u00e9. Klasick\u00fd a nad\u010dasov\u00fd vzh\u013ead hodiniek PRIM sa stal synonymom pre jednoduch\u00fa eleganciu. Pr\u00ed\u0165a\u017elivos\u0165 \u010desk\u00fdch hodiniek PRIM spo\u010d\u00edva v starostlivo premyslenom dizajne, ktor\u00fd skvele dopln\u00ed ako spolo\u010densk\u00fd, tak le\u017e\u00e9rny outfit. S hodinkami PRIM vyst\u00fapite z davu a budete vlastni\u0165 origin\u00e1lny k\u00fasok.<\/p>\n<\/div><\/div>\n\n<section id=\"b-jnfdts_mkv3dp4c\" class=\"brxe-div\"><img loading=\"lazy\" decoding=\"async\" width=\"2560\" height=\"1440\" src=\"https:\/\/prim.cz\/wp-content\/uploads\/2026\/01\/PRIM-web-logo-Kreslici-platno-1@2x-100-scaled.webp\" class=\"brxe-image css-filter size-full\" alt=\"\" id=\"b-cluygv_mkv3dp4c\" srcset=\"https:\/\/prim.cz\/wp-content\/uploads\/2026\/01\/PRIM-web-logo-Kreslici-platno-1@2x-100-scaled.webp 2560w, https:\/\/prim.cz\/wp-content\/uploads\/2026\/01\/PRIM-web-logo-Kreslici-platno-1@2x-100-300x169.webp 300w, https:\/\/prim.cz\/wp-content\/uploads\/2026\/01\/PRIM-web-logo-Kreslici-platno-1@2x-100-1024x576.webp 1024w, https:\/\/prim.cz\/wp-content\/uploads\/2026\/01\/PRIM-web-logo-Kreslici-platno-1@2x-100-768x432.webp 768w, https:\/\/prim.cz\/wp-content\/uploads\/2026\/01\/PRIM-web-logo-Kreslici-platno-1@2x-100-1536x864.webp 1536w, https:\/\/prim.cz\/wp-content\/uploads\/2026\/01\/PRIM-web-logo-Kreslici-platno-1@2x-100-2048x1152.webp 2048w\" sizes=\"auto, (max-width: 2560px) 100vw, 2560px\" \/><\/section>\n\n<div id=\"b-tyagzm_m8nk4ylk\" class=\"brxe-div\"><\/div>","protected":false},"excerpt":{"rendered":"","protected":false},"author":1,"featured_media":0,"parent":0,"menu_order":0,"comment_status":"closed","ping_status":"closed","template":"templates\/gutenbricks-dynamic-template-default.php","meta":{"_acf_changed":false,"_link_to_original":"","footnotes":""},"class_list":["post-29172","page","type-page","status-publish","hentry"],"acf":[],"yoast_head":"<!-- This site is optimized with the Yoast SEO plugin v26.9 - https:\/\/yoast.com\/product\/yoast-seo-wordpress\/ -->\n<title>Hist\u00f3ria - PRIM - origin\u00e1ln\u00ed \u010desk\u00e9 p\u00e1nsk\u00e9, d\u00e1msk\u00e9, d\u011btsk\u00e9 hodinky a hodiny<\/title>\n<meta name=\"robots\" content=\"index, follow, max-snippet:-1, max-image-preview:large, max-video-preview:-1\" \/>\n<link rel=\"canonical\" href=\"https:\/\/prim.cz\/sk\/historia-prim\/\" \/>\n<meta property=\"og:locale\" content=\"sk_SK\" \/>\n<meta property=\"og:type\" content=\"article\" \/>\n<meta property=\"og:title\" content=\"Hist\u00f3ria - PRIM - origin\u00e1ln\u00ed \u010desk\u00e9 p\u00e1nsk\u00e9, d\u00e1msk\u00e9, d\u011btsk\u00e9 hodinky a hodiny\" \/>\n<meta property=\"og:url\" content=\"https:\/\/prim.cz\/sk\/historia-prim\/\" \/>\n<meta property=\"og:site_name\" content=\"PRIM - origin\u00e1ln\u00ed \u010desk\u00e9 p\u00e1nsk\u00e9, d\u00e1msk\u00e9, d\u011btsk\u00e9 hodinky a hodiny\" \/>\n<meta property=\"article:modified_time\" content=\"2026-03-24T10:18:11+00:00\" \/>\n<meta property=\"og:image\" content=\"https:\/\/prim.cz\/wp-content\/uploads\/2026\/01\/821910458-1_1_montaz_nh-scaled.webp\" \/>\n<meta name=\"twitter:card\" content=\"summary_large_image\" \/>\n<meta name=\"twitter:label1\" content=\"Predpokladan\u00fd \u010das \u010d\u00edtania\" \/>\n\t<meta name=\"twitter:data1\" content=\"5 min\u00fat\" \/>\n<script type=\"application\/ld+json\" class=\"yoast-schema-graph\">{\"@context\":\"https:\/\/schema.org\",\"@graph\":[{\"@type\":\"WebPage\",\"@id\":\"https:\/\/prim.cz\/sk\/historia-prim\/\",\"url\":\"https:\/\/prim.cz\/sk\/historia-prim\/\",\"name\":\"Hist\u00f3ria - PRIM - origin\u00e1ln\u00ed \u010desk\u00e9 p\u00e1nsk\u00e9, d\u00e1msk\u00e9, d\u011btsk\u00e9 hodinky a hodiny\",\"isPartOf\":{\"@id\":\"https:\/\/prim.cz\/en\/#website\"},\"primaryImageOfPage\":{\"@id\":\"https:\/\/prim.cz\/sk\/historia-prim\/#primaryimage\"},\"image\":{\"@id\":\"https:\/\/prim.cz\/sk\/historia-prim\/#primaryimage\"},\"thumbnailUrl\":\"https:\/\/prim.cz\/wp-content\/uploads\/2026\/01\/821910458-1_1_montaz_nh-scaled.webp\",\"datePublished\":\"2025-03-06T09:53:20+00:00\",\"dateModified\":\"2026-03-24T10:18:11+00:00\",\"breadcrumb\":{\"@id\":\"https:\/\/prim.cz\/sk\/historia-prim\/#breadcrumb\"},\"inLanguage\":\"sk-SK\",\"potentialAction\":[{\"@type\":\"ReadAction\",\"target\":[\"https:\/\/prim.cz\/sk\/historia-prim\/\"]}]},{\"@type\":\"ImageObject\",\"inLanguage\":\"sk-SK\",\"@id\":\"https:\/\/prim.cz\/sk\/historia-prim\/#primaryimage\",\"url\":\"https:\/\/prim.cz\/wp-content\/uploads\/2026\/01\/821910458-1_1_montaz_nh-scaled.webp\",\"contentUrl\":\"https:\/\/prim.cz\/wp-content\/uploads\/2026\/01\/821910458-1_1_montaz_nh-scaled.webp\"},{\"@type\":\"BreadcrumbList\",\"@id\":\"https:\/\/prim.cz\/sk\/historia-prim\/#breadcrumb\",\"itemListElement\":[{\"@type\":\"ListItem\",\"position\":1,\"name\":\"Dom\u016f\",\"item\":\"https:\/\/prim.cz\/sk\/\"},{\"@type\":\"ListItem\",\"position\":2,\"name\":\"Hist\u00f3ria\"}]},{\"@type\":\"WebSite\",\"@id\":\"https:\/\/prim.cz\/en\/#website\",\"url\":\"https:\/\/prim.cz\/en\/\",\"name\":\"PRIM - origin\u00e1ln\u00ed \u010desk\u00e9 p\u00e1nsk\u00e9, d\u00e1msk\u00e9, d\u011btsk\u00e9 hodinky a hodiny\",\"description\":\"Nakupujte p\u0159\u00edmo u v\u00fdrobce! Origin\u00e1ln\u00ed eshop s kompletn\u00edm sortimentem \u010desk\u00fdch hodinek PRIM.\",\"alternateName\":\"prim.cz\",\"potentialAction\":[{\"@type\":\"SearchAction\",\"target\":{\"@type\":\"EntryPoint\",\"urlTemplate\":\"https:\/\/prim.cz\/en\/?s={search_term_string}\"},\"query-input\":{\"@type\":\"PropertyValueSpecification\",\"valueRequired\":true,\"valueName\":\"search_term_string\"}}],\"inLanguage\":\"sk-SK\"}]}<\/script>\n<!-- \/ Yoast SEO plugin. -->","yoast_head_json":{"title":"Hist\u00f3ria - PRIM - origin\u00e1ln\u00ed \u010desk\u00e9 p\u00e1nsk\u00e9, d\u00e1msk\u00e9, d\u011btsk\u00e9 hodinky a hodiny","robots":{"index":"index","follow":"follow","max-snippet":"max-snippet:-1","max-image-preview":"max-image-preview:large","max-video-preview":"max-video-preview:-1"},"canonical":"https:\/\/prim.cz\/sk\/historia-prim\/","og_locale":"sk_SK","og_type":"article","og_title":"Hist\u00f3ria - PRIM - origin\u00e1ln\u00ed \u010desk\u00e9 p\u00e1nsk\u00e9, d\u00e1msk\u00e9, d\u011btsk\u00e9 hodinky a hodiny","og_url":"https:\/\/prim.cz\/sk\/historia-prim\/","og_site_name":"PRIM - origin\u00e1ln\u00ed \u010desk\u00e9 p\u00e1nsk\u00e9, d\u00e1msk\u00e9, d\u011btsk\u00e9 hodinky a hodiny","article_modified_time":"2026-03-24T10:18:11+00:00","og_image":[{"url":"https:\/\/prim.cz\/wp-content\/uploads\/2026\/01\/821910458-1_1_montaz_nh-scaled.webp","type":"","width":"","height":""}],"twitter_card":"summary_large_image","twitter_misc":{"Predpokladan\u00fd \u010das \u010d\u00edtania":"5 min\u00fat"},"schema":{"@context":"https:\/\/schema.org","@graph":[{"@type":"WebPage","@id":"https:\/\/prim.cz\/sk\/historia-prim\/","url":"https:\/\/prim.cz\/sk\/historia-prim\/","name":"Hist\u00f3ria - PRIM - origin\u00e1ln\u00ed \u010desk\u00e9 p\u00e1nsk\u00e9, d\u00e1msk\u00e9, d\u011btsk\u00e9 hodinky a hodiny","isPartOf":{"@id":"https:\/\/prim.cz\/en\/#website"},"primaryImageOfPage":{"@id":"https:\/\/prim.cz\/sk\/historia-prim\/#primaryimage"},"image":{"@id":"https:\/\/prim.cz\/sk\/historia-prim\/#primaryimage"},"thumbnailUrl":"https:\/\/prim.cz\/wp-content\/uploads\/2026\/01\/821910458-1_1_montaz_nh-scaled.webp","datePublished":"2025-03-06T09:53:20+00:00","dateModified":"2026-03-24T10:18:11+00:00","breadcrumb":{"@id":"https:\/\/prim.cz\/sk\/historia-prim\/#breadcrumb"},"inLanguage":"sk-SK","potentialAction":[{"@type":"ReadAction","target":["https:\/\/prim.cz\/sk\/historia-prim\/"]}]},{"@type":"ImageObject","inLanguage":"sk-SK","@id":"https:\/\/prim.cz\/sk\/historia-prim\/#primaryimage","url":"https:\/\/prim.cz\/wp-content\/uploads\/2026\/01\/821910458-1_1_montaz_nh-scaled.webp","contentUrl":"https:\/\/prim.cz\/wp-content\/uploads\/2026\/01\/821910458-1_1_montaz_nh-scaled.webp"},{"@type":"BreadcrumbList","@id":"https:\/\/prim.cz\/sk\/historia-prim\/#breadcrumb","itemListElement":[{"@type":"ListItem","position":1,"name":"Dom\u016f","item":"https:\/\/prim.cz\/sk\/"},{"@type":"ListItem","position":2,"name":"Hist\u00f3ria"}]},{"@type":"WebSite","@id":"https:\/\/prim.cz\/en\/#website","url":"https:\/\/prim.cz\/en\/","name":"PRIM - origin\u00e1ln\u00ed \u010desk\u00e9 p\u00e1nsk\u00e9, d\u00e1msk\u00e9, d\u011btsk\u00e9 hodinky a hodiny","description":"Nakupujte p\u0159\u00edmo u v\u00fdrobce! Origin\u00e1ln\u00ed eshop s kompletn\u00edm sortimentem \u010desk\u00fdch hodinek PRIM.","alternateName":"prim.cz","potentialAction":[{"@type":"SearchAction","target":{"@type":"EntryPoint","urlTemplate":"https:\/\/prim.cz\/en\/?s={search_term_string}"},"query-input":{"@type":"PropertyValueSpecification","valueRequired":true,"valueName":"search_term_string"}}],"inLanguage":"sk-SK"}]}},"wpml_current_locale":"sk_SK","wpml_translations":{"cs_CZ":{"locale":"cs_CZ","id":29140,"slug":"historie","post_title":"Historie","href":"https:\/\/prim.cz\/historie\/"},"sk_SK":{"locale":"sk_SK","translation":"current"},"pl_PL":{"locale":"pl_PL","id":29168,"slug":"historia-prim","post_title":"Historia","href":"https:\/\/prim.cz\/pl\/historia-prim\/"},"en_US":{"locale":"en_US","id":29164,"slug":"history-of-prim","post_title":"History","href":"https:\/\/prim.cz\/en\/history-of-prim\/"}},"_links":{"self":[{"href":"https:\/\/prim.cz\/sk\/wp-json\/wp\/v2\/pages\/29172","targetHints":{"allow":["GET"]}}],"collection":[{"href":"https:\/\/prim.cz\/sk\/wp-json\/wp\/v2\/pages"}],"about":[{"href":"https:\/\/prim.cz\/sk\/wp-json\/wp\/v2\/types\/page"}],"author":[{"embeddable":true,"href":"https:\/\/prim.cz\/sk\/wp-json\/wp\/v2\/users\/1"}],"replies":[{"embeddable":true,"href":"https:\/\/prim.cz\/sk\/wp-json\/wp\/v2\/comments?post=29172"}],"version-history":[{"count":11,"href":"https:\/\/prim.cz\/sk\/wp-json\/wp\/v2\/pages\/29172\/revisions"}],"predecessor-version":[{"id":45622,"href":"https:\/\/prim.cz\/sk\/wp-json\/wp\/v2\/pages\/29172\/revisions\/45622"}],"wp:attachment":[{"href":"https:\/\/prim.cz\/sk\/wp-json\/wp\/v2\/media?parent=29172"}],"curies":[{"name":"wp","href":"https:\/\/api.w.org\/{rel}","templated":true}]}}