{"id":33726,"date":"2025-03-06T22:17:06","date_gmt":"2025-03-06T21:17:06","guid":{"rendered":"https:\/\/prim.cz\/kupony-podarunkowe\/"},"modified":"2026-03-24T09:58:55","modified_gmt":"2026-03-24T08:58:55","slug":"kupony-podarunkowe","status":"publish","type":"page","link":"https:\/\/prim.cz\/pl\/kupony-podarunkowe\/","title":{"rendered":"Kupony podarunkowe"},"content":{"rendered":"<section id=\"b-fnelzb_m7xuaklp\" class=\"brxe-div\"><img loading=\"lazy\" decoding=\"async\" width=\"1920\" height=\"1080\" src=\"https:\/\/prim.cz\/wp-content\/uploads\/2025\/02\/Darkove-poukazy-Hero_01.webp\" class=\"brxe-image css-filter size-full\" alt=\"\" id=\"b-kfobix_m7xuaklp\" srcset=\"https:\/\/prim.cz\/wp-content\/uploads\/2025\/02\/Darkove-poukazy-Hero_01.webp 1920w, https:\/\/prim.cz\/wp-content\/uploads\/2025\/02\/Darkove-poukazy-Hero_01-300x169.webp 300w, https:\/\/prim.cz\/wp-content\/uploads\/2025\/02\/Darkove-poukazy-Hero_01-1024x576.webp 1024w, https:\/\/prim.cz\/wp-content\/uploads\/2025\/02\/Darkove-poukazy-Hero_01-768x432.webp 768w, https:\/\/prim.cz\/wp-content\/uploads\/2025\/02\/Darkove-poukazy-Hero_01-1536x864.webp 1536w\" sizes=\"auto, (max-width: 1920px) 100vw, 1920px\" \/><div id=\"b-sugqub_m7xuaklp\" class=\"brxe-div mobile-view-section-width\"><h1 id=\"b-pgaefz_m7xuaklp\" class=\"brxe-heading h1 hero-sekce-heading-stylizace\">Kupony podarunkowe<\/h1><\/div><div id=\"b-eixhqp_m7xuaklp\" class=\"brxe-div arrow-down hero-sekce-heading-stylizace\"><i id=\"b-wfisjw_m7xuaklp\" class=\"ion-md-arrow-round-down brxe-icon\"><\/i><\/div><\/section><div id=\"b-ickeyb_m7xubjcs\" class=\"brxe-div\"><div id=\"b-xsggmw_m7xubjcs\" class=\"brxe-div\"><\/div><h2 id=\"b-uzjhjf_m7xubjcs\" class=\"brxe-heading h2\">Podaruj czas, kt\u00f3ry pozostanie na zawsze.<\/h2><\/div><div id=\"b-tyagzm_m7xubx6r\" class=\"brxe-div\"><\/div>\n<div class=\"wp-block-group alignfull\"><div class=\"wp-block-group__inner-container is-layout-constrained wp-block-group-is-layout-constrained\"><div id=\"b-ekmfdl_m7xud8jn\" class=\"brxe-div\"><div id=\"b-dlqqzs_m7xud8jn\" class=\"brxe-text text\"><p class=\"has-text-align-center\">Chcesz podarowa\u0107 swoim bliskim, przyjacio\u0142om, partnerom biznesowym lub pracownikom zegarek PRIM i nie wiesz, kt\u00f3ry model wybra\u0107? Specjalnie dla Ciebie przygotowali\u015bmy specjalne bony upominkowe na produkty marki PRIM. Wybierz spo\u015br\u00f3d bon\u00f3w upominkowych o warto\u015bci nominalnej 500 &#8211; 10 000 CZK w naszym sklepie internetowym. Odbiorca mo\u017ce wybra\u0107 towary PRIM, kt\u00f3re dok\u0142adnie odpowiadaj\u0105 jego potrzebom.<\/p>\n<p class=\"has-text-align-center\">Mo\u017cesz podarowa\u0107 swoim bliskim lub przyjacio\u0142om pi\u0119kny prezent na specjalne okazje, takie jak urodziny, podzi\u0119kowania czy gratulacje. Dla firm mo\u017ce to by\u0107 ciekawy pomys\u0142 na prezent przed ko\u0144cem roku dla partner\u00f3w biznesowych lub docenienie wieloletnich pracownik\u00f3w.<\/p>\n<p class=\"has-text-align-center\">Bon upominkowy mo\u017cna naby\u0107 online \u2013 bon zostanie nast\u0119pnie wys\u0142any e-mailem. Drug\u0105 mo\u017cliwo\u015bci\u0105 jest zakup vouchera bezpo\u015brednio w jednym ze sklep\u00f3w firmowych PRIM \u2013 we <b>Frydku-M\u00edstku<\/b> (P\u0159\u00edborsk\u00e1 1473), w <b>Praze<\/b> (Nek\u00e1zanka 858\/3, Praha 1) lub w <b>Nov\u00e9m M\u011bst\u011b nad<\/b> Metuj\u00ed (N\u00e1chodsk\u00e1 2105). Je\u015bli jeste\u015b zainteresowany inn\u0105 kwot\u0105 lub voucherem z logo firmy, skontaktuj si\u0119 z nami pod adresem <b><a href=\"mailto:individualizace@prim.cz\">individualizace@prim.cz<\/a><\/b>.<\/p>\n<\/div><\/div><\/div><\/div>\n<div class=\"wp-block-image\">\n<figure class=\"aligncenter size-large\"><img loading=\"lazy\" decoding=\"async\" width=\"1024\" height=\"722\" src=\"https:\/\/prim.cz\/wp-content\/uploads\/2025\/09\/PRIM-VOUCHER-WEB-1024x722.webp\" alt=\"\" class=\"wp-image-35727\" srcset=\"https:\/\/prim.cz\/wp-content\/uploads\/2025\/09\/PRIM-VOUCHER-WEB-1024x722.webp 1024w, https:\/\/prim.cz\/wp-content\/uploads\/2025\/09\/PRIM-VOUCHER-WEB-300x212.webp 300w, https:\/\/prim.cz\/wp-content\/uploads\/2025\/09\/PRIM-VOUCHER-WEB-768x542.webp 768w, https:\/\/prim.cz\/wp-content\/uploads\/2025\/09\/PRIM-VOUCHER-WEB-1536x1083.webp 1536w, https:\/\/prim.cz\/wp-content\/uploads\/2025\/09\/PRIM-VOUCHER-WEB-2048x1444.webp 2048w\" sizes=\"auto, (max-width: 1024px) 100vw, 1024px\" \/><\/figure>\n<\/div><div id=\"b-ickeyb_m7xulmqu\" class=\"brxe-div\"><div id=\"b-xsggmw_m7xulmqu\" class=\"brxe-div\"><\/div><h3 id=\"b-zyysyn_m7xulmqu\" class=\"brxe-heading h3\">Zasady korzystania z bonu<\/h3><\/div><div id=\"b-tyagzm_m7xum7eq\" class=\"brxe-div\"><\/div><div id=\"b-ekmfdl_m7xulzio\" class=\"brxe-div\"><div id=\"b-dlqqzs_m7xulzio\" class=\"brxe-text text\"><div id=\"brxe-mqrbxx\" class=\"brxe-text text\">\n<ol>\n<li>Zam\u00f3wienie bonu podarunkowego w sklepie internetowym.<\/li>\n<li>Po otrzymaniu p\u0142atno\u015bci bon podarunkowy zostanie wys\u0142any na adres e-mail.<\/li>\n<li>Mo\u017cliwo\u015b\u0107 wydrukowania bonu podarunkowego i wys\u0142ania go na adres (+99 CZK) \u2013 t\u0119 us\u0142ug\u0119 mo\u017cna wybra\u0107 w sklepie internetowym.<\/li>\n<li>\n<div>Osoba obdarowana mo\u017ce wykorzysta\u0107 bon podarunkowy:<\/div>\n<ul>\n<li>W jednym z firmowych sklep\u00f3w PRIM, gdy trzeba wydrukowa\u0107 bon upominkowy<\/li>\n<ul>\n<li>Frydek-Mistek \u2013 P\u0159\u00edborsk\u00e1 1473, 738 01<\/li>\n<li>Praha \u2013 Nek\u00e1zanka 858\/3, Praha 1<\/li>\n<li>Nov\u00e9 M\u011bsto nad Metuj\u00ed \u2013 N\u00e1chodsk\u00e1 2105)<\/li>\n<\/ul>\n<li>W sklepie internetowym (eshop.prim-hodinky.cz) przy u\u017cyciu unikalnego jednorazowego kodu, kt\u00f3ry znajduje si\u0119 na bonie.<\/li>\n<\/ul>\n<\/li>\n<li>\n<div>Wa\u017cno\u015b\u0107 bonu upominkowego jest ograniczona do 12 miesi\u0119cy od daty wydania.<\/div>\n<div>Po up\u0142ywie terminu wa\u017cno\u015bci podanego na bonie upominkowym nie ma mo\u017cliwo\u015bci<\/div>\n<div>wykorzysta\u0107 bon podarunkowy.<\/div>\n<\/li>\n<li>\n<div>W przypadku, gdy cena towaru jest wy\u017csza ni\u017c warto\u015b\u0107 bonu upominkowego, mo\u017cna<\/div>\n<div>r\u00f3\u017cnic\u0119 ceny dop\u0142aci\u0107 w standardowy spos\u00f3b, tj. w sklepie firmowym,<\/div>\n<div>lub w sklepie internetowym.<\/div>\n<\/li>\n<li>Bon upominkowy jest wa\u017cny tylko raz. Vouchera nie mo\u017cna wymieni\u0107 na got\u00f3wk\u0119. Niewykorzystana cz\u0119\u015b\u0107 warto\u015bci bonu upominkowego nie podlega zwrotowi.<\/li>\n<\/ol>\n<\/div>\n<\/div><\/div><div id=\"b-tyagzm_m7xunphm\" class=\"brxe-div\"><\/div><div id=\"b-glotuz_m7xumyww\" class=\"brxe-div\"><div id=\"b-nalbps_m7xumyww\" class=\"brxe-div\"><\/div><a id=\"b-xzpkec_m7xumyww\" class=\"brxe-button bricks-button xl bricks-background-primary\" href=\"https:\/\/eshop.prim-hodinky.cz\/pl\/kategorie\/bony-zakupowe\" rel target=\"_blank\" title aria-label><span data-gbrx-id=\"gb-xzpkec\" data-gbrx-subfield=\"text\" >Kup bon podarunkowy<\/span><\/a><div id=\"b-yyhgud_m7xumyww\" class=\"brxe-div\"><\/div><\/div><div id=\"b-tyagzm_m7xunve9\" class=\"brxe-div\"><\/div>","protected":false},"excerpt":{"rendered":"","protected":false},"author":1,"featured_media":0,"parent":0,"menu_order":0,"comment_status":"closed","ping_status":"closed","template":"templates\/gutenbricks-dynamic-template-default.php","meta":{"_acf_changed":false,"_link_to_original":"","footnotes":""},"class_list":["post-33726","page","type-page","status-publish","hentry"],"acf":[],"yoast_head":"<!-- This site is optimized with the Yoast SEO plugin v26.9 - https:\/\/yoast.com\/product\/yoast-seo-wordpress\/ -->\n<title>Kupony podarunkowe - PRIM.cz - origin\u00e1ln\u00ed \u010desk\u00e9 p\u00e1nsk\u00e9, d\u00e1msk\u00e9, d\u011btsk\u00e9 hodinky a hodiny<\/title>\n<meta name=\"robots\" content=\"index, follow, max-snippet:-1, max-image-preview:large, max-video-preview:-1\" \/>\n<link rel=\"canonical\" href=\"https:\/\/prim.cz\/pl\/kupony-podarunkowe\/\" \/>\n<meta property=\"og:locale\" content=\"pl_PL\" \/>\n<meta property=\"og:type\" content=\"article\" \/>\n<meta property=\"og:title\" content=\"Kupony podarunkowe - PRIM.cz - origin\u00e1ln\u00ed \u010desk\u00e9 p\u00e1nsk\u00e9, d\u00e1msk\u00e9, d\u011btsk\u00e9 hodinky a hodiny\" \/>\n<meta property=\"og:url\" content=\"https:\/\/prim.cz\/pl\/kupony-podarunkowe\/\" \/>\n<meta property=\"og:site_name\" content=\"PRIM.cz - origin\u00e1ln\u00ed \u010desk\u00e9 p\u00e1nsk\u00e9, d\u00e1msk\u00e9, d\u011btsk\u00e9 hodinky a hodiny\" \/>\n<meta property=\"article:modified_time\" content=\"2026-03-24T08:58:55+00:00\" \/>\n<meta property=\"og:image\" content=\"https:\/\/prim.cz\/wp-content\/uploads\/2025\/02\/Darkove-poukazy-Hero_01.webp\" \/>\n<meta name=\"twitter:card\" content=\"summary_large_image\" \/>\n<script type=\"application\/ld+json\" class=\"yoast-schema-graph\">{\"@context\":\"https:\/\/schema.org\",\"@graph\":[{\"@type\":\"WebPage\",\"@id\":\"https:\/\/prim.cz\/pl\/kupony-podarunkowe\/\",\"url\":\"https:\/\/prim.cz\/pl\/kupony-podarunkowe\/\",\"name\":\"Kupony podarunkowe - PRIM.cz - origin\u00e1ln\u00ed \u010desk\u00e9 p\u00e1nsk\u00e9, d\u00e1msk\u00e9, d\u011btsk\u00e9 hodinky a hodiny\",\"isPartOf\":{\"@id\":\"https:\/\/prim.cz\/en\/#website\"},\"primaryImageOfPage\":{\"@id\":\"https:\/\/prim.cz\/pl\/kupony-podarunkowe\/#primaryimage\"},\"image\":{\"@id\":\"https:\/\/prim.cz\/pl\/kupony-podarunkowe\/#primaryimage\"},\"thumbnailUrl\":\"https:\/\/prim.cz\/wp-content\/uploads\/2025\/02\/Darkove-poukazy-Hero_01.webp\",\"datePublished\":\"2025-03-06T21:17:06+00:00\",\"dateModified\":\"2026-03-24T08:58:55+00:00\",\"breadcrumb\":{\"@id\":\"https:\/\/prim.cz\/pl\/kupony-podarunkowe\/#breadcrumb\"},\"inLanguage\":\"pl-PL\",\"potentialAction\":[{\"@type\":\"ReadAction\",\"target\":[\"https:\/\/prim.cz\/pl\/kupony-podarunkowe\/\"]}]},{\"@type\":\"ImageObject\",\"inLanguage\":\"pl-PL\",\"@id\":\"https:\/\/prim.cz\/pl\/kupony-podarunkowe\/#primaryimage\",\"url\":\"https:\/\/prim.cz\/wp-content\/uploads\/2025\/02\/Darkove-poukazy-Hero_01.webp\",\"contentUrl\":\"https:\/\/prim.cz\/wp-content\/uploads\/2025\/02\/Darkove-poukazy-Hero_01.webp\"},{\"@type\":\"BreadcrumbList\",\"@id\":\"https:\/\/prim.cz\/pl\/kupony-podarunkowe\/#breadcrumb\",\"itemListElement\":[{\"@type\":\"ListItem\",\"position\":1,\"name\":\"Dom\u016f\",\"item\":\"https:\/\/prim.cz\/pl\/\"},{\"@type\":\"ListItem\",\"position\":2,\"name\":\"Kupony podarunkowe\"}]},{\"@type\":\"WebSite\",\"@id\":\"https:\/\/prim.cz\/en\/#website\",\"url\":\"https:\/\/prim.cz\/en\/\",\"name\":\"PRIM - origin\u00e1ln\u00ed \u010desk\u00e9 p\u00e1nsk\u00e9, d\u00e1msk\u00e9, d\u011btsk\u00e9 hodinky a hodiny\",\"description\":\"Nakupujte p\u0159\u00edmo u v\u00fdrobce! Origin\u00e1ln\u00ed eshop s kompletn\u00edm sortimentem \u010desk\u00fdch hodinek PRIM.\",\"alternateName\":\"prim.cz\",\"potentialAction\":[{\"@type\":\"SearchAction\",\"target\":{\"@type\":\"EntryPoint\",\"urlTemplate\":\"https:\/\/prim.cz\/en\/?s={search_term_string}\"},\"query-input\":{\"@type\":\"PropertyValueSpecification\",\"valueRequired\":true,\"valueName\":\"search_term_string\"}}],\"inLanguage\":\"pl-PL\"}]}<\/script>\n<!-- \/ Yoast SEO plugin. -->","yoast_head_json":{"title":"Kupony podarunkowe - PRIM.cz - origin\u00e1ln\u00ed \u010desk\u00e9 p\u00e1nsk\u00e9, d\u00e1msk\u00e9, d\u011btsk\u00e9 hodinky a hodiny","robots":{"index":"index","follow":"follow","max-snippet":"max-snippet:-1","max-image-preview":"max-image-preview:large","max-video-preview":"max-video-preview:-1"},"canonical":"https:\/\/prim.cz\/pl\/kupony-podarunkowe\/","og_locale":"pl_PL","og_type":"article","og_title":"Kupony podarunkowe - PRIM.cz - origin\u00e1ln\u00ed \u010desk\u00e9 p\u00e1nsk\u00e9, d\u00e1msk\u00e9, d\u011btsk\u00e9 hodinky a hodiny","og_url":"https:\/\/prim.cz\/pl\/kupony-podarunkowe\/","og_site_name":"PRIM.cz - origin\u00e1ln\u00ed \u010desk\u00e9 p\u00e1nsk\u00e9, d\u00e1msk\u00e9, d\u011btsk\u00e9 hodinky a hodiny","article_modified_time":"2026-03-24T08:58:55+00:00","og_image":[{"url":"https:\/\/prim.cz\/wp-content\/uploads\/2025\/02\/Darkove-poukazy-Hero_01.webp","type":"","width":"","height":""}],"twitter_card":"summary_large_image","schema":{"@context":"https:\/\/schema.org","@graph":[{"@type":"WebPage","@id":"https:\/\/prim.cz\/pl\/kupony-podarunkowe\/","url":"https:\/\/prim.cz\/pl\/kupony-podarunkowe\/","name":"Kupony podarunkowe - PRIM.cz - origin\u00e1ln\u00ed \u010desk\u00e9 p\u00e1nsk\u00e9, d\u00e1msk\u00e9, d\u011btsk\u00e9 hodinky a hodiny","isPartOf":{"@id":"https:\/\/prim.cz\/en\/#website"},"primaryImageOfPage":{"@id":"https:\/\/prim.cz\/pl\/kupony-podarunkowe\/#primaryimage"},"image":{"@id":"https:\/\/prim.cz\/pl\/kupony-podarunkowe\/#primaryimage"},"thumbnailUrl":"https:\/\/prim.cz\/wp-content\/uploads\/2025\/02\/Darkove-poukazy-Hero_01.webp","datePublished":"2025-03-06T21:17:06+00:00","dateModified":"2026-03-24T08:58:55+00:00","breadcrumb":{"@id":"https:\/\/prim.cz\/pl\/kupony-podarunkowe\/#breadcrumb"},"inLanguage":"pl-PL","potentialAction":[{"@type":"ReadAction","target":["https:\/\/prim.cz\/pl\/kupony-podarunkowe\/"]}]},{"@type":"ImageObject","inLanguage":"pl-PL","@id":"https:\/\/prim.cz\/pl\/kupony-podarunkowe\/#primaryimage","url":"https:\/\/prim.cz\/wp-content\/uploads\/2025\/02\/Darkove-poukazy-Hero_01.webp","contentUrl":"https:\/\/prim.cz\/wp-content\/uploads\/2025\/02\/Darkove-poukazy-Hero_01.webp"},{"@type":"BreadcrumbList","@id":"https:\/\/prim.cz\/pl\/kupony-podarunkowe\/#breadcrumb","itemListElement":[{"@type":"ListItem","position":1,"name":"Dom\u016f","item":"https:\/\/prim.cz\/pl\/"},{"@type":"ListItem","position":2,"name":"Kupony podarunkowe"}]},{"@type":"WebSite","@id":"https:\/\/prim.cz\/en\/#website","url":"https:\/\/prim.cz\/en\/","name":"PRIM - origin\u00e1ln\u00ed \u010desk\u00e9 p\u00e1nsk\u00e9, d\u00e1msk\u00e9, d\u011btsk\u00e9 hodinky a hodiny","description":"Nakupujte p\u0159\u00edmo u v\u00fdrobce! Origin\u00e1ln\u00ed eshop s kompletn\u00edm sortimentem \u010desk\u00fdch hodinek PRIM.","alternateName":"prim.cz","potentialAction":[{"@type":"SearchAction","target":{"@type":"EntryPoint","urlTemplate":"https:\/\/prim.cz\/en\/?s={search_term_string}"},"query-input":{"@type":"PropertyValueSpecification","valueRequired":true,"valueName":"search_term_string"}}],"inLanguage":"pl-PL"}]}},"wpml_current_locale":"pl_PL","wpml_translations":{"cs_CZ":{"locale":"cs_CZ","id":29315,"slug":"darkove-poukazy","post_title":"D\u00e1rkov\u00e9 poukazy","href":"https:\/\/prim.cz\/darkove-poukazy\/"},"sk_SK":{"locale":"sk_SK","id":35748,"slug":"darcekove-poukazy","post_title":"Dar\u010dekov\u00e9 poukazy","href":"https:\/\/prim.cz\/sk\/darcekove-poukazy\/"},"pl_PL":{"locale":"pl_PL","translation":"current"},"en_US":{"locale":"en_US","id":31594,"slug":"gift-vouchers","post_title":"Gift vouchers","href":"https:\/\/prim.cz\/en\/gift-vouchers\/"}},"_links":{"self":[{"href":"https:\/\/prim.cz\/pl\/wp-json\/wp\/v2\/pages\/33726","targetHints":{"allow":["GET"]}}],"collection":[{"href":"https:\/\/prim.cz\/pl\/wp-json\/wp\/v2\/pages"}],"about":[{"href":"https:\/\/prim.cz\/pl\/wp-json\/wp\/v2\/types\/page"}],"author":[{"embeddable":true,"href":"https:\/\/prim.cz\/pl\/wp-json\/wp\/v2\/users\/1"}],"replies":[{"embeddable":true,"href":"https:\/\/prim.cz\/pl\/wp-json\/wp\/v2\/comments?post=33726"}],"version-history":[{"count":15,"href":"https:\/\/prim.cz\/pl\/wp-json\/wp\/v2\/pages\/33726\/revisions"}],"predecessor-version":[{"id":45580,"href":"https:\/\/prim.cz\/pl\/wp-json\/wp\/v2\/pages\/33726\/revisions\/45580"}],"wp:attachment":[{"href":"https:\/\/prim.cz\/pl\/wp-json\/wp\/v2\/media?parent=33726"}],"curies":[{"name":"wp","href":"https:\/\/api.w.org\/{rel}","templated":true}]}}