{"id":32334,"date":"2025-05-16T12:04:54","date_gmt":"2025-05-16T10:04:54","guid":{"rendered":"https:\/\/prim.cz\/ambasadori-a-osobnosti\/"},"modified":"2025-12-18T13:56:24","modified_gmt":"2025-12-18T12:56:24","slug":"ambasadorzy-i-osobowosci","status":"publish","type":"page","link":"https:\/\/prim.cz\/pl\/ambasadorzy-i-osobowosci\/","title":{"rendered":"Ambasadorzy"},"content":{"rendered":"<section id=\"b-msawry_miyk94pr\" class=\"brxe-section\"><h1 id=\"b-xiycer_miyk94pr\" class=\"brxe-heading h1\">Ambasadorzy i osobisto\u015bci<\/h1><img loading=\"lazy\" decoding=\"async\" width=\"1920\" height=\"800\" src=\"https:\/\/prim.cz\/wp-content\/uploads\/2025\/12\/AMBASADORI-banner-1920x800-ok-2.webp\" class=\"brxe-image css-filter size-full\" alt=\"\" id=\"b-mzyimt_miyk94pr\" srcset=\"https:\/\/prim.cz\/wp-content\/uploads\/2025\/12\/AMBASADORI-banner-1920x800-ok-2.webp 1920w, https:\/\/prim.cz\/wp-content\/uploads\/2025\/12\/AMBASADORI-banner-1920x800-ok-2-300x125.webp 300w, https:\/\/prim.cz\/wp-content\/uploads\/2025\/12\/AMBASADORI-banner-1920x800-ok-2-1024x427.webp 1024w, https:\/\/prim.cz\/wp-content\/uploads\/2025\/12\/AMBASADORI-banner-1920x800-ok-2-768x320.webp 768w, https:\/\/prim.cz\/wp-content\/uploads\/2025\/12\/AMBASADORI-banner-1920x800-ok-2-1536x640.webp 1536w\" sizes=\"auto, (max-width: 1920px) 100vw, 1920px\" \/><\/section><section id=\"b-mmyxdd_miyk94pr\" class=\"brxe-section\"><h2 id=\"b-dxjgii_miyk94pr\" class=\"brxe-heading h2\">Ambasadorzy<\/h2><div id=\"b-mvklnl_miyk94pr\" data-script-id=\"mvklnl_miyk94pr\" class=\"brxe-slider-nested splide brx-auto-height\" data-splide=\"{&quot;type&quot;:&quot;loop&quot;,&quot;direction&quot;:&quot;ltr&quot;,&quot;keyboard&quot;:&quot;global&quot;,&quot;height&quot;:&quot;auto&quot;,&quot;gap&quot;:&quot;30px&quot;,&quot;start&quot;:0,&quot;perPage&quot;:3,&quot;perMove&quot;:1,&quot;speed&quot;:400,&quot;interval&quot;:3000,&quot;autoHeight&quot;:true,&quot;autoplay&quot;:true,&quot;pauseOnHover&quot;:true,&quot;pauseOnFocus&quot;:false,&quot;arrows&quot;:true,&quot;pagination&quot;:false,&quot;mediaQuery&quot;:&quot;max&quot;,&quot;breakpoints&quot;:{&quot;1279&quot;:{&quot;type&quot;:&quot;loop&quot;,&quot;height&quot;:&quot;fit-content&quot;,&quot;gap&quot;:&quot;30px&quot;,&quot;perPage&quot;:&quot;3&quot;,&quot;autoHeight&quot;:true,&quot;autoplay&quot;:true,&quot;pauseOnHover&quot;:true,&quot;arrows&quot;:true},&quot;1169&quot;:{&quot;perPage&quot;:&quot;3&quot;},&quot;478&quot;:{&quot;perPage&quot;:&quot;1&quot;}}}\"><div class=\"splide__track\"><div class=\"splide__list\"><a id=\"ambasador-parent\" href=\"https:\/\/prim.cz\/pl\/osobnost\/josef-machacek\/\" class=\"brxe-ygmgzh brxe-div ambasador-parent\"><div id=\"b-ejolfe_miyk94pr\" class=\"brxe-ejolfe brxe-div b-ejolfe_miyk94pr\"><\/div><h5 id=\"b-tbwmge_miyk94pr\" class=\"brxe-tbwmge brxe-heading h5 b-tbwmge_miyk94pr\">Josef Mach\u00e1\u010dek<\/h5><h6 id=\"b-aboqmp_miyk94pr\" class=\"brxe-aboqmp brxe-heading b-aboqmp_miyk94pr\"><\/h6><\/a><a id=\"ambasador-parent\" href=\"https:\/\/prim.cz\/pl\/osobnost\/tomas-ourednicek\/\" class=\"brxe-ygmgzh brxe-div ambasador-parent\"><div id=\"b-ejolfe_miyk94pr\" class=\"brxe-ejolfe brxe-div b-ejolfe_miyk94pr\"><\/div><h5 id=\"b-tbwmge_miyk94pr\" class=\"brxe-tbwmge brxe-heading h5 b-tbwmge_miyk94pr\">Tom\u00e1\u0161 Ou\u0159edn\u00ed\u010dek<\/h5><h6 id=\"b-aboqmp_miyk94pr\" class=\"brxe-aboqmp brxe-heading b-aboqmp_miyk94pr\"><\/h6><\/a><a id=\"ambasador-parent\" href=\"https:\/\/prim.cz\/pl\/osobnost\/ollie-rouckova\/\" class=\"brxe-ygmgzh brxe-div ambasador-parent\"><div id=\"b-ejolfe_miyk94pr\" class=\"brxe-ejolfe brxe-div b-ejolfe_miyk94pr\"><\/div><h5 id=\"b-tbwmge_miyk94pr\" class=\"brxe-tbwmge brxe-heading h5 b-tbwmge_miyk94pr\">Ollie Rou\u010dkov\u00e1<\/h5><h6 id=\"b-aboqmp_miyk94pr\" class=\"brxe-aboqmp brxe-heading b-aboqmp_miyk94pr\"><\/h6><\/a><a id=\"ambasador-parent\" href=\"https:\/\/prim.cz\/pl\/osobnost\/libor-podmol\/\" class=\"brxe-ygmgzh brxe-div ambasador-parent\"><div id=\"b-ejolfe_miyk94pr\" class=\"brxe-ejolfe brxe-div b-ejolfe_miyk94pr\"><\/div><h5 id=\"b-tbwmge_miyk94pr\" class=\"brxe-tbwmge brxe-heading h5 b-tbwmge_miyk94pr\">Libor Podmol<\/h5><h6 id=\"b-aboqmp_miyk94pr\" class=\"brxe-aboqmp brxe-heading b-aboqmp_miyk94pr\"><\/h6><\/a><a id=\"ambasador-parent\" href=\"https:\/\/prim.cz\/pl\/osobnost\/jan-hvizdal\/\" class=\"brxe-ygmgzh brxe-div ambasador-parent\"><div id=\"b-ejolfe_miyk94pr\" class=\"brxe-ejolfe brxe-div b-ejolfe_miyk94pr\"><\/div><h5 id=\"b-tbwmge_miyk94pr\" class=\"brxe-tbwmge brxe-heading h5 b-tbwmge_miyk94pr\">Jan Hv\u00edzdal<\/h5><h6 id=\"b-aboqmp_miyk94pr\" class=\"brxe-aboqmp brxe-heading b-aboqmp_miyk94pr\"><\/h6><\/a><a id=\"ambasador-parent\" href=\"https:\/\/prim.cz\/pl\/osobnost\/prof-mudr-roman-hajek-csc\/\" class=\"brxe-ygmgzh brxe-div ambasador-parent\"><div id=\"b-ejolfe_miyk94pr\" class=\"brxe-ejolfe brxe-div b-ejolfe_miyk94pr\"><\/div><h5 id=\"b-tbwmge_miyk94pr\" class=\"brxe-tbwmge brxe-heading h5 b-tbwmge_miyk94pr\">prof. MUDr. Roman H\u00e1jek, CSc.<\/h5><h6 id=\"b-aboqmp_miyk94pr\" class=\"brxe-aboqmp brxe-heading b-aboqmp_miyk94pr\"><\/h6><\/a><a id=\"ambasador-parent\" href=\"https:\/\/prim.cz\/pl\/osobnost\/lubor-kos\/\" class=\"brxe-ygmgzh brxe-div ambasador-parent\"><div id=\"b-ejolfe_miyk94pr\" class=\"brxe-ejolfe brxe-div b-ejolfe_miyk94pr\"><\/div><h5 id=\"b-tbwmge_miyk94pr\" class=\"brxe-tbwmge brxe-heading h5 b-tbwmge_miyk94pr\">Lubor Kos<\/h5><h6 id=\"b-aboqmp_miyk94pr\" class=\"brxe-aboqmp brxe-heading b-aboqmp_miyk94pr\"><\/h6><\/a><a id=\"ambasador-parent\" href=\"https:\/\/prim.cz\/pl\/osobnost\/martin-semerad\/\" class=\"brxe-ygmgzh brxe-div ambasador-parent\"><div id=\"b-ejolfe_miyk94pr\" class=\"brxe-ejolfe brxe-div b-ejolfe_miyk94pr\"><\/div><h5 id=\"b-tbwmge_miyk94pr\" class=\"brxe-tbwmge brxe-heading h5 b-tbwmge_miyk94pr\">Martin Semer\u00e1d<\/h5><h6 id=\"b-aboqmp_miyk94pr\" class=\"brxe-aboqmp brxe-heading b-aboqmp_miyk94pr\"><\/h6><\/a><a id=\"ambasador-parent\" href=\"https:\/\/prim.cz\/pl\/osobnost\/michal-krcmar\/\" class=\"brxe-ygmgzh brxe-div ambasador-parent\"><div id=\"b-ejolfe_miyk94pr\" class=\"brxe-ejolfe brxe-div b-ejolfe_miyk94pr\"><\/div><h5 id=\"b-tbwmge_miyk94pr\" class=\"brxe-tbwmge brxe-heading h5 b-tbwmge_miyk94pr\">Michal Kr\u010dm\u00e1\u0159<\/h5><h6 id=\"b-aboqmp_miyk94pr\" class=\"brxe-aboqmp brxe-heading b-aboqmp_miyk94pr\"><\/h6><\/a><a id=\"ambasador-parent\" href=\"https:\/\/prim.cz\/pl\/osobnost\/david-kraus\/\" class=\"brxe-ygmgzh brxe-div ambasador-parent\"><div id=\"b-ejolfe_miyk94pr\" class=\"brxe-ejolfe brxe-div b-ejolfe_miyk94pr\"><\/div><h5 id=\"b-tbwmge_miyk94pr\" class=\"brxe-tbwmge brxe-heading h5 b-tbwmge_miyk94pr\">David Kraus<\/h5><h6 id=\"b-aboqmp_miyk94pr\" class=\"brxe-aboqmp brxe-heading b-aboqmp_miyk94pr\"><\/h6><\/a><a id=\"ambasador-parent\" href=\"https:\/\/prim.cz\/pl\/osobnost\/michael-boros\/\" class=\"brxe-ygmgzh brxe-div ambasador-parent\"><div id=\"b-ejolfe_miyk94pr\" class=\"brxe-ejolfe brxe-div b-ejolfe_miyk94pr\"><\/div><h5 id=\"b-tbwmge_miyk94pr\" class=\"brxe-tbwmge brxe-heading h5 b-tbwmge_miyk94pr\">Michael Boro\u0161<\/h5><h6 id=\"b-aboqmp_miyk94pr\" class=\"brxe-aboqmp brxe-heading b-aboqmp_miyk94pr\"><\/h6><\/a><a id=\"ambasador-parent\" href=\"https:\/\/prim.cz\/pl\/osobnost\/krystof-minarik\/\" class=\"brxe-ygmgzh brxe-div ambasador-parent\"><div id=\"b-ejolfe_miyk94pr\" class=\"brxe-ejolfe brxe-div b-ejolfe_miyk94pr\"><\/div><h5 id=\"b-tbwmge_miyk94pr\" class=\"brxe-tbwmge brxe-heading h5 b-tbwmge_miyk94pr\">Kry\u0161tof Min\u00e1rik<\/h5><h6 id=\"b-aboqmp_miyk94pr\" class=\"brxe-aboqmp brxe-heading b-aboqmp_miyk94pr\"><\/h6><\/a><a id=\"ambasador-parent\" href=\"https:\/\/prim.cz\/pl\/osobnost\/zuzana-hejnova\/\" class=\"brxe-ygmgzh brxe-div ambasador-parent\"><div id=\"b-ejolfe_miyk94pr\" class=\"brxe-ejolfe brxe-div b-ejolfe_miyk94pr\"><figure id=\"ambasador-foto\" class=\"brxe-rkkxvk brxe-image ambasador-foto tag\"><img fetchpriority=\"high\" decoding=\"async\" width=\"368\" height=\"614\" src=\"https:\/\/prim.cz\/wp-content\/uploads\/2024\/11\/Ambasador_Hejnova.webp\" class=\"css-filter size-large\" alt=\"\" loading=\"eager\" srcset=\"https:\/\/prim.cz\/wp-content\/uploads\/2024\/11\/Ambasador_Hejnova.webp 368w, https:\/\/prim.cz\/wp-content\/uploads\/2024\/11\/Ambasador_Hejnova-180x300.webp 180w\" sizes=\"(max-width: 368px) 100vw, 368px\" \/><\/figure><\/div><h5 id=\"b-tbwmge_miyk94pr\" class=\"brxe-tbwmge brxe-heading h5 b-tbwmge_miyk94pr\">Zuzana Hejnov\u00e1<\/h5><h6 id=\"b-aboqmp_miyk94pr\" class=\"brxe-aboqmp brxe-heading b-aboqmp_miyk94pr\"><\/h6><\/a><\/div><\/div><div class=\"splide__arrows custom\"><button class=\"splide__arrow splide__arrow--prev\" type=\"button\"><i class=\"ion-ios-arrow-back\"><\/i><\/button><button class=\"splide__arrow splide__arrow--next\" type=\"button\"><i class=\"ion-ios-arrow-forward\"><\/i><\/button><\/div><\/div><\/section>","protected":false},"excerpt":{"rendered":"","protected":false},"author":2,"featured_media":0,"parent":0,"menu_order":0,"comment_status":"closed","ping_status":"closed","template":"templates\/gutenbricks-dynamic-template-default.php","meta":{"_acf_changed":false,"_link_to_original":"","footnotes":""},"class_list":["post-32334","page","type-page","status-publish","hentry"],"acf":[],"yoast_head":"<!-- This site is optimized with the Yoast SEO plugin v26.9 - https:\/\/yoast.com\/product\/yoast-seo-wordpress\/ -->\n<title>Ambasadorzy - PRIM.cz - origin\u00e1ln\u00ed \u010desk\u00e9 p\u00e1nsk\u00e9, d\u00e1msk\u00e9, d\u011btsk\u00e9 hodinky a hodiny<\/title>\n<meta name=\"robots\" content=\"index, follow, max-snippet:-1, max-image-preview:large, max-video-preview:-1\" \/>\n<link rel=\"canonical\" href=\"https:\/\/prim.cz\/pl\/ambasadorzy-i-osobowosci\/\" \/>\n<meta property=\"og:locale\" content=\"pl_PL\" \/>\n<meta property=\"og:type\" content=\"article\" \/>\n<meta property=\"og:title\" content=\"Ambasadorzy - PRIM.cz - origin\u00e1ln\u00ed \u010desk\u00e9 p\u00e1nsk\u00e9, d\u00e1msk\u00e9, d\u011btsk\u00e9 hodinky a hodiny\" \/>\n<meta property=\"og:url\" content=\"https:\/\/prim.cz\/pl\/ambasadorzy-i-osobowosci\/\" \/>\n<meta property=\"og:site_name\" content=\"PRIM.cz - origin\u00e1ln\u00ed \u010desk\u00e9 p\u00e1nsk\u00e9, d\u00e1msk\u00e9, d\u011btsk\u00e9 hodinky a hodiny\" \/>\n<meta property=\"article:modified_time\" content=\"2025-12-18T12:56:24+00:00\" \/>\n<meta property=\"og:image\" content=\"https:\/\/prim.cz\/wp-content\/uploads\/2025\/12\/AMBASADORI-banner-1920x800-ok-2.webp\" \/>\n<meta name=\"twitter:card\" content=\"summary_large_image\" \/>\n<meta name=\"twitter:label1\" content=\"Szacowany czas czytania\" \/>\n\t<meta name=\"twitter:data1\" content=\"5 minut\" \/>\n<script type=\"application\/ld+json\" class=\"yoast-schema-graph\">{\"@context\":\"https:\/\/schema.org\",\"@graph\":[{\"@type\":\"WebPage\",\"@id\":\"https:\/\/prim.cz\/pl\/ambasadorzy-i-osobowosci\/\",\"url\":\"https:\/\/prim.cz\/pl\/ambasadorzy-i-osobowosci\/\",\"name\":\"Ambasadorzy - PRIM.cz - origin\u00e1ln\u00ed \u010desk\u00e9 p\u00e1nsk\u00e9, d\u00e1msk\u00e9, d\u011btsk\u00e9 hodinky a hodiny\",\"isPartOf\":{\"@id\":\"https:\/\/prim.cz\/en\/#website\"},\"primaryImageOfPage\":{\"@id\":\"https:\/\/prim.cz\/pl\/ambasadorzy-i-osobowosci\/#primaryimage\"},\"image\":{\"@id\":\"https:\/\/prim.cz\/pl\/ambasadorzy-i-osobowosci\/#primaryimage\"},\"thumbnailUrl\":\"https:\/\/prim.cz\/wp-content\/uploads\/2025\/12\/AMBASADORI-banner-1920x800-ok-2.webp\",\"datePublished\":\"2025-05-16T10:04:54+00:00\",\"dateModified\":\"2025-12-18T12:56:24+00:00\",\"breadcrumb\":{\"@id\":\"https:\/\/prim.cz\/pl\/ambasadorzy-i-osobowosci\/#breadcrumb\"},\"inLanguage\":\"pl-PL\",\"potentialAction\":[{\"@type\":\"ReadAction\",\"target\":[\"https:\/\/prim.cz\/pl\/ambasadorzy-i-osobowosci\/\"]}]},{\"@type\":\"ImageObject\",\"inLanguage\":\"pl-PL\",\"@id\":\"https:\/\/prim.cz\/pl\/ambasadorzy-i-osobowosci\/#primaryimage\",\"url\":\"https:\/\/prim.cz\/wp-content\/uploads\/2025\/12\/AMBASADORI-banner-1920x800-ok-2.webp\",\"contentUrl\":\"https:\/\/prim.cz\/wp-content\/uploads\/2025\/12\/AMBASADORI-banner-1920x800-ok-2.webp\"},{\"@type\":\"BreadcrumbList\",\"@id\":\"https:\/\/prim.cz\/pl\/ambasadorzy-i-osobowosci\/#breadcrumb\",\"itemListElement\":[{\"@type\":\"ListItem\",\"position\":1,\"name\":\"Dom\u016f\",\"item\":\"https:\/\/prim.cz\/pl\/\"},{\"@type\":\"ListItem\",\"position\":2,\"name\":\"Ambasadorzy\"}]},{\"@type\":\"WebSite\",\"@id\":\"https:\/\/prim.cz\/en\/#website\",\"url\":\"https:\/\/prim.cz\/en\/\",\"name\":\"PRIM - origin\u00e1ln\u00ed \u010desk\u00e9 p\u00e1nsk\u00e9, d\u00e1msk\u00e9, d\u011btsk\u00e9 hodinky a hodiny\",\"description\":\"Nakupujte p\u0159\u00edmo u v\u00fdrobce! Origin\u00e1ln\u00ed eshop s kompletn\u00edm sortimentem \u010desk\u00fdch hodinek PRIM.\",\"alternateName\":\"prim.cz\",\"potentialAction\":[{\"@type\":\"SearchAction\",\"target\":{\"@type\":\"EntryPoint\",\"urlTemplate\":\"https:\/\/prim.cz\/en\/?s={search_term_string}\"},\"query-input\":{\"@type\":\"PropertyValueSpecification\",\"valueRequired\":true,\"valueName\":\"search_term_string\"}}],\"inLanguage\":\"pl-PL\"}]}<\/script>\n<!-- \/ Yoast SEO plugin. -->","yoast_head_json":{"title":"Ambasadorzy - PRIM.cz - origin\u00e1ln\u00ed \u010desk\u00e9 p\u00e1nsk\u00e9, d\u00e1msk\u00e9, d\u011btsk\u00e9 hodinky a hodiny","robots":{"index":"index","follow":"follow","max-snippet":"max-snippet:-1","max-image-preview":"max-image-preview:large","max-video-preview":"max-video-preview:-1"},"canonical":"https:\/\/prim.cz\/pl\/ambasadorzy-i-osobowosci\/","og_locale":"pl_PL","og_type":"article","og_title":"Ambasadorzy - PRIM.cz - origin\u00e1ln\u00ed \u010desk\u00e9 p\u00e1nsk\u00e9, d\u00e1msk\u00e9, d\u011btsk\u00e9 hodinky a hodiny","og_url":"https:\/\/prim.cz\/pl\/ambasadorzy-i-osobowosci\/","og_site_name":"PRIM.cz - origin\u00e1ln\u00ed \u010desk\u00e9 p\u00e1nsk\u00e9, d\u00e1msk\u00e9, d\u011btsk\u00e9 hodinky a hodiny","article_modified_time":"2025-12-18T12:56:24+00:00","og_image":[{"url":"https:\/\/prim.cz\/wp-content\/uploads\/2025\/12\/AMBASADORI-banner-1920x800-ok-2.webp","type":"","width":"","height":""}],"twitter_card":"summary_large_image","twitter_misc":{"Szacowany czas czytania":"5 minut"},"schema":{"@context":"https:\/\/schema.org","@graph":[{"@type":"WebPage","@id":"https:\/\/prim.cz\/pl\/ambasadorzy-i-osobowosci\/","url":"https:\/\/prim.cz\/pl\/ambasadorzy-i-osobowosci\/","name":"Ambasadorzy - PRIM.cz - origin\u00e1ln\u00ed \u010desk\u00e9 p\u00e1nsk\u00e9, d\u00e1msk\u00e9, d\u011btsk\u00e9 hodinky a hodiny","isPartOf":{"@id":"https:\/\/prim.cz\/en\/#website"},"primaryImageOfPage":{"@id":"https:\/\/prim.cz\/pl\/ambasadorzy-i-osobowosci\/#primaryimage"},"image":{"@id":"https:\/\/prim.cz\/pl\/ambasadorzy-i-osobowosci\/#primaryimage"},"thumbnailUrl":"https:\/\/prim.cz\/wp-content\/uploads\/2025\/12\/AMBASADORI-banner-1920x800-ok-2.webp","datePublished":"2025-05-16T10:04:54+00:00","dateModified":"2025-12-18T12:56:24+00:00","breadcrumb":{"@id":"https:\/\/prim.cz\/pl\/ambasadorzy-i-osobowosci\/#breadcrumb"},"inLanguage":"pl-PL","potentialAction":[{"@type":"ReadAction","target":["https:\/\/prim.cz\/pl\/ambasadorzy-i-osobowosci\/"]}]},{"@type":"ImageObject","inLanguage":"pl-PL","@id":"https:\/\/prim.cz\/pl\/ambasadorzy-i-osobowosci\/#primaryimage","url":"https:\/\/prim.cz\/wp-content\/uploads\/2025\/12\/AMBASADORI-banner-1920x800-ok-2.webp","contentUrl":"https:\/\/prim.cz\/wp-content\/uploads\/2025\/12\/AMBASADORI-banner-1920x800-ok-2.webp"},{"@type":"BreadcrumbList","@id":"https:\/\/prim.cz\/pl\/ambasadorzy-i-osobowosci\/#breadcrumb","itemListElement":[{"@type":"ListItem","position":1,"name":"Dom\u016f","item":"https:\/\/prim.cz\/pl\/"},{"@type":"ListItem","position":2,"name":"Ambasadorzy"}]},{"@type":"WebSite","@id":"https:\/\/prim.cz\/en\/#website","url":"https:\/\/prim.cz\/en\/","name":"PRIM - origin\u00e1ln\u00ed \u010desk\u00e9 p\u00e1nsk\u00e9, d\u00e1msk\u00e9, d\u011btsk\u00e9 hodinky a hodiny","description":"Nakupujte p\u0159\u00edmo u v\u00fdrobce! Origin\u00e1ln\u00ed eshop s kompletn\u00edm sortimentem \u010desk\u00fdch hodinek PRIM.","alternateName":"prim.cz","potentialAction":[{"@type":"SearchAction","target":{"@type":"EntryPoint","urlTemplate":"https:\/\/prim.cz\/en\/?s={search_term_string}"},"query-input":{"@type":"PropertyValueSpecification","valueRequired":true,"valueName":"search_term_string"}}],"inLanguage":"pl-PL"}]}},"wpml_current_locale":"pl_PL","wpml_translations":{"cs_CZ":{"locale":"cs_CZ","id":32258,"slug":"ambasadori-a-osobnosti","post_title":"Ambasado\u0159i a osobnosti","href":"https:\/\/prim.cz\/ambasadori-a-osobnosti\/"},"sk_SK":{"locale":"sk_SK","id":36924,"slug":"ambasadori-a-osobnosti","post_title":"Ambas\u00e1dori a osobnosti","href":"https:\/\/prim.cz\/sk\/ambasadori-a-osobnosti\/"},"pl_PL":{"locale":"pl_PL","translation":"current"},"en_US":{"locale":"en_US","id":32325,"slug":"ambassadors-and-personalities","post_title":"Ambasadors and personalities","href":"https:\/\/prim.cz\/en\/ambassadors-and-personalities\/"}},"_links":{"self":[{"href":"https:\/\/prim.cz\/pl\/wp-json\/wp\/v2\/pages\/32334","targetHints":{"allow":["GET"]}}],"collection":[{"href":"https:\/\/prim.cz\/pl\/wp-json\/wp\/v2\/pages"}],"about":[{"href":"https:\/\/prim.cz\/pl\/wp-json\/wp\/v2\/types\/page"}],"author":[{"embeddable":true,"href":"https:\/\/prim.cz\/pl\/wp-json\/wp\/v2\/users\/2"}],"replies":[{"embeddable":true,"href":"https:\/\/prim.cz\/pl\/wp-json\/wp\/v2\/comments?post=32334"}],"version-history":[{"count":10,"href":"https:\/\/prim.cz\/pl\/wp-json\/wp\/v2\/pages\/32334\/revisions"}],"predecessor-version":[{"id":40964,"href":"https:\/\/prim.cz\/pl\/wp-json\/wp\/v2\/pages\/32334\/revisions\/40964"}],"wp:attachment":[{"href":"https:\/\/prim.cz\/pl\/wp-json\/wp\/v2\/media?parent=32334"}],"curies":[{"name":"wp","href":"https:\/\/api.w.org\/{rel}","templated":true}]}}