{"id":29207,"date":"2025-03-06T19:20:07","date_gmt":"2025-03-06T18:20:07","guid":{"rendered":"https:\/\/new.prim-hodinky.cz\/servis-nove\/"},"modified":"2026-02-11T12:16:57","modified_gmt":"2026-02-11T11:16:57","slug":"uslugi-serwisowe","status":"publish","type":"page","link":"https:\/\/prim.cz\/pl\/uslugi-serwisowe\/","title":{"rendered":"Serwis"},"content":{"rendered":"<div id=\"b-tyagzm_m7xo9033\" class=\"brxe-div\"><\/div>\n\n<section id=\"b-mcxffn_mk5gthn9\" class=\"brxe-section\"><h1 id=\"b-hcejwt_mk5gthn9\" class=\"brxe-heading h1 hero-sekce-heading-stylizace\">Do przekazywania z pokolenia na pokolenie<\/h1><img decoding=\"async\" class=\"brxe-image\" loading=\"eager\" id=\"b-vriewa_mk5gthn9\" src=\"https:\/\/prim.cz\/wp-content\/uploads\/2024\/11\/HODINARI-1-1920-1024x512.webp\" alt><div id=\"b-kbbabk_mk5gthn9\" class=\"brxe-div arrow-down hero-sekce-heading-stylizace\"><i id=\"b-tbqjvm_mk5gthn9\" class=\"ion-md-arrow-round-down brxe-icon\"><\/i><\/div><\/section><section id=\"b-izqoro_mk5gthn9\" class=\"brxe-div\"><h2 id=\"b-ylvnlg_mk5gthn9\" class=\"brxe-heading h2\">Us\u0142ugi serwisowe<\/h2><div id=\"b-sfgelx_mk5gthn9\" class=\"brxe-text-basic text\">Potrzebujesz naprawi\u0107, wyczy\u015bci\u0107 lub sprawdzi\u0107 sw\u00f3j zegarek PRIM, zegar lub zegarek kieszonkowy?<br data-rich-text-line-break=\"true\"><div><br data-rich-text-line-break=\"true\">B\u0119dzie dla nas przyjemno\u015bci\u0105 naprawi\u0107, wyczy\u015bci\u0107 lub odnowi\u0107 Tw\u00f3j zegarek, zegar lub zegarek kieszonkowy. Wszystkim naszym produktom zapewniamy profesjonalny serwis, i to bez wzgl\u0119du na to, czy chodzi o serwis gwarancyjny, czy te\u017c pogwarancyjny. <\/div><\/div><a id=\"b-cxmapr_mk5gthn9\" class=\"brxe-button bricks-button bricks-background-secondary\" href rel title aria-label=\"Add Content...\"><span data-gbrx-id=\"gb-cxmapr\" data-gbrx-subfield=\"text\" >Objednat<\/span><\/a><img decoding=\"async\" class=\"brxe-image\" id=\"b-ubdfty_mk5gthn9\" src=\"https:\/\/prim.cz\/wp-content\/uploads\/2024\/11\/HODINARI-3.jpg\" alt><\/section><section id=\"reklamace\" class=\"brxe-div\"><h2 id=\"brxe-tutypn\" class=\"brxe-heading h2\">Jak na reklamaci<\/h2><div id=\"brxe-uqofvd\" class=\"brxe-div\"><div id=\"brxe-ktljml\" class=\"brxe-text-basic text\">Nev\u00e1hejte n\u00e1s kontaktovat ohledn\u011b zhodnocen\u00ed z\u00e1vady. N\u00e1\u0161 servis v\u00e1m poskytne \u00fapln\u00e9 a odborn\u00e9 informace a porad\u00ed v\u00e1m, jak d\u00e1le postupovat.<div><br><\/div><div>Prov\u00e1d\u00edme opravy hodinek, hodin i bud\u00edk\u016f a n\u00e1\u0161 t\u00fdm hodin\u00e1\u0159\u016f je tu pro V\u00e1s.<\/div><div><br><\/div><div>Napi\u0161te n\u00e1m ohledn\u011b Va\u0161\u00ed reklamace na reklamace@prim.cz.<\/div><\/div><\/div><section id=\"popup-online\" class=\"brxe-section\"><div id=\"brxe-nfyoze\" class=\"brxe-div\"><div id=\"brxe-dxttgp\" class=\"brxe-div\" data-interactions=\"[{&quot;id&quot;:&quot;jqklsy&quot;,&quot;trigger&quot;:&quot;click&quot;,&quot;action&quot;:&quot;hide&quot;,&quot;target&quot;:&quot;custom&quot;,&quot;targetSelector&quot;:&quot;#popup-online&quot;}]\" data-interaction-id=\"0c3667\"><\/div><div id=\"brxe-vxjwhm\" class=\"brxe-div\"><i id=\"brxe-qegmad\" class=\"ion-md-close brxe-icon\" data-interactions=\"[{&quot;id&quot;:&quot;lmyaxm&quot;,&quot;trigger&quot;:&quot;click&quot;,&quot;action&quot;:&quot;hide&quot;,&quot;target&quot;:&quot;custom&quot;,&quot;targetSelector&quot;:&quot;#popup-online&quot;,&quot;titleEditable&quot;:&quot;Zav\\u0159\\u00edt popup&quot;}]\" data-interaction-id=\"16e233\"><\/i><h2 id=\"brxe-iegsjk\" class=\"brxe-heading h2\">Online<\/h2><div id=\"brxe-xqmsdo\" class=\"brxe-text-basic text\">Pokud si nejste jisti, co d\u011blat, nebo jen pot\u0159ebujete poradit, pou\u017eijte n\u00e1\u0161 online formul\u00e1\u0159.<\/div><div id=\"brxe-xpmkxw\" class=\"brxe-div\"><div id=\"brxe-mykrly\" class=\"brxe-div\"><h3 id=\"brxe-zpetiz\" class=\"brxe-heading h3\">Servis<\/h3><div id=\"brxe-pjepho\" class=\"brxe-text-basic text\">Napi\u0161te n\u00e1m o slu\u017eb\u00e1ch \u00fadr\u017eby<\/div><div id=\"brxe-kbibvr\" class=\"brxe-template\"><section id=\"brxe-bd3eba\" class=\"brxe-section\"><div id=\"brxe-gcstxo\" class=\"brxe-shortcode\">\n<div class=\"wpcf7 no-js\" id=\"wpcf7-f33479-o1\" lang=\"cs-CZ\" dir=\"ltr\" data-wpcf7-id=\"33479\">\n<div class=\"screen-reader-response\"><p role=\"status\" aria-live=\"polite\" aria-atomic=\"true\"><\/p> <ul><\/ul><\/div>\n<form action=\"\/pl\/wp-json\/wp\/v2\/pages\/29207#wpcf7-f33479-o1\" method=\"post\" class=\"wpcf7-form init\" aria-label=\"Kontaktn\u00ed formul\u00e1\u0159\" enctype=\"multipart\/form-data\" novalidate=\"novalidate\" data-status=\"init\">\n<fieldset class=\"hidden-fields-container\"><input type=\"hidden\" name=\"_wpcf7\" value=\"33479\" \/><input type=\"hidden\" name=\"_wpcf7_version\" value=\"6.1.5\" \/><input type=\"hidden\" name=\"_wpcf7_locale\" value=\"cs_CZ\" \/><input type=\"hidden\" name=\"_wpcf7_unit_tag\" value=\"wpcf7-f33479-o1\" \/><input type=\"hidden\" name=\"_wpcf7_container_post\" value=\"0\" \/><input type=\"hidden\" name=\"_wpcf7_posted_data_hash\" value=\"\" \/><input type=\"hidden\" name=\"_wpcf7_recaptcha_response\" value=\"\" \/>\n<\/fieldset>\n<p><label> Va\u0161e jm\u00e9no<br \/>\n<span class=\"wpcf7-form-control-wrap\" data-name=\"your-name\"><input size=\"40\" maxlength=\"400\" class=\"wpcf7-form-control wpcf7-text wpcf7-validates-as-required\" autocomplete=\"name\" aria-required=\"true\" aria-invalid=\"false\" placeholder=\"Va\u0161e jm\u00e9no a p\u0159\u00edjmen\u00ed\" value=\"\" type=\"text\" name=\"your-name\" \/><\/span> <\/label>\n<\/p>\n<p><label> V\u00e1\u0161 e-mail<br \/>\n<span class=\"wpcf7-form-control-wrap\" data-name=\"your-email\"><input size=\"40\" maxlength=\"400\" class=\"wpcf7-form-control wpcf7-email wpcf7-validates-as-required wpcf7-text wpcf7-validates-as-email\" autocomplete=\"email\" aria-required=\"true\" aria-invalid=\"false\" placeholder=\"V\u00e1\u0161 e-mail\" value=\"\" type=\"email\" name=\"your-email\" \/><\/span> <\/label>\n<\/p>\n<p><label> Va\u0161e telefonn\u00ed \u010d\u00edslo<br \/>\n<span class=\"wpcf7-form-control-wrap\" data-name=\"your-phone\"><input size=\"40\" maxlength=\"400\" class=\"wpcf7-form-control wpcf7-tel wpcf7-validates-as-required wpcf7-text wpcf7-validates-as-tel\" autocomplete=\"tel\" aria-required=\"true\" aria-invalid=\"false\" placeholder=\"Va\u0161e tel. \u010d\u00edslo\" value=\"\" type=\"tel\" name=\"your-phone\" \/><\/span> <\/label>\n<\/p>\n<p><label> Va\u0161e zpr\u00e1va<br \/>\n<span class=\"wpcf7-form-control-wrap\" data-name=\"your-message\"><textarea cols=\"10\" rows=\"2\" maxlength=\"2000\" class=\"wpcf7-form-control wpcf7-textarea wpcf7-validates-as-required\" aria-required=\"true\" aria-invalid=\"false\" name=\"your-message\"><\/textarea><\/span> <\/label>\n<\/p>\n<p><label> Vyberte soubor\/y<br \/>\n<span class=\"wpcf7-form-control-wrap\" data-name=\"file-425\"><input size=\"40\" class=\"wpcf7-form-control wpcf7-file\" accept=\"audio\/*,video\/*,image\/*\" aria-invalid=\"false\" type=\"file\" name=\"file-425\" \/><\/span><br \/>\n<\/label>\n<\/p>\n<div style=\"margin-top: 30px;\">\n\t<p><input class=\"wpcf7-form-control wpcf7-submit has-spinner brxe-button bricks-button xl bricks-background-primary\" type=\"submit\" value=\"Odeslat\" \/>\n\t<\/p>\n<\/div><div class=\"wpcf7-response-output\" aria-hidden=\"true\"><\/div>\n<\/form>\n<\/div>\n<\/div><\/section><\/div><\/div><div id=\"brxe-agmgbt\" class=\"brxe-div\"><h3 id=\"brxe-iknuly\" class=\"brxe-heading h3\">Reklamace<\/h3><div id=\"brxe-tammex\" class=\"brxe-text-basic text\">Napi\u0161te n\u00e1m o va\u0161\u00ed st\u00ed\u017enosti<\/div><div id=\"brxe-ozhcuo\" class=\"brxe-template\"><section id=\"brxe-8eea77\" class=\"brxe-section\"><div id=\"brxe-yxwxou\" class=\"brxe-shortcode\">\n<div class=\"wpcf7 no-js\" id=\"wpcf7-f33507-o2\" lang=\"cs-CZ\" dir=\"ltr\" data-wpcf7-id=\"33507\">\n<div class=\"screen-reader-response\"><p role=\"status\" aria-live=\"polite\" aria-atomic=\"true\"><\/p> <ul><\/ul><\/div>\n<form action=\"\/pl\/wp-json\/wp\/v2\/pages\/29207#wpcf7-f33507-o2\" method=\"post\" class=\"wpcf7-form init\" aria-label=\"Kontaktn\u00ed formul\u00e1\u0159\" enctype=\"multipart\/form-data\" novalidate=\"novalidate\" data-status=\"init\">\n<fieldset class=\"hidden-fields-container\"><input type=\"hidden\" name=\"_wpcf7\" value=\"33507\" \/><input type=\"hidden\" name=\"_wpcf7_version\" value=\"6.1.5\" \/><input type=\"hidden\" name=\"_wpcf7_locale\" value=\"cs_CZ\" \/><input type=\"hidden\" name=\"_wpcf7_unit_tag\" value=\"wpcf7-f33507-o2\" \/><input type=\"hidden\" name=\"_wpcf7_container_post\" value=\"0\" \/><input type=\"hidden\" name=\"_wpcf7_posted_data_hash\" value=\"\" \/><input type=\"hidden\" name=\"_wpcf7_recaptcha_response\" value=\"\" \/>\n<\/fieldset>\n<p><label> Va\u0161e jm\u00e9no<br \/>\n<span class=\"wpcf7-form-control-wrap\" data-name=\"your-name\"><input size=\"40\" maxlength=\"400\" class=\"wpcf7-form-control wpcf7-text wpcf7-validates-as-required\" autocomplete=\"name\" aria-required=\"true\" aria-invalid=\"false\" placeholder=\"Va\u0161e jm\u00e9no a p\u0159\u00edjmen\u00ed\" value=\"\" type=\"text\" name=\"your-name\" \/><\/span> <\/label>\n<\/p>\n<p><label> V\u00e1\u0161 e-mail<br \/>\n<span class=\"wpcf7-form-control-wrap\" data-name=\"your-email\"><input size=\"40\" maxlength=\"400\" class=\"wpcf7-form-control wpcf7-email wpcf7-validates-as-required wpcf7-text wpcf7-validates-as-email\" autocomplete=\"email\" aria-required=\"true\" aria-invalid=\"false\" placeholder=\"V\u00e1\u0161 e-mail\" value=\"\" type=\"email\" name=\"your-email\" \/><\/span> <\/label>\n<\/p>\n<p><label> Va\u0161e telefonn\u00ed \u010d\u00edslo<br \/>\n<span class=\"wpcf7-form-control-wrap\" data-name=\"your-phone\"><input size=\"40\" maxlength=\"400\" class=\"wpcf7-form-control wpcf7-tel wpcf7-validates-as-required wpcf7-text wpcf7-validates-as-tel\" autocomplete=\"tel\" aria-required=\"true\" aria-invalid=\"false\" placeholder=\"Va\u0161e tel. \u010d\u00edslo\" value=\"\" type=\"tel\" name=\"your-phone\" \/><\/span> <\/label>\n<\/p>\n<p><label> Va\u0161e zpr\u00e1va<br \/>\n<span class=\"wpcf7-form-control-wrap\" data-name=\"your-message\"><textarea cols=\"10\" rows=\"2\" maxlength=\"2000\" class=\"wpcf7-form-control wpcf7-textarea wpcf7-validates-as-required\" aria-required=\"true\" aria-invalid=\"false\" name=\"your-message\"><\/textarea><\/span> <\/label>\n<\/p>\n<p><label> Vyberte soubor\/y<br \/>\n<span class=\"wpcf7-form-control-wrap\" data-name=\"file-425\"><input size=\"40\" class=\"wpcf7-form-control wpcf7-file\" accept=\"audio\/*,video\/*,image\/*\" aria-invalid=\"false\" type=\"file\" name=\"file-425\" \/><\/span><br \/>\n<\/label>\n<\/p>\n<div style=\"margin-top: 30px;\">\n\t<p><input class=\"wpcf7-form-control wpcf7-submit has-spinner brxe-button bricks-button xl bricks-background-primary\" type=\"submit\" value=\"Odeslat\" \/>\n\t<\/p>\n<\/div><div class=\"wpcf7-response-output\" aria-hidden=\"true\"><\/div>\n<\/form>\n<\/div>\n<\/div><\/section><\/div><\/div><\/div><\/div><\/div><\/section><section id=\"popup-posta\" class=\"brxe-section\"><div id=\"brxe-dtxwvj\" class=\"brxe-div\"><div id=\"brxe-bprnnl\" class=\"brxe-div\" data-interactions=\"[{&quot;id&quot;:&quot;sggvgn&quot;,&quot;trigger&quot;:&quot;click&quot;,&quot;action&quot;:&quot;hide&quot;,&quot;target&quot;:&quot;custom&quot;,&quot;targetSelector&quot;:&quot;#popup-posta&quot;}]\" data-interaction-id=\"388703\"><\/div><div id=\"brxe-yppehr\" class=\"brxe-div\"><i id=\"brxe-nzsazr\" class=\"ion-md-close brxe-icon\" data-interactions=\"[{&quot;id&quot;:&quot;uywgfi&quot;,&quot;trigger&quot;:&quot;click&quot;,&quot;action&quot;:&quot;hide&quot;,&quot;target&quot;:&quot;custom&quot;,&quot;targetSelector&quot;:&quot;#popup-posta&quot;,&quot;titleEditable&quot;:&quot;Zav\\u0159\\u00edt popup&quot;}]\" data-interaction-id=\"3c7887\"><\/i><h3 id=\"brxe-vjhaki\" class=\"brxe-heading h2\">Po\u0161tou<\/h3><div id=\"brxe-skqruw\" class=\"brxe-text-basic text\">Za\u0161lete n\u00e1m reklamovan\u00fd produkt na na\u0161i adresu spole\u010dn\u011b s dokladem prokazuj\u00edc\u00edm koupi zbo\u017e\u00ed a vypln\u011bn\u00fdm reklama\u010dn\u00edm formul\u00e1\u0159em.<\/div><a id=\"brxe-tpyfmx\" class=\"brxe-button bricks-button bricks-background-primary\" href=\"https:\/\/prim.cz\/wp-content\/uploads\/2024\/10\/reklamacni-list_objednavka-opravy-prim-2026.pdf\">St\u00e1hnout formul\u00e1\u0159<\/a><\/div><\/div><\/section><section id=\"popup-prodejna\" class=\"brxe-section\"><div id=\"brxe-bznsbg\" class=\"brxe-div\"><div id=\"brxe-rtzkaj\" class=\"brxe-div\" data-interactions=\"[{&quot;id&quot;:&quot;jqklsy&quot;,&quot;trigger&quot;:&quot;click&quot;,&quot;action&quot;:&quot;hide&quot;,&quot;target&quot;:&quot;custom&quot;,&quot;targetSelector&quot;:&quot;#popup-prodejna&quot;}]\" data-interaction-id=\"54aafe\"><\/div><div id=\"brxe-esyclh\" class=\"brxe-div\"><i id=\"brxe-cundbk\" class=\"ion-md-close brxe-icon\" data-interactions=\"[{&quot;id&quot;:&quot;lmyaxm&quot;,&quot;trigger&quot;:&quot;click&quot;,&quot;action&quot;:&quot;hide&quot;,&quot;target&quot;:&quot;custom&quot;,&quot;targetSelector&quot;:&quot;#popup-prodejna&quot;,&quot;titleEditable&quot;:&quot;Zav\\u0159\\u00edt popup&quot;}]\" data-interaction-id=\"000ecc\"><\/i><h3 id=\"brxe-vkwdtu\" class=\"brxe-heading h2\">Prodejna a servis<\/h3><div id=\"brxe-yhucmf\" class=\"brxe-text-basic text\">\n\nNejrychleji reklamaci vy\u0159\u00edd\u00edte n\u00e1v\u0161t\u011bvou p\u0159\u00edmo u n\u00e1s ve firemn\u00ed prodejn\u011b PRIM v centr\u00e1le na\u0161\u00ed spole\u010dnosti, kde s\u00eddl\u00ed i servisn\u00ed odd\u011blen\u00ed.\n<\/div><div class=\"brxe-fprvzm brxe-div\"><div class=\"brxe-xplpkm brxe-div\"><div class=\"brxe-rtfrqe brxe-text-basic\">PRIM<br>P\u0159\u00edborsk\u00e1 1473<br>738 01 Fr\u00fddek-M\u00edstek<\/div><div class=\"brxe-xkwdar brxe-text-basic\">Po-P\u00e1 8:00-16:00<\/div><div class=\"brxe-iotdhz brxe-text-basic text\">(Poledn\u00ed pauza 12:00-12:30)<\/div><div class=\"brxe-bcufsm brxe-text-basic text\">R\u00e1di v\u00e1s obslou\u017e\u00edme i po 16.00 hod. na z\u00e1klad\u011b p\u0159edchoz\u00ed telefonick\u00e9 \u010di mailov\u00e9 domluvy. Dal\u0161\u00ed informace na telefonu +420 722 954 467.<\/div><\/div><div class=\"brxe-fgpcdb brxe-div\"><div data-script-id=\"6183c4_mk5gthn9\" class=\"brxe-hkoojf brxe-map\" data-bricks-map-options=\"{&quot;addresses&quot;:[{&quot;id&quot;:&quot;dwvigg&quot;,&quot;address&quot;:&quot;Fr\\u00fddek-M\\u00edstek P\\u0159\\u00edborsk\\u00e1 1473 738 01&quot;}],&quot;zoom&quot;:14,&quot;scrollwheel&quot;:true,&quot;draggable&quot;:true,&quot;fullscreenControl&quot;:false,&quot;mapTypeControl&quot;:false,&quot;streetViewControl&quot;:true,&quot;zoomControl&quot;:true,&quot;disableDefaultUI&quot;:false,&quot;type&quot;:&quot;roadmap&quot;}\"><\/div><\/div><\/div><\/div><\/div><\/section><div id=\"brxe-uijstq\" class=\"brxe-container\"><div id=\"brxe-lymqpy\" class=\"brxe-div brx-grid\"><div id=\"blok-posta\" class=\"brxe-div brx-grid\" onclick data-interactions=\"[{&quot;id&quot;:&quot;uzgflg&quot;,&quot;trigger&quot;:&quot;click&quot;,&quot;action&quot;:&quot;show&quot;,&quot;target&quot;:&quot;custom&quot;,&quot;targetSelector&quot;:&quot;#popup-posta&quot;}]\" data-interaction-id=\"5cf082\"><div id=\"brxe-hzcabz\" class=\"brxe-div\"><i id=\"brxe-tagmel\" class=\"ion-ios-mail brxe-icon\"><\/i><h3 id=\"brxe-ijtcnq\" class=\"brxe-heading h5\">Po\u0161tou<\/h3><\/div><div id=\"brxe-chlacn\" class=\"brxe-div\"><span id=\"brxe-kmpkdy\" class=\"brxe-button bricks-button bricks-background-secondary\">V\u00edce informac\u00ed<\/span><\/div><\/div><div id=\"blok-osobne\" class=\"brxe-div brx-grid\" onclick data-interactions=\"[{&quot;id&quot;:&quot;tjqiyy&quot;,&quot;trigger&quot;:&quot;click&quot;,&quot;action&quot;:&quot;show&quot;,&quot;target&quot;:&quot;custom&quot;,&quot;targetSelector&quot;:&quot;#popup-prodejna&quot;}]\" data-interaction-id=\"c485ed\"><div id=\"brxe-wenhmc\" class=\"brxe-div\"><i id=\"brxe-xsxklw\" class=\"fas fa-shop brxe-icon\"><\/i><h3 id=\"brxe-gpomik\" class=\"brxe-heading h5\">Osobn\u011b<\/h3><\/div><div id=\"brxe-sgkdsw\" class=\"brxe-div\"><span id=\"brxe-qhyztg\" class=\"brxe-button bricks-button bricks-background-secondary\">Nav\u0161tivte n\u00e1s<\/span><\/div><\/div><div id=\"blok-online\" class=\"brxe-div brx-grid\" onclick data-interactions=\"[{&quot;id&quot;:&quot;thlegd&quot;,&quot;trigger&quot;:&quot;click&quot;,&quot;action&quot;:&quot;show&quot;,&quot;target&quot;:&quot;custom&quot;,&quot;targetSelector&quot;:&quot;#popup-online&quot;}]\" data-interaction-id=\"6d7201\"><div id=\"brxe-cmtzvi\" class=\"brxe-div\"><i id=\"brxe-pjnyqu\" class=\"ion-md-planet brxe-icon\"><\/i><h3 id=\"brxe-oavbpi\" class=\"brxe-heading h5\">Online<\/h3><\/div><div id=\"brxe-ymiuxe\" class=\"brxe-div\"><span id=\"brxe-gqpqeh\" class=\"brxe-button bricks-button bricks-background-secondary\">Napi\u0161te n\u00e1m<\/span><\/div><\/div><\/div><\/div><img loading=\"lazy\" decoding=\"async\" width=\"900\" height=\"800\" src=\"https:\/\/prim.cz\/wp-content\/uploads\/2024\/11\/REKLAMACE.jpg\" class=\"brxe-image css-filter size-full\" alt=\"\" id=\"brxe-vgatgy\" srcset=\"https:\/\/prim.cz\/wp-content\/uploads\/2024\/11\/REKLAMACE.jpg 900w, https:\/\/prim.cz\/wp-content\/uploads\/2024\/11\/REKLAMACE-300x267.jpg 300w, https:\/\/prim.cz\/wp-content\/uploads\/2024\/11\/REKLAMACE-768x683.jpg 768w\" sizes=\"auto, (max-width: 900px) 100vw, 900px\" \/><\/section><section id=\"b-cvacxq_mk5gthn9\" class=\"brxe-div\"><h2 id=\"b-mshtdq_mk5gthn9\" class=\"brxe-heading h2\">Serwis poza gwarancj\u0105<\/h2><div id=\"b-kupequ_mk5gthn9\" class=\"brxe-text-basic text\">Nawet po up\u0142ywie okresu gwarancyjnego lub po zako\u0144czeniu produkcji konkretnego produktu zapewniamy serwisow\u0105 pomoc dla zegark\u00f3w PRIM. Koszt naprawy zale\u017cy od koszt\u00f3w cz\u0119\u015bci zamiennych i czasu potrzebnego do wykonania naprawy.<br data-rich-text-line-break=\"true\"><br data-rich-text-line-break=\"true\"><br data-rich-text-line-break=\"true\"><div>W przypadku bardziej skomplikowanych usterek lub ca\u0142kowitej niesprawno\u015bci zegarka, napraw\u0119 wykonujemy w spos\u00f3b zast\u0119pczy za sta\u0142\u0105 cen\u0119 ustalon\u0105 przez MPM-Quality. W celu uzyskania szczeg\u00f3\u0142owych informacji lub wyceny naprawy prosimy o kontakt. <br data-rich-text-line-break=\"true\"><\/div><\/div><a id=\"b-eobuhp_mk5gthn9\" class=\"brxe-button bricks-button bricks-background-secondary\" href=\"https:\/\/eshop.prim-hodinky.cz\/pl\/informace\/warunki-handlowe\" rel target=\"_blank\" title aria-label=\"Add Content...\"><span data-gbrx-id=\"gb-eobuhp\" data-gbrx-subfield=\"text\" >Warunki handlowe<\/span><\/a><\/section><img decoding=\"async\" class=\"brxe-image\" id=\"b-rlxgfk_mk5gthn9\" src=\"https:\/\/prim.cz\/wp-content\/uploads\/2024\/11\/REKLAMACE-2.jpg\" alt>","protected":false},"excerpt":{"rendered":"","protected":false},"author":13,"featured_media":0,"parent":0,"menu_order":0,"comment_status":"closed","ping_status":"closed","template":"templates\/gutenbricks-dynamic-template-default.php","meta":{"_acf_changed":false,"_link_to_original":"","footnotes":""},"class_list":["post-29207","page","type-page","status-publish","hentry"],"acf":[],"yoast_head":"<!-- This site is optimized with the Yoast SEO plugin v26.9 - https:\/\/yoast.com\/product\/yoast-seo-wordpress\/ -->\n<title>Serwis - PRIM.cz - origin\u00e1ln\u00ed \u010desk\u00e9 p\u00e1nsk\u00e9, d\u00e1msk\u00e9, d\u011btsk\u00e9 hodinky a hodiny<\/title>\n<meta name=\"robots\" content=\"index, follow, max-snippet:-1, max-image-preview:large, max-video-preview:-1\" \/>\n<link rel=\"canonical\" href=\"https:\/\/prim.cz\/pl\/uslugi-serwisowe\/\" \/>\n<meta property=\"og:locale\" content=\"pl_PL\" \/>\n<meta property=\"og:type\" content=\"article\" \/>\n<meta property=\"og:title\" content=\"Serwis - PRIM.cz - origin\u00e1ln\u00ed \u010desk\u00e9 p\u00e1nsk\u00e9, d\u00e1msk\u00e9, d\u011btsk\u00e9 hodinky a hodiny\" \/>\n<meta property=\"og:url\" content=\"https:\/\/prim.cz\/pl\/uslugi-serwisowe\/\" \/>\n<meta property=\"og:site_name\" content=\"PRIM.cz - origin\u00e1ln\u00ed \u010desk\u00e9 p\u00e1nsk\u00e9, d\u00e1msk\u00e9, d\u011btsk\u00e9 hodinky a hodiny\" \/>\n<meta property=\"article:modified_time\" content=\"2026-02-11T11:16:57+00:00\" \/>\n<meta property=\"og:image\" content=\"https:\/\/prim.cz\/wp-content\/uploads\/2024\/11\/HODINARI-1-1920-1024x512.webp\" \/>\n<meta name=\"twitter:card\" content=\"summary_large_image\" \/>\n<meta name=\"twitter:label1\" content=\"Szacowany czas czytania\" \/>\n\t<meta name=\"twitter:data1\" content=\"3 minuty\" \/>\n<script type=\"application\/ld+json\" class=\"yoast-schema-graph\">{\"@context\":\"https:\/\/schema.org\",\"@graph\":[{\"@type\":\"WebPage\",\"@id\":\"https:\/\/prim.cz\/pl\/uslugi-serwisowe\/\",\"url\":\"https:\/\/prim.cz\/pl\/uslugi-serwisowe\/\",\"name\":\"Serwis - PRIM.cz - origin\u00e1ln\u00ed \u010desk\u00e9 p\u00e1nsk\u00e9, d\u00e1msk\u00e9, d\u011btsk\u00e9 hodinky a hodiny\",\"isPartOf\":{\"@id\":\"https:\/\/prim.cz\/en\/#website\"},\"primaryImageOfPage\":{\"@id\":\"https:\/\/prim.cz\/pl\/uslugi-serwisowe\/#primaryimage\"},\"image\":{\"@id\":\"https:\/\/prim.cz\/pl\/uslugi-serwisowe\/#primaryimage\"},\"thumbnailUrl\":\"https:\/\/prim.cz\/wp-content\/uploads\/2024\/11\/HODINARI-1-1920-1024x512.webp\",\"datePublished\":\"2025-03-06T18:20:07+00:00\",\"dateModified\":\"2026-02-11T11:16:57+00:00\",\"breadcrumb\":{\"@id\":\"https:\/\/prim.cz\/pl\/uslugi-serwisowe\/#breadcrumb\"},\"inLanguage\":\"pl-PL\",\"potentialAction\":[{\"@type\":\"ReadAction\",\"target\":[\"https:\/\/prim.cz\/pl\/uslugi-serwisowe\/\"]}]},{\"@type\":\"ImageObject\",\"inLanguage\":\"pl-PL\",\"@id\":\"https:\/\/prim.cz\/pl\/uslugi-serwisowe\/#primaryimage\",\"url\":\"https:\/\/prim.cz\/wp-content\/uploads\/2024\/11\/HODINARI-1-1920-1024x512.webp\",\"contentUrl\":\"https:\/\/prim.cz\/wp-content\/uploads\/2024\/11\/HODINARI-1-1920-1024x512.webp\"},{\"@type\":\"BreadcrumbList\",\"@id\":\"https:\/\/prim.cz\/pl\/uslugi-serwisowe\/#breadcrumb\",\"itemListElement\":[{\"@type\":\"ListItem\",\"position\":1,\"name\":\"Dom\u016f\",\"item\":\"https:\/\/prim.cz\/pl\/\"},{\"@type\":\"ListItem\",\"position\":2,\"name\":\"Serwis\"}]},{\"@type\":\"WebSite\",\"@id\":\"https:\/\/prim.cz\/en\/#website\",\"url\":\"https:\/\/prim.cz\/en\/\",\"name\":\"PRIM - origin\u00e1ln\u00ed \u010desk\u00e9 p\u00e1nsk\u00e9, d\u00e1msk\u00e9, d\u011btsk\u00e9 hodinky a hodiny\",\"description\":\"Nakupujte p\u0159\u00edmo u v\u00fdrobce! Origin\u00e1ln\u00ed eshop s kompletn\u00edm sortimentem \u010desk\u00fdch hodinek PRIM.\",\"alternateName\":\"prim.cz\",\"potentialAction\":[{\"@type\":\"SearchAction\",\"target\":{\"@type\":\"EntryPoint\",\"urlTemplate\":\"https:\/\/prim.cz\/en\/?s={search_term_string}\"},\"query-input\":{\"@type\":\"PropertyValueSpecification\",\"valueRequired\":true,\"valueName\":\"search_term_string\"}}],\"inLanguage\":\"pl-PL\"}]}<\/script>\n<!-- \/ Yoast SEO plugin. -->","yoast_head_json":{"title":"Serwis - PRIM.cz - origin\u00e1ln\u00ed \u010desk\u00e9 p\u00e1nsk\u00e9, d\u00e1msk\u00e9, d\u011btsk\u00e9 hodinky a hodiny","robots":{"index":"index","follow":"follow","max-snippet":"max-snippet:-1","max-image-preview":"max-image-preview:large","max-video-preview":"max-video-preview:-1"},"canonical":"https:\/\/prim.cz\/pl\/uslugi-serwisowe\/","og_locale":"pl_PL","og_type":"article","og_title":"Serwis - PRIM.cz - origin\u00e1ln\u00ed \u010desk\u00e9 p\u00e1nsk\u00e9, d\u00e1msk\u00e9, d\u011btsk\u00e9 hodinky a hodiny","og_url":"https:\/\/prim.cz\/pl\/uslugi-serwisowe\/","og_site_name":"PRIM.cz - origin\u00e1ln\u00ed \u010desk\u00e9 p\u00e1nsk\u00e9, d\u00e1msk\u00e9, d\u011btsk\u00e9 hodinky a hodiny","article_modified_time":"2026-02-11T11:16:57+00:00","og_image":[{"url":"https:\/\/prim.cz\/wp-content\/uploads\/2024\/11\/HODINARI-1-1920-1024x512.webp","type":"","width":"","height":""}],"twitter_card":"summary_large_image","twitter_misc":{"Szacowany czas czytania":"3 minuty"},"schema":{"@context":"https:\/\/schema.org","@graph":[{"@type":"WebPage","@id":"https:\/\/prim.cz\/pl\/uslugi-serwisowe\/","url":"https:\/\/prim.cz\/pl\/uslugi-serwisowe\/","name":"Serwis - PRIM.cz - origin\u00e1ln\u00ed \u010desk\u00e9 p\u00e1nsk\u00e9, d\u00e1msk\u00e9, d\u011btsk\u00e9 hodinky a hodiny","isPartOf":{"@id":"https:\/\/prim.cz\/en\/#website"},"primaryImageOfPage":{"@id":"https:\/\/prim.cz\/pl\/uslugi-serwisowe\/#primaryimage"},"image":{"@id":"https:\/\/prim.cz\/pl\/uslugi-serwisowe\/#primaryimage"},"thumbnailUrl":"https:\/\/prim.cz\/wp-content\/uploads\/2024\/11\/HODINARI-1-1920-1024x512.webp","datePublished":"2025-03-06T18:20:07+00:00","dateModified":"2026-02-11T11:16:57+00:00","breadcrumb":{"@id":"https:\/\/prim.cz\/pl\/uslugi-serwisowe\/#breadcrumb"},"inLanguage":"pl-PL","potentialAction":[{"@type":"ReadAction","target":["https:\/\/prim.cz\/pl\/uslugi-serwisowe\/"]}]},{"@type":"ImageObject","inLanguage":"pl-PL","@id":"https:\/\/prim.cz\/pl\/uslugi-serwisowe\/#primaryimage","url":"https:\/\/prim.cz\/wp-content\/uploads\/2024\/11\/HODINARI-1-1920-1024x512.webp","contentUrl":"https:\/\/prim.cz\/wp-content\/uploads\/2024\/11\/HODINARI-1-1920-1024x512.webp"},{"@type":"BreadcrumbList","@id":"https:\/\/prim.cz\/pl\/uslugi-serwisowe\/#breadcrumb","itemListElement":[{"@type":"ListItem","position":1,"name":"Dom\u016f","item":"https:\/\/prim.cz\/pl\/"},{"@type":"ListItem","position":2,"name":"Serwis"}]},{"@type":"WebSite","@id":"https:\/\/prim.cz\/en\/#website","url":"https:\/\/prim.cz\/en\/","name":"PRIM - origin\u00e1ln\u00ed \u010desk\u00e9 p\u00e1nsk\u00e9, d\u00e1msk\u00e9, d\u011btsk\u00e9 hodinky a hodiny","description":"Nakupujte p\u0159\u00edmo u v\u00fdrobce! Origin\u00e1ln\u00ed eshop s kompletn\u00edm sortimentem \u010desk\u00fdch hodinek PRIM.","alternateName":"prim.cz","potentialAction":[{"@type":"SearchAction","target":{"@type":"EntryPoint","urlTemplate":"https:\/\/prim.cz\/en\/?s={search_term_string}"},"query-input":{"@type":"PropertyValueSpecification","valueRequired":true,"valueName":"search_term_string"}}],"inLanguage":"pl-PL"}]}},"wpml_current_locale":"pl_PL","wpml_translations":{"cs_CZ":{"locale":"cs_CZ","id":29200,"slug":"servis","post_title":"Servis","href":"https:\/\/prim.cz\/servis\/"},"sk_SK":{"locale":"sk_SK","id":29210,"slug":"servisne-sluzby","post_title":"Servis","href":"https:\/\/prim.cz\/sk\/servisne-sluzby\/"},"pl_PL":{"locale":"pl_PL","translation":"current"},"en_US":{"locale":"en_US","id":29204,"slug":"service","post_title":"Service","href":"https:\/\/prim.cz\/en\/service\/"}},"_links":{"self":[{"href":"https:\/\/prim.cz\/pl\/wp-json\/wp\/v2\/pages\/29207","targetHints":{"allow":["GET"]}}],"collection":[{"href":"https:\/\/prim.cz\/pl\/wp-json\/wp\/v2\/pages"}],"about":[{"href":"https:\/\/prim.cz\/pl\/wp-json\/wp\/v2\/types\/page"}],"author":[{"embeddable":true,"href":"https:\/\/prim.cz\/pl\/wp-json\/wp\/v2\/users\/13"}],"replies":[{"embeddable":true,"href":"https:\/\/prim.cz\/pl\/wp-json\/wp\/v2\/comments?post=29207"}],"version-history":[{"count":33,"href":"https:\/\/prim.cz\/pl\/wp-json\/wp\/v2\/pages\/29207\/revisions"}],"predecessor-version":[{"id":42399,"href":"https:\/\/prim.cz\/pl\/wp-json\/wp\/v2\/pages\/29207\/revisions\/42399"}],"wp:attachment":[{"href":"https:\/\/prim.cz\/pl\/wp-json\/wp\/v2\/media?parent=29207"}],"curies":[{"name":"wp","href":"https:\/\/api.w.org\/{rel}","templated":true}]}}