{"id":29192,"date":"2025-03-06T19:07:34","date_gmt":"2025-03-06T18:07:34","guid":{"rendered":"https:\/\/new.prim-hodinky.cz\/prim-dnes-nove\/"},"modified":"2026-03-24T11:35:48","modified_gmt":"2026-03-24T10:35:48","slug":"prim-dzisiaj","status":"publish","type":"page","link":"https:\/\/prim.cz\/pl\/prim-dzisiaj\/","title":{"rendered":"PRIM dzisiaj"},"content":{"rendered":"<section id=\"b-fnelzb_m7xnc65l\" class=\"brxe-div\"><img loading=\"lazy\" decoding=\"async\" width=\"1920\" height=\"1080\" src=\"https:\/\/prim.cz\/wp-content\/uploads\/2025\/02\/PRIM-DNES-Hero-03.webp\" class=\"brxe-image css-filter size-full\" alt=\"\" id=\"b-kfobix_m7xnc65l\" srcset=\"https:\/\/prim.cz\/wp-content\/uploads\/2025\/02\/PRIM-DNES-Hero-03.webp 1920w, https:\/\/prim.cz\/wp-content\/uploads\/2025\/02\/PRIM-DNES-Hero-03-300x169.webp 300w, https:\/\/prim.cz\/wp-content\/uploads\/2025\/02\/PRIM-DNES-Hero-03-1024x576.webp 1024w, https:\/\/prim.cz\/wp-content\/uploads\/2025\/02\/PRIM-DNES-Hero-03-768x432.webp 768w, https:\/\/prim.cz\/wp-content\/uploads\/2025\/02\/PRIM-DNES-Hero-03-1536x864.webp 1536w\" sizes=\"auto, (max-width: 1920px) 100vw, 1920px\" \/><div id=\"b-sugqub_m7xnc65l\" class=\"brxe-div mobile-view-section-width\"><h1 id=\"b-pgaefz_m7xnc65l\" class=\"brxe-heading h1 hero-sekce-heading-stylizace\">PRIM dzisiaj<\/h1><\/div><div id=\"b-eixhqp_m7xnc65l\" class=\"brxe-div arrow-down hero-sekce-heading-stylizace\"><i id=\"b-wfisjw_m7xnc65l\" class=\"ion-md-arrow-round-down brxe-icon\"><\/i><\/div><\/section>\n\n<div id=\"b-ickeyb_mkxqadtl\" class=\"brxe-div\"><div id=\"b-xsggmw_mkxqadtl\" class=\"brxe-div\"><\/div><h2 id=\"b-uzjhjf_mkxqadtl\" class=\"brxe-heading h2\">S\u0142owo rodziny w\u0142a\u015bcicieli<\/h2><\/div>\n\n<div id=\"b-tyagzm_mkxqattj\" class=\"brxe-div\"><\/div>\n\n<div id=\"b-ekmfdl_mkxqam7z\" class=\"brxe-div\"><div id=\"b-dlqqzs_mkxqam7z\" class=\"brxe-text text\"><p>Witamy w \u015bwiecie PRIM. Z dum\u0105 i wielk\u0105 rado\u015bci\u0105 ten \u015bwiat jest teraz zjednoczony. W 2025 roku obie firmy posiadaj\u0105ce prawa do marki PRIM po\u0142\u0105czy\u0142y si\u0119, a ca\u0142y zesp\u00f3\u0142 mo\u017ce si\u0119 teraz w pe\u0142ni skoncentrowa\u0107 na rozwoju marki i czeskiej tradycji zegarmistrzowskiej. Nasz cel jest jasny \u2013 produkowa\u0107 najlepsze czeskie zegarki i kontynuowa\u0107 dziedzictwo naszych poprzednik\u00f3w. Chcemy, aby PRIM by\u0142 mark\u0105, z kt\u00f3rej Czesi s\u0105 dumni i kt\u00f3ra jest szanowana na ca\u0142ym \u015bwiecie. Dzi\u0119kujemy za Pa\u0144stwa zaufanie i wsparcie. Rodzina Plev\u00f3w<\/p>\n<\/div><\/div>\n\n<div id=\"b-ickeyb_m7xne7p3\" class=\"brxe-div\"><div id=\"b-xsggmw_m7xne7p3\" class=\"brxe-div\"><\/div><h2 id=\"b-uzjhjf_m7xne7p3\" class=\"brxe-heading h2\">30 lat firmy rodzinnej<\/h2><\/div>\n\n\n<figure class=\"wp-block-embed is-type-video is-provider-youtube wp-block-embed-youtube wp-embed-aspect-16-9 wp-has-aspect-ratio\"><div class=\"wp-block-embed__wrapper\">\n<iframe loading=\"lazy\" title=\"Vyroci firmy MPM 30let\" width=\"500\" height=\"281\" src=\"https:\/\/www.youtube.com\/embed\/pkLoNbtVcsE?feature=oembed\" frameborder=\"0\" allow=\"accelerometer; autoplay; clipboard-write; encrypted-media; gyroscope; picture-in-picture; web-share\" referrerpolicy=\"strict-origin-when-cross-origin\" allowfullscreen><\/iframe>\n<\/div><\/figure>\n\n\n<div id=\"b-ickeyb_m85wq11z\" class=\"brxe-div\"><div id=\"b-xsggmw_m85wq11z\" class=\"brxe-div\"><\/div><h2 id=\"b-uzjhjf_m85wq11z\" class=\"brxe-heading h2\">Czech Made<\/h2><\/div>\n\n<div id=\"b-tyagzm_m7xnflkq\" class=\"brxe-div\"><\/div>\n\n<div id=\"b-ekmfdl_m7xng4zs\" class=\"brxe-div\"><div id=\"b-dlqqzs_m7xng4zs\" class=\"brxe-text text\"><p>Korzystamy z zaplecza silnej firmy z 25-letnim do\u015bwiadczeniem w bran\u017cy zegarmistrzowskiej. Jako jedyni w segmencie zegark\u00f3w posiadamy certyfikat CZECH MADE i co roku certyfikujemy nowe zegarki PRIM. Czeskie pochodzenie, tradycja i jako\u015b\u0107 to filary, na kt\u00f3rych stoi marka PRIM.<\/p>\n<\/div><\/div>\n\n<div id=\"b-ickeyb_mkxq902y\" class=\"brxe-div\"><div id=\"b-xsggmw_mkxq902y\" class=\"brxe-div\"><\/div><h2 id=\"b-uzjhjf_mkxq902y\" class=\"brxe-heading h2\">Technologia i kompletacja<\/h2><\/div>\n\n<div id=\"b-tyagzm_mkxq9eqq\" class=\"brxe-div\"><\/div>\n\n<div id=\"b-ekmfdl_mkxq971z\" class=\"brxe-div\"><div id=\"b-dlqqzs_mkxq971z\" class=\"brxe-text text\"><p>Nasza firma korzysta z d\u0142ugiej tradycji si\u0119gaj\u0105cej 1949 roku, kiedy po\u0142o\u017cono fundamenty marki PRIM. Dzi\u0119ki naszym doskona\u0142ym pracownikom i zegarmistrzom jeste\u015bmy w stanie nie tylko kompletowa\u0107 zegarki, ale tak\u017ce projektowa\u0107 i rozwija\u0107 w\u0142asne mechanizmy, tarcze, koperty i inne komponenty. Nieustannie inwestujemy w nowe technologie i urz\u0105dzenia, aby zapewni\u0107 najwy\u017csz\u0105 jako\u015b\u0107 naszych produkt\u00f3w.<\/p>\n<\/div><\/div>\n\n<section id=\"b-jnfdts_m7xnnjyp\" class=\"brxe-div\"><img loading=\"lazy\" decoding=\"async\" width=\"2560\" height=\"1707\" src=\"https:\/\/prim.cz\/wp-content\/uploads\/2026\/01\/prim-IMG_0249-Edit-scaled.webp\" class=\"brxe-image css-filter size-full\" alt=\"\" id=\"b-cluygv_m7xnnjyp\" srcset=\"https:\/\/prim.cz\/wp-content\/uploads\/2026\/01\/prim-IMG_0249-Edit-scaled.webp 2560w, https:\/\/prim.cz\/wp-content\/uploads\/2026\/01\/prim-IMG_0249-Edit-300x200.webp 300w, https:\/\/prim.cz\/wp-content\/uploads\/2026\/01\/prim-IMG_0249-Edit-1024x683.webp 1024w, https:\/\/prim.cz\/wp-content\/uploads\/2026\/01\/prim-IMG_0249-Edit-768x512.webp 768w, https:\/\/prim.cz\/wp-content\/uploads\/2026\/01\/prim-IMG_0249-Edit-1536x1024.webp 1536w, https:\/\/prim.cz\/wp-content\/uploads\/2026\/01\/prim-IMG_0249-Edit-2048x1365.webp 2048w\" sizes=\"auto, (max-width: 2560px) 100vw, 2560px\" \/><\/section>\n\n<div id=\"b-qdovdx_mkxq75kf\" class=\"brxe-div\"><\/div>\n\n<div id=\"b-ekmfdl_mkxq3qes\" class=\"brxe-div\"><div id=\"b-dlqqzs_mkxq3qes\" class=\"brxe-text text\"><p>Nowy kaliber, nad kt\u00f3rym intensywnie pracujemy we w\u0142asnym dziale rozwoju i konstrukcji, b\u0119dzie stopniowo bardzo dok\u0142adnie testowany i poddawany wymagaj\u0105cym pr\u00f3bom. Gdy b\u0119dziemy mieli w 100% potwierdzone, \u017ce spe\u0142nia nasze surowe normy jako\u015bciowe, z dum\u0105 zaprezentujemy go \u015bwiatu. To nasze zobowi\u0105zanie wobec doskona\u0142o\u015bci i dziedzictwa czeskiego zegarmistrzostwa.<\/p>\n<\/div><\/div>\n\n<div id=\"b-glotuz_mkxq83c7\" class=\"brxe-div\"><div id=\"b-nalbps_mkxq83c7\" class=\"brxe-div\"><\/div><a id=\"b-xzpkec_mkxq83c7\" class=\"brxe-button bricks-button xl bricks-background-primary\" href=\"\/certifikaty\/\"><span data-gbrx-id=\"gb-xzpkec\" data-gbrx-subfield=\"text\" >Zobacz loga i certyfikaty, kt\u00f3rymi dysponuje PRIM<\/span><\/a><\/div>\n\n<div id=\"b-tyagzm_m7xnx0ze\" class=\"brxe-div\"><\/div>\n\n\n<p><\/p>\n","protected":false},"excerpt":{"rendered":"","protected":false},"author":1,"featured_media":0,"parent":0,"menu_order":0,"comment_status":"closed","ping_status":"closed","template":"templates\/gutenbricks-dynamic-template-default.php","meta":{"_acf_changed":false,"_link_to_original":"","footnotes":""},"class_list":["post-29192","page","type-page","status-publish","hentry"],"acf":[],"yoast_head":"<!-- This site is optimized with the Yoast SEO plugin v26.9 - https:\/\/yoast.com\/product\/yoast-seo-wordpress\/ -->\n<title>PRIM dzisiaj - PRIM.cz - origin\u00e1ln\u00ed \u010desk\u00e9 p\u00e1nsk\u00e9, d\u00e1msk\u00e9, d\u011btsk\u00e9 hodinky a hodiny<\/title>\n<meta name=\"robots\" content=\"index, follow, max-snippet:-1, max-image-preview:large, max-video-preview:-1\" \/>\n<link rel=\"canonical\" href=\"https:\/\/prim.cz\/pl\/prim-dzisiaj\/\" \/>\n<meta property=\"og:locale\" content=\"pl_PL\" \/>\n<meta property=\"og:type\" content=\"article\" \/>\n<meta property=\"og:title\" content=\"PRIM dzisiaj - PRIM.cz - origin\u00e1ln\u00ed \u010desk\u00e9 p\u00e1nsk\u00e9, d\u00e1msk\u00e9, d\u011btsk\u00e9 hodinky a hodiny\" \/>\n<meta property=\"og:url\" content=\"https:\/\/prim.cz\/pl\/prim-dzisiaj\/\" \/>\n<meta property=\"og:site_name\" content=\"PRIM.cz - origin\u00e1ln\u00ed \u010desk\u00e9 p\u00e1nsk\u00e9, d\u00e1msk\u00e9, d\u011btsk\u00e9 hodinky a hodiny\" \/>\n<meta property=\"article:modified_time\" content=\"2026-03-24T10:35:48+00:00\" \/>\n<meta property=\"og:image\" content=\"https:\/\/prim.cz\/wp-content\/uploads\/2025\/02\/PRIM-DNES-Hero-03.webp\" \/>\n<meta name=\"twitter:card\" content=\"summary_large_image\" \/>\n<meta name=\"twitter:label1\" content=\"Szacowany czas czytania\" \/>\n\t<meta name=\"twitter:data1\" content=\"5 minut\" \/>\n<script type=\"application\/ld+json\" class=\"yoast-schema-graph\">{\"@context\":\"https:\/\/schema.org\",\"@graph\":[{\"@type\":\"WebPage\",\"@id\":\"https:\/\/prim.cz\/pl\/prim-dzisiaj\/\",\"url\":\"https:\/\/prim.cz\/pl\/prim-dzisiaj\/\",\"name\":\"PRIM dzisiaj - PRIM.cz - origin\u00e1ln\u00ed \u010desk\u00e9 p\u00e1nsk\u00e9, d\u00e1msk\u00e9, d\u011btsk\u00e9 hodinky a hodiny\",\"isPartOf\":{\"@id\":\"https:\/\/prim.cz\/en\/#website\"},\"primaryImageOfPage\":{\"@id\":\"https:\/\/prim.cz\/pl\/prim-dzisiaj\/#primaryimage\"},\"image\":{\"@id\":\"https:\/\/prim.cz\/pl\/prim-dzisiaj\/#primaryimage\"},\"thumbnailUrl\":\"https:\/\/prim.cz\/wp-content\/uploads\/2025\/02\/PRIM-DNES-Hero-03.webp\",\"datePublished\":\"2025-03-06T18:07:34+00:00\",\"dateModified\":\"2026-03-24T10:35:48+00:00\",\"breadcrumb\":{\"@id\":\"https:\/\/prim.cz\/pl\/prim-dzisiaj\/#breadcrumb\"},\"inLanguage\":\"pl-PL\",\"potentialAction\":[{\"@type\":\"ReadAction\",\"target\":[\"https:\/\/prim.cz\/pl\/prim-dzisiaj\/\"]}]},{\"@type\":\"ImageObject\",\"inLanguage\":\"pl-PL\",\"@id\":\"https:\/\/prim.cz\/pl\/prim-dzisiaj\/#primaryimage\",\"url\":\"https:\/\/prim.cz\/wp-content\/uploads\/2025\/02\/PRIM-DNES-Hero-03.webp\",\"contentUrl\":\"https:\/\/prim.cz\/wp-content\/uploads\/2025\/02\/PRIM-DNES-Hero-03.webp\"},{\"@type\":\"BreadcrumbList\",\"@id\":\"https:\/\/prim.cz\/pl\/prim-dzisiaj\/#breadcrumb\",\"itemListElement\":[{\"@type\":\"ListItem\",\"position\":1,\"name\":\"Dom\u016f\",\"item\":\"https:\/\/prim.cz\/pl\/\"},{\"@type\":\"ListItem\",\"position\":2,\"name\":\"PRIM dzisiaj\"}]},{\"@type\":\"WebSite\",\"@id\":\"https:\/\/prim.cz\/en\/#website\",\"url\":\"https:\/\/prim.cz\/en\/\",\"name\":\"PRIM - origin\u00e1ln\u00ed \u010desk\u00e9 p\u00e1nsk\u00e9, d\u00e1msk\u00e9, d\u011btsk\u00e9 hodinky a hodiny\",\"description\":\"Nakupujte p\u0159\u00edmo u v\u00fdrobce! Origin\u00e1ln\u00ed eshop s kompletn\u00edm sortimentem \u010desk\u00fdch hodinek PRIM.\",\"alternateName\":\"prim.cz\",\"potentialAction\":[{\"@type\":\"SearchAction\",\"target\":{\"@type\":\"EntryPoint\",\"urlTemplate\":\"https:\/\/prim.cz\/en\/?s={search_term_string}\"},\"query-input\":{\"@type\":\"PropertyValueSpecification\",\"valueRequired\":true,\"valueName\":\"search_term_string\"}}],\"inLanguage\":\"pl-PL\"}]}<\/script>\n<!-- \/ Yoast SEO plugin. -->","yoast_head_json":{"title":"PRIM dzisiaj - PRIM.cz - origin\u00e1ln\u00ed \u010desk\u00e9 p\u00e1nsk\u00e9, d\u00e1msk\u00e9, d\u011btsk\u00e9 hodinky a hodiny","robots":{"index":"index","follow":"follow","max-snippet":"max-snippet:-1","max-image-preview":"max-image-preview:large","max-video-preview":"max-video-preview:-1"},"canonical":"https:\/\/prim.cz\/pl\/prim-dzisiaj\/","og_locale":"pl_PL","og_type":"article","og_title":"PRIM dzisiaj - PRIM.cz - origin\u00e1ln\u00ed \u010desk\u00e9 p\u00e1nsk\u00e9, d\u00e1msk\u00e9, d\u011btsk\u00e9 hodinky a hodiny","og_url":"https:\/\/prim.cz\/pl\/prim-dzisiaj\/","og_site_name":"PRIM.cz - origin\u00e1ln\u00ed \u010desk\u00e9 p\u00e1nsk\u00e9, d\u00e1msk\u00e9, d\u011btsk\u00e9 hodinky a hodiny","article_modified_time":"2026-03-24T10:35:48+00:00","og_image":[{"url":"https:\/\/prim.cz\/wp-content\/uploads\/2025\/02\/PRIM-DNES-Hero-03.webp","type":"","width":"","height":""}],"twitter_card":"summary_large_image","twitter_misc":{"Szacowany czas czytania":"5 minut"},"schema":{"@context":"https:\/\/schema.org","@graph":[{"@type":"WebPage","@id":"https:\/\/prim.cz\/pl\/prim-dzisiaj\/","url":"https:\/\/prim.cz\/pl\/prim-dzisiaj\/","name":"PRIM dzisiaj - PRIM.cz - origin\u00e1ln\u00ed \u010desk\u00e9 p\u00e1nsk\u00e9, d\u00e1msk\u00e9, d\u011btsk\u00e9 hodinky a hodiny","isPartOf":{"@id":"https:\/\/prim.cz\/en\/#website"},"primaryImageOfPage":{"@id":"https:\/\/prim.cz\/pl\/prim-dzisiaj\/#primaryimage"},"image":{"@id":"https:\/\/prim.cz\/pl\/prim-dzisiaj\/#primaryimage"},"thumbnailUrl":"https:\/\/prim.cz\/wp-content\/uploads\/2025\/02\/PRIM-DNES-Hero-03.webp","datePublished":"2025-03-06T18:07:34+00:00","dateModified":"2026-03-24T10:35:48+00:00","breadcrumb":{"@id":"https:\/\/prim.cz\/pl\/prim-dzisiaj\/#breadcrumb"},"inLanguage":"pl-PL","potentialAction":[{"@type":"ReadAction","target":["https:\/\/prim.cz\/pl\/prim-dzisiaj\/"]}]},{"@type":"ImageObject","inLanguage":"pl-PL","@id":"https:\/\/prim.cz\/pl\/prim-dzisiaj\/#primaryimage","url":"https:\/\/prim.cz\/wp-content\/uploads\/2025\/02\/PRIM-DNES-Hero-03.webp","contentUrl":"https:\/\/prim.cz\/wp-content\/uploads\/2025\/02\/PRIM-DNES-Hero-03.webp"},{"@type":"BreadcrumbList","@id":"https:\/\/prim.cz\/pl\/prim-dzisiaj\/#breadcrumb","itemListElement":[{"@type":"ListItem","position":1,"name":"Dom\u016f","item":"https:\/\/prim.cz\/pl\/"},{"@type":"ListItem","position":2,"name":"PRIM dzisiaj"}]},{"@type":"WebSite","@id":"https:\/\/prim.cz\/en\/#website","url":"https:\/\/prim.cz\/en\/","name":"PRIM - origin\u00e1ln\u00ed \u010desk\u00e9 p\u00e1nsk\u00e9, d\u00e1msk\u00e9, d\u011btsk\u00e9 hodinky a hodiny","description":"Nakupujte p\u0159\u00edmo u v\u00fdrobce! Origin\u00e1ln\u00ed eshop s kompletn\u00edm sortimentem \u010desk\u00fdch hodinek PRIM.","alternateName":"prim.cz","potentialAction":[{"@type":"SearchAction","target":{"@type":"EntryPoint","urlTemplate":"https:\/\/prim.cz\/en\/?s={search_term_string}"},"query-input":{"@type":"PropertyValueSpecification","valueRequired":true,"valueName":"search_term_string"}}],"inLanguage":"pl-PL"}]}},"wpml_current_locale":"pl_PL","wpml_translations":{"cs_CZ":{"locale":"cs_CZ","id":29177,"slug":"prim-dnes","post_title":"PRIM dnes","href":"https:\/\/prim.cz\/prim-dnes\/"},"sk_SK":{"locale":"sk_SK","id":29196,"slug":"prim-dnes","post_title":"PRIM dnes","href":"https:\/\/prim.cz\/sk\/prim-dnes\/"},"pl_PL":{"locale":"pl_PL","translation":"current"},"en_US":{"locale":"en_US","id":29188,"slug":"prim-today","post_title":"PRIM today","href":"https:\/\/prim.cz\/en\/prim-today\/"}},"_links":{"self":[{"href":"https:\/\/prim.cz\/pl\/wp-json\/wp\/v2\/pages\/29192","targetHints":{"allow":["GET"]}}],"collection":[{"href":"https:\/\/prim.cz\/pl\/wp-json\/wp\/v2\/pages"}],"about":[{"href":"https:\/\/prim.cz\/pl\/wp-json\/wp\/v2\/types\/page"}],"author":[{"embeddable":true,"href":"https:\/\/prim.cz\/pl\/wp-json\/wp\/v2\/users\/1"}],"replies":[{"embeddable":true,"href":"https:\/\/prim.cz\/pl\/wp-json\/wp\/v2\/comments?post=29192"}],"version-history":[{"count":13,"href":"https:\/\/prim.cz\/pl\/wp-json\/wp\/v2\/pages\/29192\/revisions"}],"predecessor-version":[{"id":45626,"href":"https:\/\/prim.cz\/pl\/wp-json\/wp\/v2\/pages\/29192\/revisions\/45626"}],"wp:attachment":[{"href":"https:\/\/prim.cz\/pl\/wp-json\/wp\/v2\/media?parent=29192"}],"curies":[{"name":"wp","href":"https:\/\/api.w.org\/{rel}","templated":true}]}}