{"id":29168,"date":"2025-03-06T10:53:20","date_gmt":"2025-03-06T09:53:20","guid":{"rendered":"https:\/\/new.prim-hodinky.cz\/historie-nova\/"},"modified":"2026-03-24T11:18:02","modified_gmt":"2026-03-24T10:18:02","slug":"historia-prim","status":"publish","type":"page","link":"https:\/\/prim.cz\/pl\/historia-prim\/","title":{"rendered":"Historia"},"content":{"rendered":"<section id=\"b-fnelzb_m7wedvtb\" class=\"brxe-div\"><img loading=\"lazy\" decoding=\"async\" width=\"2560\" height=\"2263\" src=\"https:\/\/prim.cz\/wp-content\/uploads\/2026\/01\/821910458-1_1_montaz_nh-scaled.webp\" class=\"brxe-image css-filter size-full\" alt=\"\" id=\"b-kfobix_m7wedvtb\" srcset=\"https:\/\/prim.cz\/wp-content\/uploads\/2026\/01\/821910458-1_1_montaz_nh-scaled.webp 2560w, https:\/\/prim.cz\/wp-content\/uploads\/2026\/01\/821910458-1_1_montaz_nh-300x265.webp 300w, https:\/\/prim.cz\/wp-content\/uploads\/2026\/01\/821910458-1_1_montaz_nh-1024x905.webp 1024w, https:\/\/prim.cz\/wp-content\/uploads\/2026\/01\/821910458-1_1_montaz_nh-768x679.webp 768w, https:\/\/prim.cz\/wp-content\/uploads\/2026\/01\/821910458-1_1_montaz_nh-1536x1358.webp 1536w, https:\/\/prim.cz\/wp-content\/uploads\/2026\/01\/821910458-1_1_montaz_nh-2048x1810.webp 2048w\" sizes=\"auto, (max-width: 2560px) 100vw, 2560px\" \/><div id=\"b-sugqub_m7wedvtb\" class=\"brxe-div mobile-view-section-width\"><h1 id=\"b-pgaefz_m7wedvtb\" class=\"brxe-heading h1 hero-sekce-heading-stylizace\">Historia PRIM<\/h1><\/div><div id=\"b-eixhqp_m7wedvtb\" class=\"brxe-div arrow-down hero-sekce-heading-stylizace\"><i id=\"b-wfisjw_m7wedvtb\" class=\"ion-md-arrow-round-down brxe-icon\"><\/i><\/div><\/section>\n\n<div id=\"b-ickeyb_mkxqyr7w\" class=\"brxe-div\"><div id=\"b-xsggmw_mkxqyr7w\" class=\"brxe-div\"><\/div><h2 id=\"b-uzjhjf_mkxqyr7w\" class=\"brxe-heading h2\">Pocz\u0105tki produkcji zegark\u00f3w<\/h2><\/div>\n\n<div id=\"b-tyagzm_mkxqz4jp\" class=\"brxe-div\"><\/div>\n\n<div id=\"b-ekmfdl_mkxqam7z\" class=\"brxe-div\"><div id=\"b-dlqqzs_mkxqam7z\" class=\"brxe-text text\"><p>Historia przemys\u0142owej produkcji zegark\u00f3w w Czechach rozpoczyna si\u0119 w 1946 roku, kiedy w Libercu za\u0142o\u017cono firm\u0119 Chronotechna. Dwa lata p\u00f3\u017aniej powsta\u0142o przedsi\u0119biorstwo pa\u0144stwowe Chronotechna z siedzib\u0105 w \u0160ternberku. Plan produkcji zegark\u00f3w nar\u0119cznych powsta\u0142 ju\u017c w 1948 roku, ale jego realizacja rozpocz\u0119\u0142a si\u0119 dopiero w latach 50. W 1954 roku w zak\u0142adzie w Nov\u00e9m M\u011bst\u011b nad Metuj\u00ed wyprodukowano pierwsze prototypy zegark\u00f3w, inspirowane francuskim mechanizmem LIP R 25. Zegarki te mia\u0142y 15 kamieni rubinowych, wychwyt kotwiczny i samokompensuj\u0105cy w\u0142os. Produkcja seryjna rozpocz\u0119\u0142a si\u0119 w 1957 roku. Pierwsze czechos\u0142owackie zegarki nar\u0119czne nie nosi\u0142y jeszcze oznaczenia PRIM. W konkursie publicznym zwyci\u0119\u017cy\u0142a nazwa SPARTAK. Stopniowo jednak nazwa PRIM pojawi\u0142a si\u0119 nie tylko na budzikach i zegarach \u015bciennych, ale tak\u017ce na zegarkach nar\u0119cznych. Wraz z nadej\u015bciem elektronizacji zak\u0142ad TESLA Ro\u017enov rozpocz\u0105\u0142 opracowywanie i produkcj\u0119 mechanizm\u00f3w kwarcowych dla Chronotechny.<\/p>\n<\/div><\/div>\n\n<section id=\"b-jnfdts_m7x5to5b\" class=\"brxe-div\"><img loading=\"lazy\" decoding=\"async\" width=\"2560\" height=\"1869\" src=\"https:\/\/prim.cz\/wp-content\/uploads\/2026\/01\/821910560-snimek-obrazovky-2026-01-08-v-12-12-29-scaled.webp\" class=\"brxe-image css-filter size-full\" alt=\"\" id=\"b-cluygv_m7x5to5b\" srcset=\"https:\/\/prim.cz\/wp-content\/uploads\/2026\/01\/821910560-snimek-obrazovky-2026-01-08-v-12-12-29-scaled.webp 2560w, https:\/\/prim.cz\/wp-content\/uploads\/2026\/01\/821910560-snimek-obrazovky-2026-01-08-v-12-12-29-300x219.webp 300w, https:\/\/prim.cz\/wp-content\/uploads\/2026\/01\/821910560-snimek-obrazovky-2026-01-08-v-12-12-29-1024x748.webp 1024w, https:\/\/prim.cz\/wp-content\/uploads\/2026\/01\/821910560-snimek-obrazovky-2026-01-08-v-12-12-29-768x561.webp 768w, https:\/\/prim.cz\/wp-content\/uploads\/2026\/01\/821910560-snimek-obrazovky-2026-01-08-v-12-12-29-1536x1122.webp 1536w, https:\/\/prim.cz\/wp-content\/uploads\/2026\/01\/821910560-snimek-obrazovky-2026-01-08-v-12-12-29-2048x1495.webp 2048w\" sizes=\"auto, (max-width: 2560px) 100vw, 2560px\" \/><\/section>\n\n<div id=\"b-ickeyb_mkxr29vm\" class=\"brxe-div\"><div id=\"b-xsggmw_mkxr29vm\" class=\"brxe-div\"><\/div><h2 id=\"b-uzjhjf_mkxr29vm\" class=\"brxe-heading h2\">Tradycja i jako\u015b\u0107<\/h2><\/div>\n\n<div id=\"b-tyagzm_mkxr2fn1\" class=\"brxe-div\"><\/div>\n\n<div id=\"b-ekmfdl_mkxr2m7m\" class=\"brxe-div\"><div id=\"b-dlqqzs_mkxr2m7m\" class=\"brxe-text text\"><p>Eksperci po\u015bwi\u0119cili wiele czasu na testowanie i kontrol\u0119, dzi\u0119ki czemu powsta\u0142y zegarki precyzyjne, niezawodne i wytrzyma\u0142e. R\u00f3wnie\u017c dzi\u015b wszystkie nasze zegarki przechodz\u0105 rygorystyczne codzienne testy. Najlepszym potwierdzeniem ich jako\u015bci s\u0105 nasi zadowoleni klienci, kt\u00f3rzy codziennie nosz\u0105 zegarki PRIM. Ich satysfakcja nas motywuje, a nasi zegarmistrzowie nieustannie pracuj\u0105 nad ulepszeniem mechanizmu, designu i wytrzyma\u0142o\u015bci zegark\u00f3w.<\/p>\n<\/div><\/div>\n\n<section id=\"b-jnfdts_m8o92v03\" class=\"brxe-div\"><img loading=\"lazy\" decoding=\"async\" width=\"2560\" height=\"1920\" src=\"https:\/\/prim.cz\/wp-content\/uploads\/2026\/01\/821910358-img_1046-scaled.webp\" class=\"brxe-image css-filter size-full\" alt=\"\" id=\"b-cluygv_m8o92v03\" srcset=\"https:\/\/prim.cz\/wp-content\/uploads\/2026\/01\/821910358-img_1046-scaled.webp 2560w, https:\/\/prim.cz\/wp-content\/uploads\/2026\/01\/821910358-img_1046-300x225.webp 300w, https:\/\/prim.cz\/wp-content\/uploads\/2026\/01\/821910358-img_1046-1024x768.webp 1024w, https:\/\/prim.cz\/wp-content\/uploads\/2026\/01\/821910358-img_1046-768x576.webp 768w, https:\/\/prim.cz\/wp-content\/uploads\/2026\/01\/821910358-img_1046-1536x1152.webp 1536w, https:\/\/prim.cz\/wp-content\/uploads\/2026\/01\/821910358-img_1046-2048x1536.webp 2048w\" sizes=\"auto, (max-width: 2560px) 100vw, 2560px\" \/><\/section>\n\n<div id=\"b-ickeyb_mkxr3lfm\" class=\"brxe-div\"><div id=\"b-xsggmw_mkxr3lfm\" class=\"brxe-div\"><\/div><h2 id=\"b-uzjhjf_mkxr3lfm\" class=\"brxe-heading h2\">Po roku 1989 i odrodzenie marki PRIM<\/h2><\/div>\n\n<div id=\"b-tyagzm_mkxr3q0x\" class=\"brxe-div\"><\/div>\n\n<div id=\"b-ekmfdl_mkxr3uj5\" class=\"brxe-div\"><div id=\"b-dlqqzs_mkxr3uj5\" class=\"brxe-text text\"><p>Po 1989 roku przedsi\u0119biorstwo pa\u0144stwowe Chronotechna zosta\u0142o sprywatyzowane. Po Aksamitnej Rewolucji nast\u0105pi\u0142y jednak zasadnicze zmiany, kt\u00f3re ostatecznie spowodowa\u0142y du\u017ce i d\u0142ugotrwa\u0142e problemy zar\u00f3wno dla marki, jak i samych zegark\u00f3w oraz ich produkcji. Du\u017c\u0105 przeszkod\u0105 by\u0142o podwojenie marki, gdy nazwa PRIM pojawi\u0142a si\u0119 w produkcji dw\u00f3ch ju\u017c niezale\u017cnych zak\u0142ad\u00f3w. Produkcja zegark\u00f3w odbywa\u0142a si\u0119 zar\u00f3wno we Fr\u00fddku-M\u00edstku, jak i w Nov\u00e9m M\u011bst\u011b nad Metuj\u00ed. Obie firmy przyczyni\u0142y si\u0119 do kontynuacji marki i historii czeskich zegark\u00f3w, ale ka\u017cda w innym kierunku.\u00a0Konsekwencje \u017cywio\u0142owych decyzji tamtych czas\u00f3w oznacza\u0142y wiele lat nieprzyjemnych spor\u00f3w s\u0105dowych i wielki zam\u0119t na rynku zegark\u00f3w.<\/p>\n<\/div><\/div>\n\n<div id=\"b-ickeyb_mkxr4p1f\" class=\"brxe-div\"><div id=\"b-xsggmw_mkxr4p1f\" class=\"brxe-div\"><\/div><h2 id=\"b-uzjhjf_mkxr4p1f\" class=\"brxe-heading h2\">Rok jednego Primu, koniec niejasno\u015bci<\/h2><\/div>\n\n<div id=\"b-tyagzm_mkxr4sya\" class=\"brxe-div\"><\/div>\n\n<div id=\"b-ekmfdl_mkxr4wt4\" class=\"brxe-div\"><div id=\"b-dlqqzs_mkxr4wt4\" class=\"brxe-text text\"><p>Wiosn\u0105 2025 roku uda\u0142o si\u0119 po\u0142\u0105czy\u0107 obie firmy, kt\u00f3re posiada\u0142y prawa do marki Prim. Po\u0142\u0105czenie firm MPM Quality i Elton hodin\u00e1\u0159sk\u00e1 zapocz\u0105tkowa\u0142o nowy rozdzia\u0142 zjednoczonego Primu. Ten krok jest absolutnie kluczowy dla utrzymania tradycji zegarmistrzowskiej, a przede wszystkim jej rozwoju i wzrostu marki Prim.<\/p>\n<\/div><\/div>\n\n<section id=\"b-jnfdts_m7x61ua6\" class=\"brxe-div\"><img loading=\"lazy\" decoding=\"async\" width=\"2560\" height=\"1440\" src=\"https:\/\/prim.cz\/wp-content\/uploads\/2026\/01\/PRIM-web-logo-Kreslici-platno-1-kopie@2x-100-scaled.webp\" class=\"brxe-image css-filter size-full\" alt=\"\" id=\"b-cluygv_m7x61ua6\" srcset=\"https:\/\/prim.cz\/wp-content\/uploads\/2026\/01\/PRIM-web-logo-Kreslici-platno-1-kopie@2x-100-scaled.webp 2560w, https:\/\/prim.cz\/wp-content\/uploads\/2026\/01\/PRIM-web-logo-Kreslici-platno-1-kopie@2x-100-300x169.webp 300w, https:\/\/prim.cz\/wp-content\/uploads\/2026\/01\/PRIM-web-logo-Kreslici-platno-1-kopie@2x-100-1024x576.webp 1024w, https:\/\/prim.cz\/wp-content\/uploads\/2026\/01\/PRIM-web-logo-Kreslici-platno-1-kopie@2x-100-768x432.webp 768w, https:\/\/prim.cz\/wp-content\/uploads\/2026\/01\/PRIM-web-logo-Kreslici-platno-1-kopie@2x-100-1536x864.webp 1536w, https:\/\/prim.cz\/wp-content\/uploads\/2026\/01\/PRIM-web-logo-Kreslici-platno-1-kopie@2x-100-2048x1152.webp 2048w\" sizes=\"auto, (max-width: 2560px) 100vw, 2560px\" \/><\/section>\n\n<div id=\"b-ickeyb_mkxr5yao\" class=\"brxe-div\"><div id=\"b-xsggmw_mkxr5yao\" class=\"brxe-div\"><\/div><h2 id=\"b-uzjhjf_mkxr5yao\" class=\"brxe-heading h2\">Podstawa sukcesu i odrodzenie marki PRIM<\/h2><\/div>\n\n<div id=\"b-tyagzm_mkxr65b8\" class=\"brxe-div\"><\/div>\n\n<div id=\"b-ekmfdl_mkxr69sb\" class=\"brxe-div\"><div id=\"b-dlqqzs_mkxr69sb\" class=\"brxe-text text\"><p>Sukces i odrodzenie marki PRIM to wynik wieloletniej wsp\u00f3\u0142pracy ze sprzedawcami, kt\u00f3rzy wierz\u0105 w nasz\u0105 mark\u0119 i aktywnie komunikuj\u0105 si\u0119 z klientami. Dzi\u0119ki nim o\u017cywili\u015bmy zainteresowanie jako\u015bciowymi zegarkami mechanicznymi. Rosn\u0105ce wymagania i r\u00f3\u017cnorodno\u015b\u0107 klient\u00f3w nieustannie nas inspiruj\u0105 do rozwoju i innowacji.<\/p>\n<\/div><\/div>\n\n<div id=\"b-ickeyb_mkxr73dj\" class=\"brxe-div\"><div id=\"b-xsggmw_mkxr73dj\" class=\"brxe-div\"><\/div><h2 id=\"b-uzjhjf_mkxr73dj\" class=\"brxe-heading h2\">Detal i bezkompromisowa jako\u015b\u0107 w roli g\u0142\u00f3wnej<\/h2><\/div>\n\n<div id=\"b-tyagzm_mkxr76zu\" class=\"brxe-div\"><\/div>\n\n<div id=\"b-ekmfdl_mkxr7ai8\" class=\"brxe-div\"><div id=\"b-dlqqzs_mkxr7ai8\" class=\"brxe-text text\"><p>Zegarki PRIM z naszej produkcji s\u0105 nieustannie testowane i ulepszane, co pozwala nam wyznacza\u0107 trendy w bran\u017cy. Naszymi klientami s\u0105 wybitne osobisto\u015bci, sportowcy, celebryci, ale przede wszystkim Pa\u0144stwo, nasi wymagaj\u0105cy klienci, kt\u00f3rzy doceniaj\u0105 codzienn\u0105 wytrzyma\u0142o\u015b\u0107 i jako\u015b\u0107 zegark\u00f3w PRIM. Nasi projektanci i zegarmistrzowie regularnie tworz\u0105 nowe kolekcje, wykorzystuj\u0105c najnowsze technologie i materia\u0142y. PRIM to uczciwe zegarki wytwarzane z mi\u0142o\u015bci\u0105, tradycj\u0105 i do\u015bwiadczeniem. W nowym tysi\u0105cleciu tchn\u0119li\u015bmy nowe \u017cycie w zegarki PRIM w nowoczesnej ods\u0142onie i o\u017cywili\u015bmy to, co zosta\u0142o zapomniane po upadku socjalizmu. Klasyczny i ponadczasowy wygl\u0105d zegark\u00f3w PRIM sta\u0142 si\u0119 synonimem prostej elegancji. Urok czeskich zegark\u00f3w PRIM tkwi w starannie przemy\u015blanym designie, kt\u00f3ry doskonale uzupe\u0142nia zar\u00f3wno eleganckie, jak i swobodne stylizacje. Z zegarkami PRIM wyr\u00f3\u017cnisz si\u0119 z t\u0142umu i b\u0119dziesz posiada\u0107 oryginalny egzemplarz.<\/p>\n<\/div><\/div>\n\n<section id=\"b-jnfdts_mkv3dp4c\" class=\"brxe-div\"><img loading=\"lazy\" decoding=\"async\" width=\"2560\" height=\"1440\" src=\"https:\/\/prim.cz\/wp-content\/uploads\/2026\/01\/PRIM-web-logo-Kreslici-platno-1@2x-100-scaled.webp\" class=\"brxe-image css-filter size-full\" alt=\"\" id=\"b-cluygv_mkv3dp4c\" srcset=\"https:\/\/prim.cz\/wp-content\/uploads\/2026\/01\/PRIM-web-logo-Kreslici-platno-1@2x-100-scaled.webp 2560w, https:\/\/prim.cz\/wp-content\/uploads\/2026\/01\/PRIM-web-logo-Kreslici-platno-1@2x-100-300x169.webp 300w, https:\/\/prim.cz\/wp-content\/uploads\/2026\/01\/PRIM-web-logo-Kreslici-platno-1@2x-100-1024x576.webp 1024w, https:\/\/prim.cz\/wp-content\/uploads\/2026\/01\/PRIM-web-logo-Kreslici-platno-1@2x-100-768x432.webp 768w, https:\/\/prim.cz\/wp-content\/uploads\/2026\/01\/PRIM-web-logo-Kreslici-platno-1@2x-100-1536x864.webp 1536w, https:\/\/prim.cz\/wp-content\/uploads\/2026\/01\/PRIM-web-logo-Kreslici-platno-1@2x-100-2048x1152.webp 2048w\" sizes=\"auto, (max-width: 2560px) 100vw, 2560px\" \/><\/section>\n\n<div id=\"b-tyagzm_m8nk4ylk\" class=\"brxe-div\"><\/div>","protected":false},"excerpt":{"rendered":"","protected":false},"author":1,"featured_media":0,"parent":0,"menu_order":0,"comment_status":"closed","ping_status":"closed","template":"templates\/gutenbricks-dynamic-template-default.php","meta":{"_acf_changed":false,"_link_to_original":"","footnotes":""},"class_list":["post-29168","page","type-page","status-publish","hentry"],"acf":[],"yoast_head":"<!-- This site is optimized with the Yoast SEO plugin v26.9 - https:\/\/yoast.com\/product\/yoast-seo-wordpress\/ -->\n<title>Historia - PRIM.cz - origin\u00e1ln\u00ed \u010desk\u00e9 p\u00e1nsk\u00e9, d\u00e1msk\u00e9, d\u011btsk\u00e9 hodinky a hodiny<\/title>\n<meta name=\"robots\" content=\"index, follow, max-snippet:-1, max-image-preview:large, max-video-preview:-1\" \/>\n<link rel=\"canonical\" href=\"https:\/\/prim.cz\/pl\/historia-prim\/\" \/>\n<meta property=\"og:locale\" content=\"pl_PL\" \/>\n<meta property=\"og:type\" content=\"article\" \/>\n<meta property=\"og:title\" content=\"Historia - PRIM.cz - origin\u00e1ln\u00ed \u010desk\u00e9 p\u00e1nsk\u00e9, d\u00e1msk\u00e9, d\u011btsk\u00e9 hodinky a hodiny\" \/>\n<meta property=\"og:url\" content=\"https:\/\/prim.cz\/pl\/historia-prim\/\" \/>\n<meta property=\"og:site_name\" content=\"PRIM.cz - origin\u00e1ln\u00ed \u010desk\u00e9 p\u00e1nsk\u00e9, d\u00e1msk\u00e9, d\u011btsk\u00e9 hodinky a hodiny\" \/>\n<meta property=\"article:modified_time\" content=\"2026-03-24T10:18:02+00:00\" \/>\n<meta property=\"og:image\" content=\"https:\/\/prim.cz\/wp-content\/uploads\/2026\/01\/821910458-1_1_montaz_nh-scaled.webp\" \/>\n<meta name=\"twitter:card\" content=\"summary_large_image\" \/>\n<meta name=\"twitter:label1\" content=\"Szacowany czas czytania\" \/>\n\t<meta name=\"twitter:data1\" content=\"4 minuty\" \/>\n<script type=\"application\/ld+json\" class=\"yoast-schema-graph\">{\"@context\":\"https:\/\/schema.org\",\"@graph\":[{\"@type\":\"WebPage\",\"@id\":\"https:\/\/prim.cz\/pl\/historia-prim\/\",\"url\":\"https:\/\/prim.cz\/pl\/historia-prim\/\",\"name\":\"Historia - PRIM.cz - origin\u00e1ln\u00ed \u010desk\u00e9 p\u00e1nsk\u00e9, d\u00e1msk\u00e9, d\u011btsk\u00e9 hodinky a hodiny\",\"isPartOf\":{\"@id\":\"https:\/\/prim.cz\/en\/#website\"},\"primaryImageOfPage\":{\"@id\":\"https:\/\/prim.cz\/pl\/historia-prim\/#primaryimage\"},\"image\":{\"@id\":\"https:\/\/prim.cz\/pl\/historia-prim\/#primaryimage\"},\"thumbnailUrl\":\"https:\/\/prim.cz\/wp-content\/uploads\/2026\/01\/821910458-1_1_montaz_nh-scaled.webp\",\"datePublished\":\"2025-03-06T09:53:20+00:00\",\"dateModified\":\"2026-03-24T10:18:02+00:00\",\"breadcrumb\":{\"@id\":\"https:\/\/prim.cz\/pl\/historia-prim\/#breadcrumb\"},\"inLanguage\":\"pl-PL\",\"potentialAction\":[{\"@type\":\"ReadAction\",\"target\":[\"https:\/\/prim.cz\/pl\/historia-prim\/\"]}]},{\"@type\":\"ImageObject\",\"inLanguage\":\"pl-PL\",\"@id\":\"https:\/\/prim.cz\/pl\/historia-prim\/#primaryimage\",\"url\":\"https:\/\/prim.cz\/wp-content\/uploads\/2026\/01\/821910458-1_1_montaz_nh-scaled.webp\",\"contentUrl\":\"https:\/\/prim.cz\/wp-content\/uploads\/2026\/01\/821910458-1_1_montaz_nh-scaled.webp\"},{\"@type\":\"BreadcrumbList\",\"@id\":\"https:\/\/prim.cz\/pl\/historia-prim\/#breadcrumb\",\"itemListElement\":[{\"@type\":\"ListItem\",\"position\":1,\"name\":\"Dom\u016f\",\"item\":\"https:\/\/prim.cz\/pl\/\"},{\"@type\":\"ListItem\",\"position\":2,\"name\":\"Historia\"}]},{\"@type\":\"WebSite\",\"@id\":\"https:\/\/prim.cz\/en\/#website\",\"url\":\"https:\/\/prim.cz\/en\/\",\"name\":\"PRIM - origin\u00e1ln\u00ed \u010desk\u00e9 p\u00e1nsk\u00e9, d\u00e1msk\u00e9, d\u011btsk\u00e9 hodinky a hodiny\",\"description\":\"Nakupujte p\u0159\u00edmo u v\u00fdrobce! Origin\u00e1ln\u00ed eshop s kompletn\u00edm sortimentem \u010desk\u00fdch hodinek PRIM.\",\"alternateName\":\"prim.cz\",\"potentialAction\":[{\"@type\":\"SearchAction\",\"target\":{\"@type\":\"EntryPoint\",\"urlTemplate\":\"https:\/\/prim.cz\/en\/?s={search_term_string}\"},\"query-input\":{\"@type\":\"PropertyValueSpecification\",\"valueRequired\":true,\"valueName\":\"search_term_string\"}}],\"inLanguage\":\"pl-PL\"}]}<\/script>\n<!-- \/ Yoast SEO plugin. -->","yoast_head_json":{"title":"Historia - PRIM.cz - origin\u00e1ln\u00ed \u010desk\u00e9 p\u00e1nsk\u00e9, d\u00e1msk\u00e9, d\u011btsk\u00e9 hodinky a hodiny","robots":{"index":"index","follow":"follow","max-snippet":"max-snippet:-1","max-image-preview":"max-image-preview:large","max-video-preview":"max-video-preview:-1"},"canonical":"https:\/\/prim.cz\/pl\/historia-prim\/","og_locale":"pl_PL","og_type":"article","og_title":"Historia - PRIM.cz - origin\u00e1ln\u00ed \u010desk\u00e9 p\u00e1nsk\u00e9, d\u00e1msk\u00e9, d\u011btsk\u00e9 hodinky a hodiny","og_url":"https:\/\/prim.cz\/pl\/historia-prim\/","og_site_name":"PRIM.cz - origin\u00e1ln\u00ed \u010desk\u00e9 p\u00e1nsk\u00e9, d\u00e1msk\u00e9, d\u011btsk\u00e9 hodinky a hodiny","article_modified_time":"2026-03-24T10:18:02+00:00","og_image":[{"url":"https:\/\/prim.cz\/wp-content\/uploads\/2026\/01\/821910458-1_1_montaz_nh-scaled.webp","type":"","width":"","height":""}],"twitter_card":"summary_large_image","twitter_misc":{"Szacowany czas czytania":"4 minuty"},"schema":{"@context":"https:\/\/schema.org","@graph":[{"@type":"WebPage","@id":"https:\/\/prim.cz\/pl\/historia-prim\/","url":"https:\/\/prim.cz\/pl\/historia-prim\/","name":"Historia - PRIM.cz - origin\u00e1ln\u00ed \u010desk\u00e9 p\u00e1nsk\u00e9, d\u00e1msk\u00e9, d\u011btsk\u00e9 hodinky a hodiny","isPartOf":{"@id":"https:\/\/prim.cz\/en\/#website"},"primaryImageOfPage":{"@id":"https:\/\/prim.cz\/pl\/historia-prim\/#primaryimage"},"image":{"@id":"https:\/\/prim.cz\/pl\/historia-prim\/#primaryimage"},"thumbnailUrl":"https:\/\/prim.cz\/wp-content\/uploads\/2026\/01\/821910458-1_1_montaz_nh-scaled.webp","datePublished":"2025-03-06T09:53:20+00:00","dateModified":"2026-03-24T10:18:02+00:00","breadcrumb":{"@id":"https:\/\/prim.cz\/pl\/historia-prim\/#breadcrumb"},"inLanguage":"pl-PL","potentialAction":[{"@type":"ReadAction","target":["https:\/\/prim.cz\/pl\/historia-prim\/"]}]},{"@type":"ImageObject","inLanguage":"pl-PL","@id":"https:\/\/prim.cz\/pl\/historia-prim\/#primaryimage","url":"https:\/\/prim.cz\/wp-content\/uploads\/2026\/01\/821910458-1_1_montaz_nh-scaled.webp","contentUrl":"https:\/\/prim.cz\/wp-content\/uploads\/2026\/01\/821910458-1_1_montaz_nh-scaled.webp"},{"@type":"BreadcrumbList","@id":"https:\/\/prim.cz\/pl\/historia-prim\/#breadcrumb","itemListElement":[{"@type":"ListItem","position":1,"name":"Dom\u016f","item":"https:\/\/prim.cz\/pl\/"},{"@type":"ListItem","position":2,"name":"Historia"}]},{"@type":"WebSite","@id":"https:\/\/prim.cz\/en\/#website","url":"https:\/\/prim.cz\/en\/","name":"PRIM - origin\u00e1ln\u00ed \u010desk\u00e9 p\u00e1nsk\u00e9, d\u00e1msk\u00e9, d\u011btsk\u00e9 hodinky a hodiny","description":"Nakupujte p\u0159\u00edmo u v\u00fdrobce! Origin\u00e1ln\u00ed eshop s kompletn\u00edm sortimentem \u010desk\u00fdch hodinek PRIM.","alternateName":"prim.cz","potentialAction":[{"@type":"SearchAction","target":{"@type":"EntryPoint","urlTemplate":"https:\/\/prim.cz\/en\/?s={search_term_string}"},"query-input":{"@type":"PropertyValueSpecification","valueRequired":true,"valueName":"search_term_string"}}],"inLanguage":"pl-PL"}]}},"wpml_current_locale":"pl_PL","wpml_translations":{"cs_CZ":{"locale":"cs_CZ","id":29140,"slug":"historie","post_title":"Historie","href":"https:\/\/prim.cz\/historie\/"},"sk_SK":{"locale":"sk_SK","id":29172,"slug":"historia-prim","post_title":"Hist\u00f3ria","href":"https:\/\/prim.cz\/sk\/historia-prim\/"},"pl_PL":{"locale":"pl_PL","translation":"current"},"en_US":{"locale":"en_US","id":29164,"slug":"history-of-prim","post_title":"History","href":"https:\/\/prim.cz\/en\/history-of-prim\/"}},"_links":{"self":[{"href":"https:\/\/prim.cz\/pl\/wp-json\/wp\/v2\/pages\/29168","targetHints":{"allow":["GET"]}}],"collection":[{"href":"https:\/\/prim.cz\/pl\/wp-json\/wp\/v2\/pages"}],"about":[{"href":"https:\/\/prim.cz\/pl\/wp-json\/wp\/v2\/types\/page"}],"author":[{"embeddable":true,"href":"https:\/\/prim.cz\/pl\/wp-json\/wp\/v2\/users\/1"}],"replies":[{"embeddable":true,"href":"https:\/\/prim.cz\/pl\/wp-json\/wp\/v2\/comments?post=29168"}],"version-history":[{"count":9,"href":"https:\/\/prim.cz\/pl\/wp-json\/wp\/v2\/pages\/29168\/revisions"}],"predecessor-version":[{"id":45616,"href":"https:\/\/prim.cz\/pl\/wp-json\/wp\/v2\/pages\/29168\/revisions\/45616"}],"wp:attachment":[{"href":"https:\/\/prim.cz\/pl\/wp-json\/wp\/v2\/media?parent=29168"}],"curies":[{"name":"wp","href":"https:\/\/api.w.org\/{rel}","templated":true}]}}