{"id":29132,"date":"2025-03-05T21:51:36","date_gmt":"2025-03-05T20:51:36","guid":{"rendered":"https:\/\/new.prim-hodinky.cz\/design-novy\/"},"modified":"2025-12-18T14:39:22","modified_gmt":"2025-12-18T13:39:22","slug":"design","status":"publish","type":"page","link":"https:\/\/prim.cz\/pl\/design\/","title":{"rendered":"Design"},"content":{"rendered":"<section id=\"b-fnelzb_m7wdi7v9\" class=\"brxe-div\"><img loading=\"lazy\" decoding=\"async\" width=\"1920\" height=\"1080\" src=\"https:\/\/prim.cz\/wp-content\/uploads\/2025\/02\/Tampon-Hero_01.webp\" class=\"brxe-image css-filter size-full\" alt=\"\" id=\"b-kfobix_m7wdi7v9\" srcset=\"https:\/\/prim.cz\/wp-content\/uploads\/2025\/02\/Tampon-Hero_01.webp 1920w, https:\/\/prim.cz\/wp-content\/uploads\/2025\/02\/Tampon-Hero_01-300x169.webp 300w, https:\/\/prim.cz\/wp-content\/uploads\/2025\/02\/Tampon-Hero_01-1024x576.webp 1024w, https:\/\/prim.cz\/wp-content\/uploads\/2025\/02\/Tampon-Hero_01-768x432.webp 768w, https:\/\/prim.cz\/wp-content\/uploads\/2025\/02\/Tampon-Hero_01-1536x864.webp 1536w\" sizes=\"auto, (max-width: 1920px) 100vw, 1920px\" \/><div id=\"b-sugqub_m7wdi7v9\" class=\"brxe-div mobile-view-section-width\"><h1 id=\"b-pgaefz_m7wdi7v9\" class=\"brxe-heading h1 hero-sekce-heading-stylizace\">Od n\u00e1vrhu a\u017e po kompletaci<\/h1><\/div><div id=\"b-eixhqp_m7wdi7v9\" class=\"brxe-div arrow-down hero-sekce-heading-stylizace\"><i id=\"b-wfisjw_m7wdi7v9\" class=\"ion-md-arrow-round-down brxe-icon\"><\/i><\/div><\/section><section id=\"b-hafbgm_mioc40jb\" class=\"brxe-section\"><div id=\"b-ikkubf_mioc40jb\" class=\"brxe-div\"><div id=\"b-jjgtce_mioc40jb\" class=\"brxe-div\"><h2 id=\"b-kjlcxg_mioc40jb\" class=\"brxe-heading h2\">Projekt<\/h2><\/div><div id=\"b-yodqwp_mioc40jb\" class=\"brxe-div\"><div id=\"b-qcphva_mioc40jb\" class=\"brxe-text-basic text\">Ka\u017cdy nowy model zegarka zaczyna si\u0119 od projektu. Nasi projektanci i in\u017cynierowie \u0142\u0105cz\u0105 tradycj\u0119 z nowoczesnymi trendami, szukaj\u0105c r\u00f3wnowagi mi\u0119dzy estetyk\u0105, funkcjonalno\u015bci\u0105 i rozwi\u0105zaniami technicznymi. Inspiracj\u0119 czerpiemy z historii marki, aktualnych trend\u00f3w w modzie i potrzeb naszych klient\u00f3w.<br>Podczas projektowania dbamy o szczeg\u00f3\u0142y, kt\u00f3re tworz\u0105 niepowtarzalny charakter zegarka \u2013 pocz\u0105wszy od kszta\u0142tu koperty, poprzez tarcz\u0119 i wskaz\u00f3wki, a\u017c po wyb\u00f3r paska. Nowoczesne technologie 3D pozwalaj\u0105 nam tworzy\u0107 realistyczne wizualizacje, dopracowane w najdrobniejszych szczeg\u00f3\u0142ach.<br>Dzi\u0119ki \u015bcis\u0142ej wsp\u00f3\u0142pracy projektant\u00f3w, zegarmistrz\u00f3w i technik\u00f3w powstaj\u0105 projekty, kt\u00f3re staj\u0105 si\u0119 podstaw\u0105 kolekcji PRIM \u2013 zegark\u00f3w \u0142\u0105cz\u0105cych ponadczasowy wygl\u0105d, precyzj\u0119 wykonania i oryginalno\u015b\u0107.<\/div><\/div><div id=\"b-fsdqlq_mioc40jb\" class=\"brxe-div\"><div id=\"b-dxwpzi_mioc40jb\" data-script-id=\"dxwpzi_mioc40jb\" class=\"brxe-slider-nested splide\" data-splide=\"{&quot;type&quot;:&quot;loop&quot;,&quot;direction&quot;:&quot;ltr&quot;,&quot;keyboard&quot;:&quot;global&quot;,&quot;height&quot;:&quot;fit-content&quot;,&quot;gap&quot;:&quot;0px&quot;,&quot;start&quot;:0,&quot;perPage&quot;:4,&quot;perMove&quot;:1,&quot;speed&quot;:&quot;2000&quot;,&quot;interval&quot;:3000,&quot;autoHeight&quot;:false,&quot;autoplay&quot;:true,&quot;pauseOnHover&quot;:true,&quot;pauseOnFocus&quot;:false,&quot;arrows&quot;:true,&quot;pagination&quot;:false,&quot;mediaQuery&quot;:&quot;max&quot;,&quot;breakpoints&quot;:{&quot;1279&quot;:{&quot;type&quot;:&quot;loop&quot;,&quot;height&quot;:&quot;fit-content&quot;,&quot;perPage&quot;:&quot;4&quot;,&quot;speed&quot;:&quot;2000&quot;,&quot;autoplay&quot;:true,&quot;pauseOnHover&quot;:true,&quot;arrows&quot;:true},&quot;1169&quot;:{&quot;perPage&quot;:&quot;2&quot;},&quot;478&quot;:{&quot;perPage&quot;:&quot;1&quot;}}}\"><div class=\"splide__track\"><div class=\"splide__list\"><div id=\"b-stpilo_mioc40jb\" class=\"brxe-block\"><img loading=\"lazy\" decoding=\"async\" width=\"1000\" height=\"1000\" src=\"https:\/\/prim.cz\/wp-content\/uploads\/2025\/02\/Navrh_07.webp\" class=\"brxe-image css-filter size-large\" alt=\"\" id=\"b-qdedaj_mioc40jb\" srcset=\"https:\/\/prim.cz\/wp-content\/uploads\/2025\/02\/Navrh_07.webp 1000w, https:\/\/prim.cz\/wp-content\/uploads\/2025\/02\/Navrh_07-300x300.webp 300w, https:\/\/prim.cz\/wp-content\/uploads\/2025\/02\/Navrh_07-150x150.webp 150w, https:\/\/prim.cz\/wp-content\/uploads\/2025\/02\/Navrh_07-768x768.webp 768w\" sizes=\"auto, (max-width: 1000px) 100vw, 1000px\" \/><\/div><div id=\"b-gjchvz_mioc40jb\" class=\"brxe-block\"><img loading=\"lazy\" decoding=\"async\" width=\"1000\" height=\"1000\" src=\"https:\/\/prim.cz\/wp-content\/uploads\/2025\/02\/Navrh_01.webp\" class=\"brxe-image css-filter size-large\" alt=\"\" id=\"b-aedhly_mioc40jb\" srcset=\"https:\/\/prim.cz\/wp-content\/uploads\/2025\/02\/Navrh_01.webp 1000w, https:\/\/prim.cz\/wp-content\/uploads\/2025\/02\/Navrh_01-300x300.webp 300w, https:\/\/prim.cz\/wp-content\/uploads\/2025\/02\/Navrh_01-150x150.webp 150w, https:\/\/prim.cz\/wp-content\/uploads\/2025\/02\/Navrh_01-768x768.webp 768w\" sizes=\"auto, (max-width: 1000px) 100vw, 1000px\" \/><\/div><div id=\"b-ylwhnc_mioc40jb\" class=\"brxe-block\"><img loading=\"lazy\" decoding=\"async\" width=\"800\" height=\"800\" src=\"https:\/\/prim.cz\/wp-content\/uploads\/2025\/02\/Navrh_05-e1738915073144.webp\" class=\"brxe-image css-filter size-large\" alt=\"\" id=\"b-ktxkkw_mioc40jb\" srcset=\"https:\/\/prim.cz\/wp-content\/uploads\/2025\/02\/Navrh_05-e1738915073144.webp 800w, https:\/\/prim.cz\/wp-content\/uploads\/2025\/02\/Navrh_05-e1738915073144-300x300.webp 300w, https:\/\/prim.cz\/wp-content\/uploads\/2025\/02\/Navrh_05-e1738915073144-150x150.webp 150w, https:\/\/prim.cz\/wp-content\/uploads\/2025\/02\/Navrh_05-e1738915073144-768x768.webp 768w\" sizes=\"auto, (max-width: 800px) 100vw, 800px\" \/><\/div><div id=\"b-tgehos_mioc40jb\" class=\"brxe-block\"><img loading=\"lazy\" decoding=\"async\" width=\"1000\" height=\"1000\" src=\"https:\/\/prim.cz\/wp-content\/uploads\/2025\/02\/IMG_9278.jpg\" class=\"brxe-image css-filter size-large\" alt=\"\" id=\"b-rwgrga_mioc40jb\" srcset=\"https:\/\/prim.cz\/wp-content\/uploads\/2025\/02\/IMG_9278.jpg 1000w, https:\/\/prim.cz\/wp-content\/uploads\/2025\/02\/IMG_9278-300x300.jpg 300w, https:\/\/prim.cz\/wp-content\/uploads\/2025\/02\/IMG_9278-150x150.jpg 150w, https:\/\/prim.cz\/wp-content\/uploads\/2025\/02\/IMG_9278-768x768.jpg 768w\" sizes=\"auto, (max-width: 1000px) 100vw, 1000px\" \/><\/div><div id=\"b-yvmiim_mioc40jb\" class=\"brxe-block\"><img loading=\"lazy\" decoding=\"async\" width=\"1000\" height=\"1000\" src=\"https:\/\/prim.cz\/wp-content\/uploads\/2025\/02\/Navrh_06.webp\" class=\"brxe-image css-filter size-large\" alt=\"\" id=\"b-fhsyqf_mioc40jb\" srcset=\"https:\/\/prim.cz\/wp-content\/uploads\/2025\/02\/Navrh_06.webp 1000w, https:\/\/prim.cz\/wp-content\/uploads\/2025\/02\/Navrh_06-300x300.webp 300w, https:\/\/prim.cz\/wp-content\/uploads\/2025\/02\/Navrh_06-150x150.webp 150w, https:\/\/prim.cz\/wp-content\/uploads\/2025\/02\/Navrh_06-768x768.webp 768w\" sizes=\"auto, (max-width: 1000px) 100vw, 1000px\" \/><\/div><\/div><\/div><div class=\"splide__arrows custom\"><button class=\"splide__arrow splide__arrow--prev\" type=\"button\"><i class=\"ion-ios-arrow-back\"><\/i><\/button><button class=\"splide__arrow splide__arrow--next\" type=\"button\"><i class=\"ion-ios-arrow-forward\"><\/i><\/button><\/div><\/div><\/div><\/div><\/section><section id=\"b-hafbgm_miocceyg\" class=\"brxe-section\"><div id=\"b-ikkubf_miocceyg\" class=\"brxe-div\"><div id=\"b-jjgtce_miocceyg\" class=\"brxe-div\"><h2 id=\"b-kjlcxg_miocceyg\" class=\"brxe-heading h2\">Produkcja<\/h2><\/div><div id=\"b-yodqwp_miocceyg\" class=\"brxe-div\"><div id=\"b-qcphva_miocceyg\" class=\"brxe-text-basic text\">Produkcja zegark\u00f3w i przygotowanie nowych modeli trwa kilka miesi\u0119cy. Ka\u017cda z naszych kolekcji przechodzi kompleksow\u0105 selekcj\u0119 materia\u0142\u00f3w, kolor\u00f3w, mechanizm\u00f3w, a ich design odpowiada aktualnym trendom.<br>Przyjrzyj si\u0119 procesowi produkcji naszych zegark\u00f3w \u2013 korzystamy z infrastruktury nowoczesnej firmy i nie zapominamy o wsp\u00f3\u0142pracy z producentami oferuj\u0105cymi nowoczesne procedury i b\u0119d\u0105cymi liderami w swojej dziedzinie. Wieloletnie do\u015bwiadczenie w bran\u017cy, dzi\u0119ki doskona\u0142ej wsp\u00f3\u0142pracy i nawi\u0105zaniu kontakt\u00f3w z zagranicznymi partnerami, pozwala nam oferowa\u0107 wysokiej jako\u015bci produkty w przyst\u0119pnych cenach dla wszystkich klient\u00f3w. Niezale\u017cnie od tego, czy zdecydujemy si\u0119 na wsp\u00f3\u0142prac\u0119 ze szwajcarskim producentem czy japo\u0144skim mistrzem, u nas ka\u017cdy ma wyb\u00f3r.<\/div><\/div><div id=\"b-fsdqlq_miocceyg\" class=\"brxe-div\"><div id=\"b-dxwpzi_miocceyg\" data-script-id=\"dxwpzi_miocceyg\" class=\"brxe-slider-nested splide\" data-splide=\"{&quot;type&quot;:&quot;loop&quot;,&quot;direction&quot;:&quot;ltr&quot;,&quot;keyboard&quot;:&quot;global&quot;,&quot;height&quot;:&quot;fit-content&quot;,&quot;gap&quot;:&quot;0px&quot;,&quot;start&quot;:0,&quot;perPage&quot;:4,&quot;perMove&quot;:1,&quot;speed&quot;:&quot;2000&quot;,&quot;interval&quot;:3000,&quot;autoHeight&quot;:false,&quot;autoplay&quot;:true,&quot;pauseOnHover&quot;:true,&quot;pauseOnFocus&quot;:false,&quot;arrows&quot;:true,&quot;pagination&quot;:false,&quot;mediaQuery&quot;:&quot;max&quot;,&quot;breakpoints&quot;:{&quot;1279&quot;:{&quot;type&quot;:&quot;loop&quot;,&quot;height&quot;:&quot;fit-content&quot;,&quot;perPage&quot;:&quot;4&quot;,&quot;speed&quot;:&quot;2000&quot;,&quot;autoplay&quot;:true,&quot;pauseOnHover&quot;:true,&quot;arrows&quot;:true},&quot;1169&quot;:{&quot;perPage&quot;:&quot;2&quot;},&quot;478&quot;:{&quot;perPage&quot;:&quot;1&quot;}}}\"><div class=\"splide__track\"><div class=\"splide__list\"><div id=\"b-stpilo_miocceyg\" class=\"brxe-block\"><img loading=\"lazy\" decoding=\"async\" width=\"1000\" height=\"1000\" src=\"https:\/\/prim.cz\/wp-content\/uploads\/2025\/02\/indiviudalizace_you_match_01.jpg\" class=\"brxe-image css-filter size-large\" alt=\"\" id=\"b-qdedaj_miocceyg\" srcset=\"https:\/\/prim.cz\/wp-content\/uploads\/2025\/02\/indiviudalizace_you_match_01.jpg 1000w, https:\/\/prim.cz\/wp-content\/uploads\/2025\/02\/indiviudalizace_you_match_01-300x300.jpg 300w, https:\/\/prim.cz\/wp-content\/uploads\/2025\/02\/indiviudalizace_you_match_01-150x150.jpg 150w, https:\/\/prim.cz\/wp-content\/uploads\/2025\/02\/indiviudalizace_you_match_01-768x768.jpg 768w\" sizes=\"auto, (max-width: 1000px) 100vw, 1000px\" \/><\/div><div id=\"b-gjchvz_miocceyg\" class=\"brxe-block\"><img loading=\"lazy\" decoding=\"async\" width=\"1000\" height=\"1000\" src=\"https:\/\/prim.cz\/wp-content\/uploads\/2025\/02\/Vyroba-hodinek_05.webp\" class=\"brxe-image css-filter size-large\" alt=\"\" id=\"b-aedhly_miocceyg\" srcset=\"https:\/\/prim.cz\/wp-content\/uploads\/2025\/02\/Vyroba-hodinek_05.webp 1000w, https:\/\/prim.cz\/wp-content\/uploads\/2025\/02\/Vyroba-hodinek_05-300x300.webp 300w, https:\/\/prim.cz\/wp-content\/uploads\/2025\/02\/Vyroba-hodinek_05-150x150.webp 150w, https:\/\/prim.cz\/wp-content\/uploads\/2025\/02\/Vyroba-hodinek_05-768x768.webp 768w\" sizes=\"auto, (max-width: 1000px) 100vw, 1000px\" \/><\/div><div id=\"b-ylwhnc_miocceyg\" class=\"brxe-block\"><img loading=\"lazy\" decoding=\"async\" width=\"1000\" height=\"1000\" src=\"https:\/\/prim.cz\/wp-content\/uploads\/2025\/02\/Vyroba-hodinek_01.webp\" class=\"brxe-image css-filter size-large\" alt=\"\" id=\"b-ktxkkw_miocceyg\" srcset=\"https:\/\/prim.cz\/wp-content\/uploads\/2025\/02\/Vyroba-hodinek_01.webp 1000w, https:\/\/prim.cz\/wp-content\/uploads\/2025\/02\/Vyroba-hodinek_01-300x300.webp 300w, https:\/\/prim.cz\/wp-content\/uploads\/2025\/02\/Vyroba-hodinek_01-150x150.webp 150w, https:\/\/prim.cz\/wp-content\/uploads\/2025\/02\/Vyroba-hodinek_01-768x768.webp 768w\" sizes=\"auto, (max-width: 1000px) 100vw, 1000px\" \/><\/div><div id=\"b-tgehos_miocceyg\" class=\"brxe-block\"><img loading=\"lazy\" decoding=\"async\" width=\"1000\" height=\"1000\" src=\"https:\/\/prim.cz\/wp-content\/uploads\/2025\/02\/Navrh_08.webp\" class=\"brxe-image css-filter size-large\" alt=\"\" id=\"b-rwgrga_miocceyg\" srcset=\"https:\/\/prim.cz\/wp-content\/uploads\/2025\/02\/Navrh_08.webp 1000w, https:\/\/prim.cz\/wp-content\/uploads\/2025\/02\/Navrh_08-300x300.webp 300w, https:\/\/prim.cz\/wp-content\/uploads\/2025\/02\/Navrh_08-150x150.webp 150w, https:\/\/prim.cz\/wp-content\/uploads\/2025\/02\/Navrh_08-768x768.webp 768w\" sizes=\"auto, (max-width: 1000px) 100vw, 1000px\" \/><\/div><div id=\"b-yvmiim_miocceyg\" class=\"brxe-block\"><img loading=\"lazy\" decoding=\"async\" width=\"1000\" height=\"1000\" src=\"https:\/\/prim.cz\/wp-content\/uploads\/2025\/02\/INDIVIDUALIZACE_CSA-10.jpg\" class=\"brxe-image css-filter size-large\" alt=\"\" id=\"b-fhsyqf_miocceyg\" srcset=\"https:\/\/prim.cz\/wp-content\/uploads\/2025\/02\/INDIVIDUALIZACE_CSA-10.jpg 1000w, https:\/\/prim.cz\/wp-content\/uploads\/2025\/02\/INDIVIDUALIZACE_CSA-10-300x300.jpg 300w, https:\/\/prim.cz\/wp-content\/uploads\/2025\/02\/INDIVIDUALIZACE_CSA-10-150x150.jpg 150w, https:\/\/prim.cz\/wp-content\/uploads\/2025\/02\/INDIVIDUALIZACE_CSA-10-768x768.jpg 768w\" sizes=\"auto, (max-width: 1000px) 100vw, 1000px\" \/><\/div><\/div><\/div><div class=\"splide__arrows custom\"><button class=\"splide__arrow splide__arrow--prev\" type=\"button\"><i class=\"ion-ios-arrow-back\"><\/i><\/button><button class=\"splide__arrow splide__arrow--next\" type=\"button\"><i class=\"ion-ios-arrow-forward\"><\/i><\/button><\/div><\/div><\/div><\/div><\/section><section id=\"b-hafbgm_miocgcaw\" class=\"brxe-section\"><div id=\"b-ikkubf_miocgcaw\" class=\"brxe-div\"><div id=\"b-jjgtce_miocgcaw\" class=\"brxe-div\"><h2 id=\"b-kjlcxg_miocgcaw\" class=\"brxe-heading h2\">Kompletacja<\/h2><\/div><div id=\"b-yodqwp_miocgcaw\" class=\"brxe-div\"><div id=\"b-qcphva_miocgcaw\" class=\"brxe-text-basic text\">Zobacz proces monta\u017cu zegarka PRIM. Ka\u017cdy model jest starannie sk\u0142adany, sprawdzany i testowany. Ka\u017edoro\u010dn\u011b kompletujeme tis\u00edce hodinek, testujeme nov\u00e9 modely, kter\u00e9 pak proch\u00e1z\u00ed n\u00e1ro\u010dn\u00fdmi testy, abychom ov\u011b\u0159ili materi\u00e1ly, povrchy, vod\u011bodolnost a p\u0159esnost.<br>Proces kompletace tak\u00e9 prov\u00e1d\u00edme p\u0159i individualizaci nov\u00fdch model\u016f hodinek a p\u0159i v\u00fdrob\u011b prototyp\u016f nov\u00fdch kolekc\u00ed. R\u00f3\u017cnorodno\u015b\u0107 kolor\u00f3w materia\u0142\u00f3w, tarcz, wskaz\u00f3wek i pask\u00f3w pozwala naszym projektantom tworzy\u0107 prototypy i testowa\u0107 nowe po\u0142\u0105czenia kolorystyczne.<\/div><\/div><div id=\"b-fsdqlq_miocgcaw\" class=\"brxe-div\"><div id=\"b-dxwpzi_miocgcaw\" data-script-id=\"dxwpzi_miocgcaw\" class=\"brxe-slider-nested splide\" data-splide=\"{&quot;type&quot;:&quot;loop&quot;,&quot;direction&quot;:&quot;ltr&quot;,&quot;keyboard&quot;:&quot;global&quot;,&quot;height&quot;:&quot;fit-content&quot;,&quot;gap&quot;:&quot;0px&quot;,&quot;start&quot;:0,&quot;perPage&quot;:4,&quot;perMove&quot;:1,&quot;speed&quot;:&quot;2000&quot;,&quot;interval&quot;:3000,&quot;autoHeight&quot;:false,&quot;autoplay&quot;:true,&quot;pauseOnHover&quot;:true,&quot;pauseOnFocus&quot;:false,&quot;arrows&quot;:true,&quot;pagination&quot;:false,&quot;mediaQuery&quot;:&quot;max&quot;,&quot;breakpoints&quot;:{&quot;1279&quot;:{&quot;type&quot;:&quot;loop&quot;,&quot;height&quot;:&quot;fit-content&quot;,&quot;perPage&quot;:&quot;4&quot;,&quot;speed&quot;:&quot;2000&quot;,&quot;autoplay&quot;:true,&quot;pauseOnHover&quot;:true,&quot;arrows&quot;:true},&quot;1169&quot;:{&quot;perPage&quot;:&quot;2&quot;},&quot;478&quot;:{&quot;perPage&quot;:&quot;1&quot;}}}\"><div class=\"splide__track\"><div class=\"splide__list\"><div id=\"b-stpilo_miocgcaw\" class=\"brxe-block\"><img loading=\"lazy\" decoding=\"async\" width=\"1000\" height=\"1000\" src=\"https:\/\/prim.cz\/wp-content\/uploads\/2025\/02\/IMG_5102.jpg\" class=\"brxe-image css-filter size-large\" alt=\"\" id=\"b-qdedaj_miocgcaw\" srcset=\"https:\/\/prim.cz\/wp-content\/uploads\/2025\/02\/IMG_5102.jpg 1000w, https:\/\/prim.cz\/wp-content\/uploads\/2025\/02\/IMG_5102-300x300.jpg 300w, https:\/\/prim.cz\/wp-content\/uploads\/2025\/02\/IMG_5102-150x150.jpg 150w, https:\/\/prim.cz\/wp-content\/uploads\/2025\/02\/IMG_5102-768x768.jpg 768w\" sizes=\"auto, (max-width: 1000px) 100vw, 1000px\" \/><\/div><div id=\"b-gjchvz_miocgcaw\" class=\"brxe-block\"><img loading=\"lazy\" decoding=\"async\" width=\"1000\" height=\"1000\" src=\"https:\/\/prim.cz\/wp-content\/uploads\/2025\/02\/IMG_9818.jpg\" class=\"brxe-image css-filter size-large\" alt=\"\" id=\"b-aedhly_miocgcaw\" srcset=\"https:\/\/prim.cz\/wp-content\/uploads\/2025\/02\/IMG_9818.jpg 1000w, https:\/\/prim.cz\/wp-content\/uploads\/2025\/02\/IMG_9818-300x300.jpg 300w, https:\/\/prim.cz\/wp-content\/uploads\/2025\/02\/IMG_9818-150x150.jpg 150w, https:\/\/prim.cz\/wp-content\/uploads\/2025\/02\/IMG_9818-768x768.jpg 768w\" sizes=\"auto, (max-width: 1000px) 100vw, 1000px\" \/><\/div><div id=\"b-ylwhnc_miocgcaw\" class=\"brxe-block\"><img loading=\"lazy\" decoding=\"async\" width=\"1000\" height=\"1000\" src=\"https:\/\/prim.cz\/wp-content\/uploads\/2025\/02\/IMG_9864.jpg\" class=\"brxe-image css-filter size-large\" alt=\"\" id=\"b-ktxkkw_miocgcaw\" srcset=\"https:\/\/prim.cz\/wp-content\/uploads\/2025\/02\/IMG_9864.jpg 1000w, https:\/\/prim.cz\/wp-content\/uploads\/2025\/02\/IMG_9864-300x300.jpg 300w, https:\/\/prim.cz\/wp-content\/uploads\/2025\/02\/IMG_9864-150x150.jpg 150w, https:\/\/prim.cz\/wp-content\/uploads\/2025\/02\/IMG_9864-768x768.jpg 768w\" sizes=\"auto, (max-width: 1000px) 100vw, 1000px\" \/><\/div><div id=\"b-tgehos_miocgcaw\" class=\"brxe-block\"><img loading=\"lazy\" decoding=\"async\" width=\"1000\" height=\"1000\" src=\"https:\/\/prim.cz\/wp-content\/uploads\/2025\/02\/IMG_9768.jpg\" class=\"brxe-image css-filter size-large\" alt=\"\" id=\"b-rwgrga_miocgcaw\" srcset=\"https:\/\/prim.cz\/wp-content\/uploads\/2025\/02\/IMG_9768.jpg 1000w, https:\/\/prim.cz\/wp-content\/uploads\/2025\/02\/IMG_9768-300x300.jpg 300w, https:\/\/prim.cz\/wp-content\/uploads\/2025\/02\/IMG_9768-150x150.jpg 150w, https:\/\/prim.cz\/wp-content\/uploads\/2025\/02\/IMG_9768-768x768.jpg 768w\" sizes=\"auto, (max-width: 1000px) 100vw, 1000px\" \/><\/div><div id=\"b-yvmiim_miocgcaw\" class=\"brxe-block\"><img loading=\"lazy\" decoding=\"async\" width=\"1000\" height=\"1000\" src=\"https:\/\/prim.cz\/wp-content\/uploads\/2025\/02\/1.jpg\" class=\"brxe-image css-filter size-large\" alt=\"\" id=\"b-fhsyqf_miocgcaw\" srcset=\"https:\/\/prim.cz\/wp-content\/uploads\/2025\/02\/1.jpg 1000w, https:\/\/prim.cz\/wp-content\/uploads\/2025\/02\/1-300x300.jpg 300w, https:\/\/prim.cz\/wp-content\/uploads\/2025\/02\/1-150x150.jpg 150w, https:\/\/prim.cz\/wp-content\/uploads\/2025\/02\/1-768x768.jpg 768w\" sizes=\"auto, (max-width: 1000px) 100vw, 1000px\" \/><\/div><\/div><\/div><div class=\"splide__arrows custom\"><button class=\"splide__arrow splide__arrow--prev\" type=\"button\"><i class=\"ion-ios-arrow-back\"><\/i><\/button><button class=\"splide__arrow splide__arrow--next\" type=\"button\"><i class=\"ion-ios-arrow-forward\"><\/i><\/button><\/div><\/div><\/div><\/div><\/section><div id=\"b-tyagzm_m8nk8qzm\" class=\"brxe-div\"><\/div>\n<p><\/p>\n","protected":false},"excerpt":{"rendered":"","protected":false},"author":1,"featured_media":0,"parent":0,"menu_order":0,"comment_status":"closed","ping_status":"closed","template":"templates\/gutenbricks-dynamic-template-default.php","meta":{"_acf_changed":false,"_link_to_original":"","footnotes":""},"class_list":["post-29132","page","type-page","status-publish","hentry"],"acf":[],"yoast_head":"<!-- This site is optimized with the Yoast SEO plugin v26.9 - https:\/\/yoast.com\/product\/yoast-seo-wordpress\/ -->\n<title>Design - PRIM.cz - origin\u00e1ln\u00ed \u010desk\u00e9 p\u00e1nsk\u00e9, d\u00e1msk\u00e9, d\u011btsk\u00e9 hodinky a hodiny<\/title>\n<meta name=\"robots\" content=\"index, follow, max-snippet:-1, max-image-preview:large, max-video-preview:-1\" \/>\n<link rel=\"canonical\" href=\"https:\/\/prim.cz\/pl\/design\/\" \/>\n<meta property=\"og:locale\" content=\"pl_PL\" \/>\n<meta property=\"og:type\" content=\"article\" \/>\n<meta property=\"og:title\" content=\"Design - PRIM.cz - origin\u00e1ln\u00ed \u010desk\u00e9 p\u00e1nsk\u00e9, d\u00e1msk\u00e9, d\u011btsk\u00e9 hodinky a hodiny\" \/>\n<meta property=\"og:url\" content=\"https:\/\/prim.cz\/pl\/design\/\" \/>\n<meta property=\"og:site_name\" content=\"PRIM.cz - origin\u00e1ln\u00ed \u010desk\u00e9 p\u00e1nsk\u00e9, d\u00e1msk\u00e9, d\u011btsk\u00e9 hodinky a hodiny\" \/>\n<meta property=\"article:modified_time\" content=\"2025-12-18T13:39:22+00:00\" \/>\n<meta property=\"og:image\" content=\"https:\/\/prim.cz\/wp-content\/uploads\/2025\/02\/Tampon-Hero_01.webp\" \/>\n<meta name=\"twitter:card\" content=\"summary_large_image\" \/>\n<meta name=\"twitter:label1\" content=\"Szacowany czas czytania\" \/>\n\t<meta name=\"twitter:data1\" content=\"15 minut\" \/>\n<script type=\"application\/ld+json\" class=\"yoast-schema-graph\">{\"@context\":\"https:\/\/schema.org\",\"@graph\":[{\"@type\":\"WebPage\",\"@id\":\"https:\/\/prim.cz\/pl\/design\/\",\"url\":\"https:\/\/prim.cz\/pl\/design\/\",\"name\":\"Design - PRIM.cz - origin\u00e1ln\u00ed \u010desk\u00e9 p\u00e1nsk\u00e9, d\u00e1msk\u00e9, d\u011btsk\u00e9 hodinky a hodiny\",\"isPartOf\":{\"@id\":\"https:\/\/prim.cz\/en\/#website\"},\"primaryImageOfPage\":{\"@id\":\"https:\/\/prim.cz\/pl\/design\/#primaryimage\"},\"image\":{\"@id\":\"https:\/\/prim.cz\/pl\/design\/#primaryimage\"},\"thumbnailUrl\":\"https:\/\/prim.cz\/wp-content\/uploads\/2025\/02\/Tampon-Hero_01.webp\",\"datePublished\":\"2025-03-05T20:51:36+00:00\",\"dateModified\":\"2025-12-18T13:39:22+00:00\",\"breadcrumb\":{\"@id\":\"https:\/\/prim.cz\/pl\/design\/#breadcrumb\"},\"inLanguage\":\"pl-PL\",\"potentialAction\":[{\"@type\":\"ReadAction\",\"target\":[\"https:\/\/prim.cz\/pl\/design\/\"]}]},{\"@type\":\"ImageObject\",\"inLanguage\":\"pl-PL\",\"@id\":\"https:\/\/prim.cz\/pl\/design\/#primaryimage\",\"url\":\"https:\/\/prim.cz\/wp-content\/uploads\/2025\/02\/Tampon-Hero_01.webp\",\"contentUrl\":\"https:\/\/prim.cz\/wp-content\/uploads\/2025\/02\/Tampon-Hero_01.webp\"},{\"@type\":\"BreadcrumbList\",\"@id\":\"https:\/\/prim.cz\/pl\/design\/#breadcrumb\",\"itemListElement\":[{\"@type\":\"ListItem\",\"position\":1,\"name\":\"Dom\u016f\",\"item\":\"https:\/\/prim.cz\/pl\/\"},{\"@type\":\"ListItem\",\"position\":2,\"name\":\"Design\"}]},{\"@type\":\"WebSite\",\"@id\":\"https:\/\/prim.cz\/en\/#website\",\"url\":\"https:\/\/prim.cz\/en\/\",\"name\":\"PRIM - origin\u00e1ln\u00ed \u010desk\u00e9 p\u00e1nsk\u00e9, d\u00e1msk\u00e9, d\u011btsk\u00e9 hodinky a hodiny\",\"description\":\"Nakupujte p\u0159\u00edmo u v\u00fdrobce! Origin\u00e1ln\u00ed eshop s kompletn\u00edm sortimentem \u010desk\u00fdch hodinek PRIM.\",\"alternateName\":\"prim.cz\",\"potentialAction\":[{\"@type\":\"SearchAction\",\"target\":{\"@type\":\"EntryPoint\",\"urlTemplate\":\"https:\/\/prim.cz\/en\/?s={search_term_string}\"},\"query-input\":{\"@type\":\"PropertyValueSpecification\",\"valueRequired\":true,\"valueName\":\"search_term_string\"}}],\"inLanguage\":\"pl-PL\"}]}<\/script>\n<!-- \/ Yoast SEO plugin. -->","yoast_head_json":{"title":"Design - PRIM.cz - origin\u00e1ln\u00ed \u010desk\u00e9 p\u00e1nsk\u00e9, d\u00e1msk\u00e9, d\u011btsk\u00e9 hodinky a hodiny","robots":{"index":"index","follow":"follow","max-snippet":"max-snippet:-1","max-image-preview":"max-image-preview:large","max-video-preview":"max-video-preview:-1"},"canonical":"https:\/\/prim.cz\/pl\/design\/","og_locale":"pl_PL","og_type":"article","og_title":"Design - PRIM.cz - origin\u00e1ln\u00ed \u010desk\u00e9 p\u00e1nsk\u00e9, d\u00e1msk\u00e9, d\u011btsk\u00e9 hodinky a hodiny","og_url":"https:\/\/prim.cz\/pl\/design\/","og_site_name":"PRIM.cz - origin\u00e1ln\u00ed \u010desk\u00e9 p\u00e1nsk\u00e9, d\u00e1msk\u00e9, d\u011btsk\u00e9 hodinky a hodiny","article_modified_time":"2025-12-18T13:39:22+00:00","og_image":[{"url":"https:\/\/prim.cz\/wp-content\/uploads\/2025\/02\/Tampon-Hero_01.webp","type":"","width":"","height":""}],"twitter_card":"summary_large_image","twitter_misc":{"Szacowany czas czytania":"15 minut"},"schema":{"@context":"https:\/\/schema.org","@graph":[{"@type":"WebPage","@id":"https:\/\/prim.cz\/pl\/design\/","url":"https:\/\/prim.cz\/pl\/design\/","name":"Design - PRIM.cz - origin\u00e1ln\u00ed \u010desk\u00e9 p\u00e1nsk\u00e9, d\u00e1msk\u00e9, d\u011btsk\u00e9 hodinky a hodiny","isPartOf":{"@id":"https:\/\/prim.cz\/en\/#website"},"primaryImageOfPage":{"@id":"https:\/\/prim.cz\/pl\/design\/#primaryimage"},"image":{"@id":"https:\/\/prim.cz\/pl\/design\/#primaryimage"},"thumbnailUrl":"https:\/\/prim.cz\/wp-content\/uploads\/2025\/02\/Tampon-Hero_01.webp","datePublished":"2025-03-05T20:51:36+00:00","dateModified":"2025-12-18T13:39:22+00:00","breadcrumb":{"@id":"https:\/\/prim.cz\/pl\/design\/#breadcrumb"},"inLanguage":"pl-PL","potentialAction":[{"@type":"ReadAction","target":["https:\/\/prim.cz\/pl\/design\/"]}]},{"@type":"ImageObject","inLanguage":"pl-PL","@id":"https:\/\/prim.cz\/pl\/design\/#primaryimage","url":"https:\/\/prim.cz\/wp-content\/uploads\/2025\/02\/Tampon-Hero_01.webp","contentUrl":"https:\/\/prim.cz\/wp-content\/uploads\/2025\/02\/Tampon-Hero_01.webp"},{"@type":"BreadcrumbList","@id":"https:\/\/prim.cz\/pl\/design\/#breadcrumb","itemListElement":[{"@type":"ListItem","position":1,"name":"Dom\u016f","item":"https:\/\/prim.cz\/pl\/"},{"@type":"ListItem","position":2,"name":"Design"}]},{"@type":"WebSite","@id":"https:\/\/prim.cz\/en\/#website","url":"https:\/\/prim.cz\/en\/","name":"PRIM - origin\u00e1ln\u00ed \u010desk\u00e9 p\u00e1nsk\u00e9, d\u00e1msk\u00e9, d\u011btsk\u00e9 hodinky a hodiny","description":"Nakupujte p\u0159\u00edmo u v\u00fdrobce! Origin\u00e1ln\u00ed eshop s kompletn\u00edm sortimentem \u010desk\u00fdch hodinek PRIM.","alternateName":"prim.cz","potentialAction":[{"@type":"SearchAction","target":{"@type":"EntryPoint","urlTemplate":"https:\/\/prim.cz\/en\/?s={search_term_string}"},"query-input":{"@type":"PropertyValueSpecification","valueRequired":true,"valueName":"search_term_string"}}],"inLanguage":"pl-PL"}]}},"wpml_current_locale":"pl_PL","wpml_translations":{"cs_CZ":{"locale":"cs_CZ","id":29107,"slug":"design","post_title":"Design","href":"https:\/\/prim.cz\/design\/"},"sk_SK":{"locale":"sk_SK","id":29136,"slug":"dizajn","post_title":"Dizajn","href":"https:\/\/prim.cz\/sk\/dizajn\/"},"pl_PL":{"locale":"pl_PL","translation":"current"},"en_US":{"locale":"en_US","id":29129,"slug":"design","post_title":"Design","href":"https:\/\/prim.cz\/en\/design\/"}},"_links":{"self":[{"href":"https:\/\/prim.cz\/pl\/wp-json\/wp\/v2\/pages\/29132","targetHints":{"allow":["GET"]}}],"collection":[{"href":"https:\/\/prim.cz\/pl\/wp-json\/wp\/v2\/pages"}],"about":[{"href":"https:\/\/prim.cz\/pl\/wp-json\/wp\/v2\/types\/page"}],"author":[{"embeddable":true,"href":"https:\/\/prim.cz\/pl\/wp-json\/wp\/v2\/users\/1"}],"replies":[{"embeddable":true,"href":"https:\/\/prim.cz\/pl\/wp-json\/wp\/v2\/comments?post=29132"}],"version-history":[{"count":20,"href":"https:\/\/prim.cz\/pl\/wp-json\/wp\/v2\/pages\/29132\/revisions"}],"predecessor-version":[{"id":40998,"href":"https:\/\/prim.cz\/pl\/wp-json\/wp\/v2\/pages\/29132\/revisions\/40998"}],"wp:attachment":[{"href":"https:\/\/prim.cz\/pl\/wp-json\/wp\/v2\/media?parent=29132"}],"curies":[{"name":"wp","href":"https:\/\/api.w.org\/{rel}","templated":true}]}}