{"id":23041,"date":"2024-09-05T05:53:21","date_gmt":"2024-09-05T03:53:21","guid":{"rendered":"https:\/\/new.prim-hodinky.cz\/?page_id=23041"},"modified":"2026-02-03T11:08:49","modified_gmt":"2026-02-03T10:08:49","slug":"zegarki-prim","status":"publish","type":"page","link":"https:\/\/prim.cz\/pl\/","title":{"rendered":"Strona g\u0142\u00f3wna"},"content":{"rendered":"<div class=\"brxe-qpadyg brxe-div\" data-query-loop-index=\"0\"><div id=\"b-bfsuol_m5i5fere\" class=\"brxe-bfsuol brxe-div mobile-view-section-width b-bfsuol_m5i5fere\"><h2 id=\"b-uxxioc_m5i5fere\" class=\"brxe-uxxioc brxe-heading text hero-sekce-heading-stylizace b-uxxioc_m5i5fere\">Edycja limitowana<\/h2><h1 id=\"b-fqjyll_m5i5fere\" class=\"brxe-fqjyll brxe-heading h1 hero-sekce-heading-stylizace b-fqjyll_m5i5fere\">PRIM Symbol 2026 LE<\/h1><a id=\"b-cdnuxw_m5i5fere\" class=\"brxe-cdnuxw brxe-button b-cdnuxw_m5i5fere bricks-button bricks-background-light\" href=\"https:\/\/prim.cz\/pl\/symbol-2026-le\/\"><span data-gbrx-id=\"gb-cdnuxw\" data-gbrx-subfield=\"text\" >Wi\u0119cej o edycji<\/span><\/a><\/div><div id=\"b-rpnxuh_m5i5fere\" class=\"brxe-rpnxuh brxe-div arrow-down hero-sekce-heading-stylizace b-rpnxuh_m5i5fere\"><i id=\"b-opsbjk_m5i5fere\" class=\"ion-md-arrow-round-down brxe-opsbjk brxe-icon b-opsbjk_m5i5fere\"><\/i><\/div><\/div><div id=\"b-dlozoz_m5i5fere\" class=\"brxe-div\"><div id=\"b-hipzcz_m5i5fere\" class=\"brxe-div brx-grid\"><h1 id=\"b-txvgeh_m5i5fere\" class=\"brxe-heading\">Marka PRIM<\/h1><div id=\"b-zsnwbr_m5i5fere\" class=\"brxe-divider vertical\"><div class=\"line\"><\/div><\/div><div id=\"b-wgaqar_m5i5fere\" class=\"brxe-div\"><h2 id=\"b-cmhesn_m5i5fere\" class=\"brxe-heading\">Od 1949 roku PRIM koncentruje si\u0119 na produkcji zegark\u00f3w, kt\u00f3re \u0142\u0105cz\u0105 w sobie klasyczny design i nowoczesn\u0105 technologi\u0119.<\/h2><a id=\"b-bmwoah_m5i5fere\" class=\"brxe-button bricks-button bricks-background-primary\" href=\"https:\/\/prim.cz\/pl\/historia-prim\/\"><span data-gbrx-id=\"gb-bmwoah\" data-gbrx-subfield=\"text\" >Poznaj histori\u0119 marki<\/span><\/a><\/div><\/div><\/div><div id=\"b-golpvr_m5i5fere\" class=\"brxe-div\"><div id=\"b-bexsha_m5i5fere\" class=\"brxe-template\"><div id=\"brxe-0e3ff2\" class=\"brxe-div\"><div id=\"brxe-ginnla\" data-script-id=\"ginnla_m5i5fere\" class=\"brxe-code\"><style>.slide-image {\n    transition: opacity 0.3s ease, transform 0.3s ease;\n}\n\n.slide-image-hover {\n    opacity: 0;\n    transition: opacity 0.3s ease, transform 0.3s ease; \n}\n\n.slide-parent:hover .slide-image-hover {\n    opacity: 1;\n    transform: scale(1.1);\n}\n\n.slide-parent:hover .slide-image {\n    transform: scale(1.1);\n}\n<\/style><\/div><div id=\"brxe-38546f\" data-script-id=\"38546f_m5i5fere\" class=\"brxe-slider-nested splide\" data-splide=\"{&quot;type&quot;:&quot;slide&quot;,&quot;direction&quot;:&quot;ltr&quot;,&quot;keyboard&quot;:&quot;global&quot;,&quot;height&quot;:&quot;fit-content&quot;,&quot;gap&quot;:&quot;20px&quot;,&quot;start&quot;:0,&quot;perPage&quot;:3,&quot;perMove&quot;:1,&quot;speed&quot;:400,&quot;interval&quot;:3000,&quot;autoHeight&quot;:false,&quot;autoplay&quot;:false,&quot;pauseOnHover&quot;:false,&quot;pauseOnFocus&quot;:false,&quot;arrows&quot;:true,&quot;pagination&quot;:false,&quot;mediaQuery&quot;:&quot;max&quot;,&quot;breakpoints&quot;:{&quot;1279&quot;:{&quot;type&quot;:&quot;slide&quot;,&quot;height&quot;:&quot;fit-content&quot;,&quot;gap&quot;:&quot;20px&quot;,&quot;perPage&quot;:&quot;3&quot;,&quot;arrows&quot;:true},&quot;1169&quot;:{&quot;perPage&quot;:&quot;3&quot;},&quot;478&quot;:{&quot;perPage&quot;:&quot;1&quot;}}}\"><div class=\"splide__track\"><div class=\"splide__list\"><a id=\"slide-parent\" href=\"https:\/\/prim.cz\/pl\/prim-orlik-38-bronz\/\" class=\"brxe-a93398 brxe-div slide-parent\"><div class=\"brxe-jyhivm brxe-div\"><figure id=\"slide-image\" class=\"brxe-e1aa53 brxe-image slide-image tag\"><img fetchpriority=\"high\" decoding=\"async\" width=\"425\" height=\"708\" src=\"https:\/\/prim.cz\/wp-content\/uploads\/2025\/08\/PRIM-ORLIK-38-BRONZ-LE_banner-425x708-01-1.webp\" class=\"css-filter size-full\" alt=\"\" loading=\"eager\" srcset=\"https:\/\/prim.cz\/wp-content\/uploads\/2025\/08\/PRIM-ORLIK-38-BRONZ-LE_banner-425x708-01-1.webp 425w, https:\/\/prim.cz\/wp-content\/uploads\/2025\/08\/PRIM-ORLIK-38-BRONZ-LE_banner-425x708-01-1-180x300.webp 180w\" sizes=\"(max-width: 425px) 100vw, 425px\" \/><\/figure><figure id=\"slide-image-hover\" class=\"brxe-mwmaao brxe-image slide-image-hover tag\"><img decoding=\"async\" width=\"425\" height=\"708\" src=\"https:\/\/prim.cz\/wp-content\/uploads\/2025\/08\/PRIM-ORLIK-38-BRONZ-LE_banner-425x708-01-image-1.webp\" class=\"css-filter size-full\" alt=\"\" loading=\"eager\" srcset=\"https:\/\/prim.cz\/wp-content\/uploads\/2025\/08\/PRIM-ORLIK-38-BRONZ-LE_banner-425x708-01-image-1.webp 425w, https:\/\/prim.cz\/wp-content\/uploads\/2025\/08\/PRIM-ORLIK-38-BRONZ-LE_banner-425x708-01-image-1-180x300.webp 180w\" sizes=\"(max-width: 425px) 100vw, 425px\" \/><\/figure><\/div><h5 class=\"brxe-898ebb brxe-heading h5\">PRIM Orl\u00edk 38 Bronz<\/h5><h3 class=\"brxe-1311ff brxe-heading\">Edycja limitowana<\/h3><\/a><a id=\"slide-parent\" href=\"https:\/\/prim.cz\/pl\/prim-mach-titan-le\/\" class=\"brxe-a93398 brxe-div slide-parent\"><div class=\"brxe-jyhivm brxe-div\"><figure id=\"slide-image\" class=\"brxe-e1aa53 brxe-image slide-image tag\"><img decoding=\"async\" width=\"425\" height=\"708\" src=\"https:\/\/prim.cz\/wp-content\/uploads\/2025\/07\/PRIM-MACH_425x708-1.webp\" class=\"css-filter size-full\" alt=\"\" loading=\"eager\" srcset=\"https:\/\/prim.cz\/wp-content\/uploads\/2025\/07\/PRIM-MACH_425x708-1.webp 425w, https:\/\/prim.cz\/wp-content\/uploads\/2025\/07\/PRIM-MACH_425x708-1-180x300.webp 180w\" sizes=\"(max-width: 425px) 100vw, 425px\" \/><\/figure><figure id=\"slide-image-hover\" class=\"brxe-mwmaao brxe-image slide-image-hover tag\"><img decoding=\"async\" width=\"425\" height=\"708\" src=\"https:\/\/prim.cz\/wp-content\/uploads\/2025\/07\/PRIM-MACH_425x708-image-1.webp\" class=\"css-filter size-full\" alt=\"\" loading=\"eager\" srcset=\"https:\/\/prim.cz\/wp-content\/uploads\/2025\/07\/PRIM-MACH_425x708-image-1.webp 425w, https:\/\/prim.cz\/wp-content\/uploads\/2025\/07\/PRIM-MACH_425x708-image-1-180x300.webp 180w\" sizes=\"(max-width: 425px) 100vw, 425px\" \/><\/figure><\/div><h5 class=\"brxe-898ebb brxe-heading h5\">PRIM MACH TITAN LE<\/h5><h3 class=\"brxe-1311ff brxe-heading\">Edycja limitowana<\/h3><\/a><a id=\"slide-parent\" href=\"https:\/\/prim.cz\/pl\/prim-lady-elegant-gold-diamond\/\" class=\"brxe-a93398 brxe-div slide-parent\"><div class=\"brxe-jyhivm brxe-div\"><figure id=\"slide-image\" class=\"brxe-e1aa53 brxe-image slide-image tag\"><img decoding=\"async\" width=\"425\" height=\"708\" src=\"https:\/\/prim.cz\/wp-content\/uploads\/2024\/07\/PRIM-LADY-ELEGANT-DIAMOND_425x708.webp\" class=\"css-filter size-full\" alt=\"\" loading=\"eager\" srcset=\"https:\/\/prim.cz\/wp-content\/uploads\/2024\/07\/PRIM-LADY-ELEGANT-DIAMOND_425x708.webp 425w, https:\/\/prim.cz\/wp-content\/uploads\/2024\/07\/PRIM-LADY-ELEGANT-DIAMOND_425x708-180x300.webp 180w\" sizes=\"(max-width: 425px) 100vw, 425px\" \/><\/figure><figure id=\"slide-image-hover\" class=\"brxe-mwmaao brxe-image slide-image-hover tag\"><img decoding=\"async\" width=\"425\" height=\"708\" src=\"https:\/\/prim.cz\/wp-content\/uploads\/2024\/07\/PRIM-LADY-ELEGANT-DIAMOND_425x708-image.webp\" class=\"css-filter size-full\" alt=\"\" loading=\"eager\" srcset=\"https:\/\/prim.cz\/wp-content\/uploads\/2024\/07\/PRIM-LADY-ELEGANT-DIAMOND_425x708-image.webp 425w, https:\/\/prim.cz\/wp-content\/uploads\/2024\/07\/PRIM-LADY-ELEGANT-DIAMOND_425x708-image-180x300.webp 180w\" sizes=\"(max-width: 425px) 100vw, 425px\" \/><\/figure><\/div><h5 class=\"brxe-898ebb brxe-heading h5\">PRIM Lady Elegant Gold Diamond<\/h5><h3 class=\"brxe-1311ff brxe-heading\">Edycja limitowana<\/h3><\/a><a id=\"brxe-yqrrkk\" href=\"https:\/\/prim.cz\/limitovane-edice\/\" class=\"brxe-div\"><span id=\"brxe-gpnsen\" class=\"brxe-button h5 bricks-button bricks-background-secondary\">Zobacz inne edycje<\/span><\/a><\/div><\/div><div class=\"splide__arrows custom\"><button class=\"splide__arrow splide__arrow--prev\" type=\"button\"><i class=\"ion-ios-arrow-back\"><\/i><\/button><button class=\"splide__arrow splide__arrow--next\" type=\"button\"><i class=\"ion-ios-arrow-forward\"><\/i><\/button><\/div><\/div><div id=\"brxe-vcizlc\" class=\"brxe-div\"><div id=\"brxe-tbutbl\" data-script-id=\"tbutbl_m5i5fere\" class=\"brxe-code\"><script>document.addEventListener(\"DOMContentLoaded\", function() {\n    setTimeout(function() {\n        var elements = document.querySelectorAll(\".brxe-a93398\");\n\n        elements.forEach(function(element) {\n            element.style.width = '';\n        });\n    }, 010);\n});<\/script><\/div><\/div><\/div><\/div><\/div><div id=\"b-vuiaxh_m5i5fere\" class=\"brxe-div has-bg-video\"><div class=\"bricks-background-video-wrapper bricks-lazy-video\" data-background-video-url=\"https:\/\/prim.cz\/wp-content\/uploads\/2024\/09\/video-firemni-vyroba.mov\" data-background-video-loop=\"1\"><video autoplay loop playsinline muted ><\/video><\/div><h2 id=\"b-nszgpv_m5i5fere\" class=\"brxe-heading h1 hero-sekce-heading-stylizace\">Wysokiej klasy technologie produkcji<\/h2><a id=\"b-vrytdd_m5i5fere\" class=\"brxe-button bricks-button bricks-background-light\" href=\"https:\/\/prim.cz\/pl\/technologia-produkcji\/\"><span data-gbrx-id=\"gb-vrytdd\" data-gbrx-subfield=\"text\" >Technologia produkcji<\/span><\/a><div id=\"b-fwisny_m5i5fere\" data-script-id=\"fwisny_m5i5fere\" class=\"brxe-video\"><video src=\"https:\/\/prim.cz\/wp-content\/uploads\/2026\/02\/PRIM-TECHNOLOGIE-WEB-2.mp4\" autoplay playsinline onclick=\"this.paused ? this.play() : this.pause()\" loop muted><p>Twoja przegl\u0105darka nie obs\u0142uguje tagu wideo.<\/p><\/video><\/div><\/div><div id=\"b-zdptie_m5i5fere\" class=\"brxe-div\"><a href=\"\/pl\/kontakt\/#frydek-mistek\" data-brx-anchor=\"true\" class=\"brxe-dwdfch brxe-div\"><img loading=\"lazy\" decoding=\"async\" width=\"1000\" height=\"1000\" src=\"https:\/\/prim.cz\/wp-content\/uploads\/2025\/12\/PRIM-Prodejna-003-02.webp\" class=\"brxe-lqmqhf brxe-image prodejna-background-foto b-lqmqhf_m5i5fere css-filter size-large\" alt=\"\" id=\"b-lqmqhf_m5i5fere\" srcset=\"https:\/\/prim.cz\/wp-content\/uploads\/2025\/12\/PRIM-Prodejna-003-02.webp 1000w, https:\/\/prim.cz\/wp-content\/uploads\/2025\/12\/PRIM-Prodejna-003-02-300x300.webp 300w, https:\/\/prim.cz\/wp-content\/uploads\/2025\/12\/PRIM-Prodejna-003-02-150x150.webp 150w, https:\/\/prim.cz\/wp-content\/uploads\/2025\/12\/PRIM-Prodejna-003-02-768x768.webp 768w\" sizes=\"auto, (max-width: 1000px) 100vw, 1000px\" \/><div id=\"b-cvlgfd_m5i5fere\" class=\"brxe-cvlgfd brxe-div b-cvlgfd_m5i5fere\"><div id=\"b-qvddqj_m5i5fere\" class=\"brxe-qvddqj brxe-text-basic text hero-sekce-heading-stylizace b-qvddqj_m5i5fere\">Oficjalny butik<\/div><h3 id=\"b-txpumh_m5i5fere\" class=\"brxe-txpumh brxe-heading h1 hero-sekce-heading-stylizace b-txpumh_m5i5fere\">Fr\u00fddek-M\u00edstek<\/h3><div id=\"b-skhcnu_m5i5fere\" class=\"brxe-skhcnu brxe-text-basic text hero-sekce-heading-stylizace b-skhcnu_m5i5fere\">P\u0159\u00edborsk\u00e1 1473, Fr\u00fddek-M\u00edstek<\/div><\/div><\/a><a href=\"\/pl\/kontakt\/#nove-mesto-nad-metuji\" data-brx-anchor=\"true\" class=\"brxe-dwdfch brxe-div\"><img loading=\"lazy\" decoding=\"async\" width=\"1000\" height=\"1000\" src=\"https:\/\/prim.cz\/wp-content\/uploads\/2025\/12\/Butik_NMNM.webp\" class=\"brxe-lqmqhf brxe-image prodejna-background-foto b-lqmqhf_m5i5fere css-filter size-large\" alt=\"\" id=\"b-lqmqhf_m5i5fere\" srcset=\"https:\/\/prim.cz\/wp-content\/uploads\/2025\/12\/Butik_NMNM.webp 1000w, https:\/\/prim.cz\/wp-content\/uploads\/2025\/12\/Butik_NMNM-300x300.webp 300w, https:\/\/prim.cz\/wp-content\/uploads\/2025\/12\/Butik_NMNM-150x150.webp 150w, https:\/\/prim.cz\/wp-content\/uploads\/2025\/12\/Butik_NMNM-768x768.webp 768w\" sizes=\"auto, (max-width: 1000px) 100vw, 1000px\" \/><div id=\"b-cvlgfd_m5i5fere\" class=\"brxe-cvlgfd brxe-div b-cvlgfd_m5i5fere\"><div id=\"b-qvddqj_m5i5fere\" class=\"brxe-qvddqj brxe-text-basic text hero-sekce-heading-stylizace b-qvddqj_m5i5fere\">Oficjalny butik<\/div><h3 id=\"b-txpumh_m5i5fere\" class=\"brxe-txpumh brxe-heading h1 hero-sekce-heading-stylizace b-txpumh_m5i5fere\">Nov\u00e9 M\u011bsto nad Metuj\u00ed<\/h3><div id=\"b-skhcnu_m5i5fere\" class=\"brxe-skhcnu brxe-text-basic text hero-sekce-heading-stylizace b-skhcnu_m5i5fere\">N\u00e1chodsk\u00e1 2105, Nov\u00e9 M\u011bsto nad Metuj\u00ed<\/div><\/div><\/a><a href=\"\/pl\/kontakt\/#praha\" data-brx-anchor=\"true\" class=\"brxe-dwdfch brxe-div\"><img loading=\"lazy\" decoding=\"async\" width=\"1000\" height=\"1000\" src=\"https:\/\/prim.cz\/wp-content\/uploads\/2025\/12\/Butik_Praha.webp\" class=\"brxe-lqmqhf brxe-image prodejna-background-foto b-lqmqhf_m5i5fere css-filter size-large\" alt=\"\" id=\"b-lqmqhf_m5i5fere\" srcset=\"https:\/\/prim.cz\/wp-content\/uploads\/2025\/12\/Butik_Praha.webp 1000w, https:\/\/prim.cz\/wp-content\/uploads\/2025\/12\/Butik_Praha-300x300.webp 300w, https:\/\/prim.cz\/wp-content\/uploads\/2025\/12\/Butik_Praha-150x150.webp 150w, https:\/\/prim.cz\/wp-content\/uploads\/2025\/12\/Butik_Praha-768x768.webp 768w\" sizes=\"auto, (max-width: 1000px) 100vw, 1000px\" \/><div id=\"b-cvlgfd_m5i5fere\" class=\"brxe-cvlgfd brxe-div b-cvlgfd_m5i5fere\"><div id=\"b-qvddqj_m5i5fere\" class=\"brxe-qvddqj brxe-text-basic text hero-sekce-heading-stylizace b-qvddqj_m5i5fere\">Oficjalny butik<\/div><h3 id=\"b-txpumh_m5i5fere\" class=\"brxe-txpumh brxe-heading h1 hero-sekce-heading-stylizace b-txpumh_m5i5fere\">Praha 1<\/h3><div id=\"b-skhcnu_m5i5fere\" class=\"brxe-skhcnu brxe-text-basic text hero-sekce-heading-stylizace b-skhcnu_m5i5fere\">Nek\u00e1zanka 858\/3, Praha 1<\/div><\/div><\/a><\/div><div id=\"b-rrlybh_m5i5fere\" class=\"brxe-div\"><h2 id=\"b-rtjnui_m5i5fere\" class=\"brxe-heading h1\">Wspieramy<\/h2><div id=\"b-gbsqqj_m5i5fere\" class=\"brxe-div brx-grid\"><a href=\"https:\/\/prim.cz\/pl\/podporujeme\/podpora-motylku\/\" class=\"brxe-doaudx brxe-div\"><h5 id=\"b-srzdjv_m5i5fere\" class=\"brxe-srzdjv brxe-heading h5 b-srzdjv_m5i5fere\">Podpora \u201emot\u00fdlk\u016f\u201c<\/h5><div id=\"b-qnilmk_m5i5fere\" class=\"brxe-qnilmk brxe-div b-qnilmk_m5i5fere\"><img loading=\"lazy\" decoding=\"async\" width=\"1600\" height=\"900\" src=\"https:\/\/prim.cz\/wp-content\/uploads\/2025\/12\/debra.webp\" class=\"brxe-epmfyd brxe-image podporujeme-background-foto css-filter size-full\" alt=\"\" id=\"podporujeme-background-foto\" srcset=\"https:\/\/prim.cz\/wp-content\/uploads\/2025\/12\/debra.webp 1600w, https:\/\/prim.cz\/wp-content\/uploads\/2025\/12\/debra-300x169.webp 300w, https:\/\/prim.cz\/wp-content\/uploads\/2025\/12\/debra-1024x576.webp 1024w, https:\/\/prim.cz\/wp-content\/uploads\/2025\/12\/debra-768x432.webp 768w, https:\/\/prim.cz\/wp-content\/uploads\/2025\/12\/debra-1536x864.webp 1536w\" sizes=\"auto, (max-width: 1600px) 100vw, 1600px\" \/><\/div><\/a><a href=\"https:\/\/prim.cz\/pl\/podporujeme\/charity-golf-party\/\" class=\"brxe-doaudx brxe-div\"><h5 id=\"b-srzdjv_m5i5fere\" class=\"brxe-srzdjv brxe-heading h5 b-srzdjv_m5i5fere\">Charity Golf Party<\/h5><div id=\"b-qnilmk_m5i5fere\" class=\"brxe-qnilmk brxe-div b-qnilmk_m5i5fere\"><img loading=\"lazy\" decoding=\"async\" width=\"1600\" height=\"900\" src=\"https:\/\/prim.cz\/wp-content\/uploads\/2025\/12\/charita-golf.webp\" class=\"brxe-epmfyd brxe-image podporujeme-background-foto css-filter size-full\" alt=\"\" id=\"podporujeme-background-foto\" srcset=\"https:\/\/prim.cz\/wp-content\/uploads\/2025\/12\/charita-golf.webp 1600w, https:\/\/prim.cz\/wp-content\/uploads\/2025\/12\/charita-golf-300x169.webp 300w, https:\/\/prim.cz\/wp-content\/uploads\/2025\/12\/charita-golf-1024x576.webp 1024w, https:\/\/prim.cz\/wp-content\/uploads\/2025\/12\/charita-golf-768x432.webp 768w, https:\/\/prim.cz\/wp-content\/uploads\/2025\/12\/charita-golf-1536x864.webp 1536w\" sizes=\"auto, (max-width: 1600px) 100vw, 1600px\" \/><\/div><\/a><a href=\"https:\/\/prim.cz\/pl\/podporujeme\/monitory-dechu-pro-miminka\/\" class=\"brxe-doaudx brxe-div\"><h5 id=\"b-srzdjv_m5i5fere\" class=\"brxe-srzdjv brxe-heading h5 b-srzdjv_m5i5fere\">Monitory dechu pro miminka<\/h5><div id=\"b-qnilmk_m5i5fere\" class=\"brxe-qnilmk brxe-div b-qnilmk_m5i5fere\"><img loading=\"lazy\" decoding=\"async\" width=\"1600\" height=\"900\" src=\"https:\/\/prim.cz\/wp-content\/uploads\/2025\/12\/monitor-dechu.webp\" class=\"brxe-epmfyd brxe-image podporujeme-background-foto css-filter size-full\" alt=\"\" id=\"podporujeme-background-foto\" srcset=\"https:\/\/prim.cz\/wp-content\/uploads\/2025\/12\/monitor-dechu.webp 1600w, https:\/\/prim.cz\/wp-content\/uploads\/2025\/12\/monitor-dechu-300x169.webp 300w, https:\/\/prim.cz\/wp-content\/uploads\/2025\/12\/monitor-dechu-1024x576.webp 1024w, https:\/\/prim.cz\/wp-content\/uploads\/2025\/12\/monitor-dechu-768x432.webp 768w, https:\/\/prim.cz\/wp-content\/uploads\/2025\/12\/monitor-dechu-1536x864.webp 1536w\" sizes=\"auto, (max-width: 1600px) 100vw, 1600px\" \/><\/div><\/a><\/div><a id=\"b-puvawu_m5i5fere\" class=\"brxe-button bricks-button bricks-background-secondary\" href=\"https:\/\/prim.cz\/podporujeme\/\"><span data-gbrx-id=\"gb-puvawu\" data-gbrx-subfield=\"text\" >Inne wspierane projekty<\/span><\/a><\/div><div id=\"b-jwbbnh_m5i5fere\" class=\"brxe-div\"><div class=\"brxe-blomou brxe-div\"><div id=\"b-apekka_m5i5fere\" class=\"brxe-apekka brxe-text-basic text hero-sekce-heading-stylizace b-apekka_m5i5fere\">Sklep<\/div><h3 id=\"b-wqmjgq_m5i5fere\" class=\"brxe-wqmjgq brxe-heading h1 hero-sekce-heading-stylizace b-wqmjgq_m5i5fere\">Fr\u00fddek-M\u00edstek<\/h3><div id=\"b-nbwujd_m5i5fere\" class=\"brxe-nbwujd brxe-text-basic text hero-sekce-heading-stylizace b-nbwujd_m5i5fere\">P\u0159\u00edborsk\u00e1 1473, Fr\u00fddek-M\u00edstek<\/div><a id=\"b-nqdklv_m5i5fere\" class=\"brxe-nqdklv brxe-button text b-nqdklv_m5i5fere bricks-button bricks-background-primary\" href=\"https:\/\/prim.cz\/kontakt\/\"><span data-gbrx-id=\"gb-nqdklv\" data-gbrx-subfield=\"text\" >Kontakt<\/span><\/a><\/div><\/div>","protected":false},"excerpt":{"rendered":"","protected":false},"author":1,"featured_media":0,"parent":0,"menu_order":1,"comment_status":"closed","ping_status":"closed","template":"templates\/gutenbricks-dynamic-template-default.php","meta":{"_acf_changed":false,"_link_to_original":"","footnotes":""},"class_list":["post-23041","page","type-page","status-publish","hentry"],"acf":[],"yoast_head":"<!-- This site is optimized with the Yoast SEO plugin v26.9 - https:\/\/yoast.com\/product\/yoast-seo-wordpress\/ -->\n<title>Strona g\u0142\u00f3wna - PRIM.cz - origin\u00e1ln\u00ed \u010desk\u00e9 p\u00e1nsk\u00e9, d\u00e1msk\u00e9, d\u011btsk\u00e9 hodinky a hodiny<\/title>\n<meta name=\"robots\" content=\"index, follow, max-snippet:-1, max-image-preview:large, max-video-preview:-1\" \/>\n<link rel=\"canonical\" href=\"https:\/\/prim.cz\/pl\/\" \/>\n<meta property=\"og:locale\" content=\"pl_PL\" \/>\n<meta property=\"og:type\" content=\"article\" \/>\n<meta property=\"og:title\" content=\"Strona g\u0142\u00f3wna - PRIM.cz - origin\u00e1ln\u00ed \u010desk\u00e9 p\u00e1nsk\u00e9, d\u00e1msk\u00e9, d\u011btsk\u00e9 hodinky a hodiny\" \/>\n<meta property=\"og:url\" content=\"https:\/\/prim.cz\/pl\/\" \/>\n<meta property=\"og:site_name\" content=\"PRIM.cz - origin\u00e1ln\u00ed \u010desk\u00e9 p\u00e1nsk\u00e9, d\u00e1msk\u00e9, d\u011btsk\u00e9 hodinky a hodiny\" \/>\n<meta property=\"article:modified_time\" content=\"2026-02-03T10:08:49+00:00\" \/>\n<meta property=\"og:image\" content=\"https:\/\/prim.cz\/wp-content\/uploads\/2025\/09\/PRIM-LIAZ-DAKAR-1985__425x708.webp\" \/>\n<meta name=\"twitter:card\" content=\"summary_large_image\" \/>\n<meta name=\"twitter:label1\" content=\"Szacowany czas czytania\" \/>\n\t<meta name=\"twitter:data1\" content=\"7 minut\" \/>\n<script type=\"application\/ld+json\" class=\"yoast-schema-graph\">{\"@context\":\"https:\/\/schema.org\",\"@graph\":[{\"@type\":\"WebPage\",\"@id\":\"https:\/\/prim.cz\/pl\/\",\"url\":\"https:\/\/prim.cz\/pl\/\",\"name\":\"Strona g\u0142\u00f3wna - PRIM.cz - origin\u00e1ln\u00ed \u010desk\u00e9 p\u00e1nsk\u00e9, d\u00e1msk\u00e9, d\u011btsk\u00e9 hodinky a hodiny\",\"isPartOf\":{\"@id\":\"https:\/\/prim.cz\/en\/#website\"},\"primaryImageOfPage\":{\"@id\":\"https:\/\/prim.cz\/pl\/#primaryimage\"},\"image\":{\"@id\":\"https:\/\/prim.cz\/pl\/#primaryimage\"},\"thumbnailUrl\":\"https:\/\/prim.cz\/wp-content\/uploads\/2025\/09\/PRIM-LIAZ-DAKAR-1985__425x708.webp\",\"datePublished\":\"2024-09-05T03:53:21+00:00\",\"dateModified\":\"2026-02-03T10:08:49+00:00\",\"breadcrumb\":{\"@id\":\"https:\/\/prim.cz\/pl\/#breadcrumb\"},\"inLanguage\":\"pl-PL\",\"potentialAction\":[{\"@type\":\"ReadAction\",\"target\":[\"https:\/\/prim.cz\/pl\/\"]}]},{\"@type\":\"ImageObject\",\"inLanguage\":\"pl-PL\",\"@id\":\"https:\/\/prim.cz\/pl\/#primaryimage\",\"url\":\"https:\/\/prim.cz\/wp-content\/uploads\/2025\/09\/PRIM-LIAZ-DAKAR-1985__425x708.webp\",\"contentUrl\":\"https:\/\/prim.cz\/wp-content\/uploads\/2025\/09\/PRIM-LIAZ-DAKAR-1985__425x708.webp\"},{\"@type\":\"BreadcrumbList\",\"@id\":\"https:\/\/prim.cz\/pl\/#breadcrumb\",\"itemListElement\":[{\"@type\":\"ListItem\",\"position\":1,\"name\":\"Dom\u016f\",\"item\":\"https:\/\/prim.cz\/pl\/\"},{\"@type\":\"ListItem\",\"position\":2,\"name\":\"Strona g\u0142\u00f3wna\"}]},{\"@type\":\"WebSite\",\"@id\":\"https:\/\/prim.cz\/en\/#website\",\"url\":\"https:\/\/prim.cz\/en\/\",\"name\":\"PRIM - origin\u00e1ln\u00ed \u010desk\u00e9 p\u00e1nsk\u00e9, d\u00e1msk\u00e9, d\u011btsk\u00e9 hodinky a hodiny\",\"description\":\"Nakupujte p\u0159\u00edmo u v\u00fdrobce! Origin\u00e1ln\u00ed eshop s kompletn\u00edm sortimentem \u010desk\u00fdch hodinek PRIM.\",\"alternateName\":\"prim.cz\",\"potentialAction\":[{\"@type\":\"SearchAction\",\"target\":{\"@type\":\"EntryPoint\",\"urlTemplate\":\"https:\/\/prim.cz\/en\/?s={search_term_string}\"},\"query-input\":{\"@type\":\"PropertyValueSpecification\",\"valueRequired\":true,\"valueName\":\"search_term_string\"}}],\"inLanguage\":\"pl-PL\"}]}<\/script>\n<!-- \/ Yoast SEO plugin. -->","yoast_head_json":{"title":"Strona g\u0142\u00f3wna - PRIM.cz - origin\u00e1ln\u00ed \u010desk\u00e9 p\u00e1nsk\u00e9, d\u00e1msk\u00e9, d\u011btsk\u00e9 hodinky a hodiny","robots":{"index":"index","follow":"follow","max-snippet":"max-snippet:-1","max-image-preview":"max-image-preview:large","max-video-preview":"max-video-preview:-1"},"canonical":"https:\/\/prim.cz\/pl\/","og_locale":"pl_PL","og_type":"article","og_title":"Strona g\u0142\u00f3wna - PRIM.cz - origin\u00e1ln\u00ed \u010desk\u00e9 p\u00e1nsk\u00e9, d\u00e1msk\u00e9, d\u011btsk\u00e9 hodinky a hodiny","og_url":"https:\/\/prim.cz\/pl\/","og_site_name":"PRIM.cz - origin\u00e1ln\u00ed \u010desk\u00e9 p\u00e1nsk\u00e9, d\u00e1msk\u00e9, d\u011btsk\u00e9 hodinky a hodiny","article_modified_time":"2026-02-03T10:08:49+00:00","og_image":[{"url":"https:\/\/prim.cz\/wp-content\/uploads\/2025\/09\/PRIM-LIAZ-DAKAR-1985__425x708.webp","type":"","width":"","height":""}],"twitter_card":"summary_large_image","twitter_misc":{"Szacowany czas czytania":"7 minut"},"schema":{"@context":"https:\/\/schema.org","@graph":[{"@type":"WebPage","@id":"https:\/\/prim.cz\/pl\/","url":"https:\/\/prim.cz\/pl\/","name":"Strona g\u0142\u00f3wna - PRIM.cz - origin\u00e1ln\u00ed \u010desk\u00e9 p\u00e1nsk\u00e9, d\u00e1msk\u00e9, d\u011btsk\u00e9 hodinky a hodiny","isPartOf":{"@id":"https:\/\/prim.cz\/en\/#website"},"primaryImageOfPage":{"@id":"https:\/\/prim.cz\/pl\/#primaryimage"},"image":{"@id":"https:\/\/prim.cz\/pl\/#primaryimage"},"thumbnailUrl":"https:\/\/prim.cz\/wp-content\/uploads\/2025\/09\/PRIM-LIAZ-DAKAR-1985__425x708.webp","datePublished":"2024-09-05T03:53:21+00:00","dateModified":"2026-02-03T10:08:49+00:00","breadcrumb":{"@id":"https:\/\/prim.cz\/pl\/#breadcrumb"},"inLanguage":"pl-PL","potentialAction":[{"@type":"ReadAction","target":["https:\/\/prim.cz\/pl\/"]}]},{"@type":"ImageObject","inLanguage":"pl-PL","@id":"https:\/\/prim.cz\/pl\/#primaryimage","url":"https:\/\/prim.cz\/wp-content\/uploads\/2025\/09\/PRIM-LIAZ-DAKAR-1985__425x708.webp","contentUrl":"https:\/\/prim.cz\/wp-content\/uploads\/2025\/09\/PRIM-LIAZ-DAKAR-1985__425x708.webp"},{"@type":"BreadcrumbList","@id":"https:\/\/prim.cz\/pl\/#breadcrumb","itemListElement":[{"@type":"ListItem","position":1,"name":"Dom\u016f","item":"https:\/\/prim.cz\/pl\/"},{"@type":"ListItem","position":2,"name":"Strona g\u0142\u00f3wna"}]},{"@type":"WebSite","@id":"https:\/\/prim.cz\/en\/#website","url":"https:\/\/prim.cz\/en\/","name":"PRIM - origin\u00e1ln\u00ed \u010desk\u00e9 p\u00e1nsk\u00e9, d\u00e1msk\u00e9, d\u011btsk\u00e9 hodinky a hodiny","description":"Nakupujte p\u0159\u00edmo u v\u00fdrobce! Origin\u00e1ln\u00ed eshop s kompletn\u00edm sortimentem \u010desk\u00fdch hodinek PRIM.","alternateName":"prim.cz","potentialAction":[{"@type":"SearchAction","target":{"@type":"EntryPoint","urlTemplate":"https:\/\/prim.cz\/en\/?s={search_term_string}"},"query-input":{"@type":"PropertyValueSpecification","valueRequired":true,"valueName":"search_term_string"}}],"inLanguage":"pl-PL"}]}},"wpml_current_locale":"pl_PL","wpml_translations":{"cs_CZ":{"locale":"cs_CZ","id":18,"slug":"prim-hodinky","post_title":"Domovsk\u00e1 str\u00e1nka","href":"https:\/\/prim.cz\/prim-hodinky\/"},"sk_SK":{"locale":"sk_SK","id":23043,"slug":"prim-hodinky","post_title":"Domovsk\u00e1 str\u00e1nka","href":"https:\/\/prim.cz\/sk\/prim-hodinky\/"},"pl_PL":{"locale":"pl_PL","translation":"current"},"en_US":{"locale":"en_US","id":23039,"slug":"prim-watches","post_title":"Homepage","href":"https:\/\/prim.cz\/en\/prim-watches\/"}},"_links":{"self":[{"href":"https:\/\/prim.cz\/pl\/wp-json\/wp\/v2\/pages\/23041","targetHints":{"allow":["GET"]}}],"collection":[{"href":"https:\/\/prim.cz\/pl\/wp-json\/wp\/v2\/pages"}],"about":[{"href":"https:\/\/prim.cz\/pl\/wp-json\/wp\/v2\/types\/page"}],"author":[{"embeddable":true,"href":"https:\/\/prim.cz\/pl\/wp-json\/wp\/v2\/users\/1"}],"replies":[{"embeddable":true,"href":"https:\/\/prim.cz\/pl\/wp-json\/wp\/v2\/comments?post=23041"}],"version-history":[{"count":14,"href":"https:\/\/prim.cz\/pl\/wp-json\/wp\/v2\/pages\/23041\/revisions"}],"predecessor-version":[{"id":42088,"href":"https:\/\/prim.cz\/pl\/wp-json\/wp\/v2\/pages\/23041\/revisions\/42088"}],"wp:attachment":[{"href":"https:\/\/prim.cz\/pl\/wp-json\/wp\/v2\/media?parent=23041"}],"curies":[{"name":"wp","href":"https:\/\/api.w.org\/{rel}","templated":true}]}}