{"id":35965,"date":"2025-12-18T17:10:30","date_gmt":"2025-12-18T16:10:30","guid":{"rendered":"https:\/\/prim.cz\/maintance\/"},"modified":"2026-03-24T11:39:56","modified_gmt":"2026-03-24T10:39:56","slug":"maintance","status":"publish","type":"page","link":"https:\/\/prim.cz\/en\/maintance\/","title":{"rendered":"Maintance"},"content":{"rendered":"<section id=\"b-fnelzb_m7yfhylj\" class=\"brxe-div\"><img loading=\"lazy\" decoding=\"async\" width=\"1920\" height=\"960\" src=\"https:\/\/prim.cz\/wp-content\/uploads\/2024\/11\/HODINARI-1-1920.webp\" class=\"brxe-image css-filter size-full\" alt=\"\" id=\"b-kfobix_m7yfhylj\" srcset=\"https:\/\/prim.cz\/wp-content\/uploads\/2024\/11\/HODINARI-1-1920.webp 1920w, https:\/\/prim.cz\/wp-content\/uploads\/2024\/11\/HODINARI-1-1920-300x150.webp 300w, https:\/\/prim.cz\/wp-content\/uploads\/2024\/11\/HODINARI-1-1920-1024x512.webp 1024w, https:\/\/prim.cz\/wp-content\/uploads\/2024\/11\/HODINARI-1-1920-768x384.webp 768w, https:\/\/prim.cz\/wp-content\/uploads\/2024\/11\/HODINARI-1-1920-1536x768.webp 1536w\" sizes=\"auto, (max-width: 1920px) 100vw, 1920px\" \/><div id=\"b-sugqub_m7yfhylj\" class=\"brxe-div mobile-view-section-width\"><h1 id=\"b-pgaefz_m7yfhylj\" class=\"brxe-heading h1 hero-sekce-heading-stylizace\">Watch care and maintenance<\/h1><\/div><div id=\"b-eixhqp_m7yfhylj\" class=\"brxe-div arrow-down hero-sekce-heading-stylizace\"><i id=\"b-wfisjw_m7yfhylj\" class=\"ion-md-arrow-round-down brxe-icon\"><\/i><\/div><\/section>\n\n<div id=\"b-ekmfdl_m7yfjf3l\" class=\"brxe-div\"><div id=\"b-tpkczc_m7yfjf3l\" class=\"brxe-div\"><\/div><div id=\"b-dlqqzs_m7yfjf3l\" class=\"brxe-text text\"><p>BASIC WATCH CARE RULES:keep your watch cleanvisit a service centre regularly to verify water resistancehave the automatic movement cleaned and the oil replaced regularly (performed as part of a complete service)use only authorised PRIM service centres for servicing<\/p>\n<\/div><\/div>\n\n<div id=\"b-8f91f3_mghrozjo\" class=\"brxe-div\"><div id=\"b-5e4113_mghrozjo\" class=\"brxe-div\"><\/div><div id=\"b-fypbgm_mghrozjo\" class=\"brxe-div\"><div id=\"b-160668_mghrozjo\" class=\"brxe-text text\"><p>CHRONOGRAPH RESET Resetting chronograph hands to zero position Example: One of the chronograph hands is not at the zero position and needs to be adjusted (e.g. after a battery replacement) Pull the crown to position III Press and hold the button at 2 o&#8217;clock for 2 seconds until the second hand moves Release the button and press it again to move the hand to zero Repeat for other hands<\/p>\n<\/div><img loading=\"lazy\" decoding=\"async\" width=\"512\" height=\"379\" src=\"https:\/\/prim.cz\/wp-content\/uploads\/2024\/11\/Stopky-WB.jpg\" class=\"brxe-image css-filter size-full\" alt=\"\" id=\"b-yyhtkg_mghrozjo\" srcset=\"https:\/\/prim.cz\/wp-content\/uploads\/2024\/11\/Stopky-WB.jpg 512w, https:\/\/prim.cz\/wp-content\/uploads\/2024\/11\/Stopky-WB-300x222.jpg 300w\" sizes=\"auto, (max-width: 512px) 100vw, 512px\" \/><\/div><\/div>\n\n<section id=\"b-omnxuw_m7yg12a6\" class=\"brxe-div brx-grid\"><img loading=\"lazy\" decoding=\"async\" width=\"1600\" height=\"800\" src=\"https:\/\/prim.cz\/wp-content\/uploads\/2024\/11\/HODINARI-11.jpg\" class=\"brxe-image css-filter size-full\" alt=\"\" id=\"b-cluyxm_m7yg12a6\" srcset=\"https:\/\/prim.cz\/wp-content\/uploads\/2024\/11\/HODINARI-11.jpg 1600w, https:\/\/prim.cz\/wp-content\/uploads\/2024\/11\/HODINARI-11-300x150.jpg 300w, https:\/\/prim.cz\/wp-content\/uploads\/2024\/11\/HODINARI-11-1024x512.jpg 1024w, https:\/\/prim.cz\/wp-content\/uploads\/2024\/11\/HODINARI-11-768x384.jpg 768w, https:\/\/prim.cz\/wp-content\/uploads\/2024\/11\/HODINARI-11-1536x768.jpg 1536w\" sizes=\"auto, (max-width: 1600px) 100vw, 1600px\" \/><div id=\"b-zmmnos_m7yg12a6\" class=\"brxe-div\"><h2 id=\"b-uwpmxy_m7yg12a6\" class=\"brxe-heading h2\">Water resistance<\/h2><div id=\"b-etttin_m7yg12a6\" class=\"brxe-text text\"><p>Water resistance indicates the ability of the watch case to prevent moisture and water from entering. PRIM watches are divided into groups according to their level of water resistance. The individual levels, including a description of where each type can be used, are listed in the table below.<\/p>\n<\/div><\/div><\/section>\n\n<div id=\"b-tyagzm_m8r5wd13\" class=\"brxe-div\"><\/div>\n\n\n<h2 class=\"wp-block-heading has-text-align-center has-text-color has-link-color wp-elements-2d6396acefa5bafa707099a2aa18a291\" id=\"tabulka\" style=\"color:#5b5c5b;font-size:60px\"><strong>Tabulka vod\u011bodolnosti<\/strong><\/h2>\n\n\n<div id=\"b-tyagzm_m8r5w6l3\" class=\"brxe-div\"><\/div>\n\n<div class=\"wp-block-image\">\n<figure class=\"aligncenter size-full\"><img loading=\"lazy\" decoding=\"async\" width=\"1024\" height=\"466\" src=\"https:\/\/prim.cz\/wp-content\/uploads\/2025\/07\/VODEODOLNOST_tabulka_2021-1024x466-1.jpg\" alt=\"\" class=\"wp-image-35038\" srcset=\"https:\/\/prim.cz\/wp-content\/uploads\/2025\/07\/VODEODOLNOST_tabulka_2021-1024x466-1.jpg 1024w, https:\/\/prim.cz\/wp-content\/uploads\/2025\/07\/VODEODOLNOST_tabulka_2021-1024x466-1-300x137.jpg 300w, https:\/\/prim.cz\/wp-content\/uploads\/2025\/07\/VODEODOLNOST_tabulka_2021-1024x466-1-768x350.jpg 768w\" sizes=\"auto, (max-width: 1024px) 100vw, 1024px\" \/><\/figure>\n<\/div>\n\n<div id=\"b-ekmfdl_m7yivf52\" class=\"brxe-div\"><div id=\"b-dlqqzs_m7yivf52\" class=\"brxe-text text\"><p>* models without a screw-down crown are recommended only for showering and occasional surface swimming; for regular swimming, we recommend only models with a screw-down crown<\/p>\n<\/div><\/div>\n\n<div id=\"b-ickeyb_m7yixq4x\" class=\"brxe-div\"><div id=\"b-xsggmw_m7yixq4x\" class=\"brxe-div\"><\/div><h2 id=\"b-uzjhjf_m7yixq4x\" class=\"brxe-heading h2\">Using your watch in water<\/h2><\/div>\n\n<div id=\"b-tyagzm_m7yiy988\" class=\"brxe-div\"><\/div>\n\n<div id=\"b-ekmfdl_m7yixznj\" class=\"brxe-div\"><div id=\"b-dlqqzs_m7yixznj\" class=\"brxe-text text\"><p>With water-resistant watches, it is important to always have the crown pushed in when in contact with water, and never operate the buttons or the crown under water. Watches with a screw-down crown \u2013 the crown must always be firmly screwed in before contact with water.<\/p>\n<\/div><\/div>\n\n<div id=\"b-ekmfdl_m7yizox0\" class=\"brxe-div\"><div id=\"b-tpkczc_m7yizox0\" class=\"brxe-div\"><\/div><div id=\"b-dlqqzs_m7yizox0\" class=\"brxe-text text\"><p>Watch manufacturers list three most common levels of water resistance:1. Watches with 3ATM, 30 m (3 bar) water resistanceThey are moisture-proof and dust-proof, but should not be exposed to prolonged contact with moisture. They can certainly withstand a splash of water or rain.2. Watches with 5ATM, 50 m (5 bar) water resistanceThey are suitable for surface swimming and showering, but not for diving.3. Watches with 10ATM, 100 m (10 bar) and higher water resistanceThey are suitable for swimming and water sports. Watches with 20ATM or higher are suitable for diving.<\/p>\n<\/div><\/div>\n\n<div id=\"b-ickeyb_m7yj3jaq\" class=\"brxe-div\"><div id=\"b-xsggmw_m7yj3jaq\" class=\"brxe-div\"><\/div><h2 id=\"b-uzjhjf_m7yj3jaq\" class=\"brxe-heading h2\">Instructions for use and basic watch care rules (standard information after purchase)<\/h2><\/div>\n\n<div id=\"b-tyagzm_m7yj45vk\" class=\"brxe-div\"><\/div>\n\n<div id=\"b-ekmfdl_m7yj3t6b\" class=\"brxe-div\"><div id=\"b-dlqqzs_m7yj3t6b\" class=\"brxe-text text\"><p>You have just become the owner of a watch from our collection. To ensure your watch serves you for a long time and maintains its beautiful appearance, certain guidelines must be followed. Already at the time of purchase, choose a watch that suits your lifestyle and daily activities.<\/p>\n<\/div><\/div>\n\n<div id=\"b-ickeyb_m7yj4r8y\" class=\"brxe-div\"><div id=\"b-xsggmw_m7yj4r8y\" class=\"brxe-div\"><\/div><h2 id=\"b-uzjhjf_m7yj4r8y\" class=\"brxe-heading h2\">Materials and types of glass<\/h2><\/div>\n\n<div id=\"b-tyagzm_m7yj4ywf\" class=\"brxe-div\"><\/div>\n\n<div id=\"b-ekmfdl_m7yj52rz\" class=\"brxe-div\"><div id=\"b-dlqqzs_m7yj52rz\" class=\"brxe-text text\"><p>Mineral glass (Silica glass)This is the most commonly used glass for PRIM watches. The main advantage is the price-to-quality ratio. Another advantage is its easier processing compared to sapphire glass. The disadvantage is lower scratch resistance compared to sapphire glass.<\/p>\n<\/div><\/div>\n\n<div id=\"b-8f91f3_mghria0i\" class=\"brxe-div\"><div id=\"b-fypbgm_mghria0i\" class=\"brxe-div\"><div id=\"b-160668_mghria0i\" class=\"brxe-text text\"><p>1) Classic convex glassThey look like a classic lens with a single radius of convexity.<\/p>\n<\/div><img loading=\"lazy\" decoding=\"async\" width=\"176\" height=\"201\" src=\"https:\/\/prim.cz\/wp-content\/uploads\/2024\/12\/vypoukle-sklo-1.webp\" class=\"brxe-image css-filter size-full\" alt=\"\" id=\"b-yyhtkg_mghria0i\" \/><\/div><\/div>\n\n<div id=\"b-tyagzm_mghrjroj\" class=\"brxe-div\"><\/div>\n\n<div id=\"b-8f91f3_mghrk18w\" class=\"brxe-div\"><div id=\"b-fypbgm_mghrk18w\" class=\"brxe-div\"><div id=\"b-160668_mghrk18w\" class=\"brxe-text text\"><p>2) Non-standard convex glass (Diplomat, Retro Automatic models etc.) The glass is not classically convex but domed like a vault. Or simply domed glass. This type was also the most commonly used in the past and was typical of wristwatches.<\/p>\n<\/div><img loading=\"lazy\" decoding=\"async\" width=\"372\" height=\"188\" src=\"https:\/\/prim.cz\/wp-content\/uploads\/2024\/12\/vypoukle-sklo-2.webp\" class=\"brxe-image css-filter size-full\" alt=\"\" id=\"b-yyhtkg_mghrk18w\" srcset=\"https:\/\/prim.cz\/wp-content\/uploads\/2024\/12\/vypoukle-sklo-2.webp 372w, https:\/\/prim.cz\/wp-content\/uploads\/2024\/12\/vypoukle-sklo-2-300x152.webp 300w\" sizes=\"auto, (max-width: 372px) 100vw, 372px\" \/><\/div><\/div>\n\n<div id=\"b-ickeyb_m7yom745\" class=\"brxe-div\"><div id=\"b-xsggmw_m7yom745\" class=\"brxe-div\"><\/div><h2 id=\"b-uzjhjf_m7yom745\" class=\"brxe-heading h2\">PRIM watch case size table, strap widths<\/h2><\/div>\n\n<div class=\"wp-block-image\">\n<figure class=\"aligncenter size-large\"><img decoding=\"async\" src=\"https:\/\/prim.cz\/wp-content\/uploads\/2024\/11\/PRIM-VELIKOSTI-768x1088-1-723x1024.jpg\" alt=\"\"\/><\/figure>\n<\/div>\n\n<div id=\"b-ickeyb_m7yon12y\" class=\"brxe-div\"><div id=\"b-xsggmw_m7yon12y\" class=\"brxe-div\"><\/div><h2 id=\"b-uzjhjf_m7yon12y\" class=\"brxe-heading h2\">PRIM wall clock sizes<\/h2><\/div>\n\n\n<div class=\"wp-block-columns is-layout-flex wp-container-core-columns-is-layout-9d6595d7 wp-block-columns-is-layout-flex\">\n<div class=\"wp-block-column is-layout-flow wp-block-column-is-layout-flow\" style=\"flex-basis:100%\"><div class=\"wp-block-image\">\n<figure class=\"aligncenter size-full\"><img loading=\"lazy\" decoding=\"async\" width=\"1024\" height=\"277\" src=\"https:\/\/prim.cz\/wp-content\/uploads\/2024\/11\/CLOCK-SIZE_piktogram-1024x277-1.jpg\" alt=\"\" class=\"wp-image-8460\" srcset=\"https:\/\/prim.cz\/wp-content\/uploads\/2024\/11\/CLOCK-SIZE_piktogram-1024x277-1.jpg 1024w, https:\/\/prim.cz\/wp-content\/uploads\/2024\/11\/CLOCK-SIZE_piktogram-1024x277-1-300x81.jpg 300w, https:\/\/prim.cz\/wp-content\/uploads\/2024\/11\/CLOCK-SIZE_piktogram-1024x277-1-768x208.jpg 768w\" sizes=\"auto, (max-width: 1024px) 100vw, 1024px\" \/><\/figure>\n<\/div><\/div>\n<\/div>\n\n\n<div id=\"b-ickeyb_m7yoo2dm\" class=\"brxe-div\"><div id=\"b-xsggmw_m7yoo2dm\" class=\"brxe-div\"><\/div><h2 id=\"b-uzjhjf_m7yoo2dm\" class=\"brxe-heading h2\">Movement information<\/h2><\/div>\n\n<div id=\"b-tyagzm_m7yoofuv\" class=\"brxe-div\"><\/div>\n\n<div id=\"b-ekmfdl_m7yoo9o8\" class=\"brxe-div\"><div id=\"b-dlqqzs_m7yoo9o8\" class=\"brxe-text text\"><p>MIYOTA 8215 If you feel that the second hand on your watch stutters, we assure you that this is not a defect but a normal condition. In watches fitted with a Miyota 8215 movement, the second hand moves in a characteristic way that may sometimes appear to stutter. This is typical behaviour of this movement.<\/p>\n<\/div><\/div>\n\n<div id=\"b-ickeyb_m7yopbsg\" class=\"brxe-div\"><div id=\"b-xsggmw_m7yopbsg\" class=\"brxe-div\"><\/div><h2 id=\"b-uzjhjf_m7yopbsg\" class=\"brxe-heading h2\">Tritium vs Luminescent coating<\/h2><\/div>\n\n<div id=\"b-tyagzm_m7yoq95b\" class=\"brxe-div\"><\/div>\n\n<div id=\"b-8f91f3_mghqwzcn\" class=\"brxe-div\"><div id=\"b-fypbgm_mghqwzcn\" class=\"brxe-div\"><div id=\"b-160668_mghqwzcn\" class=\"brxe-text text\"><p>The tritium vials that glow on the indexes and hands of our PRIM Sport Tritium watches have different properties than standard technologies such as luminescent paints. Thanks to the luminescent layer, the indexes glow brightly immediately after being exposed to light, while the tritium vials start with a lower intensity. The first photo shows the state immediately after exposure.<\/p>\n<\/div><img loading=\"lazy\" decoding=\"async\" width=\"638\" height=\"479\" src=\"https:\/\/prim.cz\/wp-content\/uploads\/2025\/01\/image7-.webp\" class=\"brxe-image css-filter size-full\" alt=\"\" id=\"b-yyhtkg_mghqwzcn\" srcset=\"https:\/\/prim.cz\/wp-content\/uploads\/2025\/01\/image7-.webp 638w, https:\/\/prim.cz\/wp-content\/uploads\/2025\/01\/image7--300x225.webp 300w\" sizes=\"auto, (max-width: 638px) 100vw, 638px\" \/><\/div><\/div>\n\n<div id=\"b-tyagzm_mghqyitd\" class=\"brxe-div\"><\/div>\n\n<div id=\"b-8f91f3_mghqyq3d\" class=\"brxe-div\"><div id=\"b-fypbgm_mghqyq3d\" class=\"brxe-div\"><div id=\"b-160668_mghqyq3d\" class=\"brxe-text text\"><p>After a few minutes, the radiation is roughly the same for both variants. See photo approx. 5 min. after exposure.<\/p>\n<\/div><img loading=\"lazy\" decoding=\"async\" width=\"637\" height=\"456\" src=\"https:\/\/prim.cz\/wp-content\/uploads\/2025\/01\/image14-.webp\" class=\"brxe-image css-filter size-full\" alt=\"\" id=\"b-yyhtkg_mghqyq3d\" srcset=\"https:\/\/prim.cz\/wp-content\/uploads\/2025\/01\/image14-.webp 637w, https:\/\/prim.cz\/wp-content\/uploads\/2025\/01\/image14--300x215.webp 300w\" sizes=\"auto, (max-width: 637px) 100vw, 637px\" \/><\/div><\/div>\n\n<div id=\"b-tyagzm_mghr0h4w\" class=\"brxe-div\"><\/div>\n\n<div id=\"b-8f91f3_mghr0qjm\" class=\"brxe-div\"><div id=\"b-fypbgm_mghr0qjm\" class=\"brxe-div\"><div id=\"b-160668_mghr0qjm\" class=\"brxe-text text\"><p>In the third image, you can see that the luminescent indexes barely emit light, unlike the tritium vials. See photo approx. 25 min. after exposure.<\/p>\n<\/div><img loading=\"lazy\" decoding=\"async\" width=\"627\" height=\"437\" src=\"https:\/\/prim.cz\/wp-content\/uploads\/2025\/01\/image21-.webp\" class=\"brxe-image css-filter size-full\" alt=\"\" id=\"b-yyhtkg_mghr0qjm\" srcset=\"https:\/\/prim.cz\/wp-content\/uploads\/2025\/01\/image21-.webp 627w, https:\/\/prim.cz\/wp-content\/uploads\/2025\/01\/image21--300x209.webp 300w\" sizes=\"auto, (max-width: 627px) 100vw, 627px\" \/><\/div><\/div>\n\n<div id=\"b-tyagzm_m7yorvg9\" class=\"brxe-div\"><\/div>\n\n<div id=\"b-8f91f3_mghr7xrm\" class=\"brxe-div\"><div id=\"b-fypbgm_mghr7xrm\" class=\"brxe-div\"><div id=\"b-160668_mghr7xrm\" class=\"brxe-text text\"><p>And so it continues. The luminescent indexes emit less and less light, while the tritium vials glow at the same intensity. For luminescent indexes, the brightness naturally depends on the type of light and duration of exposure.<\/p>\n<\/div><img loading=\"lazy\" decoding=\"async\" width=\"640\" height=\"434\" src=\"https:\/\/prim.cz\/wp-content\/uploads\/2025\/01\/image28.webp\" class=\"brxe-image css-filter size-full\" alt=\"\" id=\"b-yyhtkg_mghr7xrm\" srcset=\"https:\/\/prim.cz\/wp-content\/uploads\/2025\/01\/image28.webp 640w, https:\/\/prim.cz\/wp-content\/uploads\/2025\/01\/image28-300x203.webp 300w\" sizes=\"auto, (max-width: 640px) 100vw, 640px\" \/><\/div><\/div>\n\n<div id=\"b-tyagzm_m7youz0k\" class=\"brxe-div\"><\/div>\n\n<div id=\"b-8f91f3_mghrc0fb\" class=\"brxe-div\"><div id=\"b-fypbgm_mghrc0fb\" class=\"brxe-div\"><div id=\"b-160668_mghrc0fb\" class=\"brxe-text text\"><p>The watches were exposed to artificial light for approximately 30 seconds and the luminescence brightness is proportional to that. Further information about tritium vials in our watches can be found in the Safety and Warranty document.<\/p>\n<\/div><img loading=\"lazy\" decoding=\"async\" width=\"960\" height=\"650\" src=\"https:\/\/prim.cz\/wp-content\/uploads\/2025\/01\/unnamed-1-e1737469356128.webp\" class=\"brxe-image css-filter size-full\" alt=\"\" id=\"b-yyhtkg_mghrc0fb\" srcset=\"https:\/\/prim.cz\/wp-content\/uploads\/2025\/01\/unnamed-1-e1737469356128.webp 960w, https:\/\/prim.cz\/wp-content\/uploads\/2025\/01\/unnamed-1-e1737469356128-300x203.webp 300w, https:\/\/prim.cz\/wp-content\/uploads\/2025\/01\/unnamed-1-e1737469356128-768x520.webp 768w\" sizes=\"auto, (max-width: 960px) 100vw, 960px\" \/><\/div><\/div>\n\n<div id=\"b-qdovdx_mghrdv7y\" class=\"brxe-div\"><\/div>\n\n\n<p><\/p>\n","protected":false},"excerpt":{"rendered":"<p>Tabulka vod\u011bodolnosti<\/p>\n","protected":false},"author":1,"featured_media":0,"parent":0,"menu_order":0,"comment_status":"closed","ping_status":"closed","template":"templates\/gutenbricks-dynamic-template-default.php","meta":{"_acf_changed":false,"_link_to_original":"","footnotes":""},"class_list":["post-35965","page","type-page","status-publish","hentry"],"acf":[],"yoast_head":"<!-- This site is optimized with the Yoast SEO plugin v26.9 - https:\/\/yoast.com\/product\/yoast-seo-wordpress\/ -->\n<title>Maintance - PRIM.cz - origin\u00e1ln\u00ed \u010desk\u00e9 p\u00e1nsk\u00e9, d\u00e1msk\u00e9, d\u011btsk\u00e9 hodinky a hodiny<\/title>\n<meta name=\"robots\" content=\"index, follow, max-snippet:-1, max-image-preview:large, max-video-preview:-1\" \/>\n<link rel=\"canonical\" href=\"https:\/\/prim.cz\/en\/maintance\/\" \/>\n<meta property=\"og:locale\" content=\"en_US\" \/>\n<meta property=\"og:type\" content=\"article\" \/>\n<meta property=\"og:title\" content=\"Maintance - PRIM.cz - origin\u00e1ln\u00ed \u010desk\u00e9 p\u00e1nsk\u00e9, d\u00e1msk\u00e9, d\u011btsk\u00e9 hodinky a hodiny\" \/>\n<meta property=\"og:description\" content=\"Tabulka vod\u011bodolnosti\" \/>\n<meta property=\"og:url\" content=\"https:\/\/prim.cz\/en\/maintance\/\" \/>\n<meta property=\"og:site_name\" content=\"PRIM.cz - origin\u00e1ln\u00ed \u010desk\u00e9 p\u00e1nsk\u00e9, d\u00e1msk\u00e9, d\u011btsk\u00e9 hodinky a hodiny\" \/>\n<meta property=\"article:modified_time\" content=\"2026-03-24T10:39:56+00:00\" \/>\n<meta property=\"og:image\" content=\"https:\/\/prim.cz\/wp-content\/uploads\/2024\/11\/HODINARI-1-1920.webp\" \/>\n<meta name=\"twitter:card\" content=\"summary_large_image\" \/>\n<meta name=\"twitter:label1\" content=\"Est. reading time\" \/>\n\t<meta name=\"twitter:data1\" content=\"23 minutes\" \/>\n<script type=\"application\/ld+json\" class=\"yoast-schema-graph\">{\"@context\":\"https:\/\/schema.org\",\"@graph\":[{\"@type\":\"WebPage\",\"@id\":\"https:\/\/prim.cz\/en\/maintance\/\",\"url\":\"https:\/\/prim.cz\/en\/maintance\/\",\"name\":\"Maintance - PRIM.cz - origin\u00e1ln\u00ed \u010desk\u00e9 p\u00e1nsk\u00e9, d\u00e1msk\u00e9, d\u011btsk\u00e9 hodinky a hodiny\",\"isPartOf\":{\"@id\":\"https:\/\/prim.cz\/en\/#website\"},\"primaryImageOfPage\":{\"@id\":\"https:\/\/prim.cz\/en\/maintance\/#primaryimage\"},\"image\":{\"@id\":\"https:\/\/prim.cz\/en\/maintance\/#primaryimage\"},\"thumbnailUrl\":\"https:\/\/prim.cz\/wp-content\/uploads\/2024\/11\/HODINARI-1-1920.webp\",\"datePublished\":\"2025-12-18T16:10:30+00:00\",\"dateModified\":\"2026-03-24T10:39:56+00:00\",\"breadcrumb\":{\"@id\":\"https:\/\/prim.cz\/en\/maintance\/#breadcrumb\"},\"inLanguage\":\"en-US\",\"potentialAction\":[{\"@type\":\"ReadAction\",\"target\":[\"https:\/\/prim.cz\/en\/maintance\/\"]}]},{\"@type\":\"ImageObject\",\"inLanguage\":\"en-US\",\"@id\":\"https:\/\/prim.cz\/en\/maintance\/#primaryimage\",\"url\":\"https:\/\/prim.cz\/wp-content\/uploads\/2024\/11\/HODINARI-1-1920.webp\",\"contentUrl\":\"https:\/\/prim.cz\/wp-content\/uploads\/2024\/11\/HODINARI-1-1920.webp\"},{\"@type\":\"BreadcrumbList\",\"@id\":\"https:\/\/prim.cz\/en\/maintance\/#breadcrumb\",\"itemListElement\":[{\"@type\":\"ListItem\",\"position\":1,\"name\":\"Dom\u016f\",\"item\":\"https:\/\/prim.cz\/en\/\"},{\"@type\":\"ListItem\",\"position\":2,\"name\":\"Maintance\"}]},{\"@type\":\"WebSite\",\"@id\":\"https:\/\/prim.cz\/en\/#website\",\"url\":\"https:\/\/prim.cz\/en\/\",\"name\":\"PRIM - origin\u00e1ln\u00ed \u010desk\u00e9 p\u00e1nsk\u00e9, d\u00e1msk\u00e9, d\u011btsk\u00e9 hodinky a hodiny\",\"description\":\"Nakupujte p\u0159\u00edmo u v\u00fdrobce! Origin\u00e1ln\u00ed eshop s kompletn\u00edm sortimentem \u010desk\u00fdch hodinek PRIM.\",\"alternateName\":\"prim.cz\",\"potentialAction\":[{\"@type\":\"SearchAction\",\"target\":{\"@type\":\"EntryPoint\",\"urlTemplate\":\"https:\/\/prim.cz\/en\/?s={search_term_string}\"},\"query-input\":{\"@type\":\"PropertyValueSpecification\",\"valueRequired\":true,\"valueName\":\"search_term_string\"}}],\"inLanguage\":\"en-US\"}]}<\/script>\n<!-- \/ Yoast SEO plugin. -->","yoast_head_json":{"title":"Maintance - PRIM.cz - origin\u00e1ln\u00ed \u010desk\u00e9 p\u00e1nsk\u00e9, d\u00e1msk\u00e9, d\u011btsk\u00e9 hodinky a hodiny","robots":{"index":"index","follow":"follow","max-snippet":"max-snippet:-1","max-image-preview":"max-image-preview:large","max-video-preview":"max-video-preview:-1"},"canonical":"https:\/\/prim.cz\/en\/maintance\/","og_locale":"en_US","og_type":"article","og_title":"Maintance - PRIM.cz - origin\u00e1ln\u00ed \u010desk\u00e9 p\u00e1nsk\u00e9, d\u00e1msk\u00e9, d\u011btsk\u00e9 hodinky a hodiny","og_description":"Tabulka vod\u011bodolnosti","og_url":"https:\/\/prim.cz\/en\/maintance\/","og_site_name":"PRIM.cz - origin\u00e1ln\u00ed \u010desk\u00e9 p\u00e1nsk\u00e9, d\u00e1msk\u00e9, d\u011btsk\u00e9 hodinky a hodiny","article_modified_time":"2026-03-24T10:39:56+00:00","og_image":[{"url":"https:\/\/prim.cz\/wp-content\/uploads\/2024\/11\/HODINARI-1-1920.webp","type":"","width":"","height":""}],"twitter_card":"summary_large_image","twitter_misc":{"Est. reading time":"23 minutes"},"schema":{"@context":"https:\/\/schema.org","@graph":[{"@type":"WebPage","@id":"https:\/\/prim.cz\/en\/maintance\/","url":"https:\/\/prim.cz\/en\/maintance\/","name":"Maintance - PRIM.cz - origin\u00e1ln\u00ed \u010desk\u00e9 p\u00e1nsk\u00e9, d\u00e1msk\u00e9, d\u011btsk\u00e9 hodinky a hodiny","isPartOf":{"@id":"https:\/\/prim.cz\/en\/#website"},"primaryImageOfPage":{"@id":"https:\/\/prim.cz\/en\/maintance\/#primaryimage"},"image":{"@id":"https:\/\/prim.cz\/en\/maintance\/#primaryimage"},"thumbnailUrl":"https:\/\/prim.cz\/wp-content\/uploads\/2024\/11\/HODINARI-1-1920.webp","datePublished":"2025-12-18T16:10:30+00:00","dateModified":"2026-03-24T10:39:56+00:00","breadcrumb":{"@id":"https:\/\/prim.cz\/en\/maintance\/#breadcrumb"},"inLanguage":"en-US","potentialAction":[{"@type":"ReadAction","target":["https:\/\/prim.cz\/en\/maintance\/"]}]},{"@type":"ImageObject","inLanguage":"en-US","@id":"https:\/\/prim.cz\/en\/maintance\/#primaryimage","url":"https:\/\/prim.cz\/wp-content\/uploads\/2024\/11\/HODINARI-1-1920.webp","contentUrl":"https:\/\/prim.cz\/wp-content\/uploads\/2024\/11\/HODINARI-1-1920.webp"},{"@type":"BreadcrumbList","@id":"https:\/\/prim.cz\/en\/maintance\/#breadcrumb","itemListElement":[{"@type":"ListItem","position":1,"name":"Dom\u016f","item":"https:\/\/prim.cz\/en\/"},{"@type":"ListItem","position":2,"name":"Maintance"}]},{"@type":"WebSite","@id":"https:\/\/prim.cz\/en\/#website","url":"https:\/\/prim.cz\/en\/","name":"PRIM - origin\u00e1ln\u00ed \u010desk\u00e9 p\u00e1nsk\u00e9, d\u00e1msk\u00e9, d\u011btsk\u00e9 hodinky a hodiny","description":"Nakupujte p\u0159\u00edmo u v\u00fdrobce! Origin\u00e1ln\u00ed eshop s kompletn\u00edm sortimentem \u010desk\u00fdch hodinek PRIM.","alternateName":"prim.cz","potentialAction":[{"@type":"SearchAction","target":{"@type":"EntryPoint","urlTemplate":"https:\/\/prim.cz\/en\/?s={search_term_string}"},"query-input":{"@type":"PropertyValueSpecification","valueRequired":true,"valueName":"search_term_string"}}],"inLanguage":"en-US"}]}},"wpml_current_locale":"en_US","wpml_translations":{"cs_CZ":{"locale":"cs_CZ","id":29329,"slug":"udrzba","post_title":"\u00dadr\u017eba","href":"https:\/\/prim.cz\/udrzba\/"},"sk_SK":{"locale":"sk_SK","id":35971,"slug":"udrzba","post_title":"\u00dadr\u017eba","href":"https:\/\/prim.cz\/sk\/udrzba\/"},"pl_PL":{"locale":"pl_PL","id":35968,"slug":"konserwacja","post_title":"Konserwacja","href":"https:\/\/prim.cz\/pl\/konserwacja\/"},"en_US":{"locale":"en_US","translation":"current"}},"_links":{"self":[{"href":"https:\/\/prim.cz\/en\/wp-json\/wp\/v2\/pages\/35965","targetHints":{"allow":["GET"]}}],"collection":[{"href":"https:\/\/prim.cz\/en\/wp-json\/wp\/v2\/pages"}],"about":[{"href":"https:\/\/prim.cz\/en\/wp-json\/wp\/v2\/types\/page"}],"author":[{"embeddable":true,"href":"https:\/\/prim.cz\/en\/wp-json\/wp\/v2\/users\/1"}],"replies":[{"embeddable":true,"href":"https:\/\/prim.cz\/en\/wp-json\/wp\/v2\/comments?post=35965"}],"version-history":[{"count":5,"href":"https:\/\/prim.cz\/en\/wp-json\/wp\/v2\/pages\/35965\/revisions"}],"predecessor-version":[{"id":45629,"href":"https:\/\/prim.cz\/en\/wp-json\/wp\/v2\/pages\/35965\/revisions\/45629"}],"wp:attachment":[{"href":"https:\/\/prim.cz\/en\/wp-json\/wp\/v2\/media?parent=35965"}],"curies":[{"name":"wp","href":"https:\/\/api.w.org\/{rel}","templated":true}]}}