{"id":31594,"date":"2025-03-06T22:17:06","date_gmt":"2025-03-06T21:17:06","guid":{"rendered":"https:\/\/prim.cz\/gift-vouchers\/"},"modified":"2026-03-24T09:58:51","modified_gmt":"2026-03-24T08:58:51","slug":"gift-vouchers","status":"publish","type":"page","link":"https:\/\/prim.cz\/en\/gift-vouchers\/","title":{"rendered":"Gift vouchers"},"content":{"rendered":"<section id=\"b-fnelzb_m7xuaklp\" class=\"brxe-div\"><img loading=\"lazy\" decoding=\"async\" width=\"1920\" height=\"1080\" src=\"https:\/\/prim.cz\/wp-content\/uploads\/2025\/02\/Darkove-poukazy-Hero_01.webp\" class=\"brxe-image css-filter size-full\" alt=\"\" id=\"b-kfobix_m7xuaklp\" srcset=\"https:\/\/prim.cz\/wp-content\/uploads\/2025\/02\/Darkove-poukazy-Hero_01.webp 1920w, https:\/\/prim.cz\/wp-content\/uploads\/2025\/02\/Darkove-poukazy-Hero_01-300x169.webp 300w, https:\/\/prim.cz\/wp-content\/uploads\/2025\/02\/Darkove-poukazy-Hero_01-1024x576.webp 1024w, https:\/\/prim.cz\/wp-content\/uploads\/2025\/02\/Darkove-poukazy-Hero_01-768x432.webp 768w, https:\/\/prim.cz\/wp-content\/uploads\/2025\/02\/Darkove-poukazy-Hero_01-1536x864.webp 1536w\" sizes=\"auto, (max-width: 1920px) 100vw, 1920px\" \/><div id=\"b-sugqub_m7xuaklp\" class=\"brxe-div mobile-view-section-width\"><h1 id=\"b-pgaefz_m7xuaklp\" class=\"brxe-heading h1 hero-sekce-heading-stylizace\">Gift vouchers<\/h1><\/div><div id=\"b-eixhqp_m7xuaklp\" class=\"brxe-div arrow-down hero-sekce-heading-stylizace\"><i id=\"b-wfisjw_m7xuaklp\" class=\"ion-md-arrow-round-down brxe-icon\"><\/i><\/div><\/section><div id=\"b-ickeyb_m7xubjcs\" class=\"brxe-div\"><div id=\"b-xsggmw_m7xubjcs\" class=\"brxe-div\"><\/div><h2 id=\"b-uzjhjf_m7xubjcs\" class=\"brxe-heading h2\">Give the gift of time that lasts.<\/h2><\/div><div id=\"b-tyagzm_m7xubx6r\" class=\"brxe-div\"><\/div>\n<div class=\"wp-block-group alignfull\"><div class=\"wp-block-group__inner-container is-layout-constrained wp-block-group-is-layout-constrained\"><div id=\"b-ekmfdl_m7xud8jn\" class=\"brxe-div\"><div id=\"b-dlqqzs_m7xud8jn\" class=\"brxe-text text\"><p class=\"has-text-align-center\">Would you like to gift your loved ones, friends, business partners or employees a PRIM watch and don&#8217;t know which model to choose? We have prepared special gift vouchers for PRIM brand goods just for you. Choose from gift vouchers in nominal values \u200b\u200bof CZK 500 &#8211; 10,000 in our e-shop. The recipient can choose PRIM goods that exactly meet their needs.<\/p>\n<p class=\"has-text-align-center\">You can give your loved ones or friends a beautiful gift for special occasions such as birthdays, thank-yous or congratulations. For companies, it can be an interesting gift before the end of the year for business partners or to appreciate their long-standing employees.<\/p>\n<p class=\"has-text-align-center\">A gift voucher can be purchased online &#8211; the voucher will then be sent by email. The second option is to purchase a voucher directly at one of the PRIM company stores \u2013 in <b>Fr\u00fddek-M\u00edstek<\/b> (P\u0159\u00edborsk\u00e1 1473), in <b>Prague<\/b> (Nek\u00e1zanka 858\/3, Prague 1) or in <b>Nov\u00e9 M\u011bsto nad Metuj\u00ed<\/b> (N\u00e1chodsk\u00e1 2105). If you are interested in a different amount or a voucher with a company logo, please contact us at <b><a href=\"mailto:individualizace@prim.cz\">individualizace@prim.cz<\/a><\/b>.<\/p>\n<\/div><\/div><\/div><\/div>\n<div class=\"wp-block-image\">\n<figure class=\"aligncenter size-large\"><img loading=\"lazy\" decoding=\"async\" width=\"1024\" height=\"722\" src=\"https:\/\/prim.cz\/wp-content\/uploads\/2025\/09\/PRIM-VOUCHER-WEB-1024x722.webp\" alt=\"\" class=\"wp-image-35727\" srcset=\"https:\/\/prim.cz\/wp-content\/uploads\/2025\/09\/PRIM-VOUCHER-WEB-1024x722.webp 1024w, https:\/\/prim.cz\/wp-content\/uploads\/2025\/09\/PRIM-VOUCHER-WEB-300x212.webp 300w, https:\/\/prim.cz\/wp-content\/uploads\/2025\/09\/PRIM-VOUCHER-WEB-768x542.webp 768w, https:\/\/prim.cz\/wp-content\/uploads\/2025\/09\/PRIM-VOUCHER-WEB-1536x1083.webp 1536w, https:\/\/prim.cz\/wp-content\/uploads\/2025\/09\/PRIM-VOUCHER-WEB-2048x1444.webp 2048w\" sizes=\"auto, (max-width: 1024px) 100vw, 1024px\" \/><\/figure>\n<\/div><div id=\"b-ickeyb_m7xulmqu\" class=\"brxe-div\"><div id=\"b-xsggmw_m7xulmqu\" class=\"brxe-div\"><\/div><h3 id=\"b-zyysyn_m7xulmqu\" class=\"brxe-heading h3\">Voucher Rules<\/h3><\/div><div id=\"b-tyagzm_m7xum7eq\" class=\"brxe-div\"><\/div><div id=\"b-ekmfdl_m7xulzio\" class=\"brxe-div\"><div id=\"b-dlqqzs_m7xulzio\" class=\"brxe-text text\"><div id=\"brxe-mqrbxx\" class=\"brxe-text text\">\n<ol>\n<li>Ordering a gift voucher in the e-shop.<\/li>\n<li>After the payment is received, the gift voucher will be sent to the provided email address.<\/li>\n<li>Option to print the gift voucher and send it to your address (+99 CZK). This service can be selected in the e-shop.<\/li>\n<li>\n<div>The recipient can use the gift voucher:<\/div>\n<ul>\n<li>In one of the PRIM corporate stores, when you need to print a gift voucher<\/li>\n<ul>\n<li>Fr\u00fddek-M\u00edstek \u2013 P\u0159\u00edborsk\u00e1 1473, 738 01<\/li>\n<li>Prague \u2013 Nek\u00e1zanka 858\/3, Prague 1<\/li>\n<li>Nov\u00e9 M\u011bsto nad Metuj\u00ed \u2013 N\u00e1chodsk\u00e1 2105)<\/li>\n<\/ul>\n<li>At the e-shop (eshop.prim-hodinky.cz) using a unique one-time code that is part of the voucher<\/li>\n<\/ul>\n<\/li>\n<li>\n<div>The validity of the gift voucher is limited to 12 months from the date of issue.<\/div>\n<div>After the expiry date stated on the gift voucher, it is not possible to<\/div>\n<div>use the gift voucher.<\/div>\n<\/li>\n<li>\n<div>If the price of the goods exceeds the value of the gift voucher, it is possible to<\/div>\n<div>pay the difference in the standard way, i.e. at the company store,<\/div>\n<div>or in the e-shop.<\/div>\n<\/li>\n<li>The gift voucher is valid only once. The voucher cannot be exchanged for money. The unused portion of the gift voucher value is non-refundable.<\/li>\n<\/ol>\n<\/div>\n<\/div><\/div><div id=\"b-tyagzm_m7xunphm\" class=\"brxe-div\"><\/div><div id=\"b-glotuz_m7xumyww\" class=\"brxe-div\"><div id=\"b-nalbps_m7xumyww\" class=\"brxe-div\"><\/div><a id=\"b-xzpkec_m7xumyww\" class=\"brxe-button bricks-button xl bricks-background-primary\" href=\"https:\/\/eshop.prim-hodinky.cz\/en\/category\/prim-gift-vouchers\" rel target=\"_blank\" title aria-label><span data-gbrx-id=\"gb-xzpkec\" data-gbrx-subfield=\"text\" >Buy Voucher<\/span><\/a><div id=\"b-yyhgud_m7xumyww\" class=\"brxe-div\"><\/div><\/div><div id=\"b-tyagzm_m7xunve9\" class=\"brxe-div\"><\/div>","protected":false},"excerpt":{"rendered":"","protected":false},"author":1,"featured_media":0,"parent":0,"menu_order":0,"comment_status":"closed","ping_status":"closed","template":"templates\/gutenbricks-dynamic-template-default.php","meta":{"_acf_changed":false,"_link_to_original":"","footnotes":""},"class_list":["post-31594","page","type-page","status-publish","hentry"],"acf":[],"yoast_head":"<!-- This site is optimized with the Yoast SEO plugin v26.9 - https:\/\/yoast.com\/product\/yoast-seo-wordpress\/ -->\n<title>Gift vouchers - PRIM.cz - origin\u00e1ln\u00ed \u010desk\u00e9 p\u00e1nsk\u00e9, d\u00e1msk\u00e9, d\u011btsk\u00e9 hodinky a hodiny<\/title>\n<meta name=\"robots\" content=\"index, follow, max-snippet:-1, max-image-preview:large, max-video-preview:-1\" \/>\n<link rel=\"canonical\" href=\"https:\/\/prim.cz\/en\/gift-vouchers\/\" \/>\n<meta property=\"og:locale\" content=\"en_US\" \/>\n<meta property=\"og:type\" content=\"article\" \/>\n<meta property=\"og:title\" content=\"Gift vouchers - PRIM.cz - origin\u00e1ln\u00ed \u010desk\u00e9 p\u00e1nsk\u00e9, d\u00e1msk\u00e9, d\u011btsk\u00e9 hodinky a hodiny\" \/>\n<meta property=\"og:url\" content=\"https:\/\/prim.cz\/en\/gift-vouchers\/\" \/>\n<meta property=\"og:site_name\" content=\"PRIM.cz - origin\u00e1ln\u00ed \u010desk\u00e9 p\u00e1nsk\u00e9, d\u00e1msk\u00e9, d\u011btsk\u00e9 hodinky a hodiny\" \/>\n<meta property=\"article:modified_time\" content=\"2026-03-24T08:58:51+00:00\" \/>\n<meta property=\"og:image\" content=\"https:\/\/prim.cz\/wp-content\/uploads\/2025\/02\/Darkove-poukazy-Hero_01.webp\" \/>\n<meta name=\"twitter:card\" content=\"summary_large_image\" \/>\n<meta name=\"twitter:label1\" content=\"Est. reading time\" \/>\n\t<meta name=\"twitter:data1\" content=\"3 minutes\" \/>\n<script type=\"application\/ld+json\" class=\"yoast-schema-graph\">{\"@context\":\"https:\/\/schema.org\",\"@graph\":[{\"@type\":\"WebPage\",\"@id\":\"https:\/\/prim.cz\/en\/gift-vouchers\/\",\"url\":\"https:\/\/prim.cz\/en\/gift-vouchers\/\",\"name\":\"Gift vouchers - PRIM.cz - origin\u00e1ln\u00ed \u010desk\u00e9 p\u00e1nsk\u00e9, d\u00e1msk\u00e9, d\u011btsk\u00e9 hodinky a hodiny\",\"isPartOf\":{\"@id\":\"https:\/\/prim.cz\/en\/#website\"},\"primaryImageOfPage\":{\"@id\":\"https:\/\/prim.cz\/en\/gift-vouchers\/#primaryimage\"},\"image\":{\"@id\":\"https:\/\/prim.cz\/en\/gift-vouchers\/#primaryimage\"},\"thumbnailUrl\":\"https:\/\/prim.cz\/wp-content\/uploads\/2025\/02\/Darkove-poukazy-Hero_01.webp\",\"datePublished\":\"2025-03-06T21:17:06+00:00\",\"dateModified\":\"2026-03-24T08:58:51+00:00\",\"breadcrumb\":{\"@id\":\"https:\/\/prim.cz\/en\/gift-vouchers\/#breadcrumb\"},\"inLanguage\":\"en-US\",\"potentialAction\":[{\"@type\":\"ReadAction\",\"target\":[\"https:\/\/prim.cz\/en\/gift-vouchers\/\"]}]},{\"@type\":\"ImageObject\",\"inLanguage\":\"en-US\",\"@id\":\"https:\/\/prim.cz\/en\/gift-vouchers\/#primaryimage\",\"url\":\"https:\/\/prim.cz\/wp-content\/uploads\/2025\/02\/Darkove-poukazy-Hero_01.webp\",\"contentUrl\":\"https:\/\/prim.cz\/wp-content\/uploads\/2025\/02\/Darkove-poukazy-Hero_01.webp\"},{\"@type\":\"BreadcrumbList\",\"@id\":\"https:\/\/prim.cz\/en\/gift-vouchers\/#breadcrumb\",\"itemListElement\":[{\"@type\":\"ListItem\",\"position\":1,\"name\":\"Dom\u016f\",\"item\":\"https:\/\/prim.cz\/en\/\"},{\"@type\":\"ListItem\",\"position\":2,\"name\":\"Gift vouchers\"}]},{\"@type\":\"WebSite\",\"@id\":\"https:\/\/prim.cz\/en\/#website\",\"url\":\"https:\/\/prim.cz\/en\/\",\"name\":\"PRIM - origin\u00e1ln\u00ed \u010desk\u00e9 p\u00e1nsk\u00e9, d\u00e1msk\u00e9, d\u011btsk\u00e9 hodinky a hodiny\",\"description\":\"Nakupujte p\u0159\u00edmo u v\u00fdrobce! Origin\u00e1ln\u00ed eshop s kompletn\u00edm sortimentem \u010desk\u00fdch hodinek PRIM.\",\"alternateName\":\"prim.cz\",\"potentialAction\":[{\"@type\":\"SearchAction\",\"target\":{\"@type\":\"EntryPoint\",\"urlTemplate\":\"https:\/\/prim.cz\/en\/?s={search_term_string}\"},\"query-input\":{\"@type\":\"PropertyValueSpecification\",\"valueRequired\":true,\"valueName\":\"search_term_string\"}}],\"inLanguage\":\"en-US\"}]}<\/script>\n<!-- \/ Yoast SEO plugin. -->","yoast_head_json":{"title":"Gift vouchers - PRIM.cz - origin\u00e1ln\u00ed \u010desk\u00e9 p\u00e1nsk\u00e9, d\u00e1msk\u00e9, d\u011btsk\u00e9 hodinky a hodiny","robots":{"index":"index","follow":"follow","max-snippet":"max-snippet:-1","max-image-preview":"max-image-preview:large","max-video-preview":"max-video-preview:-1"},"canonical":"https:\/\/prim.cz\/en\/gift-vouchers\/","og_locale":"en_US","og_type":"article","og_title":"Gift vouchers - PRIM.cz - origin\u00e1ln\u00ed \u010desk\u00e9 p\u00e1nsk\u00e9, d\u00e1msk\u00e9, d\u011btsk\u00e9 hodinky a hodiny","og_url":"https:\/\/prim.cz\/en\/gift-vouchers\/","og_site_name":"PRIM.cz - origin\u00e1ln\u00ed \u010desk\u00e9 p\u00e1nsk\u00e9, d\u00e1msk\u00e9, d\u011btsk\u00e9 hodinky a hodiny","article_modified_time":"2026-03-24T08:58:51+00:00","og_image":[{"url":"https:\/\/prim.cz\/wp-content\/uploads\/2025\/02\/Darkove-poukazy-Hero_01.webp","type":"","width":"","height":""}],"twitter_card":"summary_large_image","twitter_misc":{"Est. reading time":"3 minutes"},"schema":{"@context":"https:\/\/schema.org","@graph":[{"@type":"WebPage","@id":"https:\/\/prim.cz\/en\/gift-vouchers\/","url":"https:\/\/prim.cz\/en\/gift-vouchers\/","name":"Gift vouchers - PRIM.cz - origin\u00e1ln\u00ed \u010desk\u00e9 p\u00e1nsk\u00e9, d\u00e1msk\u00e9, d\u011btsk\u00e9 hodinky a hodiny","isPartOf":{"@id":"https:\/\/prim.cz\/en\/#website"},"primaryImageOfPage":{"@id":"https:\/\/prim.cz\/en\/gift-vouchers\/#primaryimage"},"image":{"@id":"https:\/\/prim.cz\/en\/gift-vouchers\/#primaryimage"},"thumbnailUrl":"https:\/\/prim.cz\/wp-content\/uploads\/2025\/02\/Darkove-poukazy-Hero_01.webp","datePublished":"2025-03-06T21:17:06+00:00","dateModified":"2026-03-24T08:58:51+00:00","breadcrumb":{"@id":"https:\/\/prim.cz\/en\/gift-vouchers\/#breadcrumb"},"inLanguage":"en-US","potentialAction":[{"@type":"ReadAction","target":["https:\/\/prim.cz\/en\/gift-vouchers\/"]}]},{"@type":"ImageObject","inLanguage":"en-US","@id":"https:\/\/prim.cz\/en\/gift-vouchers\/#primaryimage","url":"https:\/\/prim.cz\/wp-content\/uploads\/2025\/02\/Darkove-poukazy-Hero_01.webp","contentUrl":"https:\/\/prim.cz\/wp-content\/uploads\/2025\/02\/Darkove-poukazy-Hero_01.webp"},{"@type":"BreadcrumbList","@id":"https:\/\/prim.cz\/en\/gift-vouchers\/#breadcrumb","itemListElement":[{"@type":"ListItem","position":1,"name":"Dom\u016f","item":"https:\/\/prim.cz\/en\/"},{"@type":"ListItem","position":2,"name":"Gift vouchers"}]},{"@type":"WebSite","@id":"https:\/\/prim.cz\/en\/#website","url":"https:\/\/prim.cz\/en\/","name":"PRIM - origin\u00e1ln\u00ed \u010desk\u00e9 p\u00e1nsk\u00e9, d\u00e1msk\u00e9, d\u011btsk\u00e9 hodinky a hodiny","description":"Nakupujte p\u0159\u00edmo u v\u00fdrobce! Origin\u00e1ln\u00ed eshop s kompletn\u00edm sortimentem \u010desk\u00fdch hodinek PRIM.","alternateName":"prim.cz","potentialAction":[{"@type":"SearchAction","target":{"@type":"EntryPoint","urlTemplate":"https:\/\/prim.cz\/en\/?s={search_term_string}"},"query-input":{"@type":"PropertyValueSpecification","valueRequired":true,"valueName":"search_term_string"}}],"inLanguage":"en-US"}]}},"wpml_current_locale":"en_US","wpml_translations":{"cs_CZ":{"locale":"cs_CZ","id":29315,"slug":"darkove-poukazy","post_title":"D\u00e1rkov\u00e9 poukazy","href":"https:\/\/prim.cz\/darkove-poukazy\/"},"sk_SK":{"locale":"sk_SK","id":35748,"slug":"darcekove-poukazy","post_title":"Dar\u010dekov\u00e9 poukazy","href":"https:\/\/prim.cz\/sk\/darcekove-poukazy\/"},"pl_PL":{"locale":"pl_PL","id":33726,"slug":"kupony-podarunkowe","post_title":"Kupony podarunkowe","href":"https:\/\/prim.cz\/pl\/kupony-podarunkowe\/"},"en_US":{"locale":"en_US","translation":"current"}},"_links":{"self":[{"href":"https:\/\/prim.cz\/en\/wp-json\/wp\/v2\/pages\/31594","targetHints":{"allow":["GET"]}}],"collection":[{"href":"https:\/\/prim.cz\/en\/wp-json\/wp\/v2\/pages"}],"about":[{"href":"https:\/\/prim.cz\/en\/wp-json\/wp\/v2\/types\/page"}],"author":[{"embeddable":true,"href":"https:\/\/prim.cz\/en\/wp-json\/wp\/v2\/users\/1"}],"replies":[{"embeddable":true,"href":"https:\/\/prim.cz\/en\/wp-json\/wp\/v2\/comments?post=31594"}],"version-history":[{"count":21,"href":"https:\/\/prim.cz\/en\/wp-json\/wp\/v2\/pages\/31594\/revisions"}],"predecessor-version":[{"id":45579,"href":"https:\/\/prim.cz\/en\/wp-json\/wp\/v2\/pages\/31594\/revisions\/45579"}],"wp:attachment":[{"href":"https:\/\/prim.cz\/en\/wp-json\/wp\/v2\/media?parent=31594"}],"curies":[{"name":"wp","href":"https:\/\/api.w.org\/{rel}","templated":true}]}}