{"id":29164,"date":"2025-03-06T10:53:20","date_gmt":"2025-03-06T09:53:20","guid":{"rendered":"https:\/\/new.prim-hodinky.cz\/history-new\/"},"modified":"2026-03-24T11:17:53","modified_gmt":"2026-03-24T10:17:53","slug":"history-of-prim","status":"publish","type":"page","link":"https:\/\/prim.cz\/en\/history-of-prim\/","title":{"rendered":"History"},"content":{"rendered":"<section id=\"b-fnelzb_m7wedvtb\" class=\"brxe-div\"><img loading=\"lazy\" decoding=\"async\" width=\"2560\" height=\"2263\" src=\"https:\/\/prim.cz\/wp-content\/uploads\/2026\/01\/821910458-1_1_montaz_nh-scaled.webp\" class=\"brxe-image css-filter size-full\" alt=\"\" id=\"b-kfobix_m7wedvtb\" srcset=\"https:\/\/prim.cz\/wp-content\/uploads\/2026\/01\/821910458-1_1_montaz_nh-scaled.webp 2560w, https:\/\/prim.cz\/wp-content\/uploads\/2026\/01\/821910458-1_1_montaz_nh-300x265.webp 300w, https:\/\/prim.cz\/wp-content\/uploads\/2026\/01\/821910458-1_1_montaz_nh-1024x905.webp 1024w, https:\/\/prim.cz\/wp-content\/uploads\/2026\/01\/821910458-1_1_montaz_nh-768x679.webp 768w, https:\/\/prim.cz\/wp-content\/uploads\/2026\/01\/821910458-1_1_montaz_nh-1536x1358.webp 1536w, https:\/\/prim.cz\/wp-content\/uploads\/2026\/01\/821910458-1_1_montaz_nh-2048x1810.webp 2048w\" sizes=\"auto, (max-width: 2560px) 100vw, 2560px\" \/><div id=\"b-sugqub_m7wedvtb\" class=\"brxe-div mobile-view-section-width\"><h1 id=\"b-pgaefz_m7wedvtb\" class=\"brxe-heading h1 hero-sekce-heading-stylizace\">History of PRIM<\/h1><\/div><div id=\"b-eixhqp_m7wedvtb\" class=\"brxe-div arrow-down hero-sekce-heading-stylizace\"><i id=\"b-wfisjw_m7wedvtb\" class=\"ion-md-arrow-round-down brxe-icon\"><\/i><\/div><\/section>\n\n<div id=\"b-ickeyb_mkxqyr7w\" class=\"brxe-div\"><div id=\"b-xsggmw_mkxqyr7w\" class=\"brxe-div\"><\/div><h2 id=\"b-uzjhjf_mkxqyr7w\" class=\"brxe-heading h2\">The beginnings of watchmaking<\/h2><\/div>\n\n<div id=\"b-tyagzm_mkxqz4jp\" class=\"brxe-div\"><\/div>\n\n<div id=\"b-ekmfdl_mkxqam7z\" class=\"brxe-div\"><div id=\"b-dlqqzs_mkxqam7z\" class=\"brxe-text text\"><p>The history of industrial watchmaking in the Czech Republic begins in 1946, when the Chronotechna company was founded in Liberec. Two years later, the national enterprise Chronotechna was established with its headquarters in \u0160ternberk. The plan to produce wristwatches was conceived as early as 1948, but its implementation did not begin until the 1950s. In 1954, the first watch prototypes were produced at the Nov\u00e9 M\u011bsto nad Metuj\u00ed plant, inspired by the French LIP R 25 movement. These watches had 15 ruby jewels, an anchor escapement and a self-compensating hairspring. Serial production began in 1957. The first Czechoslovak wristwatches did not yet carry the PRIM name. In a public competition, the name SPARTAK was the winner. Gradually, however, the PRIM name appeared not only on alarm clocks and wall clocks, but also on wristwatches. With the onset of electronics, the TESLA Ro\u017enov plant began developing and producing quartz movements for Chronotechna.<\/p>\n<\/div><\/div>\n\n<section id=\"b-jnfdts_m7x5to5b\" class=\"brxe-div\"><img loading=\"lazy\" decoding=\"async\" width=\"2560\" height=\"1869\" src=\"https:\/\/prim.cz\/wp-content\/uploads\/2026\/01\/821910560-snimek-obrazovky-2026-01-08-v-12-12-29-scaled.webp\" class=\"brxe-image css-filter size-full\" alt=\"\" id=\"b-cluygv_m7x5to5b\" srcset=\"https:\/\/prim.cz\/wp-content\/uploads\/2026\/01\/821910560-snimek-obrazovky-2026-01-08-v-12-12-29-scaled.webp 2560w, https:\/\/prim.cz\/wp-content\/uploads\/2026\/01\/821910560-snimek-obrazovky-2026-01-08-v-12-12-29-300x219.webp 300w, https:\/\/prim.cz\/wp-content\/uploads\/2026\/01\/821910560-snimek-obrazovky-2026-01-08-v-12-12-29-1024x748.webp 1024w, https:\/\/prim.cz\/wp-content\/uploads\/2026\/01\/821910560-snimek-obrazovky-2026-01-08-v-12-12-29-768x561.webp 768w, https:\/\/prim.cz\/wp-content\/uploads\/2026\/01\/821910560-snimek-obrazovky-2026-01-08-v-12-12-29-1536x1122.webp 1536w, https:\/\/prim.cz\/wp-content\/uploads\/2026\/01\/821910560-snimek-obrazovky-2026-01-08-v-12-12-29-2048x1495.webp 2048w\" sizes=\"auto, (max-width: 2560px) 100vw, 2560px\" \/><\/section>\n\n<div id=\"b-ickeyb_mkxr29vm\" class=\"brxe-div\"><div id=\"b-xsggmw_mkxr29vm\" class=\"brxe-div\"><\/div><h2 id=\"b-uzjhjf_mkxr29vm\" class=\"brxe-heading h2\">Tradition and quality<\/h2><\/div>\n\n<div id=\"b-tyagzm_mkxr2fn1\" class=\"brxe-div\"><\/div>\n\n<div id=\"b-ekmfdl_mkxr2m7m\" class=\"brxe-div\"><div id=\"b-dlqqzs_mkxr2m7m\" class=\"brxe-text text\"><p>Experts devoted a great deal of time to testing and inspection, resulting in watches that were accurate, reliable and durable. Even today, all our watches undergo rigorous daily testing. The best confirmation of their quality is our satisfied customers who wear PRIM watches every day. Their satisfaction motivates us and our watchmakers are constantly working to improve the movement, design and durability of our watches.<\/p>\n<\/div><\/div>\n\n<section id=\"b-jnfdts_m8o92v03\" class=\"brxe-div\"><img loading=\"lazy\" decoding=\"async\" width=\"2560\" height=\"1920\" src=\"https:\/\/prim.cz\/wp-content\/uploads\/2026\/01\/821910358-img_1046-scaled.webp\" class=\"brxe-image css-filter size-full\" alt=\"\" id=\"b-cluygv_m8o92v03\" srcset=\"https:\/\/prim.cz\/wp-content\/uploads\/2026\/01\/821910358-img_1046-scaled.webp 2560w, https:\/\/prim.cz\/wp-content\/uploads\/2026\/01\/821910358-img_1046-300x225.webp 300w, https:\/\/prim.cz\/wp-content\/uploads\/2026\/01\/821910358-img_1046-1024x768.webp 1024w, https:\/\/prim.cz\/wp-content\/uploads\/2026\/01\/821910358-img_1046-768x576.webp 768w, https:\/\/prim.cz\/wp-content\/uploads\/2026\/01\/821910358-img_1046-1536x1152.webp 1536w, https:\/\/prim.cz\/wp-content\/uploads\/2026\/01\/821910358-img_1046-2048x1536.webp 2048w\" sizes=\"auto, (max-width: 2560px) 100vw, 2560px\" \/><\/section>\n\n<div id=\"b-ickeyb_mkxr3lfm\" class=\"brxe-div\"><div id=\"b-xsggmw_mkxr3lfm\" class=\"brxe-div\"><\/div><h2 id=\"b-uzjhjf_mkxr3lfm\" class=\"brxe-heading h2\">After 1989 and the revival of the PRIM brand<\/h2><\/div>\n\n<div id=\"b-tyagzm_mkxr3q0x\" class=\"brxe-div\"><\/div>\n\n<div id=\"b-ekmfdl_mkxr3uj5\" class=\"brxe-div\"><div id=\"b-dlqqzs_mkxr3uj5\" class=\"brxe-text text\"><p>After 1989, the national enterprise Chronotechna was privatised. After the Velvet Revolution, however, fundamental changes took place that eventually caused major and prolonged difficulties for both the brand and the watches themselves and their production. A major stumbling block was the duplication of the brand, with the PRIM name appearing in the production of two already independent plants. Watch production took place both in Fr\u00fddek-M\u00edstek and in Nov\u00e9 M\u011bsto nad Metuj\u00ed. Both companies thus contributed to the continuation of the brand and the story of Czech watches, but each in a different direction.\u00a0The consequences of hasty decisions at the time meant many years of unpleasant court disputes and great confusion in the watch market.<\/p>\n<\/div><\/div>\n\n<div id=\"b-ickeyb_mkxr4p1f\" class=\"brxe-div\"><div id=\"b-xsggmw_mkxr4p1f\" class=\"brxe-div\"><\/div><h2 id=\"b-uzjhjf_mkxr4p1f\" class=\"brxe-heading h2\">The year of one PRIM, the end of confusion<\/h2><\/div>\n\n<div id=\"b-tyagzm_mkxr4sya\" class=\"brxe-div\"><\/div>\n\n<div id=\"b-ekmfdl_mkxr4wt4\" class=\"brxe-div\"><div id=\"b-dlqqzs_mkxr4wt4\" class=\"brxe-text text\"><p>In the spring of 2025, the two companies that held the rights to the Prim brand were successfully merged. The merger of MPM Quality and Elton hodin\u00e1\u0159sk\u00e1 marked the beginning of a new chapter for the unified Prim. This step is absolutely crucial for maintaining the watchmaking tradition and, above all, for its development and the growth of the Prim brand.<\/p>\n<\/div><\/div>\n\n<section id=\"b-jnfdts_m7x61ua6\" class=\"brxe-div\"><img loading=\"lazy\" decoding=\"async\" width=\"2560\" height=\"1440\" src=\"https:\/\/prim.cz\/wp-content\/uploads\/2026\/01\/PRIM-web-logo-Kreslici-platno-1-kopie@2x-100-scaled.webp\" class=\"brxe-image css-filter size-full\" alt=\"\" id=\"b-cluygv_m7x61ua6\" srcset=\"https:\/\/prim.cz\/wp-content\/uploads\/2026\/01\/PRIM-web-logo-Kreslici-platno-1-kopie@2x-100-scaled.webp 2560w, https:\/\/prim.cz\/wp-content\/uploads\/2026\/01\/PRIM-web-logo-Kreslici-platno-1-kopie@2x-100-300x169.webp 300w, https:\/\/prim.cz\/wp-content\/uploads\/2026\/01\/PRIM-web-logo-Kreslici-platno-1-kopie@2x-100-1024x576.webp 1024w, https:\/\/prim.cz\/wp-content\/uploads\/2026\/01\/PRIM-web-logo-Kreslici-platno-1-kopie@2x-100-768x432.webp 768w, https:\/\/prim.cz\/wp-content\/uploads\/2026\/01\/PRIM-web-logo-Kreslici-platno-1-kopie@2x-100-1536x864.webp 1536w, https:\/\/prim.cz\/wp-content\/uploads\/2026\/01\/PRIM-web-logo-Kreslici-platno-1-kopie@2x-100-2048x1152.webp 2048w\" sizes=\"auto, (max-width: 2560px) 100vw, 2560px\" \/><\/section>\n\n<div id=\"b-ickeyb_mkxr5yao\" class=\"brxe-div\"><div id=\"b-xsggmw_mkxr5yao\" class=\"brxe-div\"><\/div><h2 id=\"b-uzjhjf_mkxr5yao\" class=\"brxe-heading h2\">The foundation of success and the revival of the PRIM brand<\/h2><\/div>\n\n<div id=\"b-tyagzm_mkxr65b8\" class=\"brxe-div\"><\/div>\n\n<div id=\"b-ekmfdl_mkxr69sb\" class=\"brxe-div\"><div id=\"b-dlqqzs_mkxr69sb\" class=\"brxe-text text\"><p>The success and revival of the PRIM brand is the result of many years of cooperation with retailers who believe in our brand and actively communicate with customers. Thanks to them, we have revived interest in quality mechanical watches. The growing sophistication and diversity of our customers constantly inspires us to develop and innovate.<\/p>\n<\/div><\/div>\n\n<div id=\"b-ickeyb_mkxr73dj\" class=\"brxe-div\"><div id=\"b-xsggmw_mkxr73dj\" class=\"brxe-div\"><\/div><h2 id=\"b-uzjhjf_mkxr73dj\" class=\"brxe-heading h2\">Detail and uncompromising quality in the spotlight<\/h2><\/div>\n\n<div id=\"b-tyagzm_mkxr76zu\" class=\"brxe-div\"><\/div>\n\n<div id=\"b-ekmfdl_mkxr7ai8\" class=\"brxe-div\"><div id=\"b-dlqqzs_mkxr7ai8\" class=\"brxe-text text\"><p>PRIM watches from our production are constantly tested and improved, enabling us to set trends in the industry. Our clientele includes prominent personalities, athletes, celebrities, but above all you, our discerning customers, who appreciate the everyday durability and quality of PRIM watches. Our designers and watchmakers regularly create new collections using the latest technologies and materials. PRIM are honest watches made with love, tradition and experience. In the new millennium, we have breathed new life into PRIM watches in a modern guise and revived what was forgotten after the fall of socialism. The classic and timeless look of PRIM watches has become synonymous with simple elegance. The allure of Czech PRIM watches lies in their carefully crafted design, which perfectly complements both formal and casual outfits. With PRIM watches, you will stand out from the crowd and own an original piece.<\/p>\n<\/div><\/div>\n\n<section id=\"b-jnfdts_mkv3dp4c\" class=\"brxe-div\"><img loading=\"lazy\" decoding=\"async\" width=\"2560\" height=\"1440\" src=\"https:\/\/prim.cz\/wp-content\/uploads\/2026\/01\/PRIM-web-logo-Kreslici-platno-1@2x-100-scaled.webp\" class=\"brxe-image css-filter size-full\" alt=\"\" id=\"b-cluygv_mkv3dp4c\" srcset=\"https:\/\/prim.cz\/wp-content\/uploads\/2026\/01\/PRIM-web-logo-Kreslici-platno-1@2x-100-scaled.webp 2560w, https:\/\/prim.cz\/wp-content\/uploads\/2026\/01\/PRIM-web-logo-Kreslici-platno-1@2x-100-300x169.webp 300w, https:\/\/prim.cz\/wp-content\/uploads\/2026\/01\/PRIM-web-logo-Kreslici-platno-1@2x-100-1024x576.webp 1024w, https:\/\/prim.cz\/wp-content\/uploads\/2026\/01\/PRIM-web-logo-Kreslici-platno-1@2x-100-768x432.webp 768w, https:\/\/prim.cz\/wp-content\/uploads\/2026\/01\/PRIM-web-logo-Kreslici-platno-1@2x-100-1536x864.webp 1536w, https:\/\/prim.cz\/wp-content\/uploads\/2026\/01\/PRIM-web-logo-Kreslici-platno-1@2x-100-2048x1152.webp 2048w\" sizes=\"auto, (max-width: 2560px) 100vw, 2560px\" \/><\/section>\n\n<div id=\"b-tyagzm_m8nk4ylk\" class=\"brxe-div\"><\/div>","protected":false},"excerpt":{"rendered":"","protected":false},"author":1,"featured_media":0,"parent":0,"menu_order":0,"comment_status":"closed","ping_status":"closed","template":"templates\/gutenbricks-dynamic-template-default.php","meta":{"_acf_changed":false,"_link_to_original":"","footnotes":""},"class_list":["post-29164","page","type-page","status-publish","hentry"],"acf":[],"yoast_head":"<!-- This site is optimized with the Yoast SEO plugin v26.9 - https:\/\/yoast.com\/product\/yoast-seo-wordpress\/ -->\n<title>History - PRIM.cz - origin\u00e1ln\u00ed \u010desk\u00e9 p\u00e1nsk\u00e9, d\u00e1msk\u00e9, d\u011btsk\u00e9 hodinky a hodiny<\/title>\n<meta name=\"robots\" content=\"index, follow, max-snippet:-1, max-image-preview:large, max-video-preview:-1\" \/>\n<link rel=\"canonical\" href=\"https:\/\/prim.cz\/en\/history-of-prim\/\" \/>\n<meta property=\"og:locale\" content=\"en_US\" \/>\n<meta property=\"og:type\" content=\"article\" \/>\n<meta property=\"og:title\" content=\"History - PRIM.cz - origin\u00e1ln\u00ed \u010desk\u00e9 p\u00e1nsk\u00e9, d\u00e1msk\u00e9, d\u011btsk\u00e9 hodinky a hodiny\" \/>\n<meta property=\"og:url\" content=\"https:\/\/prim.cz\/en\/history-of-prim\/\" \/>\n<meta property=\"og:site_name\" content=\"PRIM.cz - origin\u00e1ln\u00ed \u010desk\u00e9 p\u00e1nsk\u00e9, d\u00e1msk\u00e9, d\u011btsk\u00e9 hodinky a hodiny\" \/>\n<meta property=\"article:modified_time\" content=\"2026-03-24T10:17:53+00:00\" \/>\n<meta property=\"og:image\" content=\"https:\/\/prim.cz\/wp-content\/uploads\/2026\/01\/821910458-1_1_montaz_nh-scaled.webp\" \/>\n<meta name=\"twitter:card\" content=\"summary_large_image\" \/>\n<meta name=\"twitter:label1\" content=\"Est. reading time\" \/>\n\t<meta name=\"twitter:data1\" content=\"6 minutes\" \/>\n<script type=\"application\/ld+json\" class=\"yoast-schema-graph\">{\"@context\":\"https:\/\/schema.org\",\"@graph\":[{\"@type\":\"WebPage\",\"@id\":\"https:\/\/prim.cz\/en\/history-of-prim\/\",\"url\":\"https:\/\/prim.cz\/en\/history-of-prim\/\",\"name\":\"History - PRIM.cz - origin\u00e1ln\u00ed \u010desk\u00e9 p\u00e1nsk\u00e9, d\u00e1msk\u00e9, d\u011btsk\u00e9 hodinky a hodiny\",\"isPartOf\":{\"@id\":\"https:\/\/prim.cz\/en\/#website\"},\"primaryImageOfPage\":{\"@id\":\"https:\/\/prim.cz\/en\/history-of-prim\/#primaryimage\"},\"image\":{\"@id\":\"https:\/\/prim.cz\/en\/history-of-prim\/#primaryimage\"},\"thumbnailUrl\":\"https:\/\/prim.cz\/wp-content\/uploads\/2026\/01\/821910458-1_1_montaz_nh-scaled.webp\",\"datePublished\":\"2025-03-06T09:53:20+00:00\",\"dateModified\":\"2026-03-24T10:17:53+00:00\",\"breadcrumb\":{\"@id\":\"https:\/\/prim.cz\/en\/history-of-prim\/#breadcrumb\"},\"inLanguage\":\"en-US\",\"potentialAction\":[{\"@type\":\"ReadAction\",\"target\":[\"https:\/\/prim.cz\/en\/history-of-prim\/\"]}]},{\"@type\":\"ImageObject\",\"inLanguage\":\"en-US\",\"@id\":\"https:\/\/prim.cz\/en\/history-of-prim\/#primaryimage\",\"url\":\"https:\/\/prim.cz\/wp-content\/uploads\/2026\/01\/821910458-1_1_montaz_nh-scaled.webp\",\"contentUrl\":\"https:\/\/prim.cz\/wp-content\/uploads\/2026\/01\/821910458-1_1_montaz_nh-scaled.webp\"},{\"@type\":\"BreadcrumbList\",\"@id\":\"https:\/\/prim.cz\/en\/history-of-prim\/#breadcrumb\",\"itemListElement\":[{\"@type\":\"ListItem\",\"position\":1,\"name\":\"Dom\u016f\",\"item\":\"https:\/\/prim.cz\/en\/\"},{\"@type\":\"ListItem\",\"position\":2,\"name\":\"History\"}]},{\"@type\":\"WebSite\",\"@id\":\"https:\/\/prim.cz\/en\/#website\",\"url\":\"https:\/\/prim.cz\/en\/\",\"name\":\"PRIM - origin\u00e1ln\u00ed \u010desk\u00e9 p\u00e1nsk\u00e9, d\u00e1msk\u00e9, d\u011btsk\u00e9 hodinky a hodiny\",\"description\":\"Nakupujte p\u0159\u00edmo u v\u00fdrobce! Origin\u00e1ln\u00ed eshop s kompletn\u00edm sortimentem \u010desk\u00fdch hodinek PRIM.\",\"alternateName\":\"prim.cz\",\"potentialAction\":[{\"@type\":\"SearchAction\",\"target\":{\"@type\":\"EntryPoint\",\"urlTemplate\":\"https:\/\/prim.cz\/en\/?s={search_term_string}\"},\"query-input\":{\"@type\":\"PropertyValueSpecification\",\"valueRequired\":true,\"valueName\":\"search_term_string\"}}],\"inLanguage\":\"en-US\"}]}<\/script>\n<!-- \/ Yoast SEO plugin. -->","yoast_head_json":{"title":"History - PRIM.cz - origin\u00e1ln\u00ed \u010desk\u00e9 p\u00e1nsk\u00e9, d\u00e1msk\u00e9, d\u011btsk\u00e9 hodinky a hodiny","robots":{"index":"index","follow":"follow","max-snippet":"max-snippet:-1","max-image-preview":"max-image-preview:large","max-video-preview":"max-video-preview:-1"},"canonical":"https:\/\/prim.cz\/en\/history-of-prim\/","og_locale":"en_US","og_type":"article","og_title":"History - PRIM.cz - origin\u00e1ln\u00ed \u010desk\u00e9 p\u00e1nsk\u00e9, d\u00e1msk\u00e9, d\u011btsk\u00e9 hodinky a hodiny","og_url":"https:\/\/prim.cz\/en\/history-of-prim\/","og_site_name":"PRIM.cz - origin\u00e1ln\u00ed \u010desk\u00e9 p\u00e1nsk\u00e9, d\u00e1msk\u00e9, d\u011btsk\u00e9 hodinky a hodiny","article_modified_time":"2026-03-24T10:17:53+00:00","og_image":[{"url":"https:\/\/prim.cz\/wp-content\/uploads\/2026\/01\/821910458-1_1_montaz_nh-scaled.webp","type":"","width":"","height":""}],"twitter_card":"summary_large_image","twitter_misc":{"Est. reading time":"6 minutes"},"schema":{"@context":"https:\/\/schema.org","@graph":[{"@type":"WebPage","@id":"https:\/\/prim.cz\/en\/history-of-prim\/","url":"https:\/\/prim.cz\/en\/history-of-prim\/","name":"History - PRIM.cz - origin\u00e1ln\u00ed \u010desk\u00e9 p\u00e1nsk\u00e9, d\u00e1msk\u00e9, d\u011btsk\u00e9 hodinky a hodiny","isPartOf":{"@id":"https:\/\/prim.cz\/en\/#website"},"primaryImageOfPage":{"@id":"https:\/\/prim.cz\/en\/history-of-prim\/#primaryimage"},"image":{"@id":"https:\/\/prim.cz\/en\/history-of-prim\/#primaryimage"},"thumbnailUrl":"https:\/\/prim.cz\/wp-content\/uploads\/2026\/01\/821910458-1_1_montaz_nh-scaled.webp","datePublished":"2025-03-06T09:53:20+00:00","dateModified":"2026-03-24T10:17:53+00:00","breadcrumb":{"@id":"https:\/\/prim.cz\/en\/history-of-prim\/#breadcrumb"},"inLanguage":"en-US","potentialAction":[{"@type":"ReadAction","target":["https:\/\/prim.cz\/en\/history-of-prim\/"]}]},{"@type":"ImageObject","inLanguage":"en-US","@id":"https:\/\/prim.cz\/en\/history-of-prim\/#primaryimage","url":"https:\/\/prim.cz\/wp-content\/uploads\/2026\/01\/821910458-1_1_montaz_nh-scaled.webp","contentUrl":"https:\/\/prim.cz\/wp-content\/uploads\/2026\/01\/821910458-1_1_montaz_nh-scaled.webp"},{"@type":"BreadcrumbList","@id":"https:\/\/prim.cz\/en\/history-of-prim\/#breadcrumb","itemListElement":[{"@type":"ListItem","position":1,"name":"Dom\u016f","item":"https:\/\/prim.cz\/en\/"},{"@type":"ListItem","position":2,"name":"History"}]},{"@type":"WebSite","@id":"https:\/\/prim.cz\/en\/#website","url":"https:\/\/prim.cz\/en\/","name":"PRIM - origin\u00e1ln\u00ed \u010desk\u00e9 p\u00e1nsk\u00e9, d\u00e1msk\u00e9, d\u011btsk\u00e9 hodinky a hodiny","description":"Nakupujte p\u0159\u00edmo u v\u00fdrobce! Origin\u00e1ln\u00ed eshop s kompletn\u00edm sortimentem \u010desk\u00fdch hodinek PRIM.","alternateName":"prim.cz","potentialAction":[{"@type":"SearchAction","target":{"@type":"EntryPoint","urlTemplate":"https:\/\/prim.cz\/en\/?s={search_term_string}"},"query-input":{"@type":"PropertyValueSpecification","valueRequired":true,"valueName":"search_term_string"}}],"inLanguage":"en-US"}]}},"wpml_current_locale":"en_US","wpml_translations":{"cs_CZ":{"locale":"cs_CZ","id":29140,"slug":"historie","post_title":"Historie","href":"https:\/\/prim.cz\/historie\/"},"sk_SK":{"locale":"sk_SK","id":29172,"slug":"historia-prim","post_title":"Hist\u00f3ria","href":"https:\/\/prim.cz\/sk\/historia-prim\/"},"pl_PL":{"locale":"pl_PL","id":29168,"slug":"historia-prim","post_title":"Historia","href":"https:\/\/prim.cz\/pl\/historia-prim\/"},"en_US":{"locale":"en_US","translation":"current"}},"_links":{"self":[{"href":"https:\/\/prim.cz\/en\/wp-json\/wp\/v2\/pages\/29164","targetHints":{"allow":["GET"]}}],"collection":[{"href":"https:\/\/prim.cz\/en\/wp-json\/wp\/v2\/pages"}],"about":[{"href":"https:\/\/prim.cz\/en\/wp-json\/wp\/v2\/types\/page"}],"author":[{"embeddable":true,"href":"https:\/\/prim.cz\/en\/wp-json\/wp\/v2\/users\/1"}],"replies":[{"embeddable":true,"href":"https:\/\/prim.cz\/en\/wp-json\/wp\/v2\/comments?post=29164"}],"version-history":[{"count":12,"href":"https:\/\/prim.cz\/en\/wp-json\/wp\/v2\/pages\/29164\/revisions"}],"predecessor-version":[{"id":45610,"href":"https:\/\/prim.cz\/en\/wp-json\/wp\/v2\/pages\/29164\/revisions\/45610"}],"wp:attachment":[{"href":"https:\/\/prim.cz\/en\/wp-json\/wp\/v2\/media?parent=29164"}],"curies":[{"name":"wp","href":"https:\/\/api.w.org\/{rel}","templated":true}]}}