{"id":29129,"date":"2025-03-05T21:51:36","date_gmt":"2025-03-05T20:51:36","guid":{"rendered":"https:\/\/new.prim-hodinky.cz\/design-new\/"},"modified":"2025-12-18T14:37:07","modified_gmt":"2025-12-18T13:37:07","slug":"design","status":"publish","type":"page","link":"https:\/\/prim.cz\/en\/design\/","title":{"rendered":"Design"},"content":{"rendered":"<section id=\"b-fnelzb_m7wdi7v9\" class=\"brxe-div\"><img loading=\"lazy\" decoding=\"async\" width=\"1920\" height=\"1080\" src=\"https:\/\/prim.cz\/wp-content\/uploads\/2025\/02\/Tampon-Hero_01.webp\" class=\"brxe-image css-filter size-full\" alt=\"\" id=\"b-kfobix_m7wdi7v9\" srcset=\"https:\/\/prim.cz\/wp-content\/uploads\/2025\/02\/Tampon-Hero_01.webp 1920w, https:\/\/prim.cz\/wp-content\/uploads\/2025\/02\/Tampon-Hero_01-300x169.webp 300w, https:\/\/prim.cz\/wp-content\/uploads\/2025\/02\/Tampon-Hero_01-1024x576.webp 1024w, https:\/\/prim.cz\/wp-content\/uploads\/2025\/02\/Tampon-Hero_01-768x432.webp 768w, https:\/\/prim.cz\/wp-content\/uploads\/2025\/02\/Tampon-Hero_01-1536x864.webp 1536w\" sizes=\"auto, (max-width: 1920px) 100vw, 1920px\" \/><div id=\"b-sugqub_m7wdi7v9\" class=\"brxe-div mobile-view-section-width\"><h1 id=\"b-pgaefz_m7wdi7v9\" class=\"brxe-heading h1 hero-sekce-heading-stylizace\">From design to assembly<\/h1><\/div><div id=\"b-eixhqp_m7wdi7v9\" class=\"brxe-div arrow-down hero-sekce-heading-stylizace\"><i id=\"b-wfisjw_m7wdi7v9\" class=\"ion-md-arrow-round-down brxe-icon\"><\/i><\/div><\/section><section id=\"b-hafbgm_mioc40jb\" class=\"brxe-section\"><div id=\"b-ikkubf_mioc40jb\" class=\"brxe-div\"><div id=\"b-jjgtce_mioc40jb\" class=\"brxe-div\"><h2 id=\"b-kjlcxg_mioc40jb\" class=\"brxe-heading h2\">Design<\/h2><\/div><div id=\"b-yodqwp_mioc40jb\" class=\"brxe-div\"><div id=\"b-qcphva_mioc40jb\" class=\"brxe-text-basic text\">Every new watch model starts with a design. Our designers and engineers combine tradition with modern trends and seek a balance between aesthetics, functionality and technical solutions. We draw inspiration from the brand&#8217;s history, current fashion trends and the needs of our customers.<br>During the design, we work with the details that create the unique character of the watch \u2013 from the shape of the case, through the dial and hands, to the choice of strap. Modern 3D technologies allow us to create realistic visualizations, which we then fine-tune down to the last detail.<br>Thanks to the close cooperation of designers, watchmakers and technicians, designs are created that become the basis of the PRIM collections &#8211; watches that combine timeless appearance, precise workmanship and originality.<\/div><\/div><div id=\"b-fsdqlq_mioc40jb\" class=\"brxe-div\"><div id=\"b-dxwpzi_mioc40jb\" data-script-id=\"dxwpzi_mioc40jb\" class=\"brxe-slider-nested splide\" data-splide=\"{&quot;type&quot;:&quot;loop&quot;,&quot;direction&quot;:&quot;ltr&quot;,&quot;keyboard&quot;:&quot;global&quot;,&quot;height&quot;:&quot;fit-content&quot;,&quot;gap&quot;:&quot;0px&quot;,&quot;start&quot;:0,&quot;perPage&quot;:4,&quot;perMove&quot;:1,&quot;speed&quot;:&quot;2000&quot;,&quot;interval&quot;:3000,&quot;autoHeight&quot;:false,&quot;autoplay&quot;:true,&quot;pauseOnHover&quot;:true,&quot;pauseOnFocus&quot;:false,&quot;arrows&quot;:true,&quot;pagination&quot;:false,&quot;mediaQuery&quot;:&quot;max&quot;,&quot;breakpoints&quot;:{&quot;1279&quot;:{&quot;type&quot;:&quot;loop&quot;,&quot;height&quot;:&quot;fit-content&quot;,&quot;perPage&quot;:&quot;4&quot;,&quot;speed&quot;:&quot;2000&quot;,&quot;autoplay&quot;:true,&quot;pauseOnHover&quot;:true,&quot;arrows&quot;:true},&quot;1169&quot;:{&quot;perPage&quot;:&quot;2&quot;},&quot;478&quot;:{&quot;perPage&quot;:&quot;1&quot;}}}\"><div class=\"splide__track\"><div class=\"splide__list\"><div id=\"b-stpilo_mioc40jb\" class=\"brxe-block\"><img loading=\"lazy\" decoding=\"async\" width=\"1000\" height=\"1000\" src=\"https:\/\/prim.cz\/wp-content\/uploads\/2025\/02\/Navrh_07.webp\" class=\"brxe-image css-filter size-large\" alt=\"\" id=\"b-qdedaj_mioc40jb\" srcset=\"https:\/\/prim.cz\/wp-content\/uploads\/2025\/02\/Navrh_07.webp 1000w, https:\/\/prim.cz\/wp-content\/uploads\/2025\/02\/Navrh_07-300x300.webp 300w, https:\/\/prim.cz\/wp-content\/uploads\/2025\/02\/Navrh_07-150x150.webp 150w, https:\/\/prim.cz\/wp-content\/uploads\/2025\/02\/Navrh_07-768x768.webp 768w\" sizes=\"auto, (max-width: 1000px) 100vw, 1000px\" \/><\/div><div id=\"b-gjchvz_mioc40jb\" class=\"brxe-block\"><img loading=\"lazy\" decoding=\"async\" width=\"1000\" height=\"1000\" src=\"https:\/\/prim.cz\/wp-content\/uploads\/2025\/02\/Navrh_01.webp\" class=\"brxe-image css-filter size-large\" alt=\"\" id=\"b-aedhly_mioc40jb\" srcset=\"https:\/\/prim.cz\/wp-content\/uploads\/2025\/02\/Navrh_01.webp 1000w, https:\/\/prim.cz\/wp-content\/uploads\/2025\/02\/Navrh_01-300x300.webp 300w, https:\/\/prim.cz\/wp-content\/uploads\/2025\/02\/Navrh_01-150x150.webp 150w, https:\/\/prim.cz\/wp-content\/uploads\/2025\/02\/Navrh_01-768x768.webp 768w\" sizes=\"auto, (max-width: 1000px) 100vw, 1000px\" \/><\/div><div id=\"b-ylwhnc_mioc40jb\" class=\"brxe-block\"><img loading=\"lazy\" decoding=\"async\" width=\"800\" height=\"800\" src=\"https:\/\/prim.cz\/wp-content\/uploads\/2025\/02\/Navrh_05-e1738915073144.webp\" class=\"brxe-image css-filter size-large\" alt=\"\" id=\"b-ktxkkw_mioc40jb\" srcset=\"https:\/\/prim.cz\/wp-content\/uploads\/2025\/02\/Navrh_05-e1738915073144.webp 800w, https:\/\/prim.cz\/wp-content\/uploads\/2025\/02\/Navrh_05-e1738915073144-300x300.webp 300w, https:\/\/prim.cz\/wp-content\/uploads\/2025\/02\/Navrh_05-e1738915073144-150x150.webp 150w, https:\/\/prim.cz\/wp-content\/uploads\/2025\/02\/Navrh_05-e1738915073144-768x768.webp 768w\" sizes=\"auto, (max-width: 800px) 100vw, 800px\" \/><\/div><div id=\"b-tgehos_mioc40jb\" class=\"brxe-block\"><img loading=\"lazy\" decoding=\"async\" width=\"1000\" height=\"1000\" src=\"https:\/\/prim.cz\/wp-content\/uploads\/2025\/02\/IMG_9278.jpg\" class=\"brxe-image css-filter size-large\" alt=\"\" id=\"b-rwgrga_mioc40jb\" srcset=\"https:\/\/prim.cz\/wp-content\/uploads\/2025\/02\/IMG_9278.jpg 1000w, https:\/\/prim.cz\/wp-content\/uploads\/2025\/02\/IMG_9278-300x300.jpg 300w, https:\/\/prim.cz\/wp-content\/uploads\/2025\/02\/IMG_9278-150x150.jpg 150w, https:\/\/prim.cz\/wp-content\/uploads\/2025\/02\/IMG_9278-768x768.jpg 768w\" sizes=\"auto, (max-width: 1000px) 100vw, 1000px\" \/><\/div><div id=\"b-yvmiim_mioc40jb\" class=\"brxe-block\"><img loading=\"lazy\" decoding=\"async\" width=\"1000\" height=\"1000\" src=\"https:\/\/prim.cz\/wp-content\/uploads\/2025\/02\/Navrh_06.webp\" class=\"brxe-image css-filter size-large\" alt=\"\" id=\"b-fhsyqf_mioc40jb\" srcset=\"https:\/\/prim.cz\/wp-content\/uploads\/2025\/02\/Navrh_06.webp 1000w, https:\/\/prim.cz\/wp-content\/uploads\/2025\/02\/Navrh_06-300x300.webp 300w, https:\/\/prim.cz\/wp-content\/uploads\/2025\/02\/Navrh_06-150x150.webp 150w, https:\/\/prim.cz\/wp-content\/uploads\/2025\/02\/Navrh_06-768x768.webp 768w\" sizes=\"auto, (max-width: 1000px) 100vw, 1000px\" \/><\/div><\/div><\/div><div class=\"splide__arrows custom\"><button class=\"splide__arrow splide__arrow--prev\" type=\"button\"><i class=\"ion-ios-arrow-back\"><\/i><\/button><button class=\"splide__arrow splide__arrow--next\" type=\"button\"><i class=\"ion-ios-arrow-forward\"><\/i><\/button><\/div><\/div><\/div><\/div><\/section><section id=\"b-hafbgm_miocceyg\" class=\"brxe-section\"><div id=\"b-ikkubf_miocceyg\" class=\"brxe-div\"><div id=\"b-jjgtce_miocceyg\" class=\"brxe-div\"><h2 id=\"b-kjlcxg_miocceyg\" class=\"brxe-heading h2\">Manufacture<\/h2><\/div><div id=\"b-yodqwp_miocceyg\" class=\"brxe-div\"><div id=\"b-qcphva_miocceyg\" class=\"brxe-text-basic text\">The production of watches and the preparation of new models takes several months. Each of our collections undergoes a comprehensive selection of materials, colors, movements, and their design thus corresponds to the trends of the time.<br>Take a look at the production process of our watches, we use the facilities of a modern company and do not forget to cooperate with manufacturers who offer modern procedures and are leaders in their field. Many years of experience in the industry, thanks to excellent cooperation and networking with foreign partners, allows us to offer quality products at affordable prices for all customers. Whether it&#8217;s a collaboration with a Swiss manufacturer or a Japanese master, everyone has a choice with us.<\/div><\/div><div id=\"b-fsdqlq_miocceyg\" class=\"brxe-div\"><div id=\"b-dxwpzi_miocceyg\" data-script-id=\"dxwpzi_miocceyg\" class=\"brxe-slider-nested splide\" data-splide=\"{&quot;type&quot;:&quot;loop&quot;,&quot;direction&quot;:&quot;ltr&quot;,&quot;keyboard&quot;:&quot;global&quot;,&quot;height&quot;:&quot;fit-content&quot;,&quot;gap&quot;:&quot;0px&quot;,&quot;start&quot;:0,&quot;perPage&quot;:4,&quot;perMove&quot;:1,&quot;speed&quot;:&quot;2000&quot;,&quot;interval&quot;:3000,&quot;autoHeight&quot;:false,&quot;autoplay&quot;:true,&quot;pauseOnHover&quot;:true,&quot;pauseOnFocus&quot;:false,&quot;arrows&quot;:true,&quot;pagination&quot;:false,&quot;mediaQuery&quot;:&quot;max&quot;,&quot;breakpoints&quot;:{&quot;1279&quot;:{&quot;type&quot;:&quot;loop&quot;,&quot;height&quot;:&quot;fit-content&quot;,&quot;perPage&quot;:&quot;4&quot;,&quot;speed&quot;:&quot;2000&quot;,&quot;autoplay&quot;:true,&quot;pauseOnHover&quot;:true,&quot;arrows&quot;:true},&quot;1169&quot;:{&quot;perPage&quot;:&quot;2&quot;},&quot;478&quot;:{&quot;perPage&quot;:&quot;1&quot;}}}\"><div class=\"splide__track\"><div class=\"splide__list\"><div id=\"b-stpilo_miocceyg\" class=\"brxe-block\"><img loading=\"lazy\" decoding=\"async\" width=\"1000\" height=\"1000\" src=\"https:\/\/prim.cz\/wp-content\/uploads\/2025\/02\/indiviudalizace_you_match_01.jpg\" class=\"brxe-image css-filter size-large\" alt=\"\" id=\"b-qdedaj_miocceyg\" srcset=\"https:\/\/prim.cz\/wp-content\/uploads\/2025\/02\/indiviudalizace_you_match_01.jpg 1000w, https:\/\/prim.cz\/wp-content\/uploads\/2025\/02\/indiviudalizace_you_match_01-300x300.jpg 300w, https:\/\/prim.cz\/wp-content\/uploads\/2025\/02\/indiviudalizace_you_match_01-150x150.jpg 150w, https:\/\/prim.cz\/wp-content\/uploads\/2025\/02\/indiviudalizace_you_match_01-768x768.jpg 768w\" sizes=\"auto, (max-width: 1000px) 100vw, 1000px\" \/><\/div><div id=\"b-gjchvz_miocceyg\" class=\"brxe-block\"><img loading=\"lazy\" decoding=\"async\" width=\"1000\" height=\"1000\" src=\"https:\/\/prim.cz\/wp-content\/uploads\/2025\/02\/Vyroba-hodinek_05.webp\" class=\"brxe-image css-filter size-large\" alt=\"\" id=\"b-aedhly_miocceyg\" srcset=\"https:\/\/prim.cz\/wp-content\/uploads\/2025\/02\/Vyroba-hodinek_05.webp 1000w, https:\/\/prim.cz\/wp-content\/uploads\/2025\/02\/Vyroba-hodinek_05-300x300.webp 300w, https:\/\/prim.cz\/wp-content\/uploads\/2025\/02\/Vyroba-hodinek_05-150x150.webp 150w, https:\/\/prim.cz\/wp-content\/uploads\/2025\/02\/Vyroba-hodinek_05-768x768.webp 768w\" sizes=\"auto, (max-width: 1000px) 100vw, 1000px\" \/><\/div><div id=\"b-ylwhnc_miocceyg\" class=\"brxe-block\"><img loading=\"lazy\" decoding=\"async\" width=\"1000\" height=\"1000\" src=\"https:\/\/prim.cz\/wp-content\/uploads\/2025\/02\/Vyroba-hodinek_01.webp\" class=\"brxe-image css-filter size-large\" alt=\"\" id=\"b-ktxkkw_miocceyg\" srcset=\"https:\/\/prim.cz\/wp-content\/uploads\/2025\/02\/Vyroba-hodinek_01.webp 1000w, https:\/\/prim.cz\/wp-content\/uploads\/2025\/02\/Vyroba-hodinek_01-300x300.webp 300w, https:\/\/prim.cz\/wp-content\/uploads\/2025\/02\/Vyroba-hodinek_01-150x150.webp 150w, https:\/\/prim.cz\/wp-content\/uploads\/2025\/02\/Vyroba-hodinek_01-768x768.webp 768w\" sizes=\"auto, (max-width: 1000px) 100vw, 1000px\" \/><\/div><div id=\"b-tgehos_miocceyg\" class=\"brxe-block\"><img loading=\"lazy\" decoding=\"async\" width=\"1000\" height=\"1000\" src=\"https:\/\/prim.cz\/wp-content\/uploads\/2025\/02\/Navrh_08.webp\" class=\"brxe-image css-filter size-large\" alt=\"\" id=\"b-rwgrga_miocceyg\" srcset=\"https:\/\/prim.cz\/wp-content\/uploads\/2025\/02\/Navrh_08.webp 1000w, https:\/\/prim.cz\/wp-content\/uploads\/2025\/02\/Navrh_08-300x300.webp 300w, https:\/\/prim.cz\/wp-content\/uploads\/2025\/02\/Navrh_08-150x150.webp 150w, https:\/\/prim.cz\/wp-content\/uploads\/2025\/02\/Navrh_08-768x768.webp 768w\" sizes=\"auto, (max-width: 1000px) 100vw, 1000px\" \/><\/div><div id=\"b-yvmiim_miocceyg\" class=\"brxe-block\"><img loading=\"lazy\" decoding=\"async\" width=\"1000\" height=\"1000\" src=\"https:\/\/prim.cz\/wp-content\/uploads\/2025\/02\/INDIVIDUALIZACE_CSA-10.jpg\" class=\"brxe-image css-filter size-large\" alt=\"\" id=\"b-fhsyqf_miocceyg\" srcset=\"https:\/\/prim.cz\/wp-content\/uploads\/2025\/02\/INDIVIDUALIZACE_CSA-10.jpg 1000w, https:\/\/prim.cz\/wp-content\/uploads\/2025\/02\/INDIVIDUALIZACE_CSA-10-300x300.jpg 300w, https:\/\/prim.cz\/wp-content\/uploads\/2025\/02\/INDIVIDUALIZACE_CSA-10-150x150.jpg 150w, https:\/\/prim.cz\/wp-content\/uploads\/2025\/02\/INDIVIDUALIZACE_CSA-10-768x768.jpg 768w\" sizes=\"auto, (max-width: 1000px) 100vw, 1000px\" \/><\/div><\/div><\/div><div class=\"splide__arrows custom\"><button class=\"splide__arrow splide__arrow--prev\" type=\"button\"><i class=\"ion-ios-arrow-back\"><\/i><\/button><button class=\"splide__arrow splide__arrow--next\" type=\"button\"><i class=\"ion-ios-arrow-forward\"><\/i><\/button><\/div><\/div><\/div><\/div><\/section><section id=\"b-hafbgm_miocgcaw\" class=\"brxe-section\"><div id=\"b-ikkubf_miocgcaw\" class=\"brxe-div\"><div id=\"b-jjgtce_miocgcaw\" class=\"brxe-div\"><h2 id=\"b-kjlcxg_miocgcaw\" class=\"brxe-heading h2\">Assembly<\/h2><\/div><div id=\"b-yodqwp_miocgcaw\" class=\"brxe-div\"><div id=\"b-qcphva_miocgcaw\" class=\"brxe-text-basic text\">See the assembly process of the PRIM watch. Each model is carefully assembled, checked and tested. We assemble thousands of watches every year, testing new models, which then undergo demanding tests to verify materials, finishes, water resistance and accuracy.<br>We also carry out the assembly process when customizing new watch models and producing prototypes for new collections. The color variations of materials, dials, hands and straps allow our designers to create prototypes and test new color combinations.<\/div><\/div><div id=\"b-fsdqlq_miocgcaw\" class=\"brxe-div\"><div id=\"b-dxwpzi_miocgcaw\" data-script-id=\"dxwpzi_miocgcaw\" class=\"brxe-slider-nested splide\" data-splide=\"{&quot;type&quot;:&quot;loop&quot;,&quot;direction&quot;:&quot;ltr&quot;,&quot;keyboard&quot;:&quot;global&quot;,&quot;height&quot;:&quot;fit-content&quot;,&quot;gap&quot;:&quot;0px&quot;,&quot;start&quot;:0,&quot;perPage&quot;:4,&quot;perMove&quot;:1,&quot;speed&quot;:&quot;2000&quot;,&quot;interval&quot;:3000,&quot;autoHeight&quot;:false,&quot;autoplay&quot;:true,&quot;pauseOnHover&quot;:true,&quot;pauseOnFocus&quot;:false,&quot;arrows&quot;:true,&quot;pagination&quot;:false,&quot;mediaQuery&quot;:&quot;max&quot;,&quot;breakpoints&quot;:{&quot;1279&quot;:{&quot;type&quot;:&quot;loop&quot;,&quot;height&quot;:&quot;fit-content&quot;,&quot;perPage&quot;:&quot;4&quot;,&quot;speed&quot;:&quot;2000&quot;,&quot;autoplay&quot;:true,&quot;pauseOnHover&quot;:true,&quot;arrows&quot;:true},&quot;1169&quot;:{&quot;perPage&quot;:&quot;2&quot;},&quot;478&quot;:{&quot;perPage&quot;:&quot;1&quot;}}}\"><div class=\"splide__track\"><div class=\"splide__list\"><div id=\"b-stpilo_miocgcaw\" class=\"brxe-block\"><img loading=\"lazy\" decoding=\"async\" width=\"1000\" height=\"1000\" src=\"https:\/\/prim.cz\/wp-content\/uploads\/2025\/02\/IMG_5102.jpg\" class=\"brxe-image css-filter size-large\" alt=\"\" id=\"b-qdedaj_miocgcaw\" srcset=\"https:\/\/prim.cz\/wp-content\/uploads\/2025\/02\/IMG_5102.jpg 1000w, https:\/\/prim.cz\/wp-content\/uploads\/2025\/02\/IMG_5102-300x300.jpg 300w, https:\/\/prim.cz\/wp-content\/uploads\/2025\/02\/IMG_5102-150x150.jpg 150w, https:\/\/prim.cz\/wp-content\/uploads\/2025\/02\/IMG_5102-768x768.jpg 768w\" sizes=\"auto, (max-width: 1000px) 100vw, 1000px\" \/><\/div><div id=\"b-gjchvz_miocgcaw\" class=\"brxe-block\"><img loading=\"lazy\" decoding=\"async\" width=\"1000\" height=\"1000\" src=\"https:\/\/prim.cz\/wp-content\/uploads\/2025\/02\/IMG_9818.jpg\" class=\"brxe-image css-filter size-large\" alt=\"\" id=\"b-aedhly_miocgcaw\" srcset=\"https:\/\/prim.cz\/wp-content\/uploads\/2025\/02\/IMG_9818.jpg 1000w, https:\/\/prim.cz\/wp-content\/uploads\/2025\/02\/IMG_9818-300x300.jpg 300w, https:\/\/prim.cz\/wp-content\/uploads\/2025\/02\/IMG_9818-150x150.jpg 150w, https:\/\/prim.cz\/wp-content\/uploads\/2025\/02\/IMG_9818-768x768.jpg 768w\" sizes=\"auto, (max-width: 1000px) 100vw, 1000px\" \/><\/div><div id=\"b-ylwhnc_miocgcaw\" class=\"brxe-block\"><img loading=\"lazy\" decoding=\"async\" width=\"1000\" height=\"1000\" src=\"https:\/\/prim.cz\/wp-content\/uploads\/2025\/02\/IMG_9864.jpg\" class=\"brxe-image css-filter size-large\" alt=\"\" id=\"b-ktxkkw_miocgcaw\" srcset=\"https:\/\/prim.cz\/wp-content\/uploads\/2025\/02\/IMG_9864.jpg 1000w, https:\/\/prim.cz\/wp-content\/uploads\/2025\/02\/IMG_9864-300x300.jpg 300w, https:\/\/prim.cz\/wp-content\/uploads\/2025\/02\/IMG_9864-150x150.jpg 150w, https:\/\/prim.cz\/wp-content\/uploads\/2025\/02\/IMG_9864-768x768.jpg 768w\" sizes=\"auto, (max-width: 1000px) 100vw, 1000px\" \/><\/div><div id=\"b-tgehos_miocgcaw\" class=\"brxe-block\"><img loading=\"lazy\" decoding=\"async\" width=\"1000\" height=\"1000\" src=\"https:\/\/prim.cz\/wp-content\/uploads\/2025\/02\/IMG_9768.jpg\" class=\"brxe-image css-filter size-large\" alt=\"\" id=\"b-rwgrga_miocgcaw\" srcset=\"https:\/\/prim.cz\/wp-content\/uploads\/2025\/02\/IMG_9768.jpg 1000w, https:\/\/prim.cz\/wp-content\/uploads\/2025\/02\/IMG_9768-300x300.jpg 300w, https:\/\/prim.cz\/wp-content\/uploads\/2025\/02\/IMG_9768-150x150.jpg 150w, https:\/\/prim.cz\/wp-content\/uploads\/2025\/02\/IMG_9768-768x768.jpg 768w\" sizes=\"auto, (max-width: 1000px) 100vw, 1000px\" \/><\/div><div id=\"b-yvmiim_miocgcaw\" class=\"brxe-block\"><img loading=\"lazy\" decoding=\"async\" width=\"1000\" height=\"1000\" src=\"https:\/\/prim.cz\/wp-content\/uploads\/2025\/02\/1.jpg\" class=\"brxe-image css-filter size-large\" alt=\"\" id=\"b-fhsyqf_miocgcaw\" srcset=\"https:\/\/prim.cz\/wp-content\/uploads\/2025\/02\/1.jpg 1000w, https:\/\/prim.cz\/wp-content\/uploads\/2025\/02\/1-300x300.jpg 300w, https:\/\/prim.cz\/wp-content\/uploads\/2025\/02\/1-150x150.jpg 150w, https:\/\/prim.cz\/wp-content\/uploads\/2025\/02\/1-768x768.jpg 768w\" sizes=\"auto, (max-width: 1000px) 100vw, 1000px\" \/><\/div><\/div><\/div><div class=\"splide__arrows custom\"><button class=\"splide__arrow splide__arrow--prev\" type=\"button\"><i class=\"ion-ios-arrow-back\"><\/i><\/button><button class=\"splide__arrow splide__arrow--next\" type=\"button\"><i class=\"ion-ios-arrow-forward\"><\/i><\/button><\/div><\/div><\/div><\/div><\/section><div id=\"b-tyagzm_m8nk8qzm\" class=\"brxe-div\"><\/div>\n<p><\/p>\n","protected":false},"excerpt":{"rendered":"","protected":false},"author":1,"featured_media":0,"parent":0,"menu_order":0,"comment_status":"closed","ping_status":"closed","template":"templates\/gutenbricks-dynamic-template-default.php","meta":{"_acf_changed":false,"_link_to_original":"","footnotes":""},"class_list":["post-29129","page","type-page","status-publish","hentry"],"acf":[],"yoast_head":"<!-- This site is optimized with the Yoast SEO plugin v26.9 - https:\/\/yoast.com\/product\/yoast-seo-wordpress\/ -->\n<title>Design - PRIM.cz - origin\u00e1ln\u00ed \u010desk\u00e9 p\u00e1nsk\u00e9, d\u00e1msk\u00e9, d\u011btsk\u00e9 hodinky a hodiny<\/title>\n<meta name=\"robots\" content=\"index, follow, max-snippet:-1, max-image-preview:large, max-video-preview:-1\" \/>\n<link rel=\"canonical\" href=\"https:\/\/prim.cz\/en\/design\/\" \/>\n<meta property=\"og:locale\" content=\"en_US\" \/>\n<meta property=\"og:type\" content=\"article\" \/>\n<meta property=\"og:title\" content=\"Design - PRIM.cz - origin\u00e1ln\u00ed \u010desk\u00e9 p\u00e1nsk\u00e9, d\u00e1msk\u00e9, d\u011btsk\u00e9 hodinky a hodiny\" \/>\n<meta property=\"og:url\" content=\"https:\/\/prim.cz\/en\/design\/\" \/>\n<meta property=\"og:site_name\" content=\"PRIM.cz - origin\u00e1ln\u00ed \u010desk\u00e9 p\u00e1nsk\u00e9, d\u00e1msk\u00e9, d\u011btsk\u00e9 hodinky a hodiny\" \/>\n<meta property=\"article:modified_time\" content=\"2025-12-18T13:37:07+00:00\" \/>\n<meta property=\"og:image\" content=\"https:\/\/prim.cz\/wp-content\/uploads\/2025\/02\/Tampon-Hero_01.webp\" \/>\n<meta name=\"twitter:card\" content=\"summary_large_image\" \/>\n<meta name=\"twitter:label1\" content=\"Est. reading time\" \/>\n\t<meta name=\"twitter:data1\" content=\"15 minutes\" \/>\n<script type=\"application\/ld+json\" class=\"yoast-schema-graph\">{\"@context\":\"https:\/\/schema.org\",\"@graph\":[{\"@type\":\"WebPage\",\"@id\":\"https:\/\/prim.cz\/en\/design\/\",\"url\":\"https:\/\/prim.cz\/en\/design\/\",\"name\":\"Design - PRIM.cz - origin\u00e1ln\u00ed \u010desk\u00e9 p\u00e1nsk\u00e9, d\u00e1msk\u00e9, d\u011btsk\u00e9 hodinky a hodiny\",\"isPartOf\":{\"@id\":\"https:\/\/prim.cz\/en\/#website\"},\"primaryImageOfPage\":{\"@id\":\"https:\/\/prim.cz\/en\/design\/#primaryimage\"},\"image\":{\"@id\":\"https:\/\/prim.cz\/en\/design\/#primaryimage\"},\"thumbnailUrl\":\"https:\/\/prim.cz\/wp-content\/uploads\/2025\/02\/Tampon-Hero_01.webp\",\"datePublished\":\"2025-03-05T20:51:36+00:00\",\"dateModified\":\"2025-12-18T13:37:07+00:00\",\"breadcrumb\":{\"@id\":\"https:\/\/prim.cz\/en\/design\/#breadcrumb\"},\"inLanguage\":\"en-US\",\"potentialAction\":[{\"@type\":\"ReadAction\",\"target\":[\"https:\/\/prim.cz\/en\/design\/\"]}]},{\"@type\":\"ImageObject\",\"inLanguage\":\"en-US\",\"@id\":\"https:\/\/prim.cz\/en\/design\/#primaryimage\",\"url\":\"https:\/\/prim.cz\/wp-content\/uploads\/2025\/02\/Tampon-Hero_01.webp\",\"contentUrl\":\"https:\/\/prim.cz\/wp-content\/uploads\/2025\/02\/Tampon-Hero_01.webp\"},{\"@type\":\"BreadcrumbList\",\"@id\":\"https:\/\/prim.cz\/en\/design\/#breadcrumb\",\"itemListElement\":[{\"@type\":\"ListItem\",\"position\":1,\"name\":\"Dom\u016f\",\"item\":\"https:\/\/prim.cz\/en\/\"},{\"@type\":\"ListItem\",\"position\":2,\"name\":\"Design\"}]},{\"@type\":\"WebSite\",\"@id\":\"https:\/\/prim.cz\/en\/#website\",\"url\":\"https:\/\/prim.cz\/en\/\",\"name\":\"PRIM - origin\u00e1ln\u00ed \u010desk\u00e9 p\u00e1nsk\u00e9, d\u00e1msk\u00e9, d\u011btsk\u00e9 hodinky a hodiny\",\"description\":\"Nakupujte p\u0159\u00edmo u v\u00fdrobce! Origin\u00e1ln\u00ed eshop s kompletn\u00edm sortimentem \u010desk\u00fdch hodinek PRIM.\",\"alternateName\":\"prim.cz\",\"potentialAction\":[{\"@type\":\"SearchAction\",\"target\":{\"@type\":\"EntryPoint\",\"urlTemplate\":\"https:\/\/prim.cz\/en\/?s={search_term_string}\"},\"query-input\":{\"@type\":\"PropertyValueSpecification\",\"valueRequired\":true,\"valueName\":\"search_term_string\"}}],\"inLanguage\":\"en-US\"}]}<\/script>\n<!-- \/ Yoast SEO plugin. -->","yoast_head_json":{"title":"Design - PRIM.cz - origin\u00e1ln\u00ed \u010desk\u00e9 p\u00e1nsk\u00e9, d\u00e1msk\u00e9, d\u011btsk\u00e9 hodinky a hodiny","robots":{"index":"index","follow":"follow","max-snippet":"max-snippet:-1","max-image-preview":"max-image-preview:large","max-video-preview":"max-video-preview:-1"},"canonical":"https:\/\/prim.cz\/en\/design\/","og_locale":"en_US","og_type":"article","og_title":"Design - PRIM.cz - origin\u00e1ln\u00ed \u010desk\u00e9 p\u00e1nsk\u00e9, d\u00e1msk\u00e9, d\u011btsk\u00e9 hodinky a hodiny","og_url":"https:\/\/prim.cz\/en\/design\/","og_site_name":"PRIM.cz - origin\u00e1ln\u00ed \u010desk\u00e9 p\u00e1nsk\u00e9, d\u00e1msk\u00e9, d\u011btsk\u00e9 hodinky a hodiny","article_modified_time":"2025-12-18T13:37:07+00:00","og_image":[{"url":"https:\/\/prim.cz\/wp-content\/uploads\/2025\/02\/Tampon-Hero_01.webp","type":"","width":"","height":""}],"twitter_card":"summary_large_image","twitter_misc":{"Est. reading time":"15 minutes"},"schema":{"@context":"https:\/\/schema.org","@graph":[{"@type":"WebPage","@id":"https:\/\/prim.cz\/en\/design\/","url":"https:\/\/prim.cz\/en\/design\/","name":"Design - PRIM.cz - origin\u00e1ln\u00ed \u010desk\u00e9 p\u00e1nsk\u00e9, d\u00e1msk\u00e9, d\u011btsk\u00e9 hodinky a hodiny","isPartOf":{"@id":"https:\/\/prim.cz\/en\/#website"},"primaryImageOfPage":{"@id":"https:\/\/prim.cz\/en\/design\/#primaryimage"},"image":{"@id":"https:\/\/prim.cz\/en\/design\/#primaryimage"},"thumbnailUrl":"https:\/\/prim.cz\/wp-content\/uploads\/2025\/02\/Tampon-Hero_01.webp","datePublished":"2025-03-05T20:51:36+00:00","dateModified":"2025-12-18T13:37:07+00:00","breadcrumb":{"@id":"https:\/\/prim.cz\/en\/design\/#breadcrumb"},"inLanguage":"en-US","potentialAction":[{"@type":"ReadAction","target":["https:\/\/prim.cz\/en\/design\/"]}]},{"@type":"ImageObject","inLanguage":"en-US","@id":"https:\/\/prim.cz\/en\/design\/#primaryimage","url":"https:\/\/prim.cz\/wp-content\/uploads\/2025\/02\/Tampon-Hero_01.webp","contentUrl":"https:\/\/prim.cz\/wp-content\/uploads\/2025\/02\/Tampon-Hero_01.webp"},{"@type":"BreadcrumbList","@id":"https:\/\/prim.cz\/en\/design\/#breadcrumb","itemListElement":[{"@type":"ListItem","position":1,"name":"Dom\u016f","item":"https:\/\/prim.cz\/en\/"},{"@type":"ListItem","position":2,"name":"Design"}]},{"@type":"WebSite","@id":"https:\/\/prim.cz\/en\/#website","url":"https:\/\/prim.cz\/en\/","name":"PRIM - origin\u00e1ln\u00ed \u010desk\u00e9 p\u00e1nsk\u00e9, d\u00e1msk\u00e9, d\u011btsk\u00e9 hodinky a hodiny","description":"Nakupujte p\u0159\u00edmo u v\u00fdrobce! Origin\u00e1ln\u00ed eshop s kompletn\u00edm sortimentem \u010desk\u00fdch hodinek PRIM.","alternateName":"prim.cz","potentialAction":[{"@type":"SearchAction","target":{"@type":"EntryPoint","urlTemplate":"https:\/\/prim.cz\/en\/?s={search_term_string}"},"query-input":{"@type":"PropertyValueSpecification","valueRequired":true,"valueName":"search_term_string"}}],"inLanguage":"en-US"}]}},"wpml_current_locale":"en_US","wpml_translations":{"cs_CZ":{"locale":"cs_CZ","id":29107,"slug":"design","post_title":"Design","href":"https:\/\/prim.cz\/design\/"},"sk_SK":{"locale":"sk_SK","id":29136,"slug":"dizajn","post_title":"Dizajn","href":"https:\/\/prim.cz\/sk\/dizajn\/"},"pl_PL":{"locale":"pl_PL","id":29132,"slug":"design","post_title":"Design","href":"https:\/\/prim.cz\/pl\/design\/"},"en_US":{"locale":"en_US","translation":"current"}},"_links":{"self":[{"href":"https:\/\/prim.cz\/en\/wp-json\/wp\/v2\/pages\/29129","targetHints":{"allow":["GET"]}}],"collection":[{"href":"https:\/\/prim.cz\/en\/wp-json\/wp\/v2\/pages"}],"about":[{"href":"https:\/\/prim.cz\/en\/wp-json\/wp\/v2\/types\/page"}],"author":[{"embeddable":true,"href":"https:\/\/prim.cz\/en\/wp-json\/wp\/v2\/users\/1"}],"replies":[{"embeddable":true,"href":"https:\/\/prim.cz\/en\/wp-json\/wp\/v2\/comments?post=29129"}],"version-history":[{"count":12,"href":"https:\/\/prim.cz\/en\/wp-json\/wp\/v2\/pages\/29129\/revisions"}],"predecessor-version":[{"id":40995,"href":"https:\/\/prim.cz\/en\/wp-json\/wp\/v2\/pages\/29129\/revisions\/40995"}],"wp:attachment":[{"href":"https:\/\/prim.cz\/en\/wp-json\/wp\/v2\/media?parent=29129"}],"curies":[{"name":"wp","href":"https:\/\/api.w.org\/{rel}","templated":true}]}}